{"id":299453,"date":"2019-09-27T10:21:34","date_gmt":"2019-09-27T08:21:34","guid":{"rendered":"https:\/\/www.burg.biz\/fr\/p\/coffres-forts\/coffre-fort-magno\/"},"modified":"2022-07-04T10:43:14","modified_gmt":"2022-07-04T08:43:14","slug":"magno","status":"publish","type":"product","link":"https:\/\/test.burgwaechterservice.de\/fr\/p\/coffres-forts\/magno\/","title":{"rendered":"Magno"},"content":{"rendered":"<h2>Magno : Le coffre-fort \u00e0 armes courtes, disponible en deux tailles<\/h2>\n<p>Qu&#8217;ils soient chasseurs ou tireurs sportifs, les d\u00e9tenteurs d&#8217;arme portent une grande responsabilit\u00e9. C&#8217;est pourquoi le \u00a7 36 de la loi allemande sur les armes exige un coffre-fort de <strong>niveau de r\u00e9sistance 0 (N)<\/strong> pour un d\u00e9p\u00f4t des armes fiable et s\u00e9curis\u00e9. C&#8217;est pr\u00e9cis\u00e9ment ce niveau de s\u00e9curit\u00e9 qu&#8217;offre notre coffre-fort pour armes courtes, Magno. Ainsi, vous avez le droit d&#8217;entreposer dedans <strong>jusqu&#8217;\u00e0 cinq armes courtes, munitions incluses<\/strong>. Le petit plus tr\u00e8s pratique : avec la fixation pour armes courtes KW 5, les armes sont entrepos\u00e9s s\u00e9par\u00e9ment des autres contenus de valeur dans le coffre-fort Magno.<\/p>\n<h3>Deux syst\u00e8mes de fermeture et un volume interne allant jusqu&#8217;\u00e0 51 litres<\/h3>\n<p>Le coffre-fort Magno pour armes courtes, avec son coloris anthracite moderne, est disponible <strong>en deux tailles <\/strong>diff\u00e9rentes. Alors que la version M 520 plus petite offre un volume int\u00e9rieur de 28 litres, le coffre-fort M 540 de plus grande taille affiche un volume spatieux de 51 litres. Par ailleurs, gr\u00e2ce \u00e0 l&#8217;\u00e9tag\u00e8re r\u00e9glable, vous pouvez disposez jusqu&#8217;\u00e0 cinq grands classeurs \u00e0 anneaux c\u00f4te \u00e0 c\u00f4te dans le Magno 540. Il vous appartient aussi de choisir si vous pr\u00e9f\u00e9rez ouvrir le coffre-fort \u00e0 armes courtes \u00e0 l&#8217;aide d&#8217;une cl\u00e9 ou d&#8217;une combinaison de chiffres. En effet, avec le coffre-fort Magno, vous n&#8217;avez pas seulement le choix entre deux tailles diff\u00e9rentes, mais aussi entre deux syst\u00e8mes de fermeture : la<strong> serrure \u00e9lectronique &#8220;SecuTronic&#8221; certifi\u00e9e ECB\u00b7S<\/strong> et la <strong>serrure de s\u00e9curit\u00e9 \u00e0 double panneton &#8220;SecuSafe&#8221; certifi\u00e9e ECB\u00b7S<\/strong>. Mais ces deux possibilit\u00e9 ont une chose en commune : une protection robuste et contr\u00f4l\u00e9e.<\/p>\n<h3>Structure \u00e0 double-paroi, mat\u00e9riel d&#8217;installation inclus pour un ancrage solide<\/h3>\n<p>La structure \u00e0 double-paroi du Magno assure de surcro\u00eet la s\u00e9curit\u00e9 n\u00e9cessaire. En outre, les tentatives d&#8217;effraction sont rendues tr\u00e8s difficiles par <strong>la charni\u00e8re interne au coffre et le rail de maintient sur le c\u00f4t\u00e9 charni\u00e8re de la porte<\/strong>. Le verrouillage est assur\u00e9 par <strong>de robustes goujons ronds<\/strong>. S&#8217;il est vrai que les deux mod\u00e8les de coffres-forts \u00e0 armes courtes Magno 520 (60 kilos) et Magno 540 (80 kilos) p\u00e8sent un poids assez respectable sur la balance, on ne renoncera bien \u00e9videmment pas au dispositif de fixation mural ! Le mat\u00e9riel d&#8217;installation correspondant est directement fourni avec le produit.<\/p>\n<h4>Le coffre-fort \u00e0 armes courtes Magno 520 \/ 540 en aper\u00e7u<\/h4>\n<ul>\n<li>Protection anti-effraction certifi\u00e9e selon EN 1143-1, niveau de r\u00e9sistance 0. Par cons\u00e9quent autoris\u00e9 comme coffre-fort \u00e0 armes courtes pour jusqu&#8217;\u00e0 cinq armes courtes, munitions incluses.<\/li>\n<li>Structure \u00e0 double-paroi, verrouillage assur\u00e9 par de robustes goujons ronds<\/li>\n<li>Porte interne au coffre-fort, l&#8217;armature de la serrure n&#8217;est pas accessible<\/li>\n<li>Charni\u00e8re \u00e0 l&#8217;int\u00e9rieur du coffre-fort<\/li>\n<li>Charni\u00e8re soud\u00e9e continue du c\u00f4t\u00e9 charni\u00e8re de la porte<\/li>\n<li>Profondeur adapt\u00e9e aux classeurs grand format, \u00e9tag\u00e8re r\u00e9glable<\/li>\n<li>Dispositif usine pr\u00e9vu pour l&#8217;ancrage mural, mat\u00e9riel de fixation inclus<\/li>\n<li>Par ailleurs, nous nous recommandons les accessoires suivants : fixation pour armes courtes KWH 5 en mousse, non fournie avec le produit<\/li>\n<\/ul>\n<h5>Mod\u00e8le E (Serrure \u00e9lectronique)<\/h5>\n<ul>\n<li>Serrure \u00e9lectronique \u201eSecuTronic\u201c \u00e0 code programmable<\/li>\n<li>Certification ECB\u00b7S, EN 1300, classe B<\/li>\n<li>1 000 000 de fermetures diff\u00e9rentes<\/li>\n<li>3 piles Micro LR 03 AAA incluses<\/li>\n<\/ul>\n<h5>Mod\u00e8le S (Serrure m\u00e9canique)<\/h5>\n<ul>\n<li>Serrure de s\u00e9curit\u00e9 blind\u00e9e \u00e0 double panneton \u201eSecuSafe\u201c<\/li>\n<li>Certification ECB\u00b7S, EN 1300, classe A<\/li>\n<li>9 g\u00e2chettes de serrure<\/li>\n<li>1 000 000 de fermetures diff\u00e9rentes<\/li>\n<li>Fabriqu\u00e9 avec deux cl\u00e9s usine<\/li>\n<\/ul>\n<p>&nbsp;<\/p>\n<h4>Donn\u00e9es techniques de coffre-fort Magno pour armes courtes<\/h4>\n<table class=\"ausfuehrung\">\n<thead>\n<tr>\n<td>Article<\/td>\n<td>Ext\u00e9rieur h x larg. x prof.<\/td>\n<td>Int\u00e9rieur h x larg. x prof.<\/td>\n<td>Porte h x larg.<\/td>\n<td>Poids<\/td>\n<td>Volume<\/td>\n<\/tr>\n<\/thead>\n<tbody>\n<tr>\n<td class=\"subdesc\"><\/td>\n<td class=\"subdesc\">mm<\/td>\n<td class=\"subdesc\">mm<\/td>\n<td class=\"subdesc\">Ouverture mm<\/td>\n<td class=\"subdesc\">kg<\/td>\n<td class=\"subdesc\">L<\/td>\n<\/tr>\n<\/tbody>\n<tbody>\n<tr>\n<td>Magno 520<\/td>\n<td>360 x 495 x 445<\/td>\n<td>245 x 380 x 305<\/td>\n<td>245 x 325<\/td>\n<td>60,0<\/td>\n<td>28,0<\/td>\n<\/tr>\n<tr>\n<td>Magno 540<\/td>\n<td>560 x 495 x 445<\/td>\n<td>445 x 380 x 305<\/td>\n<td>445 x 325<\/td>\n<td>80,0<\/td>\n<td>51,0<\/td>\n<\/tr>\n<\/tbody>\n<\/table>\n<p>&nbsp;<\/p>\n","protected":false},"excerpt":{"rendered":"<p>Magno : Le coffre-fort \u00e0 armes courtes, disponible en deux tailles Qu&#8217;ils soient chasseurs ou tireurs sportifs, les d\u00e9tenteurs d&#8217;arme portent une grande responsabilit\u00e9. C&#8217;est pourquoi le \u00a7 36 de la loi allemande sur les armes exige un coffre-fort de &hellip; <a class=\"kt-excerpt-readmore\" href=\"https:\/\/test.burgwaechterservice.de\/fr\/p\/coffres-forts\/magno\/\" aria-label=\"Magno\">Lire la suite<\/a><\/p>\n","protected":false},"featured_media":506061,"comment_status":"closed","ping_status":"closed","template":"","meta":[],"product_cat":[34,58,40],"product_tag":[6414],"yoast_head":"<!-- This site is optimized with the Yoast SEO Premium plugin v18.4 (Yoast SEO v19.13) - https:\/\/yoast.com\/wordpress\/plugins\/seo\/ -->\n<title>Coffre-fort Magno de BURG-W\u00c4CHTER autoris\u00e9 pour le d\u00e9p\u00f4t d&#039;armes<\/title>\n<meta name=\"description\" content=\"Coffre-fort Magno du sp\u00e9cialiste BURG-W\u00c4CHTER. Niveau de s\u00e9curit\u00e9 0 : extr\u00eamement robuste, autoris\u00e9 pour le d\u00e9p\u00f4t de 5 armes courtes avec munitions incluses\" \/>\n<meta name=\"robots\" content=\"index, follow, max-snippet:-1, max-image-preview:large, max-video-preview:-1\" \/>\n<link rel=\"canonical\" href=\"https:\/\/test.burgwaechterservice.de\/fr\/p\/coffres-forts\/magno\/\" \/>\n<meta property=\"og:locale\" content=\"fr_FR\" \/>\n<meta property=\"og:type\" content=\"article\" \/>\n<meta property=\"og:title\" content=\"Magno\" \/>\n<meta property=\"og:description\" content=\"Coffre-fort Magno du sp\u00e9cialiste BURG-W\u00c4CHTER. Niveau de s\u00e9curit\u00e9 0 : extr\u00eamement robuste, autoris\u00e9 pour le d\u00e9p\u00f4t de 5 armes courtes avec munitions incluses\" \/>\n<meta property=\"og:url\" content=\"https:\/\/test.burgwaechterservice.de\/fr\/p\/coffres-forts\/magno\/\" \/>\n<meta property=\"og:site_name\" content=\"Burg-W\u00e4chter France\" \/>\n<meta property=\"article:modified_time\" content=\"2022-07-04T08:43:14+00:00\" \/>\n<meta property=\"og:image\" content=\"https:\/\/test.burgwaechterservice.de\/fr\/wp-content\/uploads\/sites\/4\/2019\/09\/Magno_520-E_ISO_leicht-geoffnet_NEU_mitKWH_dunkler_TRSE10_klein.jpg\" \/>\n\t<meta property=\"og:image:width\" content=\"1132\" \/>\n\t<meta property=\"og:image:height\" content=\"1000\" \/>\n\t<meta property=\"og:image:type\" content=\"image\/jpeg\" \/>\n<meta name=\"twitter:card\" content=\"summary_large_image\" \/>\n<meta name=\"twitter:label1\" content=\"Dur\u00e9e de lecture estim\u00e9e\" \/>\n\t<meta name=\"twitter:data1\" content=\"3 minutes\" \/>\n<!-- \/ Yoast SEO Premium plugin. -->","yoast_head_json":{"title":"Coffre-fort Magno de BURG-W\u00c4CHTER autoris\u00e9 pour le d\u00e9p\u00f4t d'armes","description":"Coffre-fort Magno du sp\u00e9cialiste BURG-W\u00c4CHTER. Niveau de s\u00e9curit\u00e9 0 : extr\u00eamement robuste, autoris\u00e9 pour le d\u00e9p\u00f4t de 5 armes courtes avec munitions incluses","robots":{"index":"index","follow":"follow","max-snippet":"max-snippet:-1","max-image-preview":"max-image-preview:large","max-video-preview":"max-video-preview:-1"},"canonical":"https:\/\/test.burgwaechterservice.de\/fr\/p\/coffres-forts\/magno\/","og_locale":"fr_FR","og_type":"article","og_title":"Magno","og_description":"Coffre-fort Magno du sp\u00e9cialiste BURG-W\u00c4CHTER. Niveau de s\u00e9curit\u00e9 0 : extr\u00eamement robuste, autoris\u00e9 pour le d\u00e9p\u00f4t de 5 armes courtes avec munitions incluses","og_url":"https:\/\/test.burgwaechterservice.de\/fr\/p\/coffres-forts\/magno\/","og_site_name":"Burg-W\u00e4chter France","article_modified_time":"2022-07-04T08:43:14+00:00","og_image":[{"width":1132,"height":1000,"url":"https:\/\/test.burgwaechterservice.de\/fr\/wp-content\/uploads\/sites\/4\/2019\/09\/Magno_520-E_ISO_leicht-geoffnet_NEU_mitKWH_dunkler_TRSE10_klein.jpg","type":"image\/jpeg"}],"twitter_card":"summary_large_image","twitter_misc":{"Dur\u00e9e de lecture estim\u00e9e":"3 minutes"},"schema":{"@context":"https:\/\/schema.org","@graph":[{"@type":"WebPage","@id":"https:\/\/test.burgwaechterservice.de\/fr\/p\/coffres-forts\/magno\/","url":"https:\/\/test.burgwaechterservice.de\/fr\/p\/coffres-forts\/magno\/","name":"Coffre-fort Magno de BURG-W\u00c4CHTER autoris\u00e9 pour le d\u00e9p\u00f4t d'armes","isPartOf":{"@id":"https:\/\/test.burgwaechterservice.de\/fr\/#website"},"datePublished":"2019-09-27T08:21:34+00:00","dateModified":"2022-07-04T08:43:14+00:00","description":"Coffre-fort Magno du sp\u00e9cialiste BURG-W\u00c4CHTER. Niveau de s\u00e9curit\u00e9 0 : extr\u00eamement robuste, autoris\u00e9 pour le d\u00e9p\u00f4t de 5 armes courtes avec munitions incluses","breadcrumb":{"@id":"https:\/\/test.burgwaechterservice.de\/fr\/p\/coffres-forts\/magno\/#breadcrumb"},"inLanguage":"fr-FR","potentialAction":[{"@type":"ReadAction","target":["https:\/\/test.burgwaechterservice.de\/fr\/p\/coffres-forts\/magno\/"]}]},{"@type":"BreadcrumbList","@id":"https:\/\/test.burgwaechterservice.de\/fr\/p\/coffres-forts\/magno\/#breadcrumb","itemListElement":[{"@type":"ListItem","position":1,"name":"Accueil","item":"https:\/\/test.burgwaechterservice.de\/fr\/"},{"@type":"ListItem","position":2,"name":"Produits","item":"https:\/\/test.burgwaechterservice.de\/fr\/p\/"},{"@type":"ListItem","position":3,"name":"Magno"}]},{"@type":"WebSite","@id":"https:\/\/test.burgwaechterservice.de\/fr\/#website","url":"https:\/\/test.burgwaechterservice.de\/fr\/","name":"Burg-W\u00e4chter France","description":"Le choix le plus s\u00fbr!","potentialAction":[{"@type":"SearchAction","target":{"@type":"EntryPoint","urlTemplate":"https:\/\/test.burgwaechterservice.de\/fr\/?s={search_term_string}"},"query-input":"required name=search_term_string"}],"inLanguage":"fr-FR"}]}},"_links":{"self":[{"href":"https:\/\/test.burgwaechterservice.de\/fr\/wp-json\/wp\/v2\/product\/299453"}],"collection":[{"href":"https:\/\/test.burgwaechterservice.de\/fr\/wp-json\/wp\/v2\/product"}],"about":[{"href":"https:\/\/test.burgwaechterservice.de\/fr\/wp-json\/wp\/v2\/types\/product"}],"replies":[{"embeddable":true,"href":"https:\/\/test.burgwaechterservice.de\/fr\/wp-json\/wp\/v2\/comments?post=299453"}],"wp:featuredmedia":[{"embeddable":true,"href":"https:\/\/test.burgwaechterservice.de\/fr\/wp-json\/wp\/v2\/media\/506061"}],"wp:attachment":[{"href":"https:\/\/test.burgwaechterservice.de\/fr\/wp-json\/wp\/v2\/media?parent=299453"}],"wp:term":[{"taxonomy":"product_cat","embeddable":true,"href":"https:\/\/test.burgwaechterservice.de\/fr\/wp-json\/wp\/v2\/product_cat?post=299453"},{"taxonomy":"product_tag","embeddable":true,"href":"https:\/\/test.burgwaechterservice.de\/fr\/wp-json\/wp\/v2\/product_tag?post=299453"}],"curies":[{"name":"wp","href":"https:\/\/api.w.org\/{rel}","templated":true}]}}