{"id":290554,"date":"2019-09-06T12:57:04","date_gmt":"2019-09-06T10:57:04","guid":{"rendered":"https:\/\/www.burg.biz\/fr\/?post_type=product&#038;p=290554"},"modified":"2019-09-18T17:59:16","modified_gmt":"2019-09-18T15:59:16","slug":"detecteur-mural-secuentry-7074-amplificateur-transpondeur","status":"publish","type":"product","link":"https:\/\/test.burgwaechterservice.de\/fr\/p\/serrure-electronique\/detecteur-mural-secuentry-7074-amplificateur-transpondeur\/","title":{"rendered":"D\u00e9tecteur mural secuENTRY 7074 amplificateur de transpondeur"},"content":{"rendered":"<h2>Ouvrir portes, barri\u00e8res ou portails avec le lecteur mural<\/h2>\n<p>Ouvrir la porte d&#8217;entr\u00e9e ou le garage \u00e0 distance sans sortir de la voiture? C&#8217;est possible sans aucun probl\u00e8me. En effet, l&#8217;amplificateur de transpondeur secuENTRY 7074 <strong>rend une serrure \u00e9lectronique de BURG-W\u00c4CHTER encore plus flexible<\/strong>. Le d\u00e9tecteur mural fonctionne en fait comme une sorte de t\u00e9l\u00e9commande. S&#8217;il re\u00e7oit par le <a href=\"https:\/\/test.burgwaechterservice.de\/fr\/p\/serrure-electronique\/transpondeur-secuentry-pro-5710\/\">transpondeur passif<\/a> le signal correspondant \u00e0 l&#8217;ouverture ou la fermeture de la porte, il le transmet \u00e0 la serrure \u00e9lectronique. C&#8217;est ainsi que vous pouvez ouvrir ou fermer votre portail, votre porte de garage ou barri\u00e8re.<\/p>\n<h3>L&#8217;amplificateur de transpondeur secuENTRY 7074 est jumel\u00e9 avec votre serrure en \u00e0 peine quelques secondes<\/h3>\n<p>L&#8217;appareillage entre l&#8217;amplificateur et la serrure secuENTRY est simple comme bonjour : vous avez simplement \u00e0 tenir un transpondeur passif enregistr\u00e9 par la serrure \u00e9lectronique ou le logiciel secuENTRY devant l&#8217;amplificateur de transpondeur secuENTRY 7074. Lorsqu&#8217;un signal sonore retenti, l&#8217;appareil est pr\u00eat \u00e0 l&#8217;emploi. L&#8217;amplificateur transmet alors le signal \u00e0 la serrure et sert \u00e0 d\u00e9clencher l&#8217;ouverture \u00e0 distance. <strong>La bonne position pour pr\u00e9senter le transpondeur passif est indiqu\u00e9e par l&#8217;autocollant BURG-W\u00c4CHTER sur l&#8217;avant de l&#8217;amplificateur<\/strong>. La port\u00e9e maximale entre l&#8217;amplificateur et la serrure secuENTRY est de 4 m\u00e8tres. L&#8217;utilisation est elle aussi simple comme bonjour : vous avez seulement \u00e0 pr\u00e9senter bri\u00e8vement le transpondeur autoris\u00e9 contre l&#8217;amplificateur jusqu&#8217;\u00e0 ce que le signal retentisse.<\/p>\n<h3>Avertissement de l&#8217;appareil en cas de pile faible<\/h3>\n<p>Si la pile de l&#8217;amplificateur de transpondeur secuENTRY 7074 doit \u00eatre chang\u00e9e, l&#8217;appareil vous averti en bipant cinq fois de suite. Par ailleurs, <strong>la pile est chang\u00e9e en un temps trois mouvements<\/strong> : Le bo\u00eetier du d\u00e9tecteur s&#8217;enl\u00e8ve via les vis recouvertes. Ensuite, vous pouvez retirer la face arri\u00e8re via les quatre vis du bo\u00eetier. Vous pouvez alors ouvrir le d\u00e9tecteur et remplacer la pile qui s&#8217;y trouve par une neuve (mod\u00e8le CR 123 A).<\/p>\n<h4>L&#8217;amplificateur de transpondeur secuENTRY peut \u00eatre utilis\u00e9 \u00e0 partir des versions suivantes<\/h4>\n<ul>\n<li>secuENTRY et secuENTRY pro \u00e0 partir de la version logiciel 1.7<\/li>\n<li>secuENTRY easy \/ secuENTRY pro 7100 et secuENTRY easy plus \u00e0 partir de la version logiciel 1.3<\/li>\n<li>Relais secuENTRY pro 7071 \u00e0 partir de la version logiciel 1.4<\/li>\n<\/ul>\n","protected":false},"excerpt":{"rendered":"<p>Ouvrir portes, barri\u00e8res ou portails avec le lecteur mural Ouvrir la porte d&#8217;entr\u00e9e ou le garage \u00e0 distance sans sortir de la voiture? C&#8217;est possible sans aucun probl\u00e8me. En effet, l&#8217;amplificateur de transpondeur secuENTRY 7074 rend une serrure \u00e9lectronique de &hellip; <a class=\"kt-excerpt-readmore\" href=\"https:\/\/test.burgwaechterservice.de\/fr\/p\/serrure-electronique\/detecteur-mural-secuentry-7074-amplificateur-transpondeur\/\" aria-label=\"D\u00e9tecteur mural secuENTRY 7074 amplificateur de transpondeur\">Lire la suite<\/a><\/p>\n","protected":false},"featured_media":294961,"comment_status":"closed","ping_status":"closed","template":"","meta":[],"product_cat":[36,4211],"product_tag":[],"yoast_head":"<!-- This site is optimized with the Yoast SEO Premium plugin v18.4 (Yoast SEO v19.13) - https:\/\/yoast.com\/wordpress\/plugins\/seo\/ -->\n<title>D\u00e9tecteur mural secuENTRY 7074 BURG-W\u00c4CHTER<\/title>\n<meta name=\"description\" content=\"Amplificateur de transpondeur. Ouvrez votre portail sans sortir de votre voiture gr\u00e2ce au d\u00e9tecteur mural de transpondeur : par le sp\u00e9cialiste BURG-W\u00c4CHTER.\" \/>\n<meta name=\"robots\" content=\"index, follow, max-snippet:-1, max-image-preview:large, max-video-preview:-1\" \/>\n<link rel=\"canonical\" href=\"https:\/\/test.burgwaechterservice.de\/fr\/p\/serrure-electronique\/detecteur-mural-secuentry-7074-amplificateur-transpondeur\/\" \/>\n<meta property=\"og:locale\" content=\"fr_FR\" \/>\n<meta property=\"og:type\" content=\"article\" \/>\n<meta property=\"og:title\" content=\"D\u00e9tecteur mural secuENTRY 7074 amplificateur de transpondeur\" \/>\n<meta property=\"og:description\" content=\"Amplificateur de transpondeur. Ouvrez votre portail sans sortir de votre voiture gr\u00e2ce au d\u00e9tecteur mural de transpondeur : par le sp\u00e9cialiste BURG-W\u00c4CHTER.\" \/>\n<meta property=\"og:url\" content=\"https:\/\/test.burgwaechterservice.de\/fr\/p\/serrure-electronique\/detecteur-mural-secuentry-7074-amplificateur-transpondeur\/\" \/>\n<meta property=\"og:site_name\" content=\"Burg-W\u00e4chter France\" \/>\n<meta property=\"article:modified_time\" content=\"2019-09-18T15:59:16+00:00\" \/>\n<meta property=\"og:image\" content=\"https:\/\/test.burgwaechterservice.de\/fr\/wp-content\/uploads\/sites\/4\/2019\/09\/sE_Repeater.jpg\" \/>\n\t<meta property=\"og:image:width\" content=\"1500\" \/>\n\t<meta property=\"og:image:height\" content=\"1500\" \/>\n\t<meta property=\"og:image:type\" content=\"image\/jpeg\" \/>\n<meta name=\"twitter:card\" content=\"summary_large_image\" \/>\n<meta name=\"twitter:label1\" content=\"Dur\u00e9e de lecture estim\u00e9e\" \/>\n\t<meta name=\"twitter:data1\" content=\"2 minutes\" \/>\n<!-- \/ Yoast SEO Premium plugin. -->","yoast_head_json":{"title":"D\u00e9tecteur mural secuENTRY 7074 BURG-W\u00c4CHTER","description":"Amplificateur de transpondeur. Ouvrez votre portail sans sortir de votre voiture gr\u00e2ce au d\u00e9tecteur mural de transpondeur : par le sp\u00e9cialiste BURG-W\u00c4CHTER.","robots":{"index":"index","follow":"follow","max-snippet":"max-snippet:-1","max-image-preview":"max-image-preview:large","max-video-preview":"max-video-preview:-1"},"canonical":"https:\/\/test.burgwaechterservice.de\/fr\/p\/serrure-electronique\/detecteur-mural-secuentry-7074-amplificateur-transpondeur\/","og_locale":"fr_FR","og_type":"article","og_title":"D\u00e9tecteur mural secuENTRY 7074 amplificateur de transpondeur","og_description":"Amplificateur de transpondeur. Ouvrez votre portail sans sortir de votre voiture gr\u00e2ce au d\u00e9tecteur mural de transpondeur : par le sp\u00e9cialiste BURG-W\u00c4CHTER.","og_url":"https:\/\/test.burgwaechterservice.de\/fr\/p\/serrure-electronique\/detecteur-mural-secuentry-7074-amplificateur-transpondeur\/","og_site_name":"Burg-W\u00e4chter France","article_modified_time":"2019-09-18T15:59:16+00:00","og_image":[{"width":1500,"height":1500,"url":"https:\/\/test.burgwaechterservice.de\/fr\/wp-content\/uploads\/sites\/4\/2019\/09\/sE_Repeater.jpg","type":"image\/jpeg"}],"twitter_card":"summary_large_image","twitter_misc":{"Dur\u00e9e de lecture estim\u00e9e":"2 minutes"},"schema":{"@context":"https:\/\/schema.org","@graph":[{"@type":"WebPage","@id":"https:\/\/test.burgwaechterservice.de\/fr\/p\/serrure-electronique\/detecteur-mural-secuentry-7074-amplificateur-transpondeur\/","url":"https:\/\/test.burgwaechterservice.de\/fr\/p\/serrure-electronique\/detecteur-mural-secuentry-7074-amplificateur-transpondeur\/","name":"D\u00e9tecteur mural secuENTRY 7074 BURG-W\u00c4CHTER","isPartOf":{"@id":"https:\/\/test.burgwaechterservice.de\/fr\/#website"},"datePublished":"2019-09-06T10:57:04+00:00","dateModified":"2019-09-18T15:59:16+00:00","description":"Amplificateur de transpondeur. Ouvrez votre portail sans sortir de votre voiture gr\u00e2ce au d\u00e9tecteur mural de transpondeur : par le sp\u00e9cialiste BURG-W\u00c4CHTER.","breadcrumb":{"@id":"https:\/\/test.burgwaechterservice.de\/fr\/p\/serrure-electronique\/detecteur-mural-secuentry-7074-amplificateur-transpondeur\/#breadcrumb"},"inLanguage":"fr-FR","potentialAction":[{"@type":"ReadAction","target":["https:\/\/test.burgwaechterservice.de\/fr\/p\/serrure-electronique\/detecteur-mural-secuentry-7074-amplificateur-transpondeur\/"]}]},{"@type":"BreadcrumbList","@id":"https:\/\/test.burgwaechterservice.de\/fr\/p\/serrure-electronique\/detecteur-mural-secuentry-7074-amplificateur-transpondeur\/#breadcrumb","itemListElement":[{"@type":"ListItem","position":1,"name":"Accueil","item":"https:\/\/test.burgwaechterservice.de\/fr\/"},{"@type":"ListItem","position":2,"name":"Produits","item":"https:\/\/test.burgwaechterservice.de\/fr\/p\/"},{"@type":"ListItem","position":3,"name":"D\u00e9tecteur mural secuENTRY 7074 amplificateur de transpondeur"}]},{"@type":"WebSite","@id":"https:\/\/test.burgwaechterservice.de\/fr\/#website","url":"https:\/\/test.burgwaechterservice.de\/fr\/","name":"Burg-W\u00e4chter France","description":"Le choix le plus s\u00fbr!","potentialAction":[{"@type":"SearchAction","target":{"@type":"EntryPoint","urlTemplate":"https:\/\/test.burgwaechterservice.de\/fr\/?s={search_term_string}"},"query-input":"required name=search_term_string"}],"inLanguage":"fr-FR"}]}},"_links":{"self":[{"href":"https:\/\/test.burgwaechterservice.de\/fr\/wp-json\/wp\/v2\/product\/290554"}],"collection":[{"href":"https:\/\/test.burgwaechterservice.de\/fr\/wp-json\/wp\/v2\/product"}],"about":[{"href":"https:\/\/test.burgwaechterservice.de\/fr\/wp-json\/wp\/v2\/types\/product"}],"replies":[{"embeddable":true,"href":"https:\/\/test.burgwaechterservice.de\/fr\/wp-json\/wp\/v2\/comments?post=290554"}],"wp:featuredmedia":[{"embeddable":true,"href":"https:\/\/test.burgwaechterservice.de\/fr\/wp-json\/wp\/v2\/media\/294961"}],"wp:attachment":[{"href":"https:\/\/test.burgwaechterservice.de\/fr\/wp-json\/wp\/v2\/media?parent=290554"}],"wp:term":[{"taxonomy":"product_cat","embeddable":true,"href":"https:\/\/test.burgwaechterservice.de\/fr\/wp-json\/wp\/v2\/product_cat?post=290554"},{"taxonomy":"product_tag","embeddable":true,"href":"https:\/\/test.burgwaechterservice.de\/fr\/wp-json\/wp\/v2\/product_tag?post=290554"}],"curies":[{"name":"wp","href":"https:\/\/api.w.org\/{rel}","templated":true}]}}