{"id":27910,"date":"2016-06-22T14:31:25","date_gmt":"2016-06-22T12:31:25","guid":{"rendered":"https:\/\/www.burg.biz\/?post_type=product&#038;p=27910"},"modified":"2018-04-23T12:05:22","modified_gmt":"2018-04-23T10:05:22","slug":"116-hb-profi","status":"publish","type":"product","link":"https:\/\/test.burgwaechterservice.de\/fr\/p\/cadenas-et-porte-cadenas\/116-hb-profi\/","title":{"rendered":"116 HB Profi"},"content":{"rendered":"<p><img decoding=\"async\" class=\"alignnone wp-image-37373 size-full\" src=\"https:\/\/test.burgwaechterservice.de\/fr\/wp-content\/uploads\/sites\/4\/2016\/06\/piktoreihe_116profi-1.jpg\" width=\"428\" height=\"94\" srcset=\"https:\/\/test.burgwaechterservice.de\/fr\/wp-content\/uploads\/sites\/4\/2016\/06\/piktoreihe_116profi-1.jpg 428w, https:\/\/test.burgwaechterservice.de\/fr\/wp-content\/uploads\/sites\/4\/2016\/06\/piktoreihe_116profi-1-300x66.jpg 300w\" sizes=\"(max-width: 428px) 100vw, 428px\" \/><\/p>\n<h2>Qualit\u00e9 prouv\u00e9e<\/h2>\n<ul>\n<li>avec grande anse<\/li>\n<li>corps en laiton massif<\/li>\n<li>anse en acier c\u00e9ment\u00e9, double verrouillage<\/li>\n<li>m\u00e9canisme de pr\u00e9cision<\/li>\n<li>des milliers de variures diff\u00e9rentes<\/li>\n<li>int\u00e9rieur inoxydable<\/li>\n<\/ul>\n<p>&nbsp;<\/p>\n<table class=\"ausfuehrung\">\n<thead>\n<tr>\n<td>Article<\/td>\n<td>\u00d8 de l\u2018anse<\/td>\n<td>Largeur libre de l\u2018anse<\/td>\n<td>Hauteur libre de l\u2018anse<\/td>\n<td>Hauteur totale<\/td>\n<td>N\u00b0. d\u2019\u00e9bauche<\/td>\n<\/tr>\n<\/thead>\n<tbody>\n<tr>\n<td class=\"subdesc\"><\/td>\n<td class=\"subdesc\">mm<\/td>\n<td class=\"subdesc\">mm<\/td>\n<td class=\"subdesc\">mm<\/td>\n<td class=\"subdesc\">\u00a0mm<\/td>\n<td class=\"subdesc\"><\/td>\n<\/tr>\n<\/tbody>\n<tbody>\n<tr>\n<td>116HB 30 30<\/td>\n<td>\u00a05,0<\/td>\n<td>\u00a016,0<\/td>\n<td>\u00a030,0<\/td>\n<td>\u00a063,0<\/td>\n<td>65R\/L<\/td>\n<\/tr>\n<tr>\n<td>116HB 30 45<\/td>\n<td>\u00a05,0<\/td>\n<td>\u00a016,0<\/td>\n<td>\u00a045,0<\/td>\n<td>\u00a078,0<\/td>\n<td>65R\/L<\/td>\n<\/tr>\n<tr>\n<td>116HB 40 45<\/td>\n<td>\u00a06,0<\/td>\n<td>\u00a023,0<\/td>\n<td>\u00a045,0<\/td>\n<td>\u00a086,0<\/td>\n<td>66R\/L<\/td>\n<\/tr>\n<tr>\n<td>116HB 40 60<\/td>\n<td>\u00a06,0<\/td>\n<td>\u00a023,0<\/td>\n<td>\u00a060,0<\/td>\n<td>\u00a0101,0<\/td>\n<td>66R\/L<\/td>\n<\/tr>\n<tr>\n<td>116HB 50 80<\/td>\n<td>\u00a08,0<\/td>\n<td>\u00a028,0<\/td>\n<td>\u00a080,0<\/td>\n<td>\u00a0128,0<\/td>\n<td>66R\/L<\/td>\n<\/tr>\n<tr>\n<td>116HB 50 110<\/td>\n<td>\u00a08,0<\/td>\n<td>\u00a028,0<\/td>\n<td>\u00a0110,0<\/td>\n<td>\u00a0160,0<\/td>\n<td>66R\/L<\/td>\n<\/tr>\n<tr>\n<td>116HB 50 180<\/td>\n<td>\u00a08,0<\/td>\n<td>\u00a028,0<\/td>\n<td>\u00a0180,0<\/td>\n<td>\u00a0225,0<\/td>\n<td>66R\/L<\/td>\n<\/tr>\n<tr>\n<td>116HB 60 110<\/td>\n<td>\u00a010,0<\/td>\n<td>\u00a032,0<\/td>\n<td>\u00a0110,0<\/td>\n<td>\u00a0170,0<\/td>\n<td>66R\/L<\/td>\n<\/tr>\n<\/tbody>\n<\/table>\n","protected":false},"excerpt":{"rendered":"<p>Qualit\u00e9 prouv\u00e9e avec grande anse corps en laiton massif anse en acier c\u00e9ment\u00e9, double verrouillage m\u00e9canisme de pr\u00e9cision des milliers de variures diff\u00e9rentes int\u00e9rieur inoxydable &nbsp; Article \u00d8 de l\u2018anse Largeur libre de l\u2018anse Hauteur libre de l\u2018anse Hauteur totale &hellip; <a class=\"kt-excerpt-readmore\" href=\"https:\/\/test.burgwaechterservice.de\/fr\/p\/cadenas-et-porte-cadenas\/116-hb-profi\/\" aria-label=\"116 HB Profi\">Lire la suite<\/a><\/p>\n","protected":false},"featured_media":27921,"comment_status":"closed","ping_status":"closed","template":"","meta":[],"product_cat":[30,39,3122],"product_tag":[],"yoast_head":"<!-- This site is optimized with the Yoast SEO Premium plugin v18.4 (Yoast SEO v19.13) - https:\/\/yoast.com\/wordpress\/plugins\/seo\/ -->\n<title>116 HB Profi - BURG-W\u00c4CHTER<\/title>\n<meta name=\"description\" content=\"Qualit\u00e9 prouv\u00e9e avec grande anse corps en laiton massif anse en acier c\u00e9ment\u00e9, double verrouillage m\u00e9canisme de pr\u00e9cision des milliers de variures\" \/>\n<meta name=\"robots\" content=\"index, follow, max-snippet:-1, max-image-preview:large, max-video-preview:-1\" \/>\n<link rel=\"canonical\" href=\"https:\/\/test.burgwaechterservice.de\/fr\/p\/cadenas-et-porte-cadenas\/116-hb-profi\/\" \/>\n<meta property=\"og:locale\" content=\"fr_FR\" \/>\n<meta property=\"og:type\" content=\"article\" \/>\n<meta property=\"og:title\" content=\"116 HB Profi\" \/>\n<meta property=\"og:description\" content=\"Qualit\u00e9 prouv\u00e9e avec grande anse corps en laiton massif anse en acier c\u00e9ment\u00e9, double verrouillage m\u00e9canisme de pr\u00e9cision des milliers de variures\" \/>\n<meta property=\"og:url\" content=\"https:\/\/test.burgwaechterservice.de\/fr\/p\/cadenas-et-porte-cadenas\/116-hb-profi\/\" \/>\n<meta property=\"og:site_name\" content=\"Burg-W\u00e4chter France\" \/>\n<meta property=\"article:modified_time\" content=\"2018-04-23T10:05:22+00:00\" \/>\n<meta property=\"og:image\" content=\"https:\/\/test.burgwaechterservice.de\/fr\/wp-content\/uploads\/sites\/4\/2016\/06\/116-HB-40-60.jpg\" \/>\n\t<meta property=\"og:image:width\" content=\"2488\" \/>\n\t<meta property=\"og:image:height\" content=\"3440\" \/>\n\t<meta property=\"og:image:type\" content=\"image\/jpeg\" \/>\n<meta name=\"twitter:card\" content=\"summary_large_image\" \/>\n<!-- \/ Yoast SEO Premium plugin. -->","yoast_head_json":{"title":"116 HB Profi - BURG-W\u00c4CHTER","description":"Qualit\u00e9 prouv\u00e9e avec grande anse corps en laiton massif anse en acier c\u00e9ment\u00e9, double verrouillage m\u00e9canisme de pr\u00e9cision des milliers de variures","robots":{"index":"index","follow":"follow","max-snippet":"max-snippet:-1","max-image-preview":"max-image-preview:large","max-video-preview":"max-video-preview:-1"},"canonical":"https:\/\/test.burgwaechterservice.de\/fr\/p\/cadenas-et-porte-cadenas\/116-hb-profi\/","og_locale":"fr_FR","og_type":"article","og_title":"116 HB Profi","og_description":"Qualit\u00e9 prouv\u00e9e avec grande anse corps en laiton massif anse en acier c\u00e9ment\u00e9, double verrouillage m\u00e9canisme de pr\u00e9cision des milliers de variures","og_url":"https:\/\/test.burgwaechterservice.de\/fr\/p\/cadenas-et-porte-cadenas\/116-hb-profi\/","og_site_name":"Burg-W\u00e4chter France","article_modified_time":"2018-04-23T10:05:22+00:00","og_image":[{"width":2488,"height":3440,"url":"https:\/\/test.burgwaechterservice.de\/fr\/wp-content\/uploads\/sites\/4\/2016\/06\/116-HB-40-60.jpg","type":"image\/jpeg"}],"twitter_card":"summary_large_image","schema":{"@context":"https:\/\/schema.org","@graph":[{"@type":"WebPage","@id":"https:\/\/test.burgwaechterservice.de\/fr\/p\/cadenas-et-porte-cadenas\/116-hb-profi\/","url":"https:\/\/test.burgwaechterservice.de\/fr\/p\/cadenas-et-porte-cadenas\/116-hb-profi\/","name":"116 HB Profi - BURG-W\u00c4CHTER","isPartOf":{"@id":"https:\/\/test.burgwaechterservice.de\/fr\/#website"},"datePublished":"2016-06-22T12:31:25+00:00","dateModified":"2018-04-23T10:05:22+00:00","description":"Qualit\u00e9 prouv\u00e9e avec grande anse corps en laiton massif anse en acier c\u00e9ment\u00e9, double verrouillage m\u00e9canisme de pr\u00e9cision des milliers de variures","breadcrumb":{"@id":"https:\/\/test.burgwaechterservice.de\/fr\/p\/cadenas-et-porte-cadenas\/116-hb-profi\/#breadcrumb"},"inLanguage":"fr-FR","potentialAction":[{"@type":"ReadAction","target":["https:\/\/test.burgwaechterservice.de\/fr\/p\/cadenas-et-porte-cadenas\/116-hb-profi\/"]}]},{"@type":"BreadcrumbList","@id":"https:\/\/test.burgwaechterservice.de\/fr\/p\/cadenas-et-porte-cadenas\/116-hb-profi\/#breadcrumb","itemListElement":[{"@type":"ListItem","position":1,"name":"Accueil","item":"https:\/\/test.burgwaechterservice.de\/fr\/"},{"@type":"ListItem","position":2,"name":"Produits","item":"https:\/\/test.burgwaechterservice.de\/fr\/p\/"},{"@type":"ListItem","position":3,"name":"116 HB Profi"}]},{"@type":"WebSite","@id":"https:\/\/test.burgwaechterservice.de\/fr\/#website","url":"https:\/\/test.burgwaechterservice.de\/fr\/","name":"Burg-W\u00e4chter France","description":"Le choix le plus s\u00fbr!","potentialAction":[{"@type":"SearchAction","target":{"@type":"EntryPoint","urlTemplate":"https:\/\/test.burgwaechterservice.de\/fr\/?s={search_term_string}"},"query-input":"required name=search_term_string"}],"inLanguage":"fr-FR"}]}},"_links":{"self":[{"href":"https:\/\/test.burgwaechterservice.de\/fr\/wp-json\/wp\/v2\/product\/27910"}],"collection":[{"href":"https:\/\/test.burgwaechterservice.de\/fr\/wp-json\/wp\/v2\/product"}],"about":[{"href":"https:\/\/test.burgwaechterservice.de\/fr\/wp-json\/wp\/v2\/types\/product"}],"replies":[{"embeddable":true,"href":"https:\/\/test.burgwaechterservice.de\/fr\/wp-json\/wp\/v2\/comments?post=27910"}],"wp:featuredmedia":[{"embeddable":true,"href":"https:\/\/test.burgwaechterservice.de\/fr\/wp-json\/wp\/v2\/media\/27921"}],"wp:attachment":[{"href":"https:\/\/test.burgwaechterservice.de\/fr\/wp-json\/wp\/v2\/media?parent=27910"}],"wp:term":[{"taxonomy":"product_cat","embeddable":true,"href":"https:\/\/test.burgwaechterservice.de\/fr\/wp-json\/wp\/v2\/product_cat?post=27910"},{"taxonomy":"product_tag","embeddable":true,"href":"https:\/\/test.burgwaechterservice.de\/fr\/wp-json\/wp\/v2\/product_tag?post=27910"}],"curies":[{"name":"wp","href":"https:\/\/api.w.org\/{rel}","templated":true}]}}