{"id":27884,"date":"2016-06-22T13:24:00","date_gmt":"2016-06-22T11:24:00","guid":{"rendered":"https:\/\/www.burg.biz\/?post_type=product&#038;p=27884"},"modified":"2018-04-23T12:05:22","modified_gmt":"2018-04-23T10:05:22","slug":"d-600-diamant","status":"publish","type":"product","link":"https:\/\/test.burgwaechterservice.de\/fr\/p\/cadenas-et-porte-cadenas\/d-600-diamant\/","title":{"rendered":"D 600 Diamant"},"content":{"rendered":"<h2><img decoding=\"async\" class=\"alignnone size-full wp-image-27879\" src=\"https:\/\/test.burgwaechterservice.de\/fr\/wp-content\/uploads\/sites\/4\/2016\/05\/piktoreihe_alpha800.jpg\" alt=\"piktoreihe_alpha800\" width=\"565\" height=\"78\" srcset=\"https:\/\/test.burgwaechterservice.de\/fr\/wp-content\/uploads\/sites\/4\/2016\/05\/piktoreihe_alpha800.jpg 565w, https:\/\/test.burgwaechterservice.de\/fr\/wp-content\/uploads\/sites\/4\/2016\/05\/piktoreihe_alpha800-300x41.jpg 300w\" sizes=\"(max-width: 565px) 100vw, 565px\" \/><br \/>\nD 600 Diamant<\/h2>\n<ul>\n<li>corps en laiton massif<\/li>\n<li>haute r\u00e9sistance \u00e0 la traction<\/li>\n<li>anse ultra-dure, double verrouillage<\/li>\n<li>m\u00e9canisme haut de gamme<\/li>\n<li>int\u00e9rieur inoxydable<\/li>\n<li>cylindre prot\u00e9g\u00e9 contre le per\u00e7age<\/li>\n<li>appropri\u00e9 pour des organigrammes<\/li>\n<\/ul>\n<p>&nbsp;<\/p>\n<table class=\"ausfuehrung\">\n<thead>\n<tr>\n<td>Article<\/td>\n<td>\u00d8 de l\u2018anse<\/td>\n<td>Largeur libre de l\u2018anse<\/td>\n<td>Hauteur libre de l\u2018anse<\/td>\n<td>Hauteur totale<\/td>\n<td>N\u00b0. d\u2019\u00e9bauche<\/td>\n<\/tr>\n<\/thead>\n<tbody>\n<tr>\n<td class=\"subdesc\"><\/td>\n<td class=\"subdesc\">mm<\/td>\n<td class=\"subdesc\">mm<\/td>\n<td class=\"subdesc\">mm<\/td>\n<td class=\"subdesc\">\u00a0mm<\/td>\n<td class=\"subdesc\"><\/td>\n<\/tr>\n<\/tbody>\n<tbody>\n<tr>\n<td>D 600 40<\/td>\n<td>7,5<\/td>\n<td>22,0<\/td>\n<td>23,0<\/td>\n<td>73,0<\/td>\n<td>60\/R<\/td>\n<\/tr>\n<tr>\n<td>D 600 50<\/td>\n<td>9,0<\/td>\n<td>25,0<\/td>\n<td>28,0<\/td>\n<td>84,0<\/td>\n<td>60\/R<\/td>\n<\/tr>\n<tr>\n<td>D 600 60<\/td>\n<td>11,0<\/td>\n<td>30,0<\/td>\n<td>35,0<\/td>\n<td>103,0<\/td>\n<td>60\/R<\/td>\n<\/tr>\n<\/tbody>\n<\/table>\n","protected":false},"excerpt":{"rendered":"<p>D 600 Diamant corps en laiton massif haute r\u00e9sistance \u00e0 la traction anse ultra-dure, double verrouillage m\u00e9canisme haut de gamme int\u00e9rieur inoxydable cylindre prot\u00e9g\u00e9 contre le per\u00e7age appropri\u00e9 pour des organigrammes &nbsp; Article \u00d8 de l\u2018anse Largeur libre de l\u2018anse &hellip; <a class=\"kt-excerpt-readmore\" href=\"https:\/\/test.burgwaechterservice.de\/fr\/p\/cadenas-et-porte-cadenas\/d-600-diamant\/\" aria-label=\"D 600 Diamant\">Lire la suite<\/a><\/p>\n","protected":false},"featured_media":33416,"comment_status":"closed","ping_status":"closed","template":"","meta":[],"product_cat":[30,39,3122],"product_tag":[],"yoast_head":"<!-- This site is optimized with the Yoast SEO Premium plugin v18.4 (Yoast SEO v19.13) - https:\/\/yoast.com\/wordpress\/plugins\/seo\/ -->\n<title>D 600 Diamant - BURG-W\u00c4CHTER<\/title>\n<meta name=\"description\" content=\"D 600 Diamant corps en laiton massif haute r\u00e9sistance \u00e0 la traction anse ultra-dure, double verrouillage m\u00e9canisme haut de gamme int\u00e9rieur inoxydable\" \/>\n<meta name=\"robots\" content=\"index, follow, max-snippet:-1, max-image-preview:large, max-video-preview:-1\" \/>\n<link rel=\"canonical\" href=\"https:\/\/test.burgwaechterservice.de\/fr\/p\/cadenas-et-porte-cadenas\/d-600-diamant\/\" \/>\n<meta property=\"og:locale\" content=\"fr_FR\" \/>\n<meta property=\"og:type\" content=\"article\" \/>\n<meta property=\"og:title\" content=\"D 600 Diamant\" \/>\n<meta property=\"og:description\" content=\"D 600 Diamant corps en laiton massif haute r\u00e9sistance \u00e0 la traction anse ultra-dure, double verrouillage m\u00e9canisme haut de gamme int\u00e9rieur inoxydable\" \/>\n<meta property=\"og:url\" content=\"https:\/\/test.burgwaechterservice.de\/fr\/p\/cadenas-et-porte-cadenas\/d-600-diamant\/\" \/>\n<meta property=\"og:site_name\" content=\"Burg-W\u00e4chter France\" \/>\n<meta property=\"article:modified_time\" content=\"2018-04-23T10:05:22+00:00\" \/>\n<meta property=\"og:image\" content=\"https:\/\/test.burgwaechterservice.de\/fr\/wp-content\/uploads\/sites\/4\/2016\/06\/Diamant-SC600-1.jpg\" \/>\n\t<meta property=\"og:image:width\" content=\"1200\" \/>\n\t<meta property=\"og:image:height\" content=\"1200\" \/>\n\t<meta property=\"og:image:type\" content=\"image\/jpeg\" \/>\n<meta name=\"twitter:card\" content=\"summary_large_image\" \/>\n<!-- \/ Yoast SEO Premium plugin. -->","yoast_head_json":{"title":"D 600 Diamant - BURG-W\u00c4CHTER","description":"D 600 Diamant corps en laiton massif haute r\u00e9sistance \u00e0 la traction anse ultra-dure, double verrouillage m\u00e9canisme haut de gamme int\u00e9rieur inoxydable","robots":{"index":"index","follow":"follow","max-snippet":"max-snippet:-1","max-image-preview":"max-image-preview:large","max-video-preview":"max-video-preview:-1"},"canonical":"https:\/\/test.burgwaechterservice.de\/fr\/p\/cadenas-et-porte-cadenas\/d-600-diamant\/","og_locale":"fr_FR","og_type":"article","og_title":"D 600 Diamant","og_description":"D 600 Diamant corps en laiton massif haute r\u00e9sistance \u00e0 la traction anse ultra-dure, double verrouillage m\u00e9canisme haut de gamme int\u00e9rieur inoxydable","og_url":"https:\/\/test.burgwaechterservice.de\/fr\/p\/cadenas-et-porte-cadenas\/d-600-diamant\/","og_site_name":"Burg-W\u00e4chter France","article_modified_time":"2018-04-23T10:05:22+00:00","og_image":[{"width":1200,"height":1200,"url":"https:\/\/test.burgwaechterservice.de\/fr\/wp-content\/uploads\/sites\/4\/2016\/06\/Diamant-SC600-1.jpg","type":"image\/jpeg"}],"twitter_card":"summary_large_image","schema":{"@context":"https:\/\/schema.org","@graph":[{"@type":"WebPage","@id":"https:\/\/test.burgwaechterservice.de\/fr\/p\/cadenas-et-porte-cadenas\/d-600-diamant\/","url":"https:\/\/test.burgwaechterservice.de\/fr\/p\/cadenas-et-porte-cadenas\/d-600-diamant\/","name":"D 600 Diamant - BURG-W\u00c4CHTER","isPartOf":{"@id":"https:\/\/test.burgwaechterservice.de\/fr\/#website"},"datePublished":"2016-06-22T11:24:00+00:00","dateModified":"2018-04-23T10:05:22+00:00","description":"D 600 Diamant corps en laiton massif haute r\u00e9sistance \u00e0 la traction anse ultra-dure, double verrouillage m\u00e9canisme haut de gamme int\u00e9rieur inoxydable","breadcrumb":{"@id":"https:\/\/test.burgwaechterservice.de\/fr\/p\/cadenas-et-porte-cadenas\/d-600-diamant\/#breadcrumb"},"inLanguage":"fr-FR","potentialAction":[{"@type":"ReadAction","target":["https:\/\/test.burgwaechterservice.de\/fr\/p\/cadenas-et-porte-cadenas\/d-600-diamant\/"]}]},{"@type":"BreadcrumbList","@id":"https:\/\/test.burgwaechterservice.de\/fr\/p\/cadenas-et-porte-cadenas\/d-600-diamant\/#breadcrumb","itemListElement":[{"@type":"ListItem","position":1,"name":"Accueil","item":"https:\/\/test.burgwaechterservice.de\/fr\/"},{"@type":"ListItem","position":2,"name":"Produits","item":"https:\/\/test.burgwaechterservice.de\/fr\/p\/"},{"@type":"ListItem","position":3,"name":"D 600 Diamant"}]},{"@type":"WebSite","@id":"https:\/\/test.burgwaechterservice.de\/fr\/#website","url":"https:\/\/test.burgwaechterservice.de\/fr\/","name":"Burg-W\u00e4chter France","description":"Le choix le plus s\u00fbr!","potentialAction":[{"@type":"SearchAction","target":{"@type":"EntryPoint","urlTemplate":"https:\/\/test.burgwaechterservice.de\/fr\/?s={search_term_string}"},"query-input":"required name=search_term_string"}],"inLanguage":"fr-FR"}]}},"_links":{"self":[{"href":"https:\/\/test.burgwaechterservice.de\/fr\/wp-json\/wp\/v2\/product\/27884"}],"collection":[{"href":"https:\/\/test.burgwaechterservice.de\/fr\/wp-json\/wp\/v2\/product"}],"about":[{"href":"https:\/\/test.burgwaechterservice.de\/fr\/wp-json\/wp\/v2\/types\/product"}],"replies":[{"embeddable":true,"href":"https:\/\/test.burgwaechterservice.de\/fr\/wp-json\/wp\/v2\/comments?post=27884"}],"wp:featuredmedia":[{"embeddable":true,"href":"https:\/\/test.burgwaechterservice.de\/fr\/wp-json\/wp\/v2\/media\/33416"}],"wp:attachment":[{"href":"https:\/\/test.burgwaechterservice.de\/fr\/wp-json\/wp\/v2\/media?parent=27884"}],"wp:term":[{"taxonomy":"product_cat","embeddable":true,"href":"https:\/\/test.burgwaechterservice.de\/fr\/wp-json\/wp\/v2\/product_cat?post=27884"},{"taxonomy":"product_tag","embeddable":true,"href":"https:\/\/test.burgwaechterservice.de\/fr\/wp-json\/wp\/v2\/product_tag?post=27884"}],"curies":[{"name":"wp","href":"https:\/\/api.w.org\/{rel}","templated":true}]}}