{"id":263865,"date":"2019-06-15T22:03:49","date_gmt":"2019-06-15T20:03:49","guid":{"rendered":"https:\/\/www.burg.biz\/fr\/?post_type=product&#038;p=263865"},"modified":"2022-04-19T12:04:08","modified_gmt":"2022-04-19T10:04:08","slug":"secuentry-easy-plus-5652-fingerprint","status":"publish","type":"product","link":"https:\/\/test.burgwaechterservice.de\/fr\/p\/serrure-electronique\/secuentry-easy-plus-5652-fingerprint\/","title":{"rendered":"secuENTRY easy plus 5652 Fingerprint"},"content":{"rendered":"<h2>secuENTRY easy plus 5652 Fingerprint a convaincu avec 6 dispositifs d&#8217;ouverture<\/h2>\n<p>Ceci arrive des milliers de fois par an : une cl\u00e9 perdue, oubli\u00e9e \u00e0 l&#8217;int\u00e9rieur de l&#8217;appartement ou cass\u00e9e. Malheureusement, le r\u00e9sultat est le m\u00eame : la porte reste ferm\u00e9e et il faut faire venir le serrurier. Mais avec la nouvelle serrure \u00e9lectronique secuENTRY easy plus 5652 Fingerprint, ces sc\u00e9narios appartiennent d\u00e9finitivement au pass\u00e9. En effet, avec secuENTRY easy plus, vous pouvez ouvrir votre porte de <strong>six mani\u00e8re diff\u00e9rentes<\/strong>. Et ceci sans aucune cl\u00e9. Empreinte digitale, code, smartphone, transpondeur passif ou transpondeur actif sont disponibles. Par ailleurs, le syst\u00e8me secuENTRY easy plus 5652 Fingerprint dispose d&#8217;une ouverture m\u00e9canique de secours pour le cas le plus extr\u00eame.<\/p>\n<h3>Kit complet pour une installation rapide<\/h3>\n<p>Le syst\u00e8me secuENTRY easy plus 5652 Fingerprint est fourni comme kit complet. Ainsi, vous pouvez <strong>l&#8217;installer et l&#8217;utiliser imm\u00e9diatement<\/strong>. A c\u00f4t\u00e9 du cylindre \u00e9lectronique de porte, vous trouverez le clavier \u00e0 empreinte digitale et code ainsi qu&#8217;un transpondeur passif. On attribue les droits d&#8217;acc\u00e8s au transpondeur passif via le clavier ou le <a href=\"https:\/\/test.burgwaechterservice.de\/fr\/p\/serrure-electronique\/tse-secu-entry\/logiciel-secuentry\/\">logiciel optionnel<\/a> et on les supprime de la m\u00eame mani\u00e8re, par exemple en cas de visiteurs temporaires comme des travailleurs ou aides au m\u00e9nage, ou m\u00eame en cas de perte du transpondeur passif. Ainsi, aucun intrus ne peut acc\u00e9der \u00e0 votre domicile. De plus, le logiciel offre encore bien d&#8217;autres fonctions, telles que : gestion des usagers, attribution de droits d&#8217;acc\u00e8s, consultation de l&#8217;historique (les derniers 2000 apports).<\/p>\n<h3>Voici comment installer secuENTRY easy plus 5652 Fingerprint<\/h3>\n<p>Vous n&#8217;avez besoin d&#8217;aucune connaissances sp\u00e9cifiques pour le changement de votre cylindre de porte. En effet, <strong>aucun raccord de c\u00e2ble ou de r\u00e9seau n&#8217;est n\u00e9cessaire<\/strong>. Ainsi, votre secuENTRY easy plus 5652 Fingerprint se trouve install\u00e9 en seulement six \u00e9tapes :<\/p>\n<ol>\n<li>Retirer la vis emboutie de la porte. Puis \u00f4ter l&#8217;ancien cylindre.<\/li>\n<li>Ins\u00e9rer le nouveau cylindre de porte secuENTRY easy plus.<\/li>\n<li>Gr\u00e2ce au syst\u00e8me d&#8217;enclenchement et aux adaptateurs fournis, r\u00e9glez le cylindre \u00e0 votre \u00e9paisseur de porte (jusqu&#8217;\u00e0 120 mm)<\/li>\n<li>Vous penserez \u00e0 ins\u00e9rer les piles fournies dans le pommeau et le clavier.<\/li>\n<li>Fixez le clavier \u00e0 l&#8217;ext\u00e9rieur. Pour cela, utilisez les bandes autocollantes ou les vis fournies. (Port\u00e9e radio entre le clavier et le cylindre : max. quatre m\u00e8tres).<\/li>\n<li>D\u00e9finissez les usagers pour l&#8217;ouverture par empreinte digitale, code ou transpondeurs.<\/li>\n<\/ol>\n<h3>La gamme secuENTRY de BURG-W\u00c4CHTER au quotidien<\/h3>\n<div class=\"BorlabsCookie _brlbs-cb-youtube\">\n<div class=\"_brlbs-content-blocker\">\n<div class=\"_brlbs-embed _brlbs-video-youtube\"> <img decoding=\"async\" class=\"_brlbs-thumbnail\" src=\"https:\/\/test.burgwaechterservice.de\/fr\/wp-content\/plugins\/borlabs-cookie\/assets\/images\/cb-no-thumbnail.png\" alt=\"YouTube\"> <\/p>\n<div class=\"_brlbs-caption\">\n<p>By loading the video, you agree to YouTube&#8217;s privacy policy.<br \/><a href=\"https:\/\/policies.google.com\/privacy?hl=en&amp;gl=en\" target=\"_blank\" rel=\"nofollow noopener noreferrer\">Learn more<\/a><\/p>\n<p><a class=\"_brlbs-btn _brlbs-icon-play-white\" href=\"#\" data-borlabs-cookie-unblock role=\"button\">Load video<\/a><\/p>\n<p><label><input type=\"checkbox\" name=\"unblockAll\" value=\"1\" checked> <small>Always unblock YouTube<\/small><\/label><\/p>\n<\/p><\/div>\n<\/p><\/div>\n<\/p><\/div>\n<div class=\"borlabs-hide\" data-borlabs-cookie-type=\"content-blocker\" data-borlabs-cookie-id=\"youtube\"><script type=\"text\/template\">PGRpdiBjbGFzcz0iZW50cnktY29udGVudC1hc3NldCB2aWRlb2ZpdCI+PGlmcmFtZSB0aXRsZT0iQlVSRy1Xw4RDSFRFUiBzZWN1RU5UUlkgRmlsbSIgd2lkdGg9IjExNDAiIGhlaWdodD0iNjQxIiBzcmM9Imh0dHBzOi8vd3d3LnlvdXR1YmUtbm9jb29raWUuY29tL2VtYmVkL0toMmQyUGVUUmhBP3N0YXJ0PTImZmVhdHVyZT1vZW1iZWQiIGZyYW1lYm9yZGVyPSIwIiBhbGxvdz0iYWNjZWxlcm9tZXRlcjsgYXV0b3BsYXk7IGNsaXBib2FyZC13cml0ZTsgZW5jcnlwdGVkLW1lZGlhOyBneXJvc2NvcGU7IHBpY3R1cmUtaW4tcGljdHVyZSIgYWxsb3dmdWxsc2NyZWVuPjwvaWZyYW1lPjwvZGl2Pg==<\/script><\/div>\n<\/div>\n<h3>Aucune mesure n\u00e9cessaire : adaptable \u00e0 toutes les portes jusqu&#8217;\u00e0 une \u00e9paisseur de 120 mm<\/h3>\n<p>secuENTRY easy plus 5652 Fingerprint est utilisable de mani\u00e8re flexible. En effet, le cylindre s&#8217;adapte \u00e0 toute porte jusqu&#8217;\u00e0 une \u00e9paisseur de 120 mm. Ainsi, <strong>nul besoin de mesurer<\/strong> et de rechercher le cylindre adapt\u00e9. Un gain de temps consid\u00e9rable. Par ailleurs, lors de votre d\u00e9m\u00e9nagement, vous n&#8217;aurez qu&#8217;\u00e0 emporter avec vous votre syst\u00e8me secuENTRY easy plus et l&#8217;int\u00e9grer \u00e0 votre nouvelle porte. Le th\u00e8me de la s\u00e9curit\u00e9 a bien s\u00fbr \u00e9t\u00e9 pens\u00e9 : les donn\u00e9es \u00e9chang\u00e9es entre le clavier et le cylindre de porte sont transmises en toute s\u00e9curit\u00e9 par <strong>Bluetooth 4.0 avec cryptage AES<\/strong>. Ainsi, aucune crainte \u00e0 avoir que les donn\u00e9es soient interc\u00e9pt\u00e9es par un tiers.<\/p>\n<h3>Voici comment vous ouvrirez votre porte avec secuENTRY easy plus 5652<\/h3>\n<h4><\/h4>\n<h4>1. Empreinte digital via le clavier<\/h4>\n<ul>\n<li>Acc\u00e8s gr\u00e2ce \u00e0 votre propre empreinte digitale<\/li>\n<li>Technologie du capteur \u00e0 la pointe de la modernit\u00e9 avec reconnaissance du doigt vivant<\/li>\n<li>Jusqu&#8217;\u00e0 24 empreintes digitales pour un clavier<\/li>\n<li>Protection contre la manipulation : blocage au bout de trois entr\u00e9e incorrectes du code<\/li>\n<li>Jusqu&#8217;\u00e0 40 000 ouvertures par cycle de piles dans le cylindre<\/li>\n<\/ul>\n<h4>2. Code via le clavier<\/h4>\n<ul>\n<li>Ouverture par code secret \u00e0 six chiffres<\/li>\n<li>Un million de possibilit\u00e9s pour le code<\/li>\n<li>Jusqu&#8217;\u00e0 50 codes utilisateur<\/li>\n<li>Clavier \u00e9clair\u00e9<\/li>\n<li>Protection contre la manipulation : blocage au bout de trois entr\u00e9e incorrectes du code<\/li>\n<li>Jusqu&#8217;\u00e0 40 000 ouvertures par cycle de piles dans le cylindre<\/li>\n<\/ul>\n<h4>3. Transpondeur actif<\/h4>\n<ul>\n<li>Jusqu&#8217;\u00e0 49 cl\u00e9s BLE (Bluetooth 4.0)<\/li>\n<li>Port\u00e9 max. 4 m\u00e8tres<\/li>\n<li>La pile du transpondeur permet jusqu&#8217;\u00e0 10 000 ouvertures<\/li>\n<\/ul>\n<h4>4. Transpondeur passif<\/h4>\n<ul>\n<li>Jusqu&#8217;\u00e0 49 cl\u00e9s RFID (ouverture par radio-identification)<\/li>\n<li>Aucun besoin de pile dans le transpondeur<\/li>\n<\/ul>\n<h4>5. Par smartphone<\/h4>\n<ul>\n<li>Le smartphone devient la cl\u00e9<\/li>\n<li>Appli cl\u00e9 disponible dans le magasin d&#8217;appli (Store) de Apple (iOS) ou Google Play (Android)<\/li>\n<\/ul>\n<h4>6. Cl\u00e9 de secours<\/h4>\n<ul>\n<li>Ouverture m\u00e9canique possible \u00e0 tout moment<\/li>\n<li>Deux cl\u00e9s de secours comprises dans le contenu du produit<\/li>\n<\/ul>\n<h4><\/h4>\n<h4>Contenu du kit complet secuENTRY easy plus 5652 Fingerprint<\/h4>\n<ul>\n<li>1 cylindre \u00e9lectronique secuENTRY easy plus<\/li>\n<li>1 clavier secuENTRY 5652 Fingerprint<\/li>\n<li>Des piles pour le cylindre et le clavier<\/li>\n<li>1 transpondeur passif<\/li>\n<li>Notice d&#8217;utilisation et d&#8217;installation<\/li>\n<li>2 cl\u00e9s de secours<\/li>\n<\/ul>\n","protected":false},"excerpt":{"rendered":"<p>secuENTRY easy plus 5652 Fingerprint a convaincu avec 6 dispositifs d&#8217;ouverture Ceci arrive des milliers de fois par an : une cl\u00e9 perdue, oubli\u00e9e \u00e0 l&#8217;int\u00e9rieur de l&#8217;appartement ou cass\u00e9e. Malheureusement, le r\u00e9sultat est le m\u00eame : la porte reste &hellip; <a class=\"kt-excerpt-readmore\" href=\"https:\/\/test.burgwaechterservice.de\/fr\/p\/serrure-electronique\/secuentry-easy-plus-5652-fingerprint\/\" aria-label=\"secuENTRY easy plus 5652 Fingerprint\">Lire la suite<\/a><\/p>\n","protected":false},"featured_media":627159,"comment_status":"closed","ping_status":"closed","template":"","meta":[],"product_cat":[36,5802],"product_tag":[],"yoast_head":"<!-- This site is optimized with the Yoast SEO Premium plugin v18.4 (Yoast SEO v19.13) - https:\/\/yoast.com\/wordpress\/plugins\/seo\/ -->\n<title>Serrure \u00e9lectronique de BURG-W\u00c4CHTER avec clavier empreinte digitale<\/title>\n<meta name=\"description\" content=\"Serrure \u00e9lectronique easy plus 5652 Fingerprint du sp\u00e9cialiste de la s\u00e9curit\u00e9 BURG-W\u00c4CHTER avec son clavier \u00e0 empreinte digitale. Plus jamais de cl\u00e9 perdue.\" \/>\n<meta name=\"robots\" content=\"index, follow, max-snippet:-1, max-image-preview:large, max-video-preview:-1\" \/>\n<link rel=\"canonical\" href=\"https:\/\/test.burgwaechterservice.de\/fr\/p\/serrure-electronique\/secuentry-easy-plus-5652-fingerprint\/\" \/>\n<meta property=\"og:locale\" content=\"fr_FR\" \/>\n<meta property=\"og:type\" content=\"article\" \/>\n<meta property=\"og:title\" content=\"secuENTRY easy plus 5652 Fingerprint\" \/>\n<meta property=\"og:description\" content=\"Serrure \u00e9lectronique easy plus 5652 Fingerprint du sp\u00e9cialiste de la s\u00e9curit\u00e9 BURG-W\u00c4CHTER avec son clavier \u00e0 empreinte digitale. Plus jamais de cl\u00e9 perdue.\" \/>\n<meta property=\"og:url\" content=\"https:\/\/test.burgwaechterservice.de\/fr\/p\/serrure-electronique\/secuentry-easy-plus-5652-fingerprint\/\" \/>\n<meta property=\"og:site_name\" content=\"Burg-W\u00e4chter France\" \/>\n<meta property=\"article:modified_time\" content=\"2022-04-19T10:04:08+00:00\" \/>\n<meta property=\"og:image\" content=\"https:\/\/test.burgwaechterservice.de\/fr\/wp-content\/uploads\/sites\/4\/2019\/06\/secuENTRY-easy-plus-5651-Pincode_FR.jpg\" \/>\n\t<meta property=\"og:image:width\" content=\"1500\" \/>\n\t<meta property=\"og:image:height\" content=\"1500\" \/>\n\t<meta property=\"og:image:type\" content=\"image\/jpeg\" \/>\n<meta name=\"twitter:card\" content=\"summary_large_image\" \/>\n<meta name=\"twitter:label1\" content=\"Dur\u00e9e de lecture estim\u00e9e\" \/>\n\t<meta name=\"twitter:data1\" content=\"4 minutes\" \/>\n<!-- \/ Yoast SEO Premium plugin. -->","yoast_head_json":{"title":"Serrure \u00e9lectronique de BURG-W\u00c4CHTER avec clavier empreinte digitale","description":"Serrure \u00e9lectronique easy plus 5652 Fingerprint du sp\u00e9cialiste de la s\u00e9curit\u00e9 BURG-W\u00c4CHTER avec son clavier \u00e0 empreinte digitale. Plus jamais de cl\u00e9 perdue.","robots":{"index":"index","follow":"follow","max-snippet":"max-snippet:-1","max-image-preview":"max-image-preview:large","max-video-preview":"max-video-preview:-1"},"canonical":"https:\/\/test.burgwaechterservice.de\/fr\/p\/serrure-electronique\/secuentry-easy-plus-5652-fingerprint\/","og_locale":"fr_FR","og_type":"article","og_title":"secuENTRY easy plus 5652 Fingerprint","og_description":"Serrure \u00e9lectronique easy plus 5652 Fingerprint du sp\u00e9cialiste de la s\u00e9curit\u00e9 BURG-W\u00c4CHTER avec son clavier \u00e0 empreinte digitale. Plus jamais de cl\u00e9 perdue.","og_url":"https:\/\/test.burgwaechterservice.de\/fr\/p\/serrure-electronique\/secuentry-easy-plus-5652-fingerprint\/","og_site_name":"Burg-W\u00e4chter France","article_modified_time":"2022-04-19T10:04:08+00:00","og_image":[{"width":1500,"height":1500,"url":"https:\/\/test.burgwaechterservice.de\/fr\/wp-content\/uploads\/sites\/4\/2019\/06\/secuENTRY-easy-plus-5651-Pincode_FR.jpg","type":"image\/jpeg"}],"twitter_card":"summary_large_image","twitter_misc":{"Dur\u00e9e de lecture estim\u00e9e":"4 minutes"},"schema":{"@context":"https:\/\/schema.org","@graph":[{"@type":"WebPage","@id":"https:\/\/test.burgwaechterservice.de\/fr\/p\/serrure-electronique\/secuentry-easy-plus-5652-fingerprint\/","url":"https:\/\/test.burgwaechterservice.de\/fr\/p\/serrure-electronique\/secuentry-easy-plus-5652-fingerprint\/","name":"Serrure \u00e9lectronique de BURG-W\u00c4CHTER avec clavier empreinte digitale","isPartOf":{"@id":"https:\/\/test.burgwaechterservice.de\/fr\/#website"},"datePublished":"2019-06-15T20:03:49+00:00","dateModified":"2022-04-19T10:04:08+00:00","description":"Serrure \u00e9lectronique easy plus 5652 Fingerprint du sp\u00e9cialiste de la s\u00e9curit\u00e9 BURG-W\u00c4CHTER avec son clavier \u00e0 empreinte digitale. Plus jamais de cl\u00e9 perdue.","breadcrumb":{"@id":"https:\/\/test.burgwaechterservice.de\/fr\/p\/serrure-electronique\/secuentry-easy-plus-5652-fingerprint\/#breadcrumb"},"inLanguage":"fr-FR","potentialAction":[{"@type":"ReadAction","target":["https:\/\/test.burgwaechterservice.de\/fr\/p\/serrure-electronique\/secuentry-easy-plus-5652-fingerprint\/"]}]},{"@type":"BreadcrumbList","@id":"https:\/\/test.burgwaechterservice.de\/fr\/p\/serrure-electronique\/secuentry-easy-plus-5652-fingerprint\/#breadcrumb","itemListElement":[{"@type":"ListItem","position":1,"name":"Accueil","item":"https:\/\/test.burgwaechterservice.de\/fr\/"},{"@type":"ListItem","position":2,"name":"Produits","item":"https:\/\/test.burgwaechterservice.de\/fr\/p\/"},{"@type":"ListItem","position":3,"name":"secuENTRY easy plus 5652 Fingerprint"}]},{"@type":"WebSite","@id":"https:\/\/test.burgwaechterservice.de\/fr\/#website","url":"https:\/\/test.burgwaechterservice.de\/fr\/","name":"Burg-W\u00e4chter France","description":"Le choix le plus s\u00fbr!","potentialAction":[{"@type":"SearchAction","target":{"@type":"EntryPoint","urlTemplate":"https:\/\/test.burgwaechterservice.de\/fr\/?s={search_term_string}"},"query-input":"required name=search_term_string"}],"inLanguage":"fr-FR"}]}},"_links":{"self":[{"href":"https:\/\/test.burgwaechterservice.de\/fr\/wp-json\/wp\/v2\/product\/263865"}],"collection":[{"href":"https:\/\/test.burgwaechterservice.de\/fr\/wp-json\/wp\/v2\/product"}],"about":[{"href":"https:\/\/test.burgwaechterservice.de\/fr\/wp-json\/wp\/v2\/types\/product"}],"replies":[{"embeddable":true,"href":"https:\/\/test.burgwaechterservice.de\/fr\/wp-json\/wp\/v2\/comments?post=263865"}],"wp:featuredmedia":[{"embeddable":true,"href":"https:\/\/test.burgwaechterservice.de\/fr\/wp-json\/wp\/v2\/media\/627159"}],"wp:attachment":[{"href":"https:\/\/test.burgwaechterservice.de\/fr\/wp-json\/wp\/v2\/media?parent=263865"}],"wp:term":[{"taxonomy":"product_cat","embeddable":true,"href":"https:\/\/test.burgwaechterservice.de\/fr\/wp-json\/wp\/v2\/product_cat?post=263865"},{"taxonomy":"product_tag","embeddable":true,"href":"https:\/\/test.burgwaechterservice.de\/fr\/wp-json\/wp\/v2\/product_tag?post=263865"}],"curies":[{"name":"wp","href":"https:\/\/api.w.org\/{rel}","templated":true}]}}