{"id":263859,"date":"2019-06-15T20:16:11","date_gmt":"2019-06-15T18:16:11","guid":{"rendered":"https:\/\/www.burg.biz\/fr\/?post_type=product&#038;p=263859"},"modified":"2022-04-19T11:58:09","modified_gmt":"2022-04-19T09:58:09","slug":"secuentry-easy-plus-5651-pincode","status":"publish","type":"product","link":"https:\/\/test.burgwaechterservice.de\/fr\/p\/serrure-electronique\/secuentry-easy-plus-5651-pincode\/","title":{"rendered":"secuENTRY easy plus 5651 Pincode"},"content":{"rendered":"<h2>Ne perdez plus jamais vos cl\u00e9s : secuENTRY easy plus 5651 Pincode<\/h2>\n<p>On vient tout juste de l\u00e2cher la poign\u00e9e de porte et d\u00e9j\u00e0, on se rend compte : &#8220;Mince, j&#8217;ai oubli\u00e9 mes cl\u00e9s \u00e0 l&#8217;int\u00e9rieur !&#8221; Une situation b\u00eate, mais malheureusement quotidienne. Le rem\u00e8de, c&#8217;est la serrure \u00e9lectronique secuENTRY easy plus 5651 Pincode de BURG-W\u00c4CHTER. Celle-ci s&#8217;ouvre <strong>en tout confort<\/strong> : par code, smartphone, transpondeur passif ou transpondeur actif. Et le secuENTRY easy plus 5651 Pincode va m\u00eame <strong>encore plus loin<\/strong>, puisque le syst\u00e8me dispose d&#8217;une ouverture m\u00e9canique de secours, un dispositif tr\u00e8s demand\u00e9 sur le march\u00e9.<\/p>\n<p>Les kits secuENTRY easy plus se composent du cylindre \u00e9lectronique de fermeture, du clavier ext\u00e9rieur ainsi que d&#8217;un transpondeur passif. Ce dernier a fait ses preuves en raison de son <strong>utilisation polyvalente<\/strong>. On attribue les droits d&#8217;acc\u00e8s au transpondeur depuis le clavier ou le <a href=\"https:\/\/test.burgwaechterservice.de\/fr\/p\/serrure-electronique\/tse-secu-entry\/logiciel-secuentry\/\">logiciel optionnel<\/a> et on peut les supprimer de la m\u00eame mani\u00e8re, en cas de perte de ce transpondeur passif par exemple. Ainsi, aucun intru ne peut acc\u00e9der \u00e0 votre domicile. Par ailleurs, le logiciel dispose encore de nombreuses autres fonctions, telles que : gestion des usagers, attribution de droits, consultation de l&#8217;historique (des derniers 2000 apports).<\/p>\n<h3>Aucune mesure n\u00e9cessaire : les cylindres secuENTRY easy plus sont adapt\u00e9s \u00e0 toute porte jusqu&#8217;\u00e0 une \u00e9paisseur 120 millim\u00e8tres<\/h3>\n<p>Le changement pour le nouveau syst\u00e8me est simple comme bonjour : une fois la vis emboutie retir\u00e9e, il suffit d&#8217;enlever l&#8217;ancienne serrure m\u00e9canique et d&#8217;ins\u00e9rer le nouveau cylindre secuENTRY easy plus. Gr\u00e2ce au syst\u00e8me d&#8217;enclenchement, on r\u00e8gle alors le cylindre \u00e0 l&#8217;\u00e9paisseur de porte en pr\u00e9sence avant de le fixer. <span class=\"st\">\u00c7<\/span>a y est, l&#8217;installation est termin\u00e9e. <strong>Aucun c\u00e2blage n\u00e9cessaire<\/strong>. De m\u00eame aucun raccordement \u00e0 quelque r\u00e9seau qu ce soit n&#8217;est n\u00e9cessaire. Impossible de faire plus simple ! Bien s\u00fbr, les piles n\u00e9cessaires sont comprises dans l&#8217;emballage du produit. Le clavier avec niveau de s\u00e9curit\u00e9 IP65 est optimis\u00e9 pour une utilisation \u00e0 l&#8217;ext\u00e9rieur. La port\u00e9e entre le cylindre de porte et le clavier est d&#8217;environ quatre m\u00e8tre.<\/p>\n<p>L&#8217;avantage majeur : le cylindre est adaptable \u00e0 toutes les \u00e9paisseurs de porte jusqu&#8217;\u00e0 120 millim\u00e8tres. Ainsi, nu besoin de mesurer et de chercher le cylindre adapt\u00e9. Un gain de temps consid\u00e9rable. Par ailleurs, on peut emporter le syst\u00e8me secuENTRY easy plus avec soi lors d&#8217;un d\u00e9m\u00e9nagement afin de l&#8217;int\u00e9grer \u00e0 une nouvelle porte. Les donn\u00e9es \u00e9chang\u00e9es entre le clavier et le cylindre sont transmises en toute s\u00e9curit\u00e9 par Bluetooth 4.0 et crypt\u00e9es AES. Ainsi, aucune crainte \u00e0 avoir que les donn\u00e9es soient interc\u00e9pt\u00e9es par un tiers.<\/p>\n<h3>Voici comment fonctionne la gamme secuENTRY de BURG-W\u00c4CHTER<\/h3>\n<div class=\"BorlabsCookie _brlbs-cb-youtube\">\n<div class=\"_brlbs-content-blocker\">\n<div class=\"_brlbs-embed _brlbs-video-youtube\"> <img decoding=\"async\" class=\"_brlbs-thumbnail\" src=\"https:\/\/test.burgwaechterservice.de\/fr\/wp-content\/plugins\/borlabs-cookie\/assets\/images\/cb-no-thumbnail.png\" alt=\"YouTube\"> <\/p>\n<div class=\"_brlbs-caption\">\n<p>By loading the video, you agree to YouTube&#8217;s privacy policy.<br \/><a href=\"https:\/\/policies.google.com\/privacy?hl=en&amp;gl=en\" target=\"_blank\" rel=\"nofollow noopener noreferrer\">Learn more<\/a><\/p>\n<p><a class=\"_brlbs-btn _brlbs-icon-play-white\" href=\"#\" data-borlabs-cookie-unblock role=\"button\">Load video<\/a><\/p>\n<p><label><input type=\"checkbox\" name=\"unblockAll\" value=\"1\" checked> <small>Always unblock YouTube<\/small><\/label><\/p>\n<\/p><\/div>\n<\/p><\/div>\n<\/p><\/div>\n<div class=\"borlabs-hide\" data-borlabs-cookie-type=\"content-blocker\" data-borlabs-cookie-id=\"youtube\"><script type=\"text\/template\">PGRpdiBjbGFzcz0iZW50cnktY29udGVudC1hc3NldCB2aWRlb2ZpdCI+PGlmcmFtZSB0aXRsZT0iQlVSRy1Xw4RDSFRFUiBzZWN1RU5UUlkgRmlsbSIgd2lkdGg9IjExNDAiIGhlaWdodD0iNjQxIiBzcmM9Imh0dHBzOi8vd3d3LnlvdXR1YmUtbm9jb29raWUuY29tL2VtYmVkL0toMmQyUGVUUmhBP2ZlYXR1cmU9b2VtYmVkIiBmcmFtZWJvcmRlcj0iMCIgYWxsb3c9ImFjY2VsZXJvbWV0ZXI7IGF1dG9wbGF5OyBlbmNyeXB0ZWQtbWVkaWE7IGd5cm9zY29wZTsgcGljdHVyZS1pbi1waWN0dXJlIiBhbGxvd2Z1bGxzY3JlZW4+PC9pZnJhbWU+PC9kaXY+<\/script><\/div>\n<\/div>\n<h3>Voici comment vous ouvrirez votre porte avec secuENTRY easy plus 5651<\/h3>\n<h4>1. Code pin via un clavier<\/h4>\n<ul>\n<li>Ouverture via un code secret \u00e0 six chiffres<\/li>\n<li>Un million de possibilit\u00e9s pour le code<\/li>\n<li>Jusqu&#8217;\u00e0 50 codes utilisateur<\/li>\n<li>Clavier \u00e9clair\u00e9<\/li>\n<li>Protection contre la manipulation ; blocage apr\u00e8s trois entr\u00e9es incorrectes du code<\/li>\n<li>Jusqu&#8217;\u00e0 40 000 ouvertures par cycle de pile au niveau du cylindre<\/li>\n<\/ul>\n<h4>2. Transpondeur actif<\/h4>\n<ul>\n<li>Jusqu&#8217;\u00e0 49 cl\u00e9s BLE (Bluetooth 4.0)<\/li>\n<li>Port\u00e9e max. 4 m\u00e8tres<\/li>\n<li>La pile du transpondeur permet jusqu&#8217;\u00e0 10.000 ouvertures<\/li>\n<\/ul>\n<h4>3. Transpondeur passif<\/h4>\n<ul>\n<li>Jusqu&#8217;\u00e0 49 cl\u00e9s RFID (ouverture par radio-identification)<\/li>\n<li>Aucune pile n\u00e9cessaire dans le transpondeur<\/li>\n<\/ul>\n<h4>4. Par smartphone<\/h4>\n<ul>\n<li>Le smartphone devient la cl\u00e9<\/li>\n<li>Appli cl\u00e9 disponible dans le magasin d&#8217;appli (Store) de apple (iOS) ou Google Play (Android)<\/li>\n<\/ul>\n<h4>5. Cl\u00e9 de secours<\/h4>\n<ul>\n<li>Ouverture m\u00e9canique possible \u00e0 tout moment<\/li>\n<li>Deux cl\u00e9s de secours comprises dans le produit<\/li>\n<\/ul>\n<h4><\/h4>\n<h4>Contenu du kit complet secuENTRY easy plus 5651<\/h4>\n<ul>\n<li>1 cylindre \u00e9lectronique secuENTRY easy plus<\/li>\n<li>1 clavier \u00e0 code secuENTRY 5651<\/li>\n<li>Des piles pour le cylindre et le clavier<\/li>\n<li>1 transpondeur passif<\/li>\n<li>Notice de montage et d&#8217;installation<\/li>\n<li>2 cl\u00e9s de secours<\/li>\n<\/ul>\n","protected":false},"excerpt":{"rendered":"<p>Ne perdez plus jamais vos cl\u00e9s : secuENTRY easy plus 5651 Pincode On vient tout juste de l\u00e2cher la poign\u00e9e de porte et d\u00e9j\u00e0, on se rend compte : &#8220;Mince, j&#8217;ai oubli\u00e9 mes cl\u00e9s \u00e0 l&#8217;int\u00e9rieur !&#8221; Une situation b\u00eate, &hellip; <a class=\"kt-excerpt-readmore\" href=\"https:\/\/test.burgwaechterservice.de\/fr\/p\/serrure-electronique\/secuentry-easy-plus-5651-pincode\/\" aria-label=\"secuENTRY easy plus 5651 Pincode\">Lire la suite<\/a><\/p>\n","protected":false},"featured_media":627159,"comment_status":"closed","ping_status":"closed","template":"","meta":[],"product_cat":[36,5802],"product_tag":[],"yoast_head":"<!-- This site is optimized with the Yoast SEO Premium plugin v18.4 (Yoast SEO v19.13) - https:\/\/yoast.com\/wordpress\/plugins\/seo\/ -->\n<title>Kit serrure \u00e9lectronique et clavier \u00e0 code de BURG-W\u00c4CHTER<\/title>\n<meta name=\"description\" content=\"Serrure \u00e9lectronique secuENTRY easy plus 5651 du sp\u00e9cialiste de la s\u00e9curit\u00e9 BURG-W\u00c4CHTER et son clavier \u00e0 code. Finis, l&#039;oubli et la perte des cl\u00e9s !\" \/>\n<meta name=\"robots\" content=\"index, follow, max-snippet:-1, max-image-preview:large, max-video-preview:-1\" \/>\n<link rel=\"canonical\" href=\"https:\/\/test.burgwaechterservice.de\/fr\/p\/serrure-electronique\/secuentry-easy-plus-5651-pincode\/\" \/>\n<meta property=\"og:locale\" content=\"fr_FR\" \/>\n<meta property=\"og:type\" content=\"article\" \/>\n<meta property=\"og:title\" content=\"secuENTRY easy plus 5651 Pincode\" \/>\n<meta property=\"og:description\" content=\"Serrure \u00e9lectronique secuENTRY easy plus 5651 du sp\u00e9cialiste de la s\u00e9curit\u00e9 BURG-W\u00c4CHTER et son clavier \u00e0 code. Finis, l&#039;oubli et la perte des cl\u00e9s !\" \/>\n<meta property=\"og:url\" content=\"https:\/\/test.burgwaechterservice.de\/fr\/p\/serrure-electronique\/secuentry-easy-plus-5651-pincode\/\" \/>\n<meta property=\"og:site_name\" content=\"Burg-W\u00e4chter France\" \/>\n<meta property=\"article:modified_time\" content=\"2022-04-19T09:58:09+00:00\" \/>\n<meta property=\"og:image\" content=\"https:\/\/test.burgwaechterservice.de\/fr\/wp-content\/uploads\/sites\/4\/2019\/06\/secuENTRY-easy-plus-5651-Pincode_FR.jpg\" \/>\n\t<meta property=\"og:image:width\" content=\"1500\" \/>\n\t<meta property=\"og:image:height\" content=\"1500\" \/>\n\t<meta property=\"og:image:type\" content=\"image\/jpeg\" \/>\n<meta name=\"twitter:card\" content=\"summary_large_image\" \/>\n<meta name=\"twitter:label1\" content=\"Dur\u00e9e de lecture estim\u00e9e\" \/>\n\t<meta name=\"twitter:data1\" content=\"3 minutes\" \/>\n<!-- \/ Yoast SEO Premium plugin. -->","yoast_head_json":{"title":"Kit serrure \u00e9lectronique et clavier \u00e0 code de BURG-W\u00c4CHTER","description":"Serrure \u00e9lectronique secuENTRY easy plus 5651 du sp\u00e9cialiste de la s\u00e9curit\u00e9 BURG-W\u00c4CHTER et son clavier \u00e0 code. Finis, l'oubli et la perte des cl\u00e9s !","robots":{"index":"index","follow":"follow","max-snippet":"max-snippet:-1","max-image-preview":"max-image-preview:large","max-video-preview":"max-video-preview:-1"},"canonical":"https:\/\/test.burgwaechterservice.de\/fr\/p\/serrure-electronique\/secuentry-easy-plus-5651-pincode\/","og_locale":"fr_FR","og_type":"article","og_title":"secuENTRY easy plus 5651 Pincode","og_description":"Serrure \u00e9lectronique secuENTRY easy plus 5651 du sp\u00e9cialiste de la s\u00e9curit\u00e9 BURG-W\u00c4CHTER et son clavier \u00e0 code. Finis, l'oubli et la perte des cl\u00e9s !","og_url":"https:\/\/test.burgwaechterservice.de\/fr\/p\/serrure-electronique\/secuentry-easy-plus-5651-pincode\/","og_site_name":"Burg-W\u00e4chter France","article_modified_time":"2022-04-19T09:58:09+00:00","og_image":[{"width":1500,"height":1500,"url":"https:\/\/test.burgwaechterservice.de\/fr\/wp-content\/uploads\/sites\/4\/2019\/06\/secuENTRY-easy-plus-5651-Pincode_FR.jpg","type":"image\/jpeg"}],"twitter_card":"summary_large_image","twitter_misc":{"Dur\u00e9e de lecture estim\u00e9e":"3 minutes"},"schema":{"@context":"https:\/\/schema.org","@graph":[{"@type":"WebPage","@id":"https:\/\/test.burgwaechterservice.de\/fr\/p\/serrure-electronique\/secuentry-easy-plus-5651-pincode\/","url":"https:\/\/test.burgwaechterservice.de\/fr\/p\/serrure-electronique\/secuentry-easy-plus-5651-pincode\/","name":"Kit serrure \u00e9lectronique et clavier \u00e0 code de BURG-W\u00c4CHTER","isPartOf":{"@id":"https:\/\/test.burgwaechterservice.de\/fr\/#website"},"datePublished":"2019-06-15T18:16:11+00:00","dateModified":"2022-04-19T09:58:09+00:00","description":"Serrure \u00e9lectronique secuENTRY easy plus 5651 du sp\u00e9cialiste de la s\u00e9curit\u00e9 BURG-W\u00c4CHTER et son clavier \u00e0 code. Finis, l'oubli et la perte des cl\u00e9s !","breadcrumb":{"@id":"https:\/\/test.burgwaechterservice.de\/fr\/p\/serrure-electronique\/secuentry-easy-plus-5651-pincode\/#breadcrumb"},"inLanguage":"fr-FR","potentialAction":[{"@type":"ReadAction","target":["https:\/\/test.burgwaechterservice.de\/fr\/p\/serrure-electronique\/secuentry-easy-plus-5651-pincode\/"]}]},{"@type":"BreadcrumbList","@id":"https:\/\/test.burgwaechterservice.de\/fr\/p\/serrure-electronique\/secuentry-easy-plus-5651-pincode\/#breadcrumb","itemListElement":[{"@type":"ListItem","position":1,"name":"Accueil","item":"https:\/\/test.burgwaechterservice.de\/fr\/"},{"@type":"ListItem","position":2,"name":"Produits","item":"https:\/\/test.burgwaechterservice.de\/fr\/p\/"},{"@type":"ListItem","position":3,"name":"secuENTRY easy plus 5651 Pincode"}]},{"@type":"WebSite","@id":"https:\/\/test.burgwaechterservice.de\/fr\/#website","url":"https:\/\/test.burgwaechterservice.de\/fr\/","name":"Burg-W\u00e4chter France","description":"Le choix le plus s\u00fbr!","potentialAction":[{"@type":"SearchAction","target":{"@type":"EntryPoint","urlTemplate":"https:\/\/test.burgwaechterservice.de\/fr\/?s={search_term_string}"},"query-input":"required name=search_term_string"}],"inLanguage":"fr-FR"}]}},"_links":{"self":[{"href":"https:\/\/test.burgwaechterservice.de\/fr\/wp-json\/wp\/v2\/product\/263859"}],"collection":[{"href":"https:\/\/test.burgwaechterservice.de\/fr\/wp-json\/wp\/v2\/product"}],"about":[{"href":"https:\/\/test.burgwaechterservice.de\/fr\/wp-json\/wp\/v2\/types\/product"}],"replies":[{"embeddable":true,"href":"https:\/\/test.burgwaechterservice.de\/fr\/wp-json\/wp\/v2\/comments?post=263859"}],"wp:featuredmedia":[{"embeddable":true,"href":"https:\/\/test.burgwaechterservice.de\/fr\/wp-json\/wp\/v2\/media\/627159"}],"wp:attachment":[{"href":"https:\/\/test.burgwaechterservice.de\/fr\/wp-json\/wp\/v2\/media?parent=263859"}],"wp:term":[{"taxonomy":"product_cat","embeddable":true,"href":"https:\/\/test.burgwaechterservice.de\/fr\/wp-json\/wp\/v2\/product_cat?post=263859"},{"taxonomy":"product_tag","embeddable":true,"href":"https:\/\/test.burgwaechterservice.de\/fr\/wp-json\/wp\/v2\/product_tag?post=263859"}],"curies":[{"name":"wp","href":"https:\/\/api.w.org\/{rel}","templated":true}]}}