{"id":22340,"date":"2016-06-15T15:57:35","date_gmt":"2016-06-15T13:57:35","guid":{"rendered":"https:\/\/www.burg.biz\/?post_type=product&#038;p=22340"},"modified":"2020-12-09T10:59:25","modified_gmt":"2020-12-09T09:59:25","slug":"116-profi","status":"publish","type":"product","link":"https:\/\/test.burgwaechterservice.de\/fr\/p\/cadenas-et-porte-cadenas\/116-profi\/","title":{"rendered":"116 Profi"},"content":{"rendered":"<p><img decoding=\"async\" class=\"alignnone wp-image-37373 size-full\" src=\"https:\/\/test.burgwaechterservice.de\/fr\/wp-content\/uploads\/sites\/4\/2016\/06\/piktoreihe_116profi-1.jpg\" alt=\"Aufbohrschutz\" width=\"428\" height=\"94\" srcset=\"https:\/\/test.burgwaechterservice.de\/fr\/wp-content\/uploads\/sites\/4\/2016\/06\/piktoreihe_116profi-1.jpg 428w, https:\/\/test.burgwaechterservice.de\/fr\/wp-content\/uploads\/sites\/4\/2016\/06\/piktoreihe_116profi-1-300x66.jpg 300w\" sizes=\"(max-width: 428px) 100vw, 428px\" \/><\/p>\n<h2>Qualit\u00e9 prouv\u00e9e<\/h2>\n<ul>\n<li>corps en laiton massif<\/li>\n<li>anse en acier c\u00e9ment\u00e9, double verrouillage<\/li>\n<li>m\u00e9canisme de pr\u00e9cision<\/li>\n<li>des milliers de variures diff\u00e9rentes<\/li>\n<li>int\u00e9rieur inoxydable<\/li>\n<li>appropri\u00e9 pour des organigrammes<\/li>\n<\/ul>\n<p>&nbsp;<\/p>\n<table class=\"ausfuehrung\">\n<thead>\n<tr>\n<td>Article<\/td>\n<td>\u00d8 de l\u2018anse<\/td>\n<td>Largeur libre de l\u2018anse<\/td>\n<td>Hauteur libre de l\u2018anse<\/td>\n<td>Hauteur totale<\/td>\n<td>N\u00b0. d\u2019\u00e9bauche<\/td>\n<\/tr>\n<\/thead>\n<tbody>\n<tr>\n<td class=\"subdesc\"><\/td>\n<td class=\"subdesc\">mm<\/td>\n<td class=\"subdesc\">mm<\/td>\n<td class=\"subdesc\">mm<\/td>\n<td class=\"subdesc\">\u00a0mm<\/td>\n<td class=\"subdesc\"><\/td>\n<\/tr>\n<\/tbody>\n<tbody>\n<tr>\n<td>116 25<\/td>\n<td>4,0<\/td>\n<td>13,0<\/td>\n<td>16,0<\/td>\n<td>45,0<\/td>\n<td>64R<\/td>\n<\/tr>\n<tr>\n<td>116 30<\/td>\n<td>5,0<\/td>\n<td>16,0<\/td>\n<td>17,5<\/td>\n<td>50,0<\/td>\n<td>65R\/L<\/td>\n<\/tr>\n<tr>\n<td>116 40<\/td>\n<td>6,0<\/td>\n<td>23,0<\/td>\n<td>22,0<\/td>\n<td>63,0<\/td>\n<td>66R\/L<\/td>\n<\/tr>\n<tr>\n<td>116 50<\/td>\n<td>8,0<\/td>\n<td>28,0<\/td>\n<td>27,0<\/td>\n<td>76,0<\/td>\n<td>66R\/L<\/td>\n<\/tr>\n<tr>\n<td>116 60<\/td>\n<td>10,0<\/td>\n<td>32,0<\/td>\n<td>33,0<\/td>\n<td>94,0<\/td>\n<td>66R\/L<\/td>\n<\/tr>\n<\/tbody>\n<\/table>\n","protected":false},"excerpt":{"rendered":"<p>Qualit\u00e9 prouv\u00e9e corps en laiton massif anse en acier c\u00e9ment\u00e9, double verrouillage m\u00e9canisme de pr\u00e9cision des milliers de variures diff\u00e9rentes int\u00e9rieur inoxydable appropri\u00e9 pour des organigrammes &nbsp; Article \u00d8 de l\u2018anse Largeur libre de l\u2018anse Hauteur libre de l\u2018anse Hauteur &hellip; <a class=\"kt-excerpt-readmore\" href=\"https:\/\/test.burgwaechterservice.de\/fr\/p\/cadenas-et-porte-cadenas\/116-profi\/\" aria-label=\"116 Profi\">Lire la suite<\/a><\/p>\n","protected":false},"featured_media":33417,"comment_status":"closed","ping_status":"closed","template":"","meta":[],"product_cat":[30,39,3122],"product_tag":[],"yoast_head":"<!-- This site is optimized with the Yoast SEO Premium plugin v18.4 (Yoast SEO v19.13) - https:\/\/yoast.com\/wordpress\/plugins\/seo\/ -->\n<title>116 Profi - BURG-W\u00c4CHTER<\/title>\n<meta name=\"description\" content=\"Qualit\u00e9 prouv\u00e9e corps en laiton massif anse en acier c\u00e9ment\u00e9, double verrouillage m\u00e9canisme de pr\u00e9cision des milliers de variures diff\u00e9rentes int\u00e9rieur\" \/>\n<meta name=\"robots\" content=\"index, follow, max-snippet:-1, max-image-preview:large, max-video-preview:-1\" \/>\n<link rel=\"canonical\" href=\"https:\/\/test.burgwaechterservice.de\/fr\/p\/cadenas-et-porte-cadenas\/116-profi\/\" \/>\n<meta property=\"og:locale\" content=\"fr_FR\" \/>\n<meta property=\"og:type\" content=\"article\" \/>\n<meta property=\"og:title\" content=\"116 Profi\" \/>\n<meta property=\"og:description\" content=\"Qualit\u00e9 prouv\u00e9e corps en laiton massif anse en acier c\u00e9ment\u00e9, double verrouillage m\u00e9canisme de pr\u00e9cision des milliers de variures diff\u00e9rentes int\u00e9rieur\" \/>\n<meta property=\"og:url\" content=\"https:\/\/test.burgwaechterservice.de\/fr\/p\/cadenas-et-porte-cadenas\/116-profi\/\" \/>\n<meta property=\"og:site_name\" content=\"Burg-W\u00e4chter France\" \/>\n<meta property=\"article:modified_time\" content=\"2020-12-09T09:59:25+00:00\" \/>\n<meta property=\"og:image\" content=\"https:\/\/test.burgwaechterservice.de\/fr\/wp-content\/uploads\/sites\/4\/2016\/06\/Zylinder_Vorhangschloss_116_Profi-01-1.jpg\" \/>\n\t<meta property=\"og:image:width\" content=\"1200\" \/>\n\t<meta property=\"og:image:height\" content=\"1200\" \/>\n\t<meta property=\"og:image:type\" content=\"image\/jpeg\" \/>\n<meta name=\"twitter:card\" content=\"summary_large_image\" \/>\n<!-- \/ Yoast SEO Premium plugin. -->","yoast_head_json":{"title":"116 Profi - BURG-W\u00c4CHTER","description":"Qualit\u00e9 prouv\u00e9e corps en laiton massif anse en acier c\u00e9ment\u00e9, double verrouillage m\u00e9canisme de pr\u00e9cision des milliers de variures diff\u00e9rentes int\u00e9rieur","robots":{"index":"index","follow":"follow","max-snippet":"max-snippet:-1","max-image-preview":"max-image-preview:large","max-video-preview":"max-video-preview:-1"},"canonical":"https:\/\/test.burgwaechterservice.de\/fr\/p\/cadenas-et-porte-cadenas\/116-profi\/","og_locale":"fr_FR","og_type":"article","og_title":"116 Profi","og_description":"Qualit\u00e9 prouv\u00e9e corps en laiton massif anse en acier c\u00e9ment\u00e9, double verrouillage m\u00e9canisme de pr\u00e9cision des milliers de variures diff\u00e9rentes int\u00e9rieur","og_url":"https:\/\/test.burgwaechterservice.de\/fr\/p\/cadenas-et-porte-cadenas\/116-profi\/","og_site_name":"Burg-W\u00e4chter France","article_modified_time":"2020-12-09T09:59:25+00:00","og_image":[{"width":1200,"height":1200,"url":"https:\/\/test.burgwaechterservice.de\/fr\/wp-content\/uploads\/sites\/4\/2016\/06\/Zylinder_Vorhangschloss_116_Profi-01-1.jpg","type":"image\/jpeg"}],"twitter_card":"summary_large_image","schema":{"@context":"https:\/\/schema.org","@graph":[{"@type":"WebPage","@id":"https:\/\/test.burgwaechterservice.de\/fr\/p\/cadenas-et-porte-cadenas\/116-profi\/","url":"https:\/\/test.burgwaechterservice.de\/fr\/p\/cadenas-et-porte-cadenas\/116-profi\/","name":"116 Profi - BURG-W\u00c4CHTER","isPartOf":{"@id":"https:\/\/test.burgwaechterservice.de\/fr\/#website"},"datePublished":"2016-06-15T13:57:35+00:00","dateModified":"2020-12-09T09:59:25+00:00","description":"Qualit\u00e9 prouv\u00e9e corps en laiton massif anse en acier c\u00e9ment\u00e9, double verrouillage m\u00e9canisme de pr\u00e9cision des milliers de variures diff\u00e9rentes int\u00e9rieur","breadcrumb":{"@id":"https:\/\/test.burgwaechterservice.de\/fr\/p\/cadenas-et-porte-cadenas\/116-profi\/#breadcrumb"},"inLanguage":"fr-FR","potentialAction":[{"@type":"ReadAction","target":["https:\/\/test.burgwaechterservice.de\/fr\/p\/cadenas-et-porte-cadenas\/116-profi\/"]}]},{"@type":"BreadcrumbList","@id":"https:\/\/test.burgwaechterservice.de\/fr\/p\/cadenas-et-porte-cadenas\/116-profi\/#breadcrumb","itemListElement":[{"@type":"ListItem","position":1,"name":"Accueil","item":"https:\/\/test.burgwaechterservice.de\/fr\/"},{"@type":"ListItem","position":2,"name":"Produits","item":"https:\/\/test.burgwaechterservice.de\/fr\/p\/"},{"@type":"ListItem","position":3,"name":"116 Profi"}]},{"@type":"WebSite","@id":"https:\/\/test.burgwaechterservice.de\/fr\/#website","url":"https:\/\/test.burgwaechterservice.de\/fr\/","name":"Burg-W\u00e4chter France","description":"Le choix le plus s\u00fbr!","potentialAction":[{"@type":"SearchAction","target":{"@type":"EntryPoint","urlTemplate":"https:\/\/test.burgwaechterservice.de\/fr\/?s={search_term_string}"},"query-input":"required name=search_term_string"}],"inLanguage":"fr-FR"}]}},"_links":{"self":[{"href":"https:\/\/test.burgwaechterservice.de\/fr\/wp-json\/wp\/v2\/product\/22340"}],"collection":[{"href":"https:\/\/test.burgwaechterservice.de\/fr\/wp-json\/wp\/v2\/product"}],"about":[{"href":"https:\/\/test.burgwaechterservice.de\/fr\/wp-json\/wp\/v2\/types\/product"}],"replies":[{"embeddable":true,"href":"https:\/\/test.burgwaechterservice.de\/fr\/wp-json\/wp\/v2\/comments?post=22340"}],"wp:featuredmedia":[{"embeddable":true,"href":"https:\/\/test.burgwaechterservice.de\/fr\/wp-json\/wp\/v2\/media\/33417"}],"wp:attachment":[{"href":"https:\/\/test.burgwaechterservice.de\/fr\/wp-json\/wp\/v2\/media?parent=22340"}],"wp:term":[{"taxonomy":"product_cat","embeddable":true,"href":"https:\/\/test.burgwaechterservice.de\/fr\/wp-json\/wp\/v2\/product_cat?post=22340"},{"taxonomy":"product_tag","embeddable":true,"href":"https:\/\/test.burgwaechterservice.de\/fr\/wp-json\/wp\/v2\/product_tag?post=22340"}],"curies":[{"name":"wp","href":"https:\/\/api.w.org\/{rel}","templated":true}]}}