{"id":203717,"date":"2018-11-26T12:31:41","date_gmt":"2018-11-26T11:31:41","guid":{"rendered":"https:\/\/www.burg.biz\/fr\/?post_type=product&#038;p=203717"},"modified":"2019-02-06T12:35:24","modified_gmt":"2019-02-06T11:35:24","slug":"cadenas-771-f-40-coeur-rouge","status":"publish","type":"product","link":"https:\/\/test.burgwaechterservice.de\/fr\/p\/cadenas-et-porte-cadenas\/cadenas-771-f-40-coeur-rouge\/","title":{"rendered":"Cadenas 771 F 40 Coeur Rouge"},"content":{"rendered":"<p><img decoding=\"async\" class=\"alignnone size-full wp-image-203693\" src=\"https:\/\/test.burgwaechterservice.de\/fr\/wp-content\/uploads\/sites\/4\/2018\/11\/piktoreihe_771F40.jpg\" alt=\"\" width=\"208\" height=\"64\" \/><\/p>\n<h2>Cadenas \u00e0 cylindre 771 F 40 Coeur Rouge<\/h2>\n<p>Ce cadenas est un attrape-regard et une s\u00e9curit\u00e9 robuste tout en un. En effet, le cadenas 771 F 40 Coeur Rouge allie protection de portails, portes et cha\u00eenes avec un motif attrayant. <strong>Un coeur ainsi que l&#8217;inscription &#8220;love&#8221; sont immortalis\u00e9s en rouge<\/strong> sur le corps aluminium r\u00e9sistant. Gr\u00e2ce au vernissage de qualit\u00e9, ce beau motif a une tr\u00e8s longue esp\u00e9rance de vie.<\/p>\n<p>Ce cadenas \u00e0 cylindre facilite le quotidien dans bien des situations. Apr\u00e8s tout, on a bien toujours un verrou, une cha\u00eene, un coffre, un casier ou un portail qu&#8217;il nous faut s\u00e9curiser. Par ailleurs, le cadenas Coeur Rouge est aussi un gage qui rappelle en beaut\u00e9 une personne particuli\u00e8re ou une rencontre marquante. Ainsi, ce cadenas \u00e0 motif est parfait pour \u00eatre <a href=\"https:\/\/test.burgwaechterservice.de\/fr\/c\/cadenas-antivols-verrous\/cadenas\/cadenas-pour-amoureux\/\"><strong>utilis\u00e9 comme<\/strong> <\/a><strong>cadenas pour amoureux<\/strong>. Il y a sur le corps en aluminium assez de place pour graver quelque chose d&#8217;unique, une d\u00e9dicace ou une date particuli\u00e8re. En effet, le verso et neutre (vierge de tout motif) dans ce but pr\u00e9cis.<\/p>\n<h3>Cadenas avec motif et long\u00e9vit\u00e9 accrue avec une serrure inoxydable<\/h3>\n<p>Gr\u00e2ce au corps en aluminium, le poids demeure minime. Par ailleurs, le mat\u00e9riau utilis\u00e9 est extr\u00eamement r\u00e9sistant aux intemp\u00e9ries et pr\u00e9sente de plus une long\u00e9vit\u00e9 accrue. Bien s\u00fbr, la s\u00e9curit\u00e9 n\u00e9cessaire a \u00e9t\u00e9 bien pens\u00e9e : l&#8217;arceau dispose d&#8217;un <strong>double-verrouillage et est renforc\u00e9<\/strong>. Cela complique nettement les tentatives de for\u00e7age. Le m\u00e9canisme interne du cadenas 771 F 40 Coeur Rouge est inoxydable. Ainsi, vous pourrez ouvrir et fermer la serrure du cadenas des ann\u00e9es durant sans aucun probl\u00e8me.<\/p>\n<p>Le cadenas Coeur Rouge fait partie de la gamme 771 de BURG-W\u00c4CHTER. Vous trouverez sous cette gamme diff\u00e9rents<strong> cadenas \u00e0 motifs de toutes les couleurs<\/strong>. Qu&#8217;il s&#8217;agisse des mod\u00e8les <a href=\"https:\/\/test.burgwaechterservice.de\/fr\/p\/cadenas-antivols-verrous\/771-f-40-berlin-sb\/\">Berlin<\/a>, <a href=\"https:\/\/test.burgwaechterservice.de\/fr\/p\/cadenas-antivols-verrous\/771-f-40-london\/\">Londres<\/a> ou <a href=\"https:\/\/test.burgwaechterservice.de\/p\/schloss-riegel\/771-f-40-helvetia\/\">Helvetia<\/a> : chacun trouvera dans cette gamme le motif qui correspond \u00e0 ses go\u00fbts.<\/p>\n<h4>Le cadenas 771 F 40 Coeur Rouge en aper\u00e7u<\/h4>\n<ul>\n<li>Verso neutre, id\u00e9al comme cadenas pour amoureux gr\u00e2ce \u00e0 la place ainsi pr\u00e9vue pour inscriptions et gravures<\/li>\n<li>Corps massif en aluminium : long\u00e9vit\u00e9 accrue et r\u00e9sistance aux intemp\u00e9ries<\/li>\n<li>Arceau a double verrouillage et renforcement sp\u00e9cial<\/li>\n<li>M\u00e9canisme interne inoxydable<\/li>\n<li>Fait partie de la gamme cr\u00e9ative de cadenas 771<\/li>\n<\/ul>\n<table class=\"ausfuehrung\">\n<thead>\n<tr>\n<td><\/td>\n<td>Epaisseur d&#8217;arceau<\/td>\n<td>Largeur d&#8217;arceau<\/td>\n<td>Hauteur d&#8217;arceau<\/td>\n<td>Hauteur totale<\/td>\n<td>Num\u00e9ro brut<\/td>\n<\/tr>\n<\/thead>\n<tbody>\n<tr>\n<td class=\"subdesc\"><\/td>\n<td class=\"subdesc\">mm<\/td>\n<td class=\"subdesc\">mm<\/td>\n<td class=\"subdesc\">mm<\/td>\n<td class=\"subdesc\">mm<\/td>\n<td class=\"subdesc\"><\/td>\n<\/tr>\n<\/tbody>\n<tbody>\n<tr>\n<td>771 F 40 Coeur Rouge SB<\/td>\n<td>6,5<\/td>\n<td>22,0<\/td>\n<td>23,5<\/td>\n<td>64,0<\/td>\n<td>68R<\/td>\n<\/tr>\n<\/tbody>\n<\/table>\n","protected":false},"excerpt":{"rendered":"<p>Cadenas \u00e0 cylindre 771 F 40 Coeur Rouge Ce cadenas est un attrape-regard et une s\u00e9curit\u00e9 robuste tout en un. En effet, le cadenas 771 F 40 Coeur Rouge allie protection de portails, portes et cha\u00eenes avec un motif attrayant. &hellip; <a class=\"kt-excerpt-readmore\" href=\"https:\/\/test.burgwaechterservice.de\/fr\/p\/cadenas-et-porte-cadenas\/cadenas-771-f-40-coeur-rouge\/\" aria-label=\"Cadenas 771 F 40 Coeur Rouge\">Lire la suite<\/a><\/p>\n","protected":false},"featured_media":203718,"comment_status":"closed","ping_status":"closed","template":"","meta":[],"product_cat":[30,39,3124],"product_tag":[],"yoast_head":"<!-- This site is optimized with the Yoast SEO Premium plugin v18.4 (Yoast SEO v19.13) - https:\/\/yoast.com\/wordpress\/plugins\/seo\/ -->\n<title>Cadenas 771 F 40 Coeur Rouge - BURG-W\u00c4CHTER<\/title>\n<meta name=\"description\" content=\"Cadenas \u00e0 cylindre 771 F 40 Coeur Rouge Ce cadenas est un attrape-regard et une s\u00e9curit\u00e9 robuste tout en un. En effet, le cadenas 771 F 40 Coeur Rouge\" \/>\n<meta name=\"robots\" content=\"index, follow, max-snippet:-1, max-image-preview:large, max-video-preview:-1\" \/>\n<link rel=\"canonical\" href=\"https:\/\/test.burgwaechterservice.de\/fr\/p\/cadenas-et-porte-cadenas\/cadenas-771-f-40-coeur-rouge\/\" \/>\n<meta property=\"og:locale\" content=\"fr_FR\" \/>\n<meta property=\"og:type\" content=\"article\" \/>\n<meta property=\"og:title\" content=\"Cadenas 771 F 40 Coeur Rouge\" \/>\n<meta property=\"og:description\" content=\"Cadenas \u00e0 cylindre 771 F 40 Coeur Rouge Ce cadenas est un attrape-regard et une s\u00e9curit\u00e9 robuste tout en un. En effet, le cadenas 771 F 40 Coeur Rouge\" \/>\n<meta property=\"og:url\" content=\"https:\/\/test.burgwaechterservice.de\/fr\/p\/cadenas-et-porte-cadenas\/cadenas-771-f-40-coeur-rouge\/\" \/>\n<meta property=\"og:site_name\" content=\"Burg-W\u00e4chter France\" \/>\n<meta property=\"article:modified_time\" content=\"2019-02-06T11:35:24+00:00\" \/>\n<meta property=\"og:image\" content=\"https:\/\/test.burgwaechterservice.de\/fr\/wp-content\/uploads\/sites\/4\/2018\/11\/Zylinder_Vorhangschloss_Motivschloss-771-F-40-Red-Heart_405918-01.jpg\" \/>\n\t<meta property=\"og:image:width\" content=\"1000\" \/>\n\t<meta property=\"og:image:height\" content=\"1000\" \/>\n\t<meta property=\"og:image:type\" content=\"image\/jpeg\" \/>\n<meta name=\"twitter:card\" content=\"summary_large_image\" \/>\n<meta name=\"twitter:label1\" content=\"Dur\u00e9e de lecture estim\u00e9e\" \/>\n\t<meta name=\"twitter:data1\" content=\"2 minutes\" \/>\n<!-- \/ Yoast SEO Premium plugin. -->","yoast_head_json":{"title":"Cadenas 771 F 40 Coeur Rouge - BURG-W\u00c4CHTER","description":"Cadenas \u00e0 cylindre 771 F 40 Coeur Rouge Ce cadenas est un attrape-regard et une s\u00e9curit\u00e9 robuste tout en un. En effet, le cadenas 771 F 40 Coeur Rouge","robots":{"index":"index","follow":"follow","max-snippet":"max-snippet:-1","max-image-preview":"max-image-preview:large","max-video-preview":"max-video-preview:-1"},"canonical":"https:\/\/test.burgwaechterservice.de\/fr\/p\/cadenas-et-porte-cadenas\/cadenas-771-f-40-coeur-rouge\/","og_locale":"fr_FR","og_type":"article","og_title":"Cadenas 771 F 40 Coeur Rouge","og_description":"Cadenas \u00e0 cylindre 771 F 40 Coeur Rouge Ce cadenas est un attrape-regard et une s\u00e9curit\u00e9 robuste tout en un. En effet, le cadenas 771 F 40 Coeur Rouge","og_url":"https:\/\/test.burgwaechterservice.de\/fr\/p\/cadenas-et-porte-cadenas\/cadenas-771-f-40-coeur-rouge\/","og_site_name":"Burg-W\u00e4chter France","article_modified_time":"2019-02-06T11:35:24+00:00","og_image":[{"width":1000,"height":1000,"url":"https:\/\/test.burgwaechterservice.de\/fr\/wp-content\/uploads\/sites\/4\/2018\/11\/Zylinder_Vorhangschloss_Motivschloss-771-F-40-Red-Heart_405918-01.jpg","type":"image\/jpeg"}],"twitter_card":"summary_large_image","twitter_misc":{"Dur\u00e9e de lecture estim\u00e9e":"2 minutes"},"schema":{"@context":"https:\/\/schema.org","@graph":[{"@type":"WebPage","@id":"https:\/\/test.burgwaechterservice.de\/fr\/p\/cadenas-et-porte-cadenas\/cadenas-771-f-40-coeur-rouge\/","url":"https:\/\/test.burgwaechterservice.de\/fr\/p\/cadenas-et-porte-cadenas\/cadenas-771-f-40-coeur-rouge\/","name":"Cadenas 771 F 40 Coeur Rouge - BURG-W\u00c4CHTER","isPartOf":{"@id":"https:\/\/test.burgwaechterservice.de\/fr\/#website"},"datePublished":"2018-11-26T11:31:41+00:00","dateModified":"2019-02-06T11:35:24+00:00","description":"Cadenas \u00e0 cylindre 771 F 40 Coeur Rouge Ce cadenas est un attrape-regard et une s\u00e9curit\u00e9 robuste tout en un. En effet, le cadenas 771 F 40 Coeur Rouge","breadcrumb":{"@id":"https:\/\/test.burgwaechterservice.de\/fr\/p\/cadenas-et-porte-cadenas\/cadenas-771-f-40-coeur-rouge\/#breadcrumb"},"inLanguage":"fr-FR","potentialAction":[{"@type":"ReadAction","target":["https:\/\/test.burgwaechterservice.de\/fr\/p\/cadenas-et-porte-cadenas\/cadenas-771-f-40-coeur-rouge\/"]}]},{"@type":"BreadcrumbList","@id":"https:\/\/test.burgwaechterservice.de\/fr\/p\/cadenas-et-porte-cadenas\/cadenas-771-f-40-coeur-rouge\/#breadcrumb","itemListElement":[{"@type":"ListItem","position":1,"name":"Accueil","item":"https:\/\/test.burgwaechterservice.de\/fr\/"},{"@type":"ListItem","position":2,"name":"Produits","item":"https:\/\/test.burgwaechterservice.de\/fr\/p\/"},{"@type":"ListItem","position":3,"name":"Cadenas 771 F 40 Coeur Rouge"}]},{"@type":"WebSite","@id":"https:\/\/test.burgwaechterservice.de\/fr\/#website","url":"https:\/\/test.burgwaechterservice.de\/fr\/","name":"Burg-W\u00e4chter France","description":"Le choix le plus s\u00fbr!","potentialAction":[{"@type":"SearchAction","target":{"@type":"EntryPoint","urlTemplate":"https:\/\/test.burgwaechterservice.de\/fr\/?s={search_term_string}"},"query-input":"required name=search_term_string"}],"inLanguage":"fr-FR"}]}},"_links":{"self":[{"href":"https:\/\/test.burgwaechterservice.de\/fr\/wp-json\/wp\/v2\/product\/203717"}],"collection":[{"href":"https:\/\/test.burgwaechterservice.de\/fr\/wp-json\/wp\/v2\/product"}],"about":[{"href":"https:\/\/test.burgwaechterservice.de\/fr\/wp-json\/wp\/v2\/types\/product"}],"replies":[{"embeddable":true,"href":"https:\/\/test.burgwaechterservice.de\/fr\/wp-json\/wp\/v2\/comments?post=203717"}],"wp:featuredmedia":[{"embeddable":true,"href":"https:\/\/test.burgwaechterservice.de\/fr\/wp-json\/wp\/v2\/media\/203718"}],"wp:attachment":[{"href":"https:\/\/test.burgwaechterservice.de\/fr\/wp-json\/wp\/v2\/media?parent=203717"}],"wp:term":[{"taxonomy":"product_cat","embeddable":true,"href":"https:\/\/test.burgwaechterservice.de\/fr\/wp-json\/wp\/v2\/product_cat?post=203717"},{"taxonomy":"product_tag","embeddable":true,"href":"https:\/\/test.burgwaechterservice.de\/fr\/wp-json\/wp\/v2\/product_tag?post=203717"}],"curies":[{"name":"wp","href":"https:\/\/api.w.org\/{rel}","templated":true}]}}