{"id":190195,"date":"2018-09-24T08:41:31","date_gmt":"2018-09-24T06:41:31","guid":{"rendered":"https:\/\/www.burg.biz\/fr\/p\/serrure-electronique\/secuentry-pro-7000\/"},"modified":"2022-04-29T09:00:59","modified_gmt":"2022-04-29T07:00:59","slug":"secuentry-pro-7000","status":"publish","type":"product","link":"https:\/\/test.burgwaechterservice.de\/fr\/p\/serrure-electronique\/secuentry-pro-7000\/","title":{"rendered":"Cylindre \u00e9lectronique secuENTRY pro 7000"},"content":{"rendered":"<h2>secuENTRY pro 7000 : cylindre \u00e9lectronique de porte pour particuliers et entrepreneurs<\/h2>\n<p>Le cylindre \u00e9lectronique pour porte secuENTRY pro 7000 rempli des exigences \u00e9lev\u00e9es pour une utilisation par les particuliers et en entreprise. En effet, ce sont d&#8217;entr\u00e9e 2000 places d&#8217;enregistrement qui sont \u00e0 votre disposition pour les diff\u00e9rents dispositifs d&#8217;ouverture. <strong>Ainsi, le secuENTRY pro 7000 est id\u00e9al pour l&#8217;emploi dans les grandes entreprises et les autorit\u00e9s \u00e9tatiques.<\/strong> C&#8217;est exactement pour ces domaines d&#8217;emploi soumis \u00e0 de fortes exigences qu&#8217;a \u00e9t\u00e9 con\u00e7ue la game secuENTRY pro de BURG-W\u00c4CHTER. Gr\u00e2ce aux pi\u00e8ces d&#8217;\u00e9cartement livr\u00e9es, le cylindre de porte s&#8217;adapte \u00e0 toutes les <strong>\u00e9paisseurs de porte comprises entre 60 et 130 millim\u00e8tres <\/strong>(Minimum: 30\/30 mm, Maximum: 67,5\/62,5 mm).<\/p>\n<h3>La gamme secuENTRY de BURG-W\u00c4CHTER dans la pratique<\/h3>\n<div class=\"kad-youtube-shortcode videofit\" style=\"max-width:560px;\" ><div class=\"BorlabsCookie _brlbs-cb-youtube\"><div class=\"_brlbs-content-blocker\"> <div class=\"_brlbs-embed _brlbs-video-youtube\"> <img class=\"_brlbs-thumbnail\" src=\"https:\/\/test.burgwaechterservice.de\/fr\/wp-content\/plugins\/borlabs-cookie\/assets\/images\/cb-no-thumbnail.png\" alt=\"YouTube\"> <div class=\"_brlbs-caption\"> <p>By loading the video, you agree to YouTube's privacy policy.<br><a href=\"https:\/\/policies.google.com\/privacy?hl=en&amp;gl=en\" target=\"_blank\" rel=\"nofollow noopener noreferrer\">Learn more<\/a><\/p> <p><a class=\"_brlbs-btn _brlbs-icon-play-white\" href=\"#\" data-borlabs-cookie-unblock role=\"button\">Load video<\/a><\/p> <p><label><input type=\"checkbox\" name=\"unblockAll\" value=\"1\" checked> <small>Always unblock YouTube<\/small><\/label><\/p> <\/div> <\/div> <\/div><div class=\"borlabs-hide\" data-borlabs-cookie-type=\"content-blocker\" data-borlabs-cookie-id=\"youtube\"><script type=\"text\/template\">PGlmcmFtZSB3aWR0aD0iNTYwIiBoZWlnaHQ9IjMxNSIgc3JjPSJodHRwczovL3d3dy55b3V0dWJlLW5vY29va2llLmNvbS9lbWJlZC9LaDJkMlBlVFJoQT9hdXRvcGxheT0wJmNvbnRyb2xzPTEmZnM9MSZtb2Rlc3RicmFuZGluZz0wJnRoZW1lPWRhcmsmcmVsPTEmbG9vcD0wJnNob3dpbmZvPTEiIGZyYW1lYm9yZGVyPSIwIiBhbGxvd2Z1bGxzY3JlZW49InRydWUiPjwvaWZyYW1lPg==<\/script><\/div><\/div><\/div>\n<h3>Cinq variantes de dispositif d&#8217;ouverture pour le secuENTRY pro 7000<\/h3>\n<p>Il est possible d&#8217;ouvrir le secuENTRY pro 7000 selon cinq mani\u00e8res diff\u00e9rentes. Via le clavier \u00e0 <a href=\"https:\/\/test.burgwaechterservice.de\/fr\/p\/serrure-electronique\/secuentry-pro-5711-pin\/\">code<\/a> en option ou via une <a href=\"https:\/\/test.burgwaechterservice.de\/fr\/p\/serrure-electronique\/secuentry-pro-5712-fp\/\">empreinte digitale<\/a>, avec <a href=\"https:\/\/test.burgwaechterservice.de\/fr\/p\/serrure-electronique\/secuentry-5713-se-key\/\">transpondeur actif<\/a> ou <a href=\"https:\/\/test.burgwaechterservice.de\/fr\/p\/serrure-electronique\/transpondeur-secuentry-pro-5710\/\">transpondeur passif<\/a> et m\u00eame \u00e0 l&#8217;aide d&#8217;un <a href=\"https:\/\/test.burgwaechterservice.de\/fr\/p\/serrure-electronique\/appli-cle\/\">smartphone<\/a>. <strong>Ainsi, la perte, l&#8217;\u00e9garement ou le pr\u00eat de vos cl\u00e9s appartiennent d\u00e9finitivement au pass\u00e9.<\/strong> En vertu de la classe de protection IP65, le cylindre \u00e9lectronique de porte est r\u00e9sistant aux intemp\u00e9ries. Sa longue dur\u00e9e de vie en est assur\u00e9e. En ce qui concerne la long\u00e9vit\u00e9 : <strong>la pile dure jusqu&#8217;\u00e0 65 000 ouvertures.<br \/>\n<\/strong><\/p>\n<h3>Installation simple, s\u00e9curit\u00e9 optimis\u00e9e gr\u00e2ce au chiffrement<\/h3>\n<p>L&#8217;installation du secuyENTRY 7000 est simple comme bonjour. Pour cela, vous n&#8217;avez qu&#8217;\u00e0 retirer la vis emboutie de la porte et \u00f4ter l&#8217;ancien cylindre m\u00e9canique. Aussit\u00f4t, vous pouvez ins\u00e9rer le nouveau cylindre \u00e9lectronique. <strong>La port\u00e9e radio du transpondeur actif et de l&#8217;application smartphone est de quatre m\u00e8tres.<\/strong> Par ailleurs, le signal bluetooth \u00e9mis (4.0 LE) est <strong>chiffr\u00e9 AES<\/strong>. Ainsi, une ouverture s\u00e9curis\u00e9e est toujours assur\u00e9e. Gr\u00e2ce \u00e0 la fonction d&#8217;historique, il est possible de v\u00e9rifier jusqu&#8217;\u00e0 2000 \u00e9v\u00e8nements (verrouillage et d\u00e9verouillage du cylindre de porte).<\/p>\n<p>&nbsp;<\/p>\n<h4>Voici comment ouvrir le secuENTRY pro 7000<\/h4>\n<ul>\n<li>Code PIN (2000 usagers)<\/li>\n<li>Empreinte digitale (200-300 usagers, dont 45 empreintes premium)<\/li>\n<li>Transpondeur actif (2000 usagers)<\/li>\n<li>Transpondeur passif (2000 usagers)<\/li>\n<li>Appareils intelligents (2000 usagers)<\/li>\n<li>Fonction historique (2000 \u00e9v\u00e8nements)<\/li>\n<\/ul>\n<h4>Autres fonctions via logiciel optionnel<\/h4>\n<ul>\n<li>Administrer les usagers et groupes d&#8217;usagers<\/li>\n<li>Fonction temps et calendrier<\/li>\n<li>Conf\u00e9rer des droits<\/li>\n<li>Fonction historique<\/li>\n<li>Fonction transpondeur invit\u00e9<\/li>\n<\/ul>\n","protected":false},"excerpt":{"rendered":"<p>secuENTRY pro 7000 : cylindre \u00e9lectronique de porte pour particuliers et entrepreneurs Le cylindre \u00e9lectronique pour porte secuENTRY pro 7000 rempli des exigences \u00e9lev\u00e9es pour une utilisation par les particuliers et en entreprise. En effet, ce sont d&#8217;entr\u00e9e 2000 places &hellip; <a class=\"kt-excerpt-readmore\" href=\"https:\/\/test.burgwaechterservice.de\/fr\/p\/serrure-electronique\/secuentry-pro-7000\/\" aria-label=\"Cylindre \u00e9lectronique secuENTRY pro 7000\">Lire la suite<\/a><\/p>\n","protected":false},"featured_media":190196,"comment_status":"closed","ping_status":"closed","template":"","meta":[],"product_cat":[36,4211],"product_tag":[3427],"yoast_head":"<!-- This site is optimized with the Yoast SEO Premium plugin v18.4 (Yoast SEO v19.13) - https:\/\/yoast.com\/wordpress\/plugins\/seo\/ -->\n<title>Syst\u00e8me de fermeture \u00e9lectronique Burg-W\u00e4chter : secuENTRY pro 7000<\/title>\n<meta name=\"description\" content=\"Cylindre \u00e9lectronique secuENTRY pro 7000 : haute s\u00e9curit\u00e9 grandes entreprises et administrations. Code PIN, empreinte, transpondeur passif, par BURG-W\u00c4CHTER\" \/>\n<meta name=\"robots\" content=\"index, follow, max-snippet:-1, max-image-preview:large, max-video-preview:-1\" \/>\n<link rel=\"canonical\" href=\"https:\/\/test.burgwaechterservice.de\/fr\/p\/serrure-electronique\/secuentry-pro-7000\/\" \/>\n<meta property=\"og:locale\" content=\"fr_FR\" \/>\n<meta property=\"og:type\" content=\"article\" \/>\n<meta property=\"og:title\" content=\"Cylindre \u00e9lectronique secuENTRY pro 7000\" \/>\n<meta property=\"og:description\" content=\"Cylindre \u00e9lectronique secuENTRY pro 7000 : haute s\u00e9curit\u00e9 grandes entreprises et administrations. Code PIN, empreinte, transpondeur passif, par BURG-W\u00c4CHTER\" \/>\n<meta property=\"og:url\" content=\"https:\/\/test.burgwaechterservice.de\/fr\/p\/serrure-electronique\/secuentry-pro-7000\/\" \/>\n<meta property=\"og:site_name\" content=\"Burg-W\u00e4chter France\" \/>\n<meta property=\"article:modified_time\" content=\"2022-04-29T07:00:59+00:00\" \/>\n<meta property=\"og:image\" content=\"https:\/\/test.burgwaechterservice.de\/fr\/wp-content\/uploads\/sites\/4\/2018\/09\/secuENTRY-Zylinder-7000.jpg\" \/>\n\t<meta property=\"og:image:width\" content=\"300\" \/>\n\t<meta property=\"og:image:height\" content=\"300\" \/>\n\t<meta property=\"og:image:type\" content=\"image\/jpeg\" \/>\n<meta name=\"twitter:card\" content=\"summary_large_image\" \/>\n<meta name=\"twitter:label1\" content=\"Dur\u00e9e de lecture estim\u00e9e\" \/>\n\t<meta name=\"twitter:data1\" content=\"2 minutes\" \/>\n<!-- \/ Yoast SEO Premium plugin. -->","yoast_head_json":{"title":"Syst\u00e8me de fermeture \u00e9lectronique Burg-W\u00e4chter : secuENTRY pro 7000","description":"Cylindre \u00e9lectronique secuENTRY pro 7000 : haute s\u00e9curit\u00e9 grandes entreprises et administrations. Code PIN, empreinte, transpondeur passif, par BURG-W\u00c4CHTER","robots":{"index":"index","follow":"follow","max-snippet":"max-snippet:-1","max-image-preview":"max-image-preview:large","max-video-preview":"max-video-preview:-1"},"canonical":"https:\/\/test.burgwaechterservice.de\/fr\/p\/serrure-electronique\/secuentry-pro-7000\/","og_locale":"fr_FR","og_type":"article","og_title":"Cylindre \u00e9lectronique secuENTRY pro 7000","og_description":"Cylindre \u00e9lectronique secuENTRY pro 7000 : haute s\u00e9curit\u00e9 grandes entreprises et administrations. Code PIN, empreinte, transpondeur passif, par BURG-W\u00c4CHTER","og_url":"https:\/\/test.burgwaechterservice.de\/fr\/p\/serrure-electronique\/secuentry-pro-7000\/","og_site_name":"Burg-W\u00e4chter France","article_modified_time":"2022-04-29T07:00:59+00:00","og_image":[{"width":300,"height":300,"url":"https:\/\/test.burgwaechterservice.de\/fr\/wp-content\/uploads\/sites\/4\/2018\/09\/secuENTRY-Zylinder-7000.jpg","type":"image\/jpeg"}],"twitter_card":"summary_large_image","twitter_misc":{"Dur\u00e9e de lecture estim\u00e9e":"2 minutes"},"schema":{"@context":"https:\/\/schema.org","@graph":[{"@type":"WebPage","@id":"https:\/\/test.burgwaechterservice.de\/fr\/p\/serrure-electronique\/secuentry-pro-7000\/","url":"https:\/\/test.burgwaechterservice.de\/fr\/p\/serrure-electronique\/secuentry-pro-7000\/","name":"Syst\u00e8me de fermeture \u00e9lectronique Burg-W\u00e4chter : secuENTRY pro 7000","isPartOf":{"@id":"https:\/\/test.burgwaechterservice.de\/fr\/#website"},"datePublished":"2018-09-24T06:41:31+00:00","dateModified":"2022-04-29T07:00:59+00:00","description":"Cylindre \u00e9lectronique secuENTRY pro 7000 : haute s\u00e9curit\u00e9 grandes entreprises et administrations. Code PIN, empreinte, transpondeur passif, par BURG-W\u00c4CHTER","breadcrumb":{"@id":"https:\/\/test.burgwaechterservice.de\/fr\/p\/serrure-electronique\/secuentry-pro-7000\/#breadcrumb"},"inLanguage":"fr-FR","potentialAction":[{"@type":"ReadAction","target":["https:\/\/test.burgwaechterservice.de\/fr\/p\/serrure-electronique\/secuentry-pro-7000\/"]}]},{"@type":"BreadcrumbList","@id":"https:\/\/test.burgwaechterservice.de\/fr\/p\/serrure-electronique\/secuentry-pro-7000\/#breadcrumb","itemListElement":[{"@type":"ListItem","position":1,"name":"Accueil","item":"https:\/\/test.burgwaechterservice.de\/fr\/"},{"@type":"ListItem","position":2,"name":"Produits","item":"https:\/\/test.burgwaechterservice.de\/fr\/p\/"},{"@type":"ListItem","position":3,"name":"Cylindre \u00e9lectronique secuENTRY pro 7000"}]},{"@type":"WebSite","@id":"https:\/\/test.burgwaechterservice.de\/fr\/#website","url":"https:\/\/test.burgwaechterservice.de\/fr\/","name":"Burg-W\u00e4chter France","description":"Le choix le plus s\u00fbr!","potentialAction":[{"@type":"SearchAction","target":{"@type":"EntryPoint","urlTemplate":"https:\/\/test.burgwaechterservice.de\/fr\/?s={search_term_string}"},"query-input":"required name=search_term_string"}],"inLanguage":"fr-FR"}]}},"_links":{"self":[{"href":"https:\/\/test.burgwaechterservice.de\/fr\/wp-json\/wp\/v2\/product\/190195"}],"collection":[{"href":"https:\/\/test.burgwaechterservice.de\/fr\/wp-json\/wp\/v2\/product"}],"about":[{"href":"https:\/\/test.burgwaechterservice.de\/fr\/wp-json\/wp\/v2\/types\/product"}],"replies":[{"embeddable":true,"href":"https:\/\/test.burgwaechterservice.de\/fr\/wp-json\/wp\/v2\/comments?post=190195"}],"wp:featuredmedia":[{"embeddable":true,"href":"https:\/\/test.burgwaechterservice.de\/fr\/wp-json\/wp\/v2\/media\/190196"}],"wp:attachment":[{"href":"https:\/\/test.burgwaechterservice.de\/fr\/wp-json\/wp\/v2\/media?parent=190195"}],"wp:term":[{"taxonomy":"product_cat","embeddable":true,"href":"https:\/\/test.burgwaechterservice.de\/fr\/wp-json\/wp\/v2\/product_cat?post=190195"},{"taxonomy":"product_tag","embeddable":true,"href":"https:\/\/test.burgwaechterservice.de\/fr\/wp-json\/wp\/v2\/product_tag?post=190195"}],"curies":[{"name":"wp","href":"https:\/\/api.w.org\/{rel}","templated":true}]}}