{"id":190193,"date":"2018-09-24T08:41:30","date_gmt":"2018-09-24T06:41:30","guid":{"rendered":"https:\/\/www.burg.biz\/fr\/p\/serrure-electronique\/secuentry-pro-7100\/"},"modified":"2022-04-29T09:02:02","modified_gmt":"2022-04-29T07:02:02","slug":"secuentry-pro-7100","status":"publish","type":"product","link":"https:\/\/test.burgwaechterservice.de\/fr\/p\/serrure-electronique\/secuentry-pro-7100\/","title":{"rendered":"secuENTRY pro 7100"},"content":{"rendered":"<h2>Le secuENTRY pro 7100 : technologie moderne et confort maximal<\/h2>\n<p>Un syst\u00e8me d&#8217;enclenchement r\u00e9glable, <strong>l&#8217;ouverture par empreinte digitale, combinaison, smartphone ou transpondeur actif, et en prime une serrure m\u00e9canique de d\u00e9tressee<\/strong>. Le cylindre \u00e9lectronique secuENTRY pro 7100 r\u00e9unie la pointe de la technologie moderne avec un confort maximal. Le cylindre peut \u00eatre install\u00e9 dans toutes les portes d&#8217;une \u00e9paisseur classique comprise entre 60 et 118 millim\u00e8tres.<\/p>\n<p><strong>L&#8217;installation de secuENTRY pro 7100 est simple comme bonjour.<\/strong> Il faut tout d&#8217;abord \u00f4ter la vis emboutie de la porte et retirer l&#8217;ancien cylindre m\u00e9canique. Puis ins\u00e9rer le cylindre secuENTRY et choisir l&#8217;\u00e9cart adapt\u00e9 des deux c\u00f4t\u00e9s de la porte pour le raccord. Il ne reste alors qu&#8217;\u00e0 fixer les deux pommeaux et \u00e7a y est, le secuENTRY 7100 est install\u00e9.<\/p>\n<h3>La gamme secuENTRY de BURG-W\u00c4CHTER en pratique<\/h3>\n<div class=\"kad-youtube-shortcode videofit\" style=\"max-width:600px;\" ><div class=\"BorlabsCookie _brlbs-cb-youtube\"><div class=\"_brlbs-content-blocker\"> <div class=\"_brlbs-embed _brlbs-video-youtube\"> <img class=\"_brlbs-thumbnail\" src=\"https:\/\/test.burgwaechterservice.de\/fr\/wp-content\/plugins\/borlabs-cookie\/assets\/images\/cb-no-thumbnail.png\" alt=\"YouTube\"> <div class=\"_brlbs-caption\"> <p>By loading the video, you agree to YouTube's privacy policy.<br><a href=\"https:\/\/policies.google.com\/privacy?hl=en&amp;gl=en\" target=\"_blank\" rel=\"nofollow noopener noreferrer\">Learn more<\/a><\/p> <p><a class=\"_brlbs-btn _brlbs-icon-play-white\" href=\"#\" data-borlabs-cookie-unblock role=\"button\">Load video<\/a><\/p> <p><label><input type=\"checkbox\" name=\"unblockAll\" value=\"1\" checked> <small>Always unblock YouTube<\/small><\/label><\/p> <\/div> <\/div> <\/div><div class=\"borlabs-hide\" data-borlabs-cookie-type=\"content-blocker\" data-borlabs-cookie-id=\"youtube\"><script type=\"text\/template\">PGlmcmFtZSB3aWR0aD0iNjAwIiBoZWlnaHQ9IjMxNSIgc3JjPSJodHRwczovL3d3dy55b3V0dWJlLW5vY29va2llLmNvbS9lbWJlZC9LaDJkMlBlVFJoQT9hdXRvcGxheT0wJmNvbnRyb2xzPTEmZnM9MSZtb2Rlc3RicmFuZGluZz0wJnRoZW1lPWRhcmsmcmVsPTEmbG9vcD0wJnNob3dpbmZvPTEiIGZyYW1lYm9yZGVyPSIwIiBhbGxvd2Z1bGxzY3JlZW49InRydWUiPjwvaWZyYW1lPg==<\/script><\/div><\/div><\/div>\n<h3>Ouvrir le secuENTRY pro 7100 via une application mise \u00e0 disposition gratuitement<\/h3>\n<p><strong>Il n&#8217;est plus n\u00e9cessaire d&#8217;avoir un trousseau de cl\u00e9s.<\/strong> Au lieu de cela, vous pouvez choisir le dispositif avec lequel vous souhaitez ouvrir votre porte \u00e0 l&#8217;avenir. Par empreinte digitale et\/ou par code via le clavier correspondant, avec un transpondeur actif ou encore par smartphone gr\u00e2ce \u00e0 l&#8217;<strong>application gratuite<\/strong> pour un cylindre (compatible avec iOS et Android).<\/p>\n<h3>Une serrure m\u00e9canique de secours<\/h3>\n<p>Le mod\u00e8le secuENTRY pro 7100 dispose par ailleurs d&#8217;une<strong> serrure m\u00e9canique de secours<\/strong>. Ainsi, l&#8217;usager peut garder la possibilit\u00e9 pour un cas d&#8217;urgence (extr\u00eamement improbable) d&#8217;ouvrir la porte en toute s\u00e9curit\u00e9 via ce dispositif. Deux cl\u00e9s de secours sont bien s\u00fbr fournies en cons\u00e9quence.<\/p>\n<p>De plus, il est possible de <strong>programmer et g\u00e9rer de nombreuses autres options<\/strong> \u00e0 l&#8217;aide du logiciel optionnel pour les produits des gammes TSE et secuENTRY de BURG-W\u00c4CHTER. Par exemple, l&#8217;attribution de droits, la gestion d&#8217;usagers ou groupes d&#8217;usagers ainsi qu&#8217;une fonction calendrier, horaires et transpondeur pour invit\u00e9(e)s.<strong> Ainsi, chaque utilisateur est libre de choisir \u00e0 qui, quel jour et quelle heure il autorise l&#8217;ouverture du cylindre \u00e9lectronique.<\/strong> Par ailleurs, le logiciel permet aussi de consulter l&#8217;historique des fermetures du secuENTRY pro 7100.<\/p>\n<p>&nbsp;<\/p>\n<h4>Le secuENTRY pro 7100 : aper\u00e7u des dispositifs d&#8217;ouverture<\/h4>\n<ul>\n<li><a href=\"https:\/\/test.burgwaechterservice.de\/fr\/p\/serrure-electronique\/secuentry-pro-5711-pin\/\">Code PIN<\/a> (jusqu&#8217;\u00e0 2000 usagers)<\/li>\n<li><a href=\"https:\/\/test.burgwaechterservice.de\/fr\/p\/serrure-electronique\/secuentry-pro-5712-fp\/\">empreinte digitale<\/a> (jusqu&#8217;\u00e0 300 usagers, dont 45 empreintes premium)<\/li>\n<li><a href=\"https:\/\/test.burgwaechterservice.de\/p\/tuerschlosselektronik\/secuentry-5713-se-key\/\">Transpondeur actif<\/a> (jusqu&#8217;\u00e0 2000 usagers)<\/li>\n<li><a href=\"https:\/\/test.burgwaechterservice.de\/fr\/p\/serrure-electronique\/appli-cle\/\">Appareils intelligents<\/a> (jusqu&#8217;\u00e0 2000 usagers)<\/li>\n<li><a href=\"https:\/\/test.burgwaechterservice.de\/fr\/p\/serrure-electronique\/logiciel-secuentry-pro-7083\/\">Fonction de l&#8217;historique<\/a> (jusqu&#8217;\u00e0 2000 entr\u00e9es)<\/li>\n<\/ul>\n<h4>Autres fonctions via le logiciel optionnel <a href=\"https:\/\/test.burgwaechterservice.de\/fr\/p\/serrure-electronique\/logiciel-secuentry-pro-7083\/\">secuENTRY pro 7083<\/a><\/h4>\n<ul>\n<li>Gestion des utilisateurs ou groupes d&#8217;usagers<\/li>\n<li>Fonction horaires et calendrier<\/li>\n<li>Attribution de droits<\/li>\n<li>Historique<\/li>\n<li>Fonction transpondeur invit\u00e9(e)s<\/li>\n<\/ul>\n","protected":false},"excerpt":{"rendered":"<p>Le secuENTRY pro 7100 : technologie moderne et confort maximal Un syst\u00e8me d&#8217;enclenchement r\u00e9glable, l&#8217;ouverture par empreinte digitale, combinaison, smartphone ou transpondeur actif, et en prime une serrure m\u00e9canique de d\u00e9tressee. Le cylindre \u00e9lectronique secuENTRY pro 7100 r\u00e9unie la pointe &hellip; <a class=\"kt-excerpt-readmore\" href=\"https:\/\/test.burgwaechterservice.de\/fr\/p\/serrure-electronique\/secuentry-pro-7100\/\" aria-label=\"secuENTRY pro 7100\">Lire la suite<\/a><\/p>\n","protected":false},"featured_media":190194,"comment_status":"closed","ping_status":"closed","template":"","meta":[],"product_cat":[36,4211],"product_tag":[3427],"yoast_head":"<!-- This site is optimized with the Yoast SEO Premium plugin v18.4 (Yoast SEO v19.13) - https:\/\/yoast.com\/wordpress\/plugins\/seo\/ -->\n<title>Cylindre \u00e9lectronique secuENTRY pro 7100 : par BURG-W\u00c4CHTER.<\/title>\n<meta name=\"description\" content=\"Cylindre \u00e9lectronique secuENTRY 7100 de BURG-W\u00c4CHTER : ouvrez une porte par code, empreinte digitale, transpondeur passif, transpondeur passif, smartphone.\" \/>\n<meta name=\"robots\" content=\"index, follow, max-snippet:-1, max-image-preview:large, max-video-preview:-1\" \/>\n<link rel=\"canonical\" href=\"https:\/\/test.burgwaechterservice.de\/fr\/p\/serrure-electronique\/secuentry-pro-7100\/\" \/>\n<meta property=\"og:locale\" content=\"fr_FR\" \/>\n<meta property=\"og:type\" content=\"article\" \/>\n<meta property=\"og:title\" content=\"secuENTRY pro 7100\" \/>\n<meta property=\"og:description\" content=\"Cylindre \u00e9lectronique secuENTRY 7100 de BURG-W\u00c4CHTER : ouvrez une porte par code, empreinte digitale, transpondeur passif, transpondeur passif, smartphone.\" \/>\n<meta property=\"og:url\" content=\"https:\/\/test.burgwaechterservice.de\/fr\/p\/serrure-electronique\/secuentry-pro-7100\/\" \/>\n<meta property=\"og:site_name\" content=\"Burg-W\u00e4chter France\" \/>\n<meta property=\"article:modified_time\" content=\"2022-04-29T07:02:02+00:00\" \/>\n<meta property=\"og:image\" content=\"https:\/\/test.burgwaechterservice.de\/fr\/wp-content\/uploads\/sites\/4\/2018\/09\/secuENTRY-Zylinder-7100.jpg\" \/>\n\t<meta property=\"og:image:width\" content=\"340\" \/>\n\t<meta property=\"og:image:height\" content=\"397\" \/>\n\t<meta property=\"og:image:type\" content=\"image\/jpeg\" \/>\n<meta name=\"twitter:card\" content=\"summary_large_image\" \/>\n<meta name=\"twitter:label1\" content=\"Dur\u00e9e de lecture estim\u00e9e\" \/>\n\t<meta name=\"twitter:data1\" content=\"2 minutes\" \/>\n<!-- \/ Yoast SEO Premium plugin. -->","yoast_head_json":{"title":"Cylindre \u00e9lectronique secuENTRY pro 7100 : par BURG-W\u00c4CHTER.","description":"Cylindre \u00e9lectronique secuENTRY 7100 de BURG-W\u00c4CHTER : ouvrez une porte par code, empreinte digitale, transpondeur passif, transpondeur passif, smartphone.","robots":{"index":"index","follow":"follow","max-snippet":"max-snippet:-1","max-image-preview":"max-image-preview:large","max-video-preview":"max-video-preview:-1"},"canonical":"https:\/\/test.burgwaechterservice.de\/fr\/p\/serrure-electronique\/secuentry-pro-7100\/","og_locale":"fr_FR","og_type":"article","og_title":"secuENTRY pro 7100","og_description":"Cylindre \u00e9lectronique secuENTRY 7100 de BURG-W\u00c4CHTER : ouvrez une porte par code, empreinte digitale, transpondeur passif, transpondeur passif, smartphone.","og_url":"https:\/\/test.burgwaechterservice.de\/fr\/p\/serrure-electronique\/secuentry-pro-7100\/","og_site_name":"Burg-W\u00e4chter France","article_modified_time":"2022-04-29T07:02:02+00:00","og_image":[{"width":340,"height":397,"url":"https:\/\/test.burgwaechterservice.de\/fr\/wp-content\/uploads\/sites\/4\/2018\/09\/secuENTRY-Zylinder-7100.jpg","type":"image\/jpeg"}],"twitter_card":"summary_large_image","twitter_misc":{"Dur\u00e9e de lecture estim\u00e9e":"2 minutes"},"schema":{"@context":"https:\/\/schema.org","@graph":[{"@type":"WebPage","@id":"https:\/\/test.burgwaechterservice.de\/fr\/p\/serrure-electronique\/secuentry-pro-7100\/","url":"https:\/\/test.burgwaechterservice.de\/fr\/p\/serrure-electronique\/secuentry-pro-7100\/","name":"Cylindre \u00e9lectronique secuENTRY pro 7100 : par BURG-W\u00c4CHTER.","isPartOf":{"@id":"https:\/\/test.burgwaechterservice.de\/fr\/#website"},"datePublished":"2018-09-24T06:41:30+00:00","dateModified":"2022-04-29T07:02:02+00:00","description":"Cylindre \u00e9lectronique secuENTRY 7100 de BURG-W\u00c4CHTER : ouvrez une porte par code, empreinte digitale, transpondeur passif, transpondeur passif, smartphone.","breadcrumb":{"@id":"https:\/\/test.burgwaechterservice.de\/fr\/p\/serrure-electronique\/secuentry-pro-7100\/#breadcrumb"},"inLanguage":"fr-FR","potentialAction":[{"@type":"ReadAction","target":["https:\/\/test.burgwaechterservice.de\/fr\/p\/serrure-electronique\/secuentry-pro-7100\/"]}]},{"@type":"BreadcrumbList","@id":"https:\/\/test.burgwaechterservice.de\/fr\/p\/serrure-electronique\/secuentry-pro-7100\/#breadcrumb","itemListElement":[{"@type":"ListItem","position":1,"name":"Accueil","item":"https:\/\/test.burgwaechterservice.de\/fr\/"},{"@type":"ListItem","position":2,"name":"Produits","item":"https:\/\/test.burgwaechterservice.de\/fr\/p\/"},{"@type":"ListItem","position":3,"name":"secuENTRY pro 7100"}]},{"@type":"WebSite","@id":"https:\/\/test.burgwaechterservice.de\/fr\/#website","url":"https:\/\/test.burgwaechterservice.de\/fr\/","name":"Burg-W\u00e4chter France","description":"Le choix le plus s\u00fbr!","potentialAction":[{"@type":"SearchAction","target":{"@type":"EntryPoint","urlTemplate":"https:\/\/test.burgwaechterservice.de\/fr\/?s={search_term_string}"},"query-input":"required name=search_term_string"}],"inLanguage":"fr-FR"}]}},"_links":{"self":[{"href":"https:\/\/test.burgwaechterservice.de\/fr\/wp-json\/wp\/v2\/product\/190193"}],"collection":[{"href":"https:\/\/test.burgwaechterservice.de\/fr\/wp-json\/wp\/v2\/product"}],"about":[{"href":"https:\/\/test.burgwaechterservice.de\/fr\/wp-json\/wp\/v2\/types\/product"}],"replies":[{"embeddable":true,"href":"https:\/\/test.burgwaechterservice.de\/fr\/wp-json\/wp\/v2\/comments?post=190193"}],"wp:featuredmedia":[{"embeddable":true,"href":"https:\/\/test.burgwaechterservice.de\/fr\/wp-json\/wp\/v2\/media\/190194"}],"wp:attachment":[{"href":"https:\/\/test.burgwaechterservice.de\/fr\/wp-json\/wp\/v2\/media?parent=190193"}],"wp:term":[{"taxonomy":"product_cat","embeddable":true,"href":"https:\/\/test.burgwaechterservice.de\/fr\/wp-json\/wp\/v2\/product_cat?post=190193"},{"taxonomy":"product_tag","embeddable":true,"href":"https:\/\/test.burgwaechterservice.de\/fr\/wp-json\/wp\/v2\/product_tag?post=190193"}],"curies":[{"name":"wp","href":"https:\/\/api.w.org\/{rel}","templated":true}]}}