{"id":190191,"date":"2018-09-24T08:41:30","date_gmt":"2018-09-24T06:41:30","guid":{"rendered":"https:\/\/www.burg.biz\/fr\/p\/serrure-electronique\/secuentry-pro-7030-half\/"},"modified":"2022-04-29T09:01:37","modified_gmt":"2022-04-29T07:01:37","slug":"secuentry-pro-7030-half","status":"publish","type":"product","link":"https:\/\/test.burgwaechterservice.de\/fr\/p\/serrure-electronique\/secuentry-pro-7030-half\/","title":{"rendered":"secuENTRY pro 7030 HALF"},"content":{"rendered":"<h2>secuENTRY pro 7030 HALF : le demi-cylindre aux nombreuses utilisations possibles<\/h2>\n<p>Un demi-dispositif, toute une technologie : le demi-cylindre secuENTRY pro 7030 HALF de BURG-W\u00c4CHTER n&#8217;est pas utilis\u00e9 avec des portes classiques, mais seulement lorsque<strong> la fermeture n&#8217;est op\u00e9r\u00e9e que d&#8217;un c\u00f4t\u00e9 de la porte<\/strong>. Ce cylindre \u00e9l\u00e9ctrique est par exemple de mise pour les portails, garages, armoires \u00e9l\u00e9ctriques ou armoires simples. La seule condition sine qua none \u00e9tant une<strong> \u00e9paisseur de porte entre 40 et 77,5 millim\u00e8tres<\/strong>. Le cylindre de porte est alors utilisable.<\/p>\n<p>Et l&#8217;installation est simple comme bonjour. Seul l&#8217;ancien cylindre m\u00e9canique doit \u00eatre d\u00e9mont\u00e9 en \u00f4tant la vis emboutie. Apr\u00e8s quoi il est possible d&#8217;installer le secuENTRY pro 7030 HALF prot\u00e9g\u00e9 contre les manipulations. Ensuite, le demi-cylindre <strong>s&#8217;adapte en quelques tours de main \u00e0 l&#8217;\u00e9paisseur de porte n\u00e9cessaire<\/strong> \u00e0 l&#8217;aide des pi\u00e8ces d&#8217;\u00e9cartement fournies. Et voil\u00e0, il ne reste qu&#8217;\u00e0 fixer la poign\u00e9e pour une utilisation imm\u00e9diate.<\/p>\n<h3>A quel point la gamme secuENTRY de BURG-W\u00c4CHTER est elle polyvalente?<\/h3>\n<div class=\"kad-youtube-shortcode videofit\" style=\"max-width:600px;\" ><div class=\"BorlabsCookie _brlbs-cb-youtube\"><div class=\"_brlbs-content-blocker\"> <div class=\"_brlbs-embed _brlbs-video-youtube\"> <img class=\"_brlbs-thumbnail\" src=\"https:\/\/test.burgwaechterservice.de\/fr\/wp-content\/plugins\/borlabs-cookie\/assets\/images\/cb-no-thumbnail.png\" alt=\"YouTube\"> <div class=\"_brlbs-caption\"> <p>By loading the video, you agree to YouTube's privacy policy.<br><a href=\"https:\/\/policies.google.com\/privacy?hl=en&amp;gl=en\" target=\"_blank\" rel=\"nofollow noopener noreferrer\">Learn more<\/a><\/p> <p><a class=\"_brlbs-btn _brlbs-icon-play-white\" href=\"#\" data-borlabs-cookie-unblock role=\"button\">Load video<\/a><\/p> <p><label><input type=\"checkbox\" name=\"unblockAll\" value=\"1\" checked> <small>Always unblock YouTube<\/small><\/label><\/p> <\/div> <\/div> <\/div><div class=\"borlabs-hide\" data-borlabs-cookie-type=\"content-blocker\" data-borlabs-cookie-id=\"youtube\"><script type=\"text\/template\">PGlmcmFtZSB3aWR0aD0iNjAwIiBoZWlnaHQ9IjMxNSIgc3JjPSJodHRwczovL3d3dy55b3V0dWJlLW5vY29va2llLmNvbS9lbWJlZC9LaDJkMlBlVFJoQT9hdXRvcGxheT0wJmNvbnRyb2xzPTEmZnM9MSZtb2Rlc3RicmFuZGluZz0wJnRoZW1lPWRhcmsmcmVsPTEmbG9vcD0wJnNob3dpbmZvPTEiIGZyYW1lYm9yZGVyPSIwIiBhbGxvd2Z1bGxzY3JlZW49InRydWUiPjwvaWZyYW1lPg==<\/script><\/div><\/div><\/div>\n<h3>Le secuENTRY 7030 HALF : ouvrir par smartphone, transpondeur, code ou empreinte digitale<\/h3>\n<p>L&#8217;ouverture peut se faire via diff\u00e9rents dispositifs gr\u00e2ce \u00e0 une technologie \u00e0 la pointe de la modernit\u00e9 du secuENTRY pro 7030 HALF. <strong>Ainsi, chacun est libre dans le choix du dispositif qui lui convient le mieux.<\/strong> Du <a href=\"https:\/\/test.burgwaechterservice.de\/fr\/p\/serrure-electronique\/secuentry-5713-se-key\/\">transpondeur actif<\/a> (Bluetooth) ou <a href=\"https:\/\/test.burgwaechterservice.de\/fr\/p\/serrure-electronique\/transpondeur-secuentry-pro-5710\/\">transpondeur passif<\/a> (RFID) \u00e0 l&#8217;<a href=\"https:\/\/test.burgwaechterservice.de\/fr\/p\/serrure-electronique\/appli-cle\/\">application cl\u00e9 pour smartphone<\/a> (Bluetooth) compatible aussi bien avec le syst\u00e8me iOS que le syst\u00e8me Android en passant par l&#8217;ouverture \u00e0 l&#8217;aide d&#8217;un clavier \u00e0 deux variantes : par <a href=\"https:\/\/test.burgwaechterservice.de\/fr\/p\/serrure-electronique\/secuentry-pro-5711-pin\/\">Code<\/a> ou en bonus <a href=\"https:\/\/test.burgwaechterservice.de\/fr\/p\/serrure-electronique\/secuentry-pro-5712-fp\/\">l&#8217;ouverture par empreinte digitale<\/a>, <strong>le syst\u00e8me secuENTRY offre une polyvalence consid\u00e9rable et donc une utilisation extr\u00eamement flexible.<br \/>\n<\/strong><\/p>\n<p>Par ailleurs, <strong>il est possible d&#8217;administrer de nombreuses autres options via le logiciel optionnel<\/strong>. Comme par exemple l&#8217;attribution de droits, la gestion d&#8217;usagers ou de groupes d&#8217;usagers ainsi qu&#8217;une fonction heures, calendrier et invit\u00e9s. Ainsi, chacun peut d\u00e9cider quelle personne quel jour \u00e0 quelle heure \u00e0 le droit de d\u00e9verouiller le cylindre \u00e9lectronique. Bien s\u00fbr, l&#8217;historique des fermetures et ouvertures du secuENTRY pro 7030 HALF peut y \u00eatre consult\u00e9.<\/p>\n<p>&nbsp;<\/p>\n<h4>Le secuENTRY pro 7030 HALF &#8211; aper\u00e7u des dispositifs d&#8217;ouverture :aaaaaaaaa<\/h4>\n<ul>\n<li>Code PIN (jusqu&#8217;\u00e0 2000 usagers)<\/li>\n<li>Empreinte digitale (jusqu&#8217;\u00e0 300 usagers, dont 45 empreintes premium)<\/li>\n<li>Transpondeur actif (jusqu&#8217;\u00e0 2000 usagers)<\/li>\n<li>Transpondeur passif (jusqu&#8217;\u00e0 2000 usagers)<\/li>\n<li>Appareils intelligents (jusqu&#8217;\u00e0 2000 usagers)<\/li>\n<li>Fonction d&#8217;historique (jusqu&#8217;\u00e0 2000 entr\u00e9es)<\/li>\n<\/ul>\n<h4>Autres fonctionnalit\u00e9s disponibles via le logiciel optionnel secuENTRY<\/h4>\n<ul>\n<li>Gestion des usagers et groupes d&#8217;usagers<\/li>\n<li>Fonction heures et calendrier<\/li>\n<li>Attribution de droits<\/li>\n<li>Fonction d&#8217;historique<\/li>\n<li>Fonction transpondeur invit\u00e9(e)<\/li>\n<\/ul>\n","protected":false},"excerpt":{"rendered":"<p>secuENTRY pro 7030 HALF : le demi-cylindre aux nombreuses utilisations possibles Un demi-dispositif, toute une technologie : le demi-cylindre secuENTRY pro 7030 HALF de BURG-W\u00c4CHTER n&#8217;est pas utilis\u00e9 avec des portes classiques, mais seulement lorsque la fermeture n&#8217;est op\u00e9r\u00e9e que &hellip; <a class=\"kt-excerpt-readmore\" href=\"https:\/\/test.burgwaechterservice.de\/fr\/p\/serrure-electronique\/secuentry-pro-7030-half\/\" aria-label=\"secuENTRY pro 7030 HALF\">Lire la suite<\/a><\/p>\n","protected":false},"featured_media":190192,"comment_status":"closed","ping_status":"closed","template":"","meta":[],"product_cat":[36,4211],"product_tag":[3427],"yoast_head":"<!-- This site is optimized with the Yoast SEO Premium plugin v18.4 (Yoast SEO v19.13) - https:\/\/yoast.com\/wordpress\/plugins\/seo\/ -->\n<title>Demi-cylindre \u00e9lectronique secuENTRY pro 7030 : par BURG-W\u00c4CHTER.<\/title>\n<meta name=\"description\" content=\"Demi-cylindre \u00e9lectronique secuENTRY pro HALF de l&#039;expert BURG-W\u00c4CHTER. Pour interrupteurs \u00e0 cl\u00e9, garages, armoires \u00e9l\u00e9ctrique, etc. Technologie de pointe.\" \/>\n<meta name=\"robots\" content=\"index, follow, max-snippet:-1, max-image-preview:large, max-video-preview:-1\" \/>\n<link rel=\"canonical\" href=\"https:\/\/test.burgwaechterservice.de\/fr\/p\/serrure-electronique\/secuentry-pro-7030-half\/\" \/>\n<meta property=\"og:locale\" content=\"fr_FR\" \/>\n<meta property=\"og:type\" content=\"article\" \/>\n<meta property=\"og:title\" content=\"secuENTRY pro 7030 HALF\" \/>\n<meta property=\"og:description\" content=\"Demi-cylindre \u00e9lectronique secuENTRY pro HALF de l&#039;expert BURG-W\u00c4CHTER. Pour interrupteurs \u00e0 cl\u00e9, garages, armoires \u00e9l\u00e9ctrique, etc. Technologie de pointe.\" \/>\n<meta property=\"og:url\" content=\"https:\/\/test.burgwaechterservice.de\/fr\/p\/serrure-electronique\/secuentry-pro-7030-half\/\" \/>\n<meta property=\"og:site_name\" content=\"Burg-W\u00e4chter France\" \/>\n<meta property=\"article:modified_time\" content=\"2022-04-29T07:01:37+00:00\" \/>\n<meta property=\"og:image\" content=\"https:\/\/test.burgwaechterservice.de\/fr\/wp-content\/uploads\/sites\/4\/2018\/09\/secuENTRY_pro_7030-HALF-ZYLINDER.jpg\" \/>\n\t<meta property=\"og:image:width\" content=\"300\" \/>\n\t<meta property=\"og:image:height\" content=\"300\" \/>\n\t<meta property=\"og:image:type\" content=\"image\/jpeg\" \/>\n<meta name=\"twitter:card\" content=\"summary_large_image\" \/>\n<meta name=\"twitter:label1\" content=\"Dur\u00e9e de lecture estim\u00e9e\" \/>\n\t<meta name=\"twitter:data1\" content=\"2 minutes\" \/>\n<!-- \/ Yoast SEO Premium plugin. -->","yoast_head_json":{"title":"Demi-cylindre \u00e9lectronique secuENTRY pro 7030 : par BURG-W\u00c4CHTER.","description":"Demi-cylindre \u00e9lectronique secuENTRY pro HALF de l'expert BURG-W\u00c4CHTER. Pour interrupteurs \u00e0 cl\u00e9, garages, armoires \u00e9l\u00e9ctrique, etc. Technologie de pointe.","robots":{"index":"index","follow":"follow","max-snippet":"max-snippet:-1","max-image-preview":"max-image-preview:large","max-video-preview":"max-video-preview:-1"},"canonical":"https:\/\/test.burgwaechterservice.de\/fr\/p\/serrure-electronique\/secuentry-pro-7030-half\/","og_locale":"fr_FR","og_type":"article","og_title":"secuENTRY pro 7030 HALF","og_description":"Demi-cylindre \u00e9lectronique secuENTRY pro HALF de l'expert BURG-W\u00c4CHTER. Pour interrupteurs \u00e0 cl\u00e9, garages, armoires \u00e9l\u00e9ctrique, etc. Technologie de pointe.","og_url":"https:\/\/test.burgwaechterservice.de\/fr\/p\/serrure-electronique\/secuentry-pro-7030-half\/","og_site_name":"Burg-W\u00e4chter France","article_modified_time":"2022-04-29T07:01:37+00:00","og_image":[{"width":300,"height":300,"url":"https:\/\/test.burgwaechterservice.de\/fr\/wp-content\/uploads\/sites\/4\/2018\/09\/secuENTRY_pro_7030-HALF-ZYLINDER.jpg","type":"image\/jpeg"}],"twitter_card":"summary_large_image","twitter_misc":{"Dur\u00e9e de lecture estim\u00e9e":"2 minutes"},"schema":{"@context":"https:\/\/schema.org","@graph":[{"@type":"WebPage","@id":"https:\/\/test.burgwaechterservice.de\/fr\/p\/serrure-electronique\/secuentry-pro-7030-half\/","url":"https:\/\/test.burgwaechterservice.de\/fr\/p\/serrure-electronique\/secuentry-pro-7030-half\/","name":"Demi-cylindre \u00e9lectronique secuENTRY pro 7030 : par BURG-W\u00c4CHTER.","isPartOf":{"@id":"https:\/\/test.burgwaechterservice.de\/fr\/#website"},"datePublished":"2018-09-24T06:41:30+00:00","dateModified":"2022-04-29T07:01:37+00:00","description":"Demi-cylindre \u00e9lectronique secuENTRY pro HALF de l'expert BURG-W\u00c4CHTER. Pour interrupteurs \u00e0 cl\u00e9, garages, armoires \u00e9l\u00e9ctrique, etc. Technologie de pointe.","breadcrumb":{"@id":"https:\/\/test.burgwaechterservice.de\/fr\/p\/serrure-electronique\/secuentry-pro-7030-half\/#breadcrumb"},"inLanguage":"fr-FR","potentialAction":[{"@type":"ReadAction","target":["https:\/\/test.burgwaechterservice.de\/fr\/p\/serrure-electronique\/secuentry-pro-7030-half\/"]}]},{"@type":"BreadcrumbList","@id":"https:\/\/test.burgwaechterservice.de\/fr\/p\/serrure-electronique\/secuentry-pro-7030-half\/#breadcrumb","itemListElement":[{"@type":"ListItem","position":1,"name":"Accueil","item":"https:\/\/test.burgwaechterservice.de\/fr\/"},{"@type":"ListItem","position":2,"name":"Produits","item":"https:\/\/test.burgwaechterservice.de\/fr\/p\/"},{"@type":"ListItem","position":3,"name":"secuENTRY pro 7030 HALF"}]},{"@type":"WebSite","@id":"https:\/\/test.burgwaechterservice.de\/fr\/#website","url":"https:\/\/test.burgwaechterservice.de\/fr\/","name":"Burg-W\u00e4chter France","description":"Le choix le plus s\u00fbr!","potentialAction":[{"@type":"SearchAction","target":{"@type":"EntryPoint","urlTemplate":"https:\/\/test.burgwaechterservice.de\/fr\/?s={search_term_string}"},"query-input":"required name=search_term_string"}],"inLanguage":"fr-FR"}]}},"_links":{"self":[{"href":"https:\/\/test.burgwaechterservice.de\/fr\/wp-json\/wp\/v2\/product\/190191"}],"collection":[{"href":"https:\/\/test.burgwaechterservice.de\/fr\/wp-json\/wp\/v2\/product"}],"about":[{"href":"https:\/\/test.burgwaechterservice.de\/fr\/wp-json\/wp\/v2\/types\/product"}],"replies":[{"embeddable":true,"href":"https:\/\/test.burgwaechterservice.de\/fr\/wp-json\/wp\/v2\/comments?post=190191"}],"wp:featuredmedia":[{"embeddable":true,"href":"https:\/\/test.burgwaechterservice.de\/fr\/wp-json\/wp\/v2\/media\/190192"}],"wp:attachment":[{"href":"https:\/\/test.burgwaechterservice.de\/fr\/wp-json\/wp\/v2\/media?parent=190191"}],"wp:term":[{"taxonomy":"product_cat","embeddable":true,"href":"https:\/\/test.burgwaechterservice.de\/fr\/wp-json\/wp\/v2\/product_cat?post=190191"},{"taxonomy":"product_tag","embeddable":true,"href":"https:\/\/test.burgwaechterservice.de\/fr\/wp-json\/wp\/v2\/product_tag?post=190191"}],"curies":[{"name":"wp","href":"https:\/\/api.w.org\/{rel}","templated":true}]}}