{"id":190189,"date":"2018-09-24T08:41:27","date_gmt":"2018-09-24T06:41:27","guid":{"rendered":"https:\/\/www.burg.biz\/fr\/p\/serrure-electronique\/rallongement-pivot\/"},"modified":"2019-09-18T18:12:56","modified_gmt":"2019-09-18T16:12:56","slug":"rallongement-pivot","status":"publish","type":"product","link":"https:\/\/test.burgwaechterservice.de\/fr\/p\/serrure-electronique\/rallongement-pivot\/","title":{"rendered":"Rallonge de pivot secuENTRY"},"content":{"rendered":"<h2>Rallonge de pivot secuENTRY : \u00e9pargnez vous le sur-mesure on\u00e9reux<\/h2>\n<p>Gr\u00e2ce \u00e0 la rallonge de pivot secuENTRY, le pivot original du cylindre de porte secuENTRY s&#8217;adapte \u00e0 l&#8217;\u00e9paisseur de porte voulue. La rallonge de pivot est fabriqu\u00e9e en acier inoxydable tout comme le pivot utilis\u00e9 dans le cylindre. Un pivot externe en inox peut \u00eatre utilis\u00e9 par exemple sur le cylindre <a href=\"https:\/\/test.burgwaechterservice.de\/fr\/p\/serrure-electronique\/secuentry-pro-7100\/\">secuENTRY pro 7100<\/a>. Ainsi, les cylindres \u00e9lectroniques s&#8217;adaptent \u00e0 des portes encore plus \u00e9paisses. <strong>Plus besoin de pi\u00e8ces sophistiqu\u00e9es et donc ch\u00e8res!<br \/>\n<\/strong><\/p>\n<p><strong>Le rallongement maximal op\u00e9r\u00e9 par le pivot externe est de 104 millim\u00e8tres.<\/strong> Cette mesure doit se faire depuis le milieu de la vis emboutie. Pour des \u00e9carts de 61 \u00e0 77 millim\u00e8tres, l\u00e0 encore \u00e0 partir du centre de la vis emboutie, vous devez raccourcir le pivot standard de jusqu&#8217;\u00e0 16 millim\u00e8tres.<\/p>\n<h3>Une goupille de fixation bloque la rallonge en inox<\/h3>\n<p>Pour assurer une position exacte dans l&#8217;utilisation de la rallonge de pivot secuENTRY, celle-ci est munie d&#8217;une goupille de fixation. <strong>A l&#8217;aide de la vis d\u00e9j\u00e0 utilis\u00e9e dans le pivot original, vous avez simplement \u00e0 bloquer la rallonge du c\u00f4t\u00e9 souhait\u00e9<\/strong>. L&#8217;extr\u00e9mit\u00e9 du pommeau doit couper net \u00e0 la surface de la porte. Veuillez consulter la notice d&#8217;utilisation fournie quand \u00e0 la fa\u00e7on de s&#8217;y prendre.<\/p>\n<h3>Le cylindre de porte secuENTRY y gagne encore plus de polyvalence<\/h3>\n<p>En utilisant une rallonge de pivot secuENTRY, le cylindre \u00e9lectronique pour porte y gagne en polyvalence.<strong> En effet, il est alors possible d&#8217;installer le cylindre secuENTRY dans des portes bien plus \u00e9paisses.<\/strong> Par comparaison, le cylindre secuENTRY pro 7100 est con\u00e7u de par ses dimensions, sans compter la rallonge inox, pour des portes d&#8217;une \u00e9paisseur se situant entre 60 et 130 millim\u00e8tres.<\/p>\n<h3>Rallonge de cylindre optionnelle d\u00e9part usine<\/h3>\n<p>La rallonge de pivot secuENTRY peut aussi \u00eatre tr\u00e8s utile pour un d\u00e9m\u00e9nagement ou l&#8217;installation d&#8217;une nouvelle porte pour la maison ou l&#8217;appartement. En effet, si elle se diff\u00e9rencie des dimensions standardis\u00e9es, vous avez tout de m\u00eame la possibilit\u00e9 de continuer \u00e0 utiliser votre cylindre de porte secuNTRY.<\/p>\n<p><strong>Pr\u00e9cision : Optionellement, la rallonge de cylindre peut \u00eatre appliqu\u00e9e sur demande au niveau usine.<br \/>\n<\/strong><\/p>\n<p>&nbsp;<\/p>\n<h4>La rallonge de pivot secuENTRY en aper\u00e7u<\/h4>\n<ul>\n<li>Mat\u00e9riau : acier inox<\/li>\n<li>Fixation : Adaptabilit\u00e9 du pivot original selon les dimensions de la porte<\/li>\n<li>Calibrage : pour les \u00e9carts de 61 \u00e0 77 mm (mesur\u00e9s depuis le milieu de la vis emboutie) raccourcissement du pivot standard de jusqu&#8217;\u00e0 16 mm<\/li>\n<li>Rallongement du pivot externe : maximal : 104 mm (mesur\u00e9s depuis le milieu de la vis emboutie)<\/li>\n<\/ul>\n<p>&nbsp;<\/p>\n","protected":false},"excerpt":{"rendered":"<p>Rallonge de pivot secuENTRY : \u00e9pargnez vous le sur-mesure on\u00e9reux Gr\u00e2ce \u00e0 la rallonge de pivot secuENTRY, le pivot original du cylindre de porte secuENTRY s&#8217;adapte \u00e0 l&#8217;\u00e9paisseur de porte voulue. La rallonge de pivot est fabriqu\u00e9e en acier inoxydable &hellip; <a class=\"kt-excerpt-readmore\" href=\"https:\/\/test.burgwaechterservice.de\/fr\/p\/serrure-electronique\/rallongement-pivot\/\" aria-label=\"Rallonge de pivot secuENTRY\">Lire la suite<\/a><\/p>\n","protected":false},"featured_media":190190,"comment_status":"closed","ping_status":"closed","template":"","meta":[],"product_cat":[4211],"product_tag":[3427],"yoast_head":"<!-- This site is optimized with the Yoast SEO Premium plugin v18.4 (Yoast SEO v19.13) - https:\/\/yoast.com\/wordpress\/plugins\/seo\/ -->\n<title>Rallongement de pivot pour cylindre secuENTRY. par BURG-W\u00c4CHTER.<\/title>\n<meta name=\"description\" content=\"Rallongement de pivot secuENTRY de BURG-W\u00c4CHTER. Pour adapter votre cylindre \u00e9lectronique secuENTRY \u00e0 des portes encore plus \u00e9paisses.\" \/>\n<meta name=\"robots\" content=\"index, follow, max-snippet:-1, max-image-preview:large, max-video-preview:-1\" \/>\n<link rel=\"canonical\" href=\"https:\/\/test.burgwaechterservice.de\/fr\/p\/serrure-electronique\/rallongement-pivot\/\" \/>\n<meta property=\"og:locale\" content=\"fr_FR\" \/>\n<meta property=\"og:type\" content=\"article\" \/>\n<meta property=\"og:title\" content=\"Rallonge de pivot secuENTRY\" \/>\n<meta property=\"og:description\" content=\"Rallongement de pivot secuENTRY de BURG-W\u00c4CHTER. Pour adapter votre cylindre \u00e9lectronique secuENTRY \u00e0 des portes encore plus \u00e9paisses.\" \/>\n<meta property=\"og:url\" content=\"https:\/\/test.burgwaechterservice.de\/fr\/p\/serrure-electronique\/rallongement-pivot\/\" \/>\n<meta property=\"og:site_name\" content=\"Burg-W\u00e4chter France\" \/>\n<meta property=\"article:modified_time\" content=\"2019-09-18T16:12:56+00:00\" \/>\n<meta property=\"og:image\" content=\"https:\/\/test.burgwaechterservice.de\/fr\/wp-content\/uploads\/sites\/4\/2018\/09\/secuENTRY_pro_Wellenverl\u00e4ngerung_Edelstahl.jpg\" \/>\n\t<meta property=\"og:image:width\" content=\"800\" \/>\n\t<meta property=\"og:image:height\" content=\"800\" \/>\n\t<meta property=\"og:image:type\" content=\"image\/jpeg\" \/>\n<meta name=\"twitter:card\" content=\"summary_large_image\" \/>\n<meta name=\"twitter:label1\" content=\"Dur\u00e9e de lecture estim\u00e9e\" \/>\n\t<meta name=\"twitter:data1\" content=\"2 minutes\" \/>\n<!-- \/ Yoast SEO Premium plugin. -->","yoast_head_json":{"title":"Rallongement de pivot pour cylindre secuENTRY. par BURG-W\u00c4CHTER.","description":"Rallongement de pivot secuENTRY de BURG-W\u00c4CHTER. Pour adapter votre cylindre \u00e9lectronique secuENTRY \u00e0 des portes encore plus \u00e9paisses.","robots":{"index":"index","follow":"follow","max-snippet":"max-snippet:-1","max-image-preview":"max-image-preview:large","max-video-preview":"max-video-preview:-1"},"canonical":"https:\/\/test.burgwaechterservice.de\/fr\/p\/serrure-electronique\/rallongement-pivot\/","og_locale":"fr_FR","og_type":"article","og_title":"Rallonge de pivot secuENTRY","og_description":"Rallongement de pivot secuENTRY de BURG-W\u00c4CHTER. Pour adapter votre cylindre \u00e9lectronique secuENTRY \u00e0 des portes encore plus \u00e9paisses.","og_url":"https:\/\/test.burgwaechterservice.de\/fr\/p\/serrure-electronique\/rallongement-pivot\/","og_site_name":"Burg-W\u00e4chter France","article_modified_time":"2019-09-18T16:12:56+00:00","og_image":[{"width":800,"height":800,"url":"https:\/\/test.burgwaechterservice.de\/fr\/wp-content\/uploads\/sites\/4\/2018\/09\/secuENTRY_pro_Wellenverl\u00e4ngerung_Edelstahl.jpg","type":"image\/jpeg"}],"twitter_card":"summary_large_image","twitter_misc":{"Dur\u00e9e de lecture estim\u00e9e":"2 minutes"},"schema":{"@context":"https:\/\/schema.org","@graph":[{"@type":"WebPage","@id":"https:\/\/test.burgwaechterservice.de\/fr\/p\/serrure-electronique\/rallongement-pivot\/","url":"https:\/\/test.burgwaechterservice.de\/fr\/p\/serrure-electronique\/rallongement-pivot\/","name":"Rallongement de pivot pour cylindre secuENTRY. par BURG-W\u00c4CHTER.","isPartOf":{"@id":"https:\/\/test.burgwaechterservice.de\/fr\/#website"},"datePublished":"2018-09-24T06:41:27+00:00","dateModified":"2019-09-18T16:12:56+00:00","description":"Rallongement de pivot secuENTRY de BURG-W\u00c4CHTER. Pour adapter votre cylindre \u00e9lectronique secuENTRY \u00e0 des portes encore plus \u00e9paisses.","breadcrumb":{"@id":"https:\/\/test.burgwaechterservice.de\/fr\/p\/serrure-electronique\/rallongement-pivot\/#breadcrumb"},"inLanguage":"fr-FR","potentialAction":[{"@type":"ReadAction","target":["https:\/\/test.burgwaechterservice.de\/fr\/p\/serrure-electronique\/rallongement-pivot\/"]}]},{"@type":"BreadcrumbList","@id":"https:\/\/test.burgwaechterservice.de\/fr\/p\/serrure-electronique\/rallongement-pivot\/#breadcrumb","itemListElement":[{"@type":"ListItem","position":1,"name":"Accueil","item":"https:\/\/test.burgwaechterservice.de\/fr\/"},{"@type":"ListItem","position":2,"name":"Produits","item":"https:\/\/test.burgwaechterservice.de\/fr\/p\/"},{"@type":"ListItem","position":3,"name":"Rallonge de pivot secuENTRY"}]},{"@type":"WebSite","@id":"https:\/\/test.burgwaechterservice.de\/fr\/#website","url":"https:\/\/test.burgwaechterservice.de\/fr\/","name":"Burg-W\u00e4chter France","description":"Le choix le plus s\u00fbr!","potentialAction":[{"@type":"SearchAction","target":{"@type":"EntryPoint","urlTemplate":"https:\/\/test.burgwaechterservice.de\/fr\/?s={search_term_string}"},"query-input":"required name=search_term_string"}],"inLanguage":"fr-FR"}]}},"_links":{"self":[{"href":"https:\/\/test.burgwaechterservice.de\/fr\/wp-json\/wp\/v2\/product\/190189"}],"collection":[{"href":"https:\/\/test.burgwaechterservice.de\/fr\/wp-json\/wp\/v2\/product"}],"about":[{"href":"https:\/\/test.burgwaechterservice.de\/fr\/wp-json\/wp\/v2\/types\/product"}],"replies":[{"embeddable":true,"href":"https:\/\/test.burgwaechterservice.de\/fr\/wp-json\/wp\/v2\/comments?post=190189"}],"wp:featuredmedia":[{"embeddable":true,"href":"https:\/\/test.burgwaechterservice.de\/fr\/wp-json\/wp\/v2\/media\/190190"}],"wp:attachment":[{"href":"https:\/\/test.burgwaechterservice.de\/fr\/wp-json\/wp\/v2\/media?parent=190189"}],"wp:term":[{"taxonomy":"product_cat","embeddable":true,"href":"https:\/\/test.burgwaechterservice.de\/fr\/wp-json\/wp\/v2\/product_cat?post=190189"},{"taxonomy":"product_tag","embeddable":true,"href":"https:\/\/test.burgwaechterservice.de\/fr\/wp-json\/wp\/v2\/product_tag?post=190189"}],"curies":[{"name":"wp","href":"https:\/\/api.w.org\/{rel}","templated":true}]}}