{"id":190186,"date":"2018-09-24T08:41:20","date_gmt":"2018-09-24T06:41:20","guid":{"rendered":"https:\/\/www.burg.biz\/fr\/p\/serrure-electronique\/secuentry-pro-5711-pin\/"},"modified":"2022-04-29T09:02:34","modified_gmt":"2022-04-29T07:02:34","slug":"secuentry-pro-5711-pin","status":"publish","type":"product","link":"https:\/\/test.burgwaechterservice.de\/fr\/p\/serrure-electronique\/secuentry-pro-5711-pin\/","title":{"rendered":"Clavier \u00e0 code secuENTRY pro 5711 PIN"},"content":{"rendered":"<h2>Le clavier secuENTRY pro 5711 : ouvrez votre porte avec un code<\/h2>\n<p>Avec le clavier secuENTRY pro 5711 PIN, vous rendez votre syst\u00e8me de verouillage \u00e9lectronique encore plus polyvalent, car vous avez alors la possibilit\u00e9 d&#8217;<strong>ouvrir votre porte en plus avec un code<\/strong>. La port\u00e9e maximale entre le clavier et le cylindre secuENTRY est de quatre m\u00e8tres. Ainsi, vous \u00eates tout \u00e0 fait libre d&#8217;installer le clavier \u00e0 l&#8217;endroit que vous souhaitez. Vous n&#8217;avez pas \u00e0 effectuer de ralliement incommode de c\u00e2bles, car <strong>la transmission des donn\u00e9es se fait par signal bluetooth chiffr\u00e9<\/strong> (chiffrement AES 4.0).<\/p>\n<h3>Utilisation tr\u00e8s polyvalente gr\u00e2ce au haut degr\u00e9 de protection IP 65<\/h3>\n<p>Pour ce qui est de l&#8217;installation, vous avez le choix : le secuENTRY pro 5711 PIN peut \u00eatre <strong>soit viss\u00e9, soit coll\u00e9 au mur \u00e0 l&#8217;aide d&#8217;un ruban adh\u00e9sif de qualit\u00e9<\/strong>. Bien s\u00fbr, le mat\u00e9riel n\u00e9cessaire pour ces deux variantes de fixation est fourni. <strong>Gr\u00e2ce au degr\u00e9 de protection \u00e9lev\u00e9 IP 65 (\u00e9tanche \u00e0 la poussi\u00e8re, protection contre les projections d&#8217;eau), le clavier est particuli\u00e8rement adapt\u00e9 pour l&#8217;ext\u00e9rieur.<\/strong> D&#8217;autres parts : pour tous ceux qui souhaitent ouvrir leur porte avec leur empreinte digitale, nous proposons aussi le <a href=\"https:\/\/test.burgwaechterservice.de\/fr\/p\/serrure-electronique\/secuentry-pro-5712-fp\/\">clavier secuENTRY pro 5712 FP<\/a>.<strong><br \/>\n<\/strong><\/p>\n<h2>Le syst\u00e8me secuENTRY en vid\u00e9o<\/h2>\n<div class=\"kad-youtube-shortcode videofit\" style=\"max-width:560px;\" ><div class=\"BorlabsCookie _brlbs-cb-youtube\"><div class=\"_brlbs-content-blocker\"> <div class=\"_brlbs-embed _brlbs-video-youtube\"> <img class=\"_brlbs-thumbnail\" src=\"https:\/\/test.burgwaechterservice.de\/fr\/wp-content\/plugins\/borlabs-cookie\/assets\/images\/cb-no-thumbnail.png\" alt=\"YouTube\"> <div class=\"_brlbs-caption\"> <p>By loading the video, you agree to YouTube's privacy policy.<br><a href=\"https:\/\/policies.google.com\/privacy?hl=en&amp;gl=en\" target=\"_blank\" rel=\"nofollow noopener noreferrer\">Learn more<\/a><\/p> <p><a class=\"_brlbs-btn _brlbs-icon-play-white\" href=\"#\" data-borlabs-cookie-unblock role=\"button\">Load video<\/a><\/p> <p><label><input type=\"checkbox\" name=\"unblockAll\" value=\"1\" checked> <small>Always unblock YouTube<\/small><\/label><\/p> <\/div> <\/div> <\/div><div class=\"borlabs-hide\" data-borlabs-cookie-type=\"content-blocker\" data-borlabs-cookie-id=\"youtube\"><script type=\"text\/template\">PGlmcmFtZSB3aWR0aD0iNTYwIiBoZWlnaHQ9IjMxNSIgc3JjPSJodHRwczovL3d3dy55b3V0dWJlLW5vY29va2llLmNvbS9lbWJlZC9LaDJkMlBlVFJoQT9hdXRvcGxheT0wJmNvbnRyb2xzPTEmZnM9MSZtb2Rlc3RicmFuZGluZz0wJnRoZW1lPWRhcmsmcmVsPTEmbG9vcD0wJnNob3dpbmZvPTEiIGZyYW1lYm9yZGVyPSIwIiBhbGxvd2Z1bGxzY3JlZW49InRydWUiPjwvaWZyYW1lPg==<\/script><\/div><\/div><\/div>\n<p>&nbsp;<\/p>\n<h3>Le clavier secuENTRY pro 5711 PIN : jusqu&#8217;\u00e0 2000 codes programmables<\/h3>\n<p>Le clavier secuENTRY 5711 PIN dispose d&#8217;une touche d&#8217;allumage m\u00e9canique. Les autres touches sont nettement plus tactiles, de sorte qu&#8217;une r\u00e9action imm\u00e9diate suit l&#8217;entr\u00e9e de la combinaison valide. <strong>L&#8217;acc\u00e8s se fait via un code \u00e0 six chiffres<\/strong>. Les cylindres secuENTRY pro <a href=\"https:\/\/test.burgwaechterservice.de\/fr\/p\/serrure-electronique\/secuentry-pro-7000\/\">7000<\/a>, <a href=\"https:\/\/test.burgwaechterservice.de\/fr\/p\/serrure-electronique\/double-secuentry-pro-7010\/\">7010 TWIN<\/a>, <a href=\"https:\/\/test.burgwaechterservice.de\/fr\/p\/serrure-electronique\/secuentry-pro-7030-half\/\">7030 HALF<\/a>, <a href=\"https:\/\/test.burgwaechterservice.de\/fr\/p\/serrure-electronique\/secuentry-pro-7100\/\">7100<\/a> et <a href=\"https:\/\/test.burgwaechterservice.de\/fr\/p\/serrure-electronique\/duo-secuentry-pro-7116\/\">7116 DUO<\/a> correspondants enregistrent<strong> jusqu&#8217;\u00e0 2000 codes utilisateur<\/strong>. Si un usager rentre \u00e0 trois reprises un code invalide, toute nouvelle tentative est bloqu\u00e9e pendant une minute. Par ailleurs, le temps de blocage augmente de trois minutes \u00e0 chaque autre combinaison invalide.<\/p>\n<h3>Le clavier vous informe s&#8217;il est n\u00e9cessaire de changer les piles<\/h3>\n<p>Pour que vous puissiez utiliser le nouveau clavier imm\u00e9diatement, les piles mignon n\u00e9cessaires sont fournies. <strong>La dur\u00e9e de vie d&#8217;un jeu de piles s&#8217;\u00e9l\u00e8ve \u00e0 environ deux ans<\/strong>. Si les piles doivent \u00eatre chang\u00e9es dans les plus brefs d\u00e9lais, l&#8217;\u00e9cran du clavier affiche une indication pour vous pr\u00e9venir. Le clavier secuENTRY pro 5711 PIN vous informe \u00e9galement si le courant d&#8217;alimentation fourni par les piles s&#8217;affaiblit ou si un quelque changement de piles sous peu est n\u00e9cessaire. <strong>Du reste, vous avez le choix entre douze langues pour le menu d&#8217;accueil<\/strong>. Ainsi, chaque usager peut s\u00e9lectionner la langue de son choix.<\/p>\n<p>&nbsp;<\/p>\n<h4>Le clavier secuENTRY 5711 PIN en aper\u00e7u<\/h4>\n<ul>\n<li>Identification clavier sans c\u00e2blage \u00e0 effectuer<\/li>\n<li>Transmission des donn\u00e9es Bluetooth chiffr\u00e9e 4.0 LE, AES, port\u00e9e max. de quatre m\u00e8tres<\/li>\n<li>Blocage temporaire apr\u00e8s trois entr\u00e9es invalide de la combinaison<\/li>\n<li>Menu en douze langues<\/li>\n<li>Piles et mat\u00e9riel d&#8217;installation fourni(e)s<\/li>\n<\/ul>\n","protected":false},"excerpt":{"rendered":"<p>Le clavier secuENTRY pro 5711 : ouvrez votre porte avec un code Avec le clavier secuENTRY pro 5711 PIN, vous rendez votre syst\u00e8me de verouillage \u00e9lectronique encore plus polyvalent, car vous avez alors la possibilit\u00e9 d&#8217;ouvrir votre porte en plus &hellip; <a class=\"kt-excerpt-readmore\" href=\"https:\/\/test.burgwaechterservice.de\/fr\/p\/serrure-electronique\/secuentry-pro-5711-pin\/\" aria-label=\"Clavier \u00e0 code secuENTRY pro 5711 PIN\">Lire la suite<\/a><\/p>\n","protected":false},"featured_media":190187,"comment_status":"closed","ping_status":"closed","template":"","meta":[],"product_cat":[36,4211],"product_tag":[3427],"yoast_head":"<!-- This site is optimized with the Yoast SEO Premium plugin v18.4 (Yoast SEO v19.13) - https:\/\/yoast.com\/wordpress\/plugins\/seo\/ -->\n<title>Clavier digicode secuENTRY pro 5711 de BURG-W\u00c4CHTER.<\/title>\n<meta name=\"description\" content=\"Clavier de d\u00e9verouillage \u00e9lectronique secuENTRY pro 5711 du sp\u00e9cialiste de la s\u00e9curit\u00e9 BURG-W\u00c4CHTER. Transmission des donn\u00e9es par Bluetooth 4.0.\" \/>\n<meta name=\"robots\" content=\"index, follow, max-snippet:-1, max-image-preview:large, max-video-preview:-1\" \/>\n<link rel=\"canonical\" href=\"https:\/\/test.burgwaechterservice.de\/fr\/p\/serrure-electronique\/secuentry-pro-5711-pin\/\" \/>\n<meta property=\"og:locale\" content=\"fr_FR\" \/>\n<meta property=\"og:type\" content=\"article\" \/>\n<meta property=\"og:title\" content=\"Clavier \u00e0 code secuENTRY pro 5711 PIN\" \/>\n<meta property=\"og:description\" content=\"Clavier de d\u00e9verouillage \u00e9lectronique secuENTRY pro 5711 du sp\u00e9cialiste de la s\u00e9curit\u00e9 BURG-W\u00c4CHTER. Transmission des donn\u00e9es par Bluetooth 4.0.\" \/>\n<meta property=\"og:url\" content=\"https:\/\/test.burgwaechterservice.de\/fr\/p\/serrure-electronique\/secuentry-pro-5711-pin\/\" \/>\n<meta property=\"og:site_name\" content=\"Burg-W\u00e4chter France\" \/>\n<meta property=\"article:modified_time\" content=\"2022-04-29T07:02:34+00:00\" \/>\n<meta property=\"og:image\" content=\"https:\/\/test.burgwaechterservice.de\/fr\/wp-content\/uploads\/sites\/4\/2018\/09\/BURG-W\u00c4CHTER-Keypad-secuENTRY-pro-5711-PIN-frontal.jpg\" \/>\n\t<meta property=\"og:image:width\" content=\"1000\" \/>\n\t<meta property=\"og:image:height\" content=\"1000\" \/>\n\t<meta property=\"og:image:type\" content=\"image\/jpeg\" \/>\n<meta name=\"twitter:card\" content=\"summary_large_image\" \/>\n<meta name=\"twitter:label1\" content=\"Dur\u00e9e de lecture estim\u00e9e\" \/>\n\t<meta name=\"twitter:data1\" content=\"2 minutes\" \/>\n<!-- \/ Yoast SEO Premium plugin. -->","yoast_head_json":{"title":"Clavier digicode secuENTRY pro 5711 de BURG-W\u00c4CHTER.","description":"Clavier de d\u00e9verouillage \u00e9lectronique secuENTRY pro 5711 du sp\u00e9cialiste de la s\u00e9curit\u00e9 BURG-W\u00c4CHTER. Transmission des donn\u00e9es par Bluetooth 4.0.","robots":{"index":"index","follow":"follow","max-snippet":"max-snippet:-1","max-image-preview":"max-image-preview:large","max-video-preview":"max-video-preview:-1"},"canonical":"https:\/\/test.burgwaechterservice.de\/fr\/p\/serrure-electronique\/secuentry-pro-5711-pin\/","og_locale":"fr_FR","og_type":"article","og_title":"Clavier \u00e0 code secuENTRY pro 5711 PIN","og_description":"Clavier de d\u00e9verouillage \u00e9lectronique secuENTRY pro 5711 du sp\u00e9cialiste de la s\u00e9curit\u00e9 BURG-W\u00c4CHTER. Transmission des donn\u00e9es par Bluetooth 4.0.","og_url":"https:\/\/test.burgwaechterservice.de\/fr\/p\/serrure-electronique\/secuentry-pro-5711-pin\/","og_site_name":"Burg-W\u00e4chter France","article_modified_time":"2022-04-29T07:02:34+00:00","og_image":[{"width":1000,"height":1000,"url":"https:\/\/test.burgwaechterservice.de\/fr\/wp-content\/uploads\/sites\/4\/2018\/09\/BURG-W\u00c4CHTER-Keypad-secuENTRY-pro-5711-PIN-frontal.jpg","type":"image\/jpeg"}],"twitter_card":"summary_large_image","twitter_misc":{"Dur\u00e9e de lecture estim\u00e9e":"2 minutes"},"schema":{"@context":"https:\/\/schema.org","@graph":[{"@type":"WebPage","@id":"https:\/\/test.burgwaechterservice.de\/fr\/p\/serrure-electronique\/secuentry-pro-5711-pin\/","url":"https:\/\/test.burgwaechterservice.de\/fr\/p\/serrure-electronique\/secuentry-pro-5711-pin\/","name":"Clavier digicode secuENTRY pro 5711 de BURG-W\u00c4CHTER.","isPartOf":{"@id":"https:\/\/test.burgwaechterservice.de\/fr\/#website"},"datePublished":"2018-09-24T06:41:20+00:00","dateModified":"2022-04-29T07:02:34+00:00","description":"Clavier de d\u00e9verouillage \u00e9lectronique secuENTRY pro 5711 du sp\u00e9cialiste de la s\u00e9curit\u00e9 BURG-W\u00c4CHTER. Transmission des donn\u00e9es par Bluetooth 4.0.","breadcrumb":{"@id":"https:\/\/test.burgwaechterservice.de\/fr\/p\/serrure-electronique\/secuentry-pro-5711-pin\/#breadcrumb"},"inLanguage":"fr-FR","potentialAction":[{"@type":"ReadAction","target":["https:\/\/test.burgwaechterservice.de\/fr\/p\/serrure-electronique\/secuentry-pro-5711-pin\/"]}]},{"@type":"BreadcrumbList","@id":"https:\/\/test.burgwaechterservice.de\/fr\/p\/serrure-electronique\/secuentry-pro-5711-pin\/#breadcrumb","itemListElement":[{"@type":"ListItem","position":1,"name":"Accueil","item":"https:\/\/test.burgwaechterservice.de\/fr\/"},{"@type":"ListItem","position":2,"name":"Produits","item":"https:\/\/test.burgwaechterservice.de\/fr\/p\/"},{"@type":"ListItem","position":3,"name":"Clavier \u00e0 code secuENTRY pro 5711 PIN"}]},{"@type":"WebSite","@id":"https:\/\/test.burgwaechterservice.de\/fr\/#website","url":"https:\/\/test.burgwaechterservice.de\/fr\/","name":"Burg-W\u00e4chter France","description":"Le choix le plus s\u00fbr!","potentialAction":[{"@type":"SearchAction","target":{"@type":"EntryPoint","urlTemplate":"https:\/\/test.burgwaechterservice.de\/fr\/?s={search_term_string}"},"query-input":"required name=search_term_string"}],"inLanguage":"fr-FR"}]}},"_links":{"self":[{"href":"https:\/\/test.burgwaechterservice.de\/fr\/wp-json\/wp\/v2\/product\/190186"}],"collection":[{"href":"https:\/\/test.burgwaechterservice.de\/fr\/wp-json\/wp\/v2\/product"}],"about":[{"href":"https:\/\/test.burgwaechterservice.de\/fr\/wp-json\/wp\/v2\/types\/product"}],"replies":[{"embeddable":true,"href":"https:\/\/test.burgwaechterservice.de\/fr\/wp-json\/wp\/v2\/comments?post=190186"}],"wp:featuredmedia":[{"embeddable":true,"href":"https:\/\/test.burgwaechterservice.de\/fr\/wp-json\/wp\/v2\/media\/190187"}],"wp:attachment":[{"href":"https:\/\/test.burgwaechterservice.de\/fr\/wp-json\/wp\/v2\/media?parent=190186"}],"wp:term":[{"taxonomy":"product_cat","embeddable":true,"href":"https:\/\/test.burgwaechterservice.de\/fr\/wp-json\/wp\/v2\/product_cat?post=190186"},{"taxonomy":"product_tag","embeddable":true,"href":"https:\/\/test.burgwaechterservice.de\/fr\/wp-json\/wp\/v2\/product_tag?post=190186"}],"curies":[{"name":"wp","href":"https:\/\/api.w.org\/{rel}","templated":true}]}}