{"id":190183,"date":"2018-09-24T08:41:14","date_gmt":"2018-09-24T06:41:14","guid":{"rendered":"https:\/\/www.burg.biz\/fr\/p\/serrure-electronique\/secuentry-pro-5712-fp\/"},"modified":"2022-04-29T09:02:57","modified_gmt":"2022-04-29T07:02:57","slug":"secuentry-pro-5712-fp","status":"publish","type":"product","link":"https:\/\/test.burgwaechterservice.de\/fr\/p\/serrure-electronique\/secuentry-pro-5712-fp\/","title":{"rendered":"Clavier \u00e0 empreinte digitale secuENTRY pro 5712 FP"},"content":{"rendered":"<h2>D\u00e9verrouillage par empreinte digitale ou code gr\u00e2ce au clavier secuENTRY pro 5712 FP<\/h2>\n<p>Il est tr\u00e8s facile de perdre ou d&#8217;oublier des cl\u00e9s.<strong> Au contraire, on a toujours son doigt sur soi. Et c&#8217;est justement lui qui devient la cl\u00e9 avec le clavier secuENTRY pro 5712 FP (empreinte digitale)!<\/strong> Une fois votre doigt enregistr\u00e9, vous pouvez d\u00e9verouiller votre cylindre \u00e9lectronique secuENTRY en tout confort via le capteur int\u00e9gr\u00e9. Comme tous les humains sans exception poss\u00e8dent une empreinte digitale diff\u00e9rente, la manipulation est impossible.<\/p>\n<p><strong>Il est possible d&#8217;enregistrer un maximum de 300 empreintes digitales (dont 45 empreintes premium).<\/strong> De plus, le clavier secuENTRY pro 5712 FP permet le d\u00e9verouillage par code \u00e0 six chiffres. Bien s\u00fbr, la combinaison peut \u00eatre choisie librement.<\/p>\n<h3>S\u00e9curit\u00e9 des donn\u00e9es gr\u00e2ce au chiffrement AES<\/h3>\n<p>La transmission des donn\u00e9es entre le clavier et le cylindre \u00e9lectronique secuENTRY se fait via une <strong>connexion bluetooth 4.0 crypt\u00e9e AES<\/strong>. Cela garantie que personne ne puisse avoir acc\u00e8s \u00e0 votre empreinte digitale nie \u00e0 votre code.<\/p>\n<p>Gr\u00e2ce \u00e0 une port\u00e9e maximale g\u00e9n\u00e9reuse de quatre m\u00e8tres, l&#8217;installation du secuENTRY pro 5712 FP est particuli\u00e8rement flexible. <strong>D&#8217;autres parts : aucun c\u00e2blage contraignant n&#8217;est n\u00e9cessaire pour l&#8217;installation<\/strong>. L&#8217;\u00e9change des donn\u00e9es se fait par bluetooth.<\/p>\n<p>&nbsp;<\/p>\n<h3>La gamme secuENTRY de BURG-W\u00c4CHTER en vid\u00e9o<\/h3>\n<div class=\"kad-youtube-shortcode videofit\" style=\"max-width:560px;\" ><div class=\"BorlabsCookie _brlbs-cb-youtube\"><div class=\"_brlbs-content-blocker\"> <div class=\"_brlbs-embed _brlbs-video-youtube\"> <img class=\"_brlbs-thumbnail\" src=\"https:\/\/test.burgwaechterservice.de\/fr\/wp-content\/plugins\/borlabs-cookie\/assets\/images\/cb-no-thumbnail.png\" alt=\"YouTube\"> <div class=\"_brlbs-caption\"> <p>By loading the video, you agree to YouTube's privacy policy.<br><a href=\"https:\/\/policies.google.com\/privacy?hl=en&amp;gl=en\" target=\"_blank\" rel=\"nofollow noopener noreferrer\">Learn more<\/a><\/p> <p><a class=\"_brlbs-btn _brlbs-icon-play-white\" href=\"#\" data-borlabs-cookie-unblock role=\"button\">Load video<\/a><\/p> <p><label><input type=\"checkbox\" name=\"unblockAll\" value=\"1\" checked> <small>Always unblock YouTube<\/small><\/label><\/p> <\/div> <\/div> <\/div><div class=\"borlabs-hide\" data-borlabs-cookie-type=\"content-blocker\" data-borlabs-cookie-id=\"youtube\"><script type=\"text\/template\">PGlmcmFtZSB3aWR0aD0iNTYwIiBoZWlnaHQ9IjMxNSIgc3JjPSJodHRwczovL3d3dy55b3V0dWJlLW5vY29va2llLmNvbS9lbWJlZC9LaDJkMlBlVFJoQT9hdXRvcGxheT0wJmNvbnRyb2xzPTEmZnM9MSZtb2Rlc3RicmFuZGluZz0wJnRoZW1lPWRhcmsmcmVsPTEmbG9vcD0wJnNob3dpbmZvPTEiIGZyYW1lYm9yZGVyPSIwIiBhbGxvd2Z1bGxzY3JlZW49InRydWUiPjwvaWZyYW1lPg==<\/script><\/div><\/div><\/div>\n<h3>Le secuENTRY 5712 FP : une installation tr\u00e8s simple<\/h3>\n<p>Le clavier est pos\u00e9 sur le mur de la maison avec du ruban extra adh\u00e9sif ou il est viss\u00e9. Bien s\u00fbr, le mat\u00e9riel d&#8217;installation correspondant est fourni. <strong>Le clavier offre un niveau de protection IP 55<\/strong> (imperm\u00e9abilit\u00e9 \u00e0 la poussi\u00e8re, protection contre les projections d&#8217;eau) et se trouve donc \u00eatre particuli\u00e8rement adapt\u00e9 pour l&#8217;ext\u00e9rieur.<\/p>\n<p>Le clavier secuENTRY 5712 FP s&#8217;active \u00e0 l&#8217;aide de la touche d&#8217;allumage m\u00e9canique. Vous avez ensuite la possibilit\u00e9 d&#8217;ouvrir le cylindre \u00e9lectronique \u00e0 l&#8217;aide de l&#8217;empreinte digitale enregistr\u00e9e auparavant ou encore \u00e0 l&#8217;aide de la combinaison \u00e0 six chiffres. Les cylindres secuENTRY pro <a href=\"https:\/\/test.burgwaechterservice.de\/fr\/p\/serrure-electronique\/secuentry-pro-7000\/\">7000<\/a>, <a href=\"https:\/\/test.burgwaechterservice.de\/fr\/p\/serrure-electronique\/double-secuentry-pro-7010\/\">7010 TWIN<\/a>, <a href=\"https:\/\/test.burgwaechterservice.de\/fr\/p\/serrure-electronique\/secuentry-pro-7030-half\/\">7030 HALF<\/a>, <a href=\"https:\/\/test.burgwaechterservice.de\/fr\/p\/serrure-electronique\/secuentry-pro-7100\/\">7100<\/a> et <a href=\"https:\/\/test.burgwaechterservice.de\/fr\/p\/serrure-electronique\/duo-secuentry-pro-7116\/\">7116 DUO<\/a> enregistrent <strong>jusqu&#8217;\u00e0 2000 combinaisons d&#8217;usagers.<br \/>\n<\/strong><\/p>\n<h3>Le clavier indique la n\u00e9cessit\u00e9 d&#8217;un changement de piles<\/h3>\n<p>Si un doigt non reconnu est appliqu\u00e9 trois fois ou si un code invalide est saisi trois fois, un <strong>blocage automatique d&#8217;une minute<\/strong> est impos\u00e9 par le secuENTRY 5712 FP. Par la suite, le temps de blocage augmente de trois minutes \u00e0 chaque code invalide.<\/p>\n<p>En plus du mat\u00e9riel d&#8217;installation, les piles n\u00e9cessaires sont fournies avec le secuENTRY pro 5712 FP. Ainsi, vous pouvez commencer \u00e0 utiliser le clavier sans attendre. <strong>Par ailleurs, l&#8217;appareil vous informe \u00e0 temps si les piles du clavier ou du cylindre doivent \u00eatre chang\u00e9es<\/strong>. L&#8217;\u00e9cran indique exactement la pile concern\u00e9e. Toutefois, cela reste tr\u00e8s rare. En effet, les piles durent d&#8217;exp\u00e9rience environ deux ans.<\/p>\n<p>&nbsp;<\/p>\n<h4>Le secuENTRY 5712 FP en aper\u00e7u<\/h4>\n<ul>\n<li>Clavier d&#8217;identification sans c\u00e2blage n\u00e9cessaire<\/li>\n<li>Ouverture de la porte par empreinte digitale ou code<\/li>\n<li>Compatible avec tous les cylindres de la <a href=\"https:\/\/test.burgwaechterservice.de\/fr\/c\/serrure-electronique\/secuentry-pro-7000\/\">gamme secuENTRY pro<\/a><\/li>\n<li>Transmission des donn\u00e9es par Bluetooth 4.0 chiffr\u00e9 LE, AES, port\u00e9e max. de 4 m\u00e8tres<\/li>\n<li>Blocage temporaire apr\u00e8s trois codes invalides<\/li>\n<li>Menu en douze langues<\/li>\n<li>Piles et mat\u00e9riel d&#8217;installation fourni(e)s<\/li>\n<\/ul>\n","protected":false},"excerpt":{"rendered":"<p>D\u00e9verrouillage par empreinte digitale ou code gr\u00e2ce au clavier secuENTRY pro 5712 FP Il est tr\u00e8s facile de perdre ou d&#8217;oublier des cl\u00e9s. Au contraire, on a toujours son doigt sur soi. Et c&#8217;est justement lui qui devient la cl\u00e9 &hellip; <a class=\"kt-excerpt-readmore\" href=\"https:\/\/test.burgwaechterservice.de\/fr\/p\/serrure-electronique\/secuentry-pro-5712-fp\/\" aria-label=\"Clavier \u00e0 empreinte digitale secuENTRY pro 5712 FP\">Lire la suite<\/a><\/p>\n","protected":false},"featured_media":190184,"comment_status":"closed","ping_status":"closed","template":"","meta":[],"product_cat":[36,4211],"product_tag":[3427],"yoast_head":"<!-- This site is optimized with the Yoast SEO Premium plugin v18.4 (Yoast SEO v19.13) - https:\/\/yoast.com\/wordpress\/plugins\/seo\/ -->\n<title>Clavier empreinte digitale\/code secuENTRY pro 5712 : BURG-W\u00c4CHTER.<\/title>\n<meta name=\"description\" content=\"Clavier d&#039;identification secuENTRY \u00e0 code et empreinte digitale de l&#039;expert en s\u00e9curit\u00e9 BURG-W\u00c4CHTER. Compatible : tous cylindres de la gamme secuENTRY pro.\" \/>\n<meta name=\"robots\" content=\"index, follow, max-snippet:-1, max-image-preview:large, max-video-preview:-1\" \/>\n<link rel=\"canonical\" href=\"https:\/\/test.burgwaechterservice.de\/fr\/p\/serrure-electronique\/secuentry-pro-5712-fp\/\" \/>\n<meta property=\"og:locale\" content=\"fr_FR\" \/>\n<meta property=\"og:type\" content=\"article\" \/>\n<meta property=\"og:title\" content=\"Clavier \u00e0 empreinte digitale secuENTRY pro 5712 FP\" \/>\n<meta property=\"og:description\" content=\"Clavier d&#039;identification secuENTRY \u00e0 code et empreinte digitale de l&#039;expert en s\u00e9curit\u00e9 BURG-W\u00c4CHTER. Compatible : tous cylindres de la gamme secuENTRY pro.\" \/>\n<meta property=\"og:url\" content=\"https:\/\/test.burgwaechterservice.de\/fr\/p\/serrure-electronique\/secuentry-pro-5712-fp\/\" \/>\n<meta property=\"og:site_name\" content=\"Burg-W\u00e4chter France\" \/>\n<meta property=\"article:modified_time\" content=\"2022-04-29T07:02:57+00:00\" \/>\n<meta property=\"og:image\" content=\"https:\/\/test.burgwaechterservice.de\/fr\/wp-content\/uploads\/sites\/4\/2018\/09\/BURG-W\u00c4CHTER-Keypad-secuENTRY-pro-5712-FP-frontal.jpg\" \/>\n\t<meta property=\"og:image:width\" content=\"1000\" \/>\n\t<meta property=\"og:image:height\" content=\"1000\" \/>\n\t<meta property=\"og:image:type\" content=\"image\/jpeg\" \/>\n<meta name=\"twitter:card\" content=\"summary_large_image\" \/>\n<meta name=\"twitter:label1\" content=\"Dur\u00e9e de lecture estim\u00e9e\" \/>\n\t<meta name=\"twitter:data1\" content=\"3 minutes\" \/>\n<!-- \/ Yoast SEO Premium plugin. -->","yoast_head_json":{"title":"Clavier empreinte digitale\/code secuENTRY pro 5712 : BURG-W\u00c4CHTER.","description":"Clavier d'identification secuENTRY \u00e0 code et empreinte digitale de l'expert en s\u00e9curit\u00e9 BURG-W\u00c4CHTER. Compatible : tous cylindres de la gamme secuENTRY pro.","robots":{"index":"index","follow":"follow","max-snippet":"max-snippet:-1","max-image-preview":"max-image-preview:large","max-video-preview":"max-video-preview:-1"},"canonical":"https:\/\/test.burgwaechterservice.de\/fr\/p\/serrure-electronique\/secuentry-pro-5712-fp\/","og_locale":"fr_FR","og_type":"article","og_title":"Clavier \u00e0 empreinte digitale secuENTRY pro 5712 FP","og_description":"Clavier d'identification secuENTRY \u00e0 code et empreinte digitale de l'expert en s\u00e9curit\u00e9 BURG-W\u00c4CHTER. Compatible : tous cylindres de la gamme secuENTRY pro.","og_url":"https:\/\/test.burgwaechterservice.de\/fr\/p\/serrure-electronique\/secuentry-pro-5712-fp\/","og_site_name":"Burg-W\u00e4chter France","article_modified_time":"2022-04-29T07:02:57+00:00","og_image":[{"width":1000,"height":1000,"url":"https:\/\/test.burgwaechterservice.de\/fr\/wp-content\/uploads\/sites\/4\/2018\/09\/BURG-W\u00c4CHTER-Keypad-secuENTRY-pro-5712-FP-frontal.jpg","type":"image\/jpeg"}],"twitter_card":"summary_large_image","twitter_misc":{"Dur\u00e9e de lecture estim\u00e9e":"3 minutes"},"schema":{"@context":"https:\/\/schema.org","@graph":[{"@type":"WebPage","@id":"https:\/\/test.burgwaechterservice.de\/fr\/p\/serrure-electronique\/secuentry-pro-5712-fp\/","url":"https:\/\/test.burgwaechterservice.de\/fr\/p\/serrure-electronique\/secuentry-pro-5712-fp\/","name":"Clavier empreinte digitale\/code secuENTRY pro 5712 : BURG-W\u00c4CHTER.","isPartOf":{"@id":"https:\/\/test.burgwaechterservice.de\/fr\/#website"},"datePublished":"2018-09-24T06:41:14+00:00","dateModified":"2022-04-29T07:02:57+00:00","description":"Clavier d'identification secuENTRY \u00e0 code et empreinte digitale de l'expert en s\u00e9curit\u00e9 BURG-W\u00c4CHTER. Compatible : tous cylindres de la gamme secuENTRY pro.","breadcrumb":{"@id":"https:\/\/test.burgwaechterservice.de\/fr\/p\/serrure-electronique\/secuentry-pro-5712-fp\/#breadcrumb"},"inLanguage":"fr-FR","potentialAction":[{"@type":"ReadAction","target":["https:\/\/test.burgwaechterservice.de\/fr\/p\/serrure-electronique\/secuentry-pro-5712-fp\/"]}]},{"@type":"BreadcrumbList","@id":"https:\/\/test.burgwaechterservice.de\/fr\/p\/serrure-electronique\/secuentry-pro-5712-fp\/#breadcrumb","itemListElement":[{"@type":"ListItem","position":1,"name":"Accueil","item":"https:\/\/test.burgwaechterservice.de\/fr\/"},{"@type":"ListItem","position":2,"name":"Produits","item":"https:\/\/test.burgwaechterservice.de\/fr\/p\/"},{"@type":"ListItem","position":3,"name":"Clavier \u00e0 empreinte digitale secuENTRY pro 5712 FP"}]},{"@type":"WebSite","@id":"https:\/\/test.burgwaechterservice.de\/fr\/#website","url":"https:\/\/test.burgwaechterservice.de\/fr\/","name":"Burg-W\u00e4chter France","description":"Le choix le plus s\u00fbr!","potentialAction":[{"@type":"SearchAction","target":{"@type":"EntryPoint","urlTemplate":"https:\/\/test.burgwaechterservice.de\/fr\/?s={search_term_string}"},"query-input":"required name=search_term_string"}],"inLanguage":"fr-FR"}]}},"_links":{"self":[{"href":"https:\/\/test.burgwaechterservice.de\/fr\/wp-json\/wp\/v2\/product\/190183"}],"collection":[{"href":"https:\/\/test.burgwaechterservice.de\/fr\/wp-json\/wp\/v2\/product"}],"about":[{"href":"https:\/\/test.burgwaechterservice.de\/fr\/wp-json\/wp\/v2\/types\/product"}],"replies":[{"embeddable":true,"href":"https:\/\/test.burgwaechterservice.de\/fr\/wp-json\/wp\/v2\/comments?post=190183"}],"wp:featuredmedia":[{"embeddable":true,"href":"https:\/\/test.burgwaechterservice.de\/fr\/wp-json\/wp\/v2\/media\/190184"}],"wp:attachment":[{"href":"https:\/\/test.burgwaechterservice.de\/fr\/wp-json\/wp\/v2\/media?parent=190183"}],"wp:term":[{"taxonomy":"product_cat","embeddable":true,"href":"https:\/\/test.burgwaechterservice.de\/fr\/wp-json\/wp\/v2\/product_cat?post=190183"},{"taxonomy":"product_tag","embeddable":true,"href":"https:\/\/test.burgwaechterservice.de\/fr\/wp-json\/wp\/v2\/product_tag?post=190183"}],"curies":[{"name":"wp","href":"https:\/\/api.w.org\/{rel}","templated":true}]}}