{"id":190179,"date":"2018-09-24T08:41:03","date_gmt":"2018-09-24T06:41:03","guid":{"rendered":"https:\/\/www.burg.biz\/fr\/p\/serrure-electronique\/transpondeur-secuentry-pro-5710\/"},"modified":"2021-08-12T14:39:11","modified_gmt":"2021-08-12T12:39:11","slug":"transpondeur-secuentry-pro-5710","status":"publish","type":"product","link":"https:\/\/test.burgwaechterservice.de\/fr\/p\/serrure-electronique\/transpondeur-secuentry-pro-5710\/","title":{"rendered":"Transpondeur secuENTRY 5710"},"content":{"rendered":"<h2>Transpondeur passif \u00e0 la pointe de la modernit\u00e9<\/h2>\n<p>D\u00e9verrouiller une porte sans aucun contact? C&#8217;est possible gr\u00e2ce \u00e0 la technologie confortable du transpondeur passif secuENTRY 5710. <strong>Il suffit de pr\u00e9senter une carte \u00e9lectronique qui tient dans la main (47 x 27 mm) devant le cylindre secuENTRY<\/strong>. La serrure s&#8217;en trouve d\u00e9verrouill\u00e9e et vous pouvez alors ouvrir la porte ou bien la verrouiller de nouveau.<\/p>\n<p>Le transpondeur passif communique avec le cylindre \u00e9lectronique de la porte gr\u00e2ce \u00e0 la<strong> technologie RFID<\/strong> (identifiant \u00e0 fr\u00e9quence radio). <strong>Par ailleurs, les donn\u00e9es transmises sont crypt\u00e9es AES<\/strong>. Ainsi, vous n&#8217;avez pas \u00e0 craindre que vos droits d&#8217;acc\u00e8s soient intercept\u00e9s ou abus\u00e9s par des intrus.<\/p>\n<h3>L&#8217;attribution de droits de d\u00e9verrouillage du cylindre secuENTRY est simple et rapide<\/h3>\n<p>Le transpondeur secuENTRY 5710 peut \u00eatre reconnu par le <a href=\"https:\/\/test.burgwaechterservice.de\/fr\/p\/serrure-electronique\/logiciel-secuentry\/\">logiciel secuENTRY<\/a> gr\u00e2ce au QR-code fourni. Du reste, le <a href=\"https:\/\/test.burgwaechterservice.de\/fr\/p\/serrure-electronique\/generateur-secuentry-pro-7073\/\" target=\"_blank\" rel=\"noopener noreferrer\">g\u00e9n\u00e9rateur secuENTRY pro 7073<\/a> permet de lire et engendrer les transpondeurs passifs. Un transpondeur passif peut aussi \u00eatre <strong>enregistr\u00e9 via les claviers<\/strong><strong> <a href=\"https:\/\/test.burgwaechterservice.de\/fr\/p\/serrure-electronique\/secuentry-pro-5711-pin\/\" target=\"_blank\" rel=\"noopener noreferrer\"> secuEntry 5701 \u00e0 code<\/a> et <a href=\"https:\/\/test.burgwaechterservice.de\/fr\/p\/serrure-electronique\/secuentry-pro-5712-fp\/\" target=\"_blank\" rel=\"noopener noreferrer\">secuEntry 5702 \u00e0 empreinte digitale<\/a> en quelques \u00e9tapes.<\/strong> Ainsi, vous attribuez des droits d&#8217;ouverture pour votre porte en toute s\u00e9curit\u00e9 et \u00e0 vitesse \u00e9clair.<\/p>\n<p>Vous avez besoin pour plusieurs usagers de plus que seulement un ou deux transpondeurs? Aucun probl\u00e8me : BURG-W\u00c4CHTER propose des cl\u00e9s \u00e9lectroniques s\u00e9par\u00e9es \u00e0 prix bas, et que vous pouvez acqu\u00e9rir selon vos besoin en plus de votre serrure \u00e9lectronique.<\/p>\n<h3>Le secuENTRY 5710 : id\u00e9al pour l&#8217;h\u00f4tellerie, les entreprises et les autorit\u00e9s \u00e9tatiques<\/h3>\n<p>De par<strong> la rapidit\u00e9 et la simplicit\u00e9 de l&#8217;attribution des droits<\/strong> via le logiciel optionnel secuENTRY pour PC, le pratique transpondeur passif est particuli\u00e8rement bien adapt\u00e9 pour l&#8217;h\u00f4tellerie et partout o\u00f9 des droits d&#8217;acc\u00e8s temporaires sont utilis\u00e9s. Par exemple en entreprise ou dans l&#8217;administration. Ainsi, vous pouvez modifier \u00e0 tout moment les droits d&#8217;un transpondeur et en attribuer de nouveaux. Les anciens droits n&#8217;ont qu&#8217;\u00e0 \u00eatre supprim\u00e9s.<\/p>\n<h3>Le transpondeur passif en aper\u00e7u<\/h3>\n<ul>\n<li>Transpondeur passif tenant dans la paume de main et \u00e0 la pointe de la modernit\u00e9<\/li>\n<li>Droits d&#8217;acc\u00e8s et dur\u00e9es de validit\u00e9\u00a0facilement programmables via la composante optionnelle (logiciel secuENTRY)<\/li>\n<li>Droits d&#8217;acc\u00e8s \u00e0 dur\u00e9e limit\u00e9e. Par exemple pour utilisation dans l&#8217;h\u00f4tellerie, en entreprise ou dans l&#8217;administration.<\/li>\n<\/ul>\n<p>&nbsp;<\/p>\n<h4>Le secuENTRY 5710 est compatible avec :<\/h4>\n<ul>\n<li><a href=\"https:\/\/test.burgwaechterservice.de\/fr\/p\/serrure-electronique\/secuentry-pro-7000\/\" target=\"_blank\" rel=\"noopener noreferrer\">Cylindre secuENTRY pro 7000<\/a><\/li>\n<li><a href=\"https:\/\/test.burgwaechterservice.de\/fr\/p\/serrure-electronique\/double-secuentry-pro-7010\/\">Cylindre double secuENTRY pro 7010<\/a><\/li>\n<li><a href=\"https:\/\/test.burgwaechterservice.de\/fr\/p\/serrure-electronique\/secuentry-pro-7030-half\/\" target=\"_blank\" rel=\"noopener noreferrer\">Demi-cylindre secuENTRY pro 7030<\/a><\/li>\n<li><a href=\"https:\/\/test.burgwaechterservice.de\/fr\/p\/serrure-electronique\/generateur-secuentry-pro-7073\/\" target=\"_blank\" rel=\"noopener noreferrer\"> G\u00e9n\u00e9rateur secuENTRY pro 7073<\/a><\/li>\n<li><a href=\"https:\/\/test.burgwaechterservice.de\/fr\/p\/serrure-electronique\/duo-secuentry-pro-7116\/\">Cylindre Duo secuENTRY pro 7116<\/a><\/li>\n<li><a href=\"https:\/\/test.burgwaechterservice.de\/fr\/p\/serrure-electronique\/secuentry-5700-basic-set\/\" target=\"_blank\" rel=\"noopener noreferrer\">Cylindre standard secuEntry 5700<\/a><\/li>\n<li><a href=\"https:\/\/test.burgwaechterservice.de\/fr\/p\/serrure-electronique\/secuentry-5701-pincode\/\" target=\"_blank\" rel=\"noopener noreferrer\">Clavier \u00e0 code secuEntry 5701<\/a><\/li>\n<li><a href=\"https:\/\/test.burgwaechterservice.de\/fr\/p\/serrure-electronique\/secuentry-5702-fingerprint\/\" target=\"_blank\" rel=\"noopener noreferrer\">Clavier \u00e0 empreinte digitale secuEntry 5702<\/a><\/li>\n<li><a href=\"https:\/\/test.burgwaechterservice.de\/fr\/p\/serrure-electronique\/secuentry-5705-half\/\" target=\"_blank\" rel=\"noopener noreferrer\">Demi-cylindre secuEntry 5705<\/a><\/li>\n<li>Clavier \u00e0 code secuENTRY easy plus 5651<\/li>\n<li>Clavier \u00e0 empreinte digitale secuENTRY easy plus 5652<\/li>\n<\/ul>\n","protected":false},"excerpt":{"rendered":"<p>Transpondeur passif \u00e0 la pointe de la modernit\u00e9 D\u00e9verrouiller une porte sans aucun contact? C&#8217;est possible gr\u00e2ce \u00e0 la technologie confortable du transpondeur passif secuENTRY 5710. Il suffit de pr\u00e9senter une carte \u00e9lectronique qui tient dans la main (47 x &hellip; <a class=\"kt-excerpt-readmore\" href=\"https:\/\/test.burgwaechterservice.de\/fr\/p\/serrure-electronique\/transpondeur-secuentry-pro-5710\/\" aria-label=\"Transpondeur secuENTRY 5710\">Lire la suite<\/a><\/p>\n","protected":false},"featured_media":190180,"comment_status":"closed","ping_status":"closed","template":"","meta":[],"product_cat":[36,5802,4211],"product_tag":[551],"yoast_head":"<!-- This site is optimized with the Yoast SEO Premium plugin v18.4 (Yoast SEO v19.13) - https:\/\/yoast.com\/wordpress\/plugins\/seo\/ -->\n<title>Transpondeur passif secuENTRY 5710 : par BURG-W\u00c4CHTER.<\/title>\n<meta name=\"description\" content=\"Transpondeur secuENTRY 5710 du sp\u00e9cialiste BURG-W\u00c4CHTER. Porte d\u00e9verrouill\u00e9e sans contact, droits d&#039;entr\u00e9e temporaires : utile pour h\u00f4tel, entreprise, etc.\" \/>\n<meta name=\"robots\" content=\"index, follow, max-snippet:-1, max-image-preview:large, max-video-preview:-1\" \/>\n<link rel=\"canonical\" href=\"https:\/\/test.burgwaechterservice.de\/fr\/p\/serrure-electronique\/transpondeur-secuentry-pro-5710\/\" \/>\n<meta property=\"og:locale\" content=\"fr_FR\" \/>\n<meta property=\"og:type\" content=\"article\" \/>\n<meta property=\"og:title\" content=\"Transpondeur secuENTRY 5710\" \/>\n<meta property=\"og:description\" content=\"Transpondeur secuENTRY 5710 du sp\u00e9cialiste BURG-W\u00c4CHTER. Porte d\u00e9verrouill\u00e9e sans contact, droits d&#039;entr\u00e9e temporaires : utile pour h\u00f4tel, entreprise, etc.\" \/>\n<meta property=\"og:url\" content=\"https:\/\/test.burgwaechterservice.de\/fr\/p\/serrure-electronique\/transpondeur-secuentry-pro-5710\/\" \/>\n<meta property=\"og:site_name\" content=\"Burg-W\u00e4chter France\" \/>\n<meta property=\"article:modified_time\" content=\"2021-08-12T12:39:11+00:00\" \/>\n<meta property=\"og:image\" content=\"https:\/\/test.burgwaechterservice.de\/fr\/wp-content\/uploads\/sites\/4\/2018\/09\/secuENTRY-Passivtransponder-5710.jpg\" \/>\n\t<meta property=\"og:image:width\" content=\"1000\" \/>\n\t<meta property=\"og:image:height\" content=\"1000\" \/>\n\t<meta property=\"og:image:type\" content=\"image\/jpeg\" \/>\n<meta name=\"twitter:card\" content=\"summary_large_image\" \/>\n<meta name=\"twitter:label1\" content=\"Dur\u00e9e de lecture estim\u00e9e\" \/>\n\t<meta name=\"twitter:data1\" content=\"2 minutes\" \/>\n<!-- \/ Yoast SEO Premium plugin. -->","yoast_head_json":{"title":"Transpondeur passif secuENTRY 5710 : par BURG-W\u00c4CHTER.","description":"Transpondeur secuENTRY 5710 du sp\u00e9cialiste BURG-W\u00c4CHTER. Porte d\u00e9verrouill\u00e9e sans contact, droits d'entr\u00e9e temporaires : utile pour h\u00f4tel, entreprise, etc.","robots":{"index":"index","follow":"follow","max-snippet":"max-snippet:-1","max-image-preview":"max-image-preview:large","max-video-preview":"max-video-preview:-1"},"canonical":"https:\/\/test.burgwaechterservice.de\/fr\/p\/serrure-electronique\/transpondeur-secuentry-pro-5710\/","og_locale":"fr_FR","og_type":"article","og_title":"Transpondeur secuENTRY 5710","og_description":"Transpondeur secuENTRY 5710 du sp\u00e9cialiste BURG-W\u00c4CHTER. Porte d\u00e9verrouill\u00e9e sans contact, droits d'entr\u00e9e temporaires : utile pour h\u00f4tel, entreprise, etc.","og_url":"https:\/\/test.burgwaechterservice.de\/fr\/p\/serrure-electronique\/transpondeur-secuentry-pro-5710\/","og_site_name":"Burg-W\u00e4chter France","article_modified_time":"2021-08-12T12:39:11+00:00","og_image":[{"width":1000,"height":1000,"url":"https:\/\/test.burgwaechterservice.de\/fr\/wp-content\/uploads\/sites\/4\/2018\/09\/secuENTRY-Passivtransponder-5710.jpg","type":"image\/jpeg"}],"twitter_card":"summary_large_image","twitter_misc":{"Dur\u00e9e de lecture estim\u00e9e":"2 minutes"},"schema":{"@context":"https:\/\/schema.org","@graph":[{"@type":"WebPage","@id":"https:\/\/test.burgwaechterservice.de\/fr\/p\/serrure-electronique\/transpondeur-secuentry-pro-5710\/","url":"https:\/\/test.burgwaechterservice.de\/fr\/p\/serrure-electronique\/transpondeur-secuentry-pro-5710\/","name":"Transpondeur passif secuENTRY 5710 : par BURG-W\u00c4CHTER.","isPartOf":{"@id":"https:\/\/test.burgwaechterservice.de\/fr\/#website"},"datePublished":"2018-09-24T06:41:03+00:00","dateModified":"2021-08-12T12:39:11+00:00","description":"Transpondeur secuENTRY 5710 du sp\u00e9cialiste BURG-W\u00c4CHTER. Porte d\u00e9verrouill\u00e9e sans contact, droits d'entr\u00e9e temporaires : utile pour h\u00f4tel, entreprise, etc.","breadcrumb":{"@id":"https:\/\/test.burgwaechterservice.de\/fr\/p\/serrure-electronique\/transpondeur-secuentry-pro-5710\/#breadcrumb"},"inLanguage":"fr-FR","potentialAction":[{"@type":"ReadAction","target":["https:\/\/test.burgwaechterservice.de\/fr\/p\/serrure-electronique\/transpondeur-secuentry-pro-5710\/"]}]},{"@type":"BreadcrumbList","@id":"https:\/\/test.burgwaechterservice.de\/fr\/p\/serrure-electronique\/transpondeur-secuentry-pro-5710\/#breadcrumb","itemListElement":[{"@type":"ListItem","position":1,"name":"Accueil","item":"https:\/\/test.burgwaechterservice.de\/fr\/"},{"@type":"ListItem","position":2,"name":"Produits","item":"https:\/\/test.burgwaechterservice.de\/fr\/p\/"},{"@type":"ListItem","position":3,"name":"Transpondeur secuENTRY 5710"}]},{"@type":"WebSite","@id":"https:\/\/test.burgwaechterservice.de\/fr\/#website","url":"https:\/\/test.burgwaechterservice.de\/fr\/","name":"Burg-W\u00e4chter France","description":"Le choix le plus s\u00fbr!","potentialAction":[{"@type":"SearchAction","target":{"@type":"EntryPoint","urlTemplate":"https:\/\/test.burgwaechterservice.de\/fr\/?s={search_term_string}"},"query-input":"required name=search_term_string"}],"inLanguage":"fr-FR"}]}},"_links":{"self":[{"href":"https:\/\/test.burgwaechterservice.de\/fr\/wp-json\/wp\/v2\/product\/190179"}],"collection":[{"href":"https:\/\/test.burgwaechterservice.de\/fr\/wp-json\/wp\/v2\/product"}],"about":[{"href":"https:\/\/test.burgwaechterservice.de\/fr\/wp-json\/wp\/v2\/types\/product"}],"replies":[{"embeddable":true,"href":"https:\/\/test.burgwaechterservice.de\/fr\/wp-json\/wp\/v2\/comments?post=190179"}],"wp:featuredmedia":[{"embeddable":true,"href":"https:\/\/test.burgwaechterservice.de\/fr\/wp-json\/wp\/v2\/media\/190180"}],"wp:attachment":[{"href":"https:\/\/test.burgwaechterservice.de\/fr\/wp-json\/wp\/v2\/media?parent=190179"}],"wp:term":[{"taxonomy":"product_cat","embeddable":true,"href":"https:\/\/test.burgwaechterservice.de\/fr\/wp-json\/wp\/v2\/product_cat?post=190179"},{"taxonomy":"product_tag","embeddable":true,"href":"https:\/\/test.burgwaechterservice.de\/fr\/wp-json\/wp\/v2\/product_tag?post=190179"}],"curies":[{"name":"wp","href":"https:\/\/api.w.org\/{rel}","templated":true}]}}