{"id":190175,"date":"2018-09-24T08:40:54","date_gmt":"2018-09-24T06:40:54","guid":{"rendered":"https:\/\/www.burg.biz\/fr\/p\/serrure-electronique\/relais-secuentry-pro-7071\/"},"modified":"2020-06-21T21:14:24","modified_gmt":"2020-06-21T19:14:24","slug":"relais-secuentry-pro-7071","status":"publish","type":"product","link":"https:\/\/test.burgwaechterservice.de\/fr\/p\/serrure-electronique\/relais-secuentry-pro-7071\/","title":{"rendered":"Relais secuENTRY pro 7071"},"content":{"rendered":"<h2>Relais secuENTRY pro 7071 : ouvrir portails et garages en tout confort<\/h2>\n<p>Vous souhaitez une ouverture \u00e9lectrique de votre porte de garage? Ou du portail d&#8217;entr\u00e9e de votre court? Int\u00e9grez donc votre portail correspondant au syst\u00e8me de fermeture secuENTRY pro!<strong> C&#8217;est possible gr\u00e2ce au relais secuENTRY pro 7071<\/strong>. La partie commutation \u00e9met le signal correspondant \u00e0 l&#8217;ouverture ou la fermeture du portail. Bien s\u00fbr, il y a de nombreuses autres utilisations possibles. <strong>Il est donc possible d&#8217;allumer ou d&#8217;\u00e9teindre tout appareil \u00e9lectrique externe \u00e0 l&#8217;aide du relais<\/strong>. Par exemple un portail-store automatis\u00e9 ou des barri\u00e8res. Il est aussi possible d&#8217;allumer ou \u00e9teindre des sources de lumi\u00e8re via la partie commutation.<\/p>\n<h3>Transmission des donn\u00e9es s\u00e9curis\u00e9e gr\u00e2ce au chiffrement AES<\/h3>\n<p>Le relais secuENTRY pro 7071 est activable de diff\u00e9rentes mani\u00e8res : par code, par empreinte digitale via le <a href=\"https:\/\/test.burgwaechterservice.de\/fr\/c\/serrure-electronique\/secuentry-pro-7000\/\">clavier secuENTRY pro<\/a> ou encore \u00e0 l&#8217;aide du <a href=\"https:\/\/test.burgwaechterservice.de\/fr\/p\/serrure-electronique\/secuentry-5713-se-key\/\">transpondeur actif sE-Key<\/a>. Bien s\u00fbr, le cont\u00f4le est aussi possible par <a href=\"https:\/\/test.burgwaechterservice.de\/fr\/p\/serrure-electronique\/appli-cle\/\">l&#8217;application secuENTRY<\/a>. Les <strong>donn\u00e9es sont r\u00e9ceptionn\u00e9es par bluetooth 4.0 et s\u00e9curis\u00e9es gr\u00e2ce au cryptage AES<\/strong>. La partie commutation doit \u00eatre install\u00e9e dans un endroit \u00e0 l&#8217;abri des intemp\u00e9ries et manipulations. Important : il faut absolument \u00e9viter une tension de 230 Volt via le relais 7071. La tension maximale est de 24 Volt. Pour enregistrer le relais secuENTRY pro 7071 par votre syst\u00e8me, il vous suffit d&#8217;utiliser le QR-code fourni dans l&#8217;emballage.<\/p>\n<h3>Attribuer des droits d&#8217;acc\u00e8s et fonctions temporaire en toute simplicit\u00e9<\/h3>\n<p>En passant par le logiciel optionnel secuENTRY, vous pouvez<strong> \u00e9quiper le relais d&#8217;une fonction horaire et de droits d&#8217;entr\u00e9e<\/strong>. Ainsi, vous garder toujours le contr\u00f4le sur qui a le droit ou non d&#8217;utiliser les fonctions du relais secuENTRY pro 7071.<\/p>\n<p>&nbsp;<\/p>\n<h4>Donn\u00e9es techniques secuENTRY pro 7071 Relay<\/h4>\n<ul>\n<li>Alimentation : Bloc d&#8217;alimentation 1\u00a0 6-12V tension continue 500 mAh<\/li>\n<li>Port\u00e9e radio : jusqu&#8217;\u00e0 4m (crypt\u00e9 AES)<\/li>\n<li>Branchements : 6V \u00e0 12V DC 500 mAh, GND, COM, NC contact \u00e0 ouverture sans potentiel \u00e9lectrique (max. 24V, 1A), NO contact \u00e0 fermeture sans potentiel \u00e9lectrique (max. 24V, 1A)<\/li>\n<li>dur\u00e9e de couplage : 1 seconde \u00e0 17:59:59 heures<\/li>\n<li>Transmission des donn\u00e9es : Bluetooth 4.0 LE (cryptage AES)<\/li>\n<\/ul>\n<h4>Dispositifs d&#8217;ouverture<\/h4>\n<ul>\n<li>Combinaison : 2000 usagers<\/li>\n<li>Empreinte digitale : 200-300 usagers, dont 45 empreintes digitales premium<\/li>\n<li>Appareils intelligents : 2000 usagers<\/li>\n<li>Transpondeur actif : 2000 usagers<\/li>\n<\/ul>\n<h4>Fonctionnalit\u00e9s supll\u00e9mentaires via le logiciel optionnel<\/h4>\n<ul>\n<li>Historique : 2000 entr\u00e9es<\/li>\n<li>Gestions des usagers et groupes<\/li>\n<li>Fonctions calendrier et horaires<\/li>\n<li>Attribution de droits<\/li>\n<li>Mode h\u00f4tel<\/li>\n<li>Minuterie relais<em><br \/>\n<\/em><\/li>\n<\/ul>\n","protected":false},"excerpt":{"rendered":"<p>Relais secuENTRY pro 7071 : ouvrir portails et garages en tout confort Vous souhaitez une ouverture \u00e9lectrique de votre porte de garage? Ou du portail d&#8217;entr\u00e9e de votre court? Int\u00e9grez donc votre portail correspondant au syst\u00e8me de fermeture secuENTRY pro! &hellip; <a class=\"kt-excerpt-readmore\" href=\"https:\/\/test.burgwaechterservice.de\/fr\/p\/serrure-electronique\/relais-secuentry-pro-7071\/\" aria-label=\"Relais secuENTRY pro 7071\">Lire la suite<\/a><\/p>\n","protected":false},"featured_media":422912,"comment_status":"closed","ping_status":"closed","template":"","meta":[],"product_cat":[36,4211],"product_tag":[3427],"yoast_head":"<!-- This site is optimized with the Yoast SEO Premium plugin v18.4 (Yoast SEO v19.13) - https:\/\/yoast.com\/wordpress\/plugins\/seo\/ -->\n<title>Relais secuENTRY pro 7071 du sp\u00e9cialiste en s\u00e9curit\u00e9 BURG-W\u00c4CHTER.<\/title>\n<meta name=\"description\" content=\"Relais secuENTRY pro 7071 de BURG-W\u00c4CHTER. Allumer ou \u00e9teindre \u00e0 distance des \u00e9quipements \u00e9lectriques. Pour garages, barri\u00e8res, portails-stores automatis\u00e9s.\" \/>\n<meta name=\"robots\" content=\"index, follow, max-snippet:-1, max-image-preview:large, max-video-preview:-1\" \/>\n<link rel=\"canonical\" href=\"https:\/\/test.burgwaechterservice.de\/fr\/p\/serrure-electronique\/relais-secuentry-pro-7071\/\" \/>\n<meta property=\"og:locale\" content=\"fr_FR\" \/>\n<meta property=\"og:type\" content=\"article\" \/>\n<meta property=\"og:title\" content=\"Relais secuENTRY pro 7071\" \/>\n<meta property=\"og:description\" content=\"Relais secuENTRY pro 7071 de BURG-W\u00c4CHTER. Allumer ou \u00e9teindre \u00e0 distance des \u00e9quipements \u00e9lectriques. Pour garages, barri\u00e8res, portails-stores automatis\u00e9s.\" \/>\n<meta property=\"og:url\" content=\"https:\/\/test.burgwaechterservice.de\/fr\/p\/serrure-electronique\/relais-secuentry-pro-7071\/\" \/>\n<meta property=\"og:site_name\" content=\"Burg-W\u00e4chter France\" \/>\n<meta property=\"article:modified_time\" content=\"2020-06-21T19:14:24+00:00\" \/>\n<meta property=\"og:image\" content=\"https:\/\/test.burgwaechterservice.de\/fr\/wp-content\/uploads\/sites\/4\/2018\/09\/secuENTRY_pro_7071_RELAY_draufsicht-1.jpg\" \/>\n\t<meta property=\"og:image:width\" content=\"1000\" \/>\n\t<meta property=\"og:image:height\" content=\"1000\" \/>\n\t<meta property=\"og:image:type\" content=\"image\/jpeg\" \/>\n<meta name=\"twitter:card\" content=\"summary_large_image\" \/>\n<meta name=\"twitter:label1\" content=\"Dur\u00e9e de lecture estim\u00e9e\" \/>\n\t<meta name=\"twitter:data1\" content=\"2 minutes\" \/>\n<!-- \/ Yoast SEO Premium plugin. -->","yoast_head_json":{"title":"Relais secuENTRY pro 7071 du sp\u00e9cialiste en s\u00e9curit\u00e9 BURG-W\u00c4CHTER.","description":"Relais secuENTRY pro 7071 de BURG-W\u00c4CHTER. Allumer ou \u00e9teindre \u00e0 distance des \u00e9quipements \u00e9lectriques. Pour garages, barri\u00e8res, portails-stores automatis\u00e9s.","robots":{"index":"index","follow":"follow","max-snippet":"max-snippet:-1","max-image-preview":"max-image-preview:large","max-video-preview":"max-video-preview:-1"},"canonical":"https:\/\/test.burgwaechterservice.de\/fr\/p\/serrure-electronique\/relais-secuentry-pro-7071\/","og_locale":"fr_FR","og_type":"article","og_title":"Relais secuENTRY pro 7071","og_description":"Relais secuENTRY pro 7071 de BURG-W\u00c4CHTER. Allumer ou \u00e9teindre \u00e0 distance des \u00e9quipements \u00e9lectriques. Pour garages, barri\u00e8res, portails-stores automatis\u00e9s.","og_url":"https:\/\/test.burgwaechterservice.de\/fr\/p\/serrure-electronique\/relais-secuentry-pro-7071\/","og_site_name":"Burg-W\u00e4chter France","article_modified_time":"2020-06-21T19:14:24+00:00","og_image":[{"width":1000,"height":1000,"url":"https:\/\/test.burgwaechterservice.de\/fr\/wp-content\/uploads\/sites\/4\/2018\/09\/secuENTRY_pro_7071_RELAY_draufsicht-1.jpg","type":"image\/jpeg"}],"twitter_card":"summary_large_image","twitter_misc":{"Dur\u00e9e de lecture estim\u00e9e":"2 minutes"},"schema":{"@context":"https:\/\/schema.org","@graph":[{"@type":"WebPage","@id":"https:\/\/test.burgwaechterservice.de\/fr\/p\/serrure-electronique\/relais-secuentry-pro-7071\/","url":"https:\/\/test.burgwaechterservice.de\/fr\/p\/serrure-electronique\/relais-secuentry-pro-7071\/","name":"Relais secuENTRY pro 7071 du sp\u00e9cialiste en s\u00e9curit\u00e9 BURG-W\u00c4CHTER.","isPartOf":{"@id":"https:\/\/test.burgwaechterservice.de\/fr\/#website"},"datePublished":"2018-09-24T06:40:54+00:00","dateModified":"2020-06-21T19:14:24+00:00","description":"Relais secuENTRY pro 7071 de BURG-W\u00c4CHTER. Allumer ou \u00e9teindre \u00e0 distance des \u00e9quipements \u00e9lectriques. Pour garages, barri\u00e8res, portails-stores automatis\u00e9s.","breadcrumb":{"@id":"https:\/\/test.burgwaechterservice.de\/fr\/p\/serrure-electronique\/relais-secuentry-pro-7071\/#breadcrumb"},"inLanguage":"fr-FR","potentialAction":[{"@type":"ReadAction","target":["https:\/\/test.burgwaechterservice.de\/fr\/p\/serrure-electronique\/relais-secuentry-pro-7071\/"]}]},{"@type":"BreadcrumbList","@id":"https:\/\/test.burgwaechterservice.de\/fr\/p\/serrure-electronique\/relais-secuentry-pro-7071\/#breadcrumb","itemListElement":[{"@type":"ListItem","position":1,"name":"Accueil","item":"https:\/\/test.burgwaechterservice.de\/fr\/"},{"@type":"ListItem","position":2,"name":"Produits","item":"https:\/\/test.burgwaechterservice.de\/fr\/p\/"},{"@type":"ListItem","position":3,"name":"Relais secuENTRY pro 7071"}]},{"@type":"WebSite","@id":"https:\/\/test.burgwaechterservice.de\/fr\/#website","url":"https:\/\/test.burgwaechterservice.de\/fr\/","name":"Burg-W\u00e4chter France","description":"Le choix le plus s\u00fbr!","potentialAction":[{"@type":"SearchAction","target":{"@type":"EntryPoint","urlTemplate":"https:\/\/test.burgwaechterservice.de\/fr\/?s={search_term_string}"},"query-input":"required name=search_term_string"}],"inLanguage":"fr-FR"}]}},"_links":{"self":[{"href":"https:\/\/test.burgwaechterservice.de\/fr\/wp-json\/wp\/v2\/product\/190175"}],"collection":[{"href":"https:\/\/test.burgwaechterservice.de\/fr\/wp-json\/wp\/v2\/product"}],"about":[{"href":"https:\/\/test.burgwaechterservice.de\/fr\/wp-json\/wp\/v2\/types\/product"}],"replies":[{"embeddable":true,"href":"https:\/\/test.burgwaechterservice.de\/fr\/wp-json\/wp\/v2\/comments?post=190175"}],"wp:featuredmedia":[{"embeddable":true,"href":"https:\/\/test.burgwaechterservice.de\/fr\/wp-json\/wp\/v2\/media\/422912"}],"wp:attachment":[{"href":"https:\/\/test.burgwaechterservice.de\/fr\/wp-json\/wp\/v2\/media?parent=190175"}],"wp:term":[{"taxonomy":"product_cat","embeddable":true,"href":"https:\/\/test.burgwaechterservice.de\/fr\/wp-json\/wp\/v2\/product_cat?post=190175"},{"taxonomy":"product_tag","embeddable":true,"href":"https:\/\/test.burgwaechterservice.de\/fr\/wp-json\/wp\/v2\/product_tag?post=190175"}],"curies":[{"name":"wp","href":"https:\/\/api.w.org\/{rel}","templated":true}]}}