{"id":190172,"date":"2018-09-24T08:40:47","date_gmt":"2018-09-24T06:40:47","guid":{"rendered":"https:\/\/www.burg.biz\/fr\/p\/serrure-electronique\/telecommande-secuentry-pro-7072\/"},"modified":"2019-09-18T17:03:20","modified_gmt":"2019-09-18T15:03:20","slug":"telecommande-secuentry-pro-7072","status":"publish","type":"product","link":"https:\/\/test.burgwaechterservice.de\/fr\/p\/serrure-electronique\/telecommande-secuentry-pro-7072\/","title":{"rendered":"T\u00e9l\u00e9commande secuENTRY pro 7072"},"content":{"rendered":"<h2>T\u00e9l\u00e9commande secuENTRY pro 7072 pour d\u00e9clenchement \u00e0 distance<\/h2>\n<p>La t\u00e9l\u00e9commande secuENTRY pro 7072 ajoute encore plus de flexibilit\u00e9 \u00e0 votre syst\u00e8me de fermeture secuENTRY. En effet, la petite unit\u00e9 de commande (59 x 34 millim\u00e8tres) fonctionne comme une t\u00e9l\u00e9commande. <strong>Avec la t\u00e9l\u00e9commande secuENTRY pro 7072, on peut par exemple d\u00e9clencher automatiquement le moteur d&#8217;un portail \u00e9lectrique de garage en arrivant<\/strong>. Par ailleurs, cette t\u00e9l\u00e9commande peut \u00eatre int\u00e9gr\u00e9e \u00e0 une unit\u00e9 de commande externe. Il est par exemple possible d&#8217;activer et d\u00e9sactiver un syst\u00e8me d&#8217;alarme en passant la partie commutation. Il y a bien s\u00fbr beaucoup d&#8217;autres utilisations possibles. L&#8217;unit\u00e9 de commande 7072 est utilisable partout o\u00f9 il est n\u00e9cessaire de d\u00e9clencher un appareil \u00e9lectronique \u00e0 distance.<\/p>\n<h3>La t\u00e9l\u00e9commande s&#8217;int\u00e8gre dans le logiciel en scannant un QR-code<\/h3>\n<p>La t\u00e9l\u00e9commande secuENTRY pro 7072 est <strong>reconnu par le logiciel PC en toute commodit\u00e9 en scannant le QR-code fourni<\/strong>. Ensuite, vous pouvez attribuer des serrures \u00e0 la partie commutation, et la t\u00e9l\u00e9commande 7072 pourra les commander \u00e0 l&#8217;avenir. Pour r\u00e9gler les param\u00e8tres comme souhait\u00e9, la t\u00e9l\u00e9commande doit \u00eatre en mode programmation. Pour ce faire, vous devez interrompre le contact entre le fil bleu et la borne plus rouge pendant dix secondes. Apr\u00e8s quoi l&#8217;appareil passe en mode programmation\u00a0 pour 40 secondes.<\/p>\n<h3>La t\u00e9l\u00e9commande secuENTRY pro 7072 : s\u00e9curis\u00e9e gr\u00e2ce au cryptage AES<\/h3>\n<p>Apr\u00e8s l&#8217;int\u00e9gration dans le syst\u00e8me, c&#8217;est le moment de proc\u00e9der \u00e0 l&#8217;installation. Celle-ci doit se faire \u00e0 un endroit \u00e0 l&#8217;abri des intemp\u00e9ries et manipulations ext\u00e9rieurs potentielles. L&#8217;alimentation est assur\u00e9e par un bloc d&#8217;alimentation stabilisateur (tension : 5 \u00e0 12 Volt) qui n&#8217;est pas compris dans l&#8217;emballage. Une protection contre l&#8217;inversion des polarit\u00e9s est pr\u00e9sente. <strong>La port\u00e9e de la t\u00e9l\u00e9commande secuENTRY pro 7072 s&#8217;\u00e9l\u00e8ve \u00e0 un maximum de trois m\u00e8tres<\/strong>. Gr\u00e2ce \u00e0 la transmission crypt\u00e9e selon le standard de chiffrement AES, toutes les donn\u00e9es sont prot\u00e9g\u00e9es.<\/p>\n<h4>Donn\u00e9es techniques de la t\u00e9l\u00e9commande secuENTRY pro 7072<\/h4>\n<ul>\n<li>Alimentation : bloc d&#8217;alimentation stabilisateur 5V &#8211; 12V (non compris dans le produit)<\/li>\n<li>Emplacement de l&#8217;installation : \u00e0 l&#8217;abri des intemp\u00e9ries et manipulations potentielles<\/li>\n<li>Protection contre l&#8217;inversion des polarit\u00e9s inclue<\/li>\n<li>Contact commutateur : dur\u00e9e de salve 0,5-1 seconde<\/li>\n<li>Port\u00e9e radio : jusqu&#8217;\u00e0 trois m\u00e8tres (cryptage AES)<\/li>\n<li>Activation : Niveau max. allumage 12V<\/li>\n<\/ul>\n<p>&nbsp;<\/p>\n<h5>Compatible avec :<\/h5>\n<ul>\n<li><a href=\"https:\/\/test.burgwaechterservice.de\/fr\/p\/serrure-electronique\/secuentry-pro-7000\/\" target=\"_blank\" rel=\"noopener noreferrer\">Cylindre secuENTRY pro 7000<\/a><\/li>\n<li><a href=\"https:\/\/test.burgwaechterservice.de\/fr\/p\/serrure-electronique\/double-secuentry-pro-7010\/\">Cylindre double secuENTRY pro 7010<\/a><\/li>\n<li><a href=\"https:\/\/test.burgwaechterservice.de\/fr\/p\/serrure-electronique\/secuentry-pro-7030-half\/\" target=\"_blank\" rel=\"noopener noreferrer\">Demi-cylindre secuENTRY pro 7030<\/a><\/li>\n<li><a href=\"https:\/\/test.burgwaechterservice.de\/fr\/p\/serrure-electronique\/secuentry-pro-7100\/\">Cylindre secuENTRY pro 7100<\/a><\/li>\n<li><a href=\"https:\/\/test.burgwaechterservice.de\/fr\/p\/serrure-electronique\/duo-secuentry-pro-7116\/\">Cylindre Duo secuENTRY pro 7116<\/a><\/li>\n<li><a href=\"https:\/\/test.burgwaechterservice.de\/fr\/p\/serrure-electronique\/relais-secuentry-pro-7071\/\">Relais secuENTRY pro 7071<\/a><\/li>\n<\/ul>\n<p>&nbsp;<\/p>\n","protected":false},"excerpt":{"rendered":"<p>T\u00e9l\u00e9commande secuENTRY pro 7072 pour d\u00e9clenchement \u00e0 distance La t\u00e9l\u00e9commande secuENTRY pro 7072 ajoute encore plus de flexibilit\u00e9 \u00e0 votre syst\u00e8me de fermeture secuENTRY. En effet, la petite unit\u00e9 de commande (59 x 34 millim\u00e8tres) fonctionne comme une t\u00e9l\u00e9commande. Avec &hellip; <a class=\"kt-excerpt-readmore\" href=\"https:\/\/test.burgwaechterservice.de\/fr\/p\/serrure-electronique\/telecommande-secuentry-pro-7072\/\" aria-label=\"T\u00e9l\u00e9commande secuENTRY pro 7072\">Lire la suite<\/a><\/p>\n","protected":false},"featured_media":190173,"comment_status":"closed","ping_status":"closed","template":"","meta":[],"product_cat":[36,4211],"product_tag":[3427],"yoast_head":"<!-- This site is optimized with the Yoast SEO Premium plugin v18.4 (Yoast SEO v19.13) - https:\/\/yoast.com\/wordpress\/plugins\/seo\/ -->\n<title>T\u00e9l\u00e9commande secuENTRY pro 7072 : par BURG-W\u00c4CHTER.<\/title>\n<meta name=\"description\" content=\"T\u00e9l\u00e9commande secuENTRY pro 7072 du sp\u00e9cialiste en s\u00e9curit\u00e9 BURG-W\u00c4CHTER. D\u00e9clenchement de serrures et appareils secuENTRY \u00e0 distance.\" \/>\n<meta name=\"robots\" content=\"index, follow, max-snippet:-1, max-image-preview:large, max-video-preview:-1\" \/>\n<link rel=\"canonical\" href=\"https:\/\/test.burgwaechterservice.de\/fr\/p\/serrure-electronique\/telecommande-secuentry-pro-7072\/\" \/>\n<meta property=\"og:locale\" content=\"fr_FR\" \/>\n<meta property=\"og:type\" content=\"article\" \/>\n<meta property=\"og:title\" content=\"T\u00e9l\u00e9commande secuENTRY pro 7072\" \/>\n<meta property=\"og:description\" content=\"T\u00e9l\u00e9commande secuENTRY pro 7072 du sp\u00e9cialiste en s\u00e9curit\u00e9 BURG-W\u00c4CHTER. D\u00e9clenchement de serrures et appareils secuENTRY \u00e0 distance.\" \/>\n<meta property=\"og:url\" content=\"https:\/\/test.burgwaechterservice.de\/fr\/p\/serrure-electronique\/telecommande-secuentry-pro-7072\/\" \/>\n<meta property=\"og:site_name\" content=\"Burg-W\u00e4chter France\" \/>\n<meta property=\"article:modified_time\" content=\"2019-09-18T15:03:20+00:00\" \/>\n<meta property=\"og:image\" content=\"https:\/\/test.burgwaechterservice.de\/fr\/wp-content\/uploads\/sites\/4\/2018\/09\/secuENTRY_pro_7072_REMOTE.jpg\" \/>\n\t<meta property=\"og:image:width\" content=\"1000\" \/>\n\t<meta property=\"og:image:height\" content=\"1000\" \/>\n\t<meta property=\"og:image:type\" content=\"image\/jpeg\" \/>\n<meta name=\"twitter:card\" content=\"summary_large_image\" \/>\n<meta name=\"twitter:label1\" content=\"Dur\u00e9e de lecture estim\u00e9e\" \/>\n\t<meta name=\"twitter:data1\" content=\"2 minutes\" \/>\n<!-- \/ Yoast SEO Premium plugin. -->","yoast_head_json":{"title":"T\u00e9l\u00e9commande secuENTRY pro 7072 : par BURG-W\u00c4CHTER.","description":"T\u00e9l\u00e9commande secuENTRY pro 7072 du sp\u00e9cialiste en s\u00e9curit\u00e9 BURG-W\u00c4CHTER. D\u00e9clenchement de serrures et appareils secuENTRY \u00e0 distance.","robots":{"index":"index","follow":"follow","max-snippet":"max-snippet:-1","max-image-preview":"max-image-preview:large","max-video-preview":"max-video-preview:-1"},"canonical":"https:\/\/test.burgwaechterservice.de\/fr\/p\/serrure-electronique\/telecommande-secuentry-pro-7072\/","og_locale":"fr_FR","og_type":"article","og_title":"T\u00e9l\u00e9commande secuENTRY pro 7072","og_description":"T\u00e9l\u00e9commande secuENTRY pro 7072 du sp\u00e9cialiste en s\u00e9curit\u00e9 BURG-W\u00c4CHTER. D\u00e9clenchement de serrures et appareils secuENTRY \u00e0 distance.","og_url":"https:\/\/test.burgwaechterservice.de\/fr\/p\/serrure-electronique\/telecommande-secuentry-pro-7072\/","og_site_name":"Burg-W\u00e4chter France","article_modified_time":"2019-09-18T15:03:20+00:00","og_image":[{"width":1000,"height":1000,"url":"https:\/\/test.burgwaechterservice.de\/fr\/wp-content\/uploads\/sites\/4\/2018\/09\/secuENTRY_pro_7072_REMOTE.jpg","type":"image\/jpeg"}],"twitter_card":"summary_large_image","twitter_misc":{"Dur\u00e9e de lecture estim\u00e9e":"2 minutes"},"schema":{"@context":"https:\/\/schema.org","@graph":[{"@type":"WebPage","@id":"https:\/\/test.burgwaechterservice.de\/fr\/p\/serrure-electronique\/telecommande-secuentry-pro-7072\/","url":"https:\/\/test.burgwaechterservice.de\/fr\/p\/serrure-electronique\/telecommande-secuentry-pro-7072\/","name":"T\u00e9l\u00e9commande secuENTRY pro 7072 : par BURG-W\u00c4CHTER.","isPartOf":{"@id":"https:\/\/test.burgwaechterservice.de\/fr\/#website"},"datePublished":"2018-09-24T06:40:47+00:00","dateModified":"2019-09-18T15:03:20+00:00","description":"T\u00e9l\u00e9commande secuENTRY pro 7072 du sp\u00e9cialiste en s\u00e9curit\u00e9 BURG-W\u00c4CHTER. D\u00e9clenchement de serrures et appareils secuENTRY \u00e0 distance.","breadcrumb":{"@id":"https:\/\/test.burgwaechterservice.de\/fr\/p\/serrure-electronique\/telecommande-secuentry-pro-7072\/#breadcrumb"},"inLanguage":"fr-FR","potentialAction":[{"@type":"ReadAction","target":["https:\/\/test.burgwaechterservice.de\/fr\/p\/serrure-electronique\/telecommande-secuentry-pro-7072\/"]}]},{"@type":"BreadcrumbList","@id":"https:\/\/test.burgwaechterservice.de\/fr\/p\/serrure-electronique\/telecommande-secuentry-pro-7072\/#breadcrumb","itemListElement":[{"@type":"ListItem","position":1,"name":"Accueil","item":"https:\/\/test.burgwaechterservice.de\/fr\/"},{"@type":"ListItem","position":2,"name":"Produits","item":"https:\/\/test.burgwaechterservice.de\/fr\/p\/"},{"@type":"ListItem","position":3,"name":"T\u00e9l\u00e9commande secuENTRY pro 7072"}]},{"@type":"WebSite","@id":"https:\/\/test.burgwaechterservice.de\/fr\/#website","url":"https:\/\/test.burgwaechterservice.de\/fr\/","name":"Burg-W\u00e4chter France","description":"Le choix le plus s\u00fbr!","potentialAction":[{"@type":"SearchAction","target":{"@type":"EntryPoint","urlTemplate":"https:\/\/test.burgwaechterservice.de\/fr\/?s={search_term_string}"},"query-input":"required name=search_term_string"}],"inLanguage":"fr-FR"}]}},"_links":{"self":[{"href":"https:\/\/test.burgwaechterservice.de\/fr\/wp-json\/wp\/v2\/product\/190172"}],"collection":[{"href":"https:\/\/test.burgwaechterservice.de\/fr\/wp-json\/wp\/v2\/product"}],"about":[{"href":"https:\/\/test.burgwaechterservice.de\/fr\/wp-json\/wp\/v2\/types\/product"}],"replies":[{"embeddable":true,"href":"https:\/\/test.burgwaechterservice.de\/fr\/wp-json\/wp\/v2\/comments?post=190172"}],"wp:featuredmedia":[{"embeddable":true,"href":"https:\/\/test.burgwaechterservice.de\/fr\/wp-json\/wp\/v2\/media\/190173"}],"wp:attachment":[{"href":"https:\/\/test.burgwaechterservice.de\/fr\/wp-json\/wp\/v2\/media?parent=190172"}],"wp:term":[{"taxonomy":"product_cat","embeddable":true,"href":"https:\/\/test.burgwaechterservice.de\/fr\/wp-json\/wp\/v2\/product_cat?post=190172"},{"taxonomy":"product_tag","embeddable":true,"href":"https:\/\/test.burgwaechterservice.de\/fr\/wp-json\/wp\/v2\/product_tag?post=190172"}],"curies":[{"name":"wp","href":"https:\/\/api.w.org\/{rel}","templated":true}]}}