{"id":190168,"date":"2018-09-24T08:40:37","date_gmt":"2018-09-24T06:40:37","guid":{"rendered":"https:\/\/www.burg.biz\/fr\/p\/serrure-electronique\/generateur-secuentry-pro-7073\/"},"modified":"2020-06-21T20:59:21","modified_gmt":"2020-06-21T18:59:21","slug":"generateur-secuentry-pro-7073","status":"publish","type":"product","link":"https:\/\/test.burgwaechterservice.de\/fr\/p\/serrure-electronique\/generateur-secuentry-pro-7073\/","title":{"rendered":"G\u00e9n\u00e9rateur secuENTRY pro 7073"},"content":{"rendered":"<h2>Le g\u00e9n\u00e9rateur secuENTRY pro 7073 facilite la gestion des usagers<\/h2>\n<p>Avec le g\u00e9n\u00e9rateur secuENTRY pro 7073, vous pouvez g\u00e9rer en toute commodit\u00e9 les droits des usagers pour votre syst\u00e8me de fermeture secuENTRY. <strong>L&#8217;appareil de programmation USB enregistre les empreintes digitales et les transpondeurs passifs<\/strong>. qui seront ensuite d\u00e9livr\u00e9s au <a href=\"https:\/\/test.burgwaechterservice.de\/fr\/p\/serrure-electronique\/logiciel-secuentry-pro-7083\/\">logiciel secuENTRY pro 7083<\/a>. Pour utiliser les donn\u00e9es enregistr\u00e9es par l&#8217;appareil, le g\u00e9n\u00e9rateur secuENTRY pro 7073 doit \u00eatre reli\u00e9 par c\u00e2ble USB \u00e0 un ordinateur, il n&#8217;est pas n\u00e9cessaire d&#8217;installer de logiciel suppl\u00e9mentaire d&#8217;installation.<\/p>\n<h3>Des LED verts s&#8217;illuminent lorsque le scan de l&#8217;empreinte digitale a \u00e9t\u00e9 correctement effectu\u00e9<\/h3>\n<p>L&#8217;enregistrement des donn\u00e9es dans le logiciel secuENTRY se fait via les capteurs int\u00e9gr\u00e9s dans le g\u00e9n\u00e9rateur. Dans la partie m\u00e9diane, un capteur d&#8217;empreinte digitale est install\u00e9. <strong>Pour enregistrer un doigt, il faut faire glisser celui-ci \u00e0 plusieurs reprises \u00e0 la surface du capteur jusqu&#8217;\u00e0 ce que les donn\u00e9es biom\u00e9triques soient int\u00e9gr\u00e9es dans le syst\u00e8me<\/strong>. Apr\u00e8s r\u00e9alisation correcte de l&#8217;op\u00e9ration, un LED vert s&#8217;illumine en haut \u00e0 droite. S&#8217;il y a eu une erreur, un LED rouge en haut \u00e0 gauche s&#8217;illumine pour l&#8217;indiquer.<\/p>\n<h3>Lire des donn\u00e9es en tout confort et attribuer des droits en un rien de temps<\/h3>\n<p>Vous avez aussi la possibilit\u00e9 de lire des transpondeurs passifs via le g\u00e9n\u00e9rateur secuENTRY pro 7073 (technologie RFID). <strong>La zone de lecture pour le transpondeur se trouve dans la partie sup\u00e9rieure de l&#8217;appareil et est signal\u00e9e par l&#8217;inscription &#8220;RFID&#8221;<\/strong>. Dans le logiciel, le transpondeur passif peut aussi \u00eatre enregistr\u00e9 directement comme transpondeur invit\u00e9 et \u00eatre muni des droits correspondants. Ainsi, les droits d&#8217;acc\u00e8s ne sont valides que pour une dur\u00e9e d\u00e9termin\u00e9e. Apr\u00e8s l&#8217;utilisation, vous pouvez r\u00e9utiliser le transpondeur passif aussit\u00f4t pour un nouvel invit\u00e9 si vous le souhaitez.<\/p>\n<h3>Le g\u00e9n\u00e9rateur secuENTRY pro 7073 : d&#8217;un grand secours pour beaucoup d&#8217;usagers<\/h3>\n<p>L&#8217;avantage crucial avec l&#8217;utilisation du g\u00e9n\u00e9rateur secuENTRY pro 7073, c&#8217;est le <strong>grand gain de commodit\u00e9 dans la gestion des droits d&#8217;acc\u00e8s<\/strong>. En effet, il est alors possible de programmer les transpondeurs passifs et les empreintes digitales directement depuis votre bureau d&#8217;ordinateur et d&#8217;attribuer les droits d&#8217;entr\u00e9e aux serrures correspondantes depuis le logiciel. Cela s&#8217;av\u00e8re \u00eatre un gain de temps et d&#8217;\u00e9nergie pour les usagers qui g\u00e8rent plusieurs sets de droits d&#8217;acc\u00e8s, comme par exemple en entreprise ou dans une administration.<\/p>\n<h4>Donn\u00e9es technique du g\u00e9n\u00e9rateur secuENTRY pro 7073<\/h4>\n<ul>\n<li>Alimentation : par USB<\/li>\n<li>Compatibilit\u00e9 : transpondeur passif, transpondeur invit\u00e9(e), empreinte digitale<\/li>\n<li>Branchements : c\u00e2ble micro USB, type d&#8217;embout A<\/li>\n<li>Zone de lecture : Marques pour empreinte digitale et transpondeur RFID<\/li>\n<\/ul>\n<p>&nbsp;<\/p>\n","protected":false},"excerpt":{"rendered":"<p>Le g\u00e9n\u00e9rateur secuENTRY pro 7073 facilite la gestion des usagers Avec le g\u00e9n\u00e9rateur secuENTRY pro 7073, vous pouvez g\u00e9rer en toute commodit\u00e9 les droits des usagers pour votre syst\u00e8me de fermeture secuENTRY. L&#8217;appareil de programmation USB enregistre les empreintes digitales &hellip; <a class=\"kt-excerpt-readmore\" href=\"https:\/\/test.burgwaechterservice.de\/fr\/p\/serrure-electronique\/generateur-secuentry-pro-7073\/\" aria-label=\"G\u00e9n\u00e9rateur secuENTRY pro 7073\">Lire la suite<\/a><\/p>\n","protected":false},"featured_media":422909,"comment_status":"closed","ping_status":"closed","template":"","meta":[],"product_cat":[36,4211],"product_tag":[3427],"yoast_head":"<!-- This site is optimized with the Yoast SEO Premium plugin v18.4 (Yoast SEO v19.13) - https:\/\/yoast.com\/wordpress\/plugins\/seo\/ -->\n<title>G\u00e9n\u00e9rateur secuENTRY pro 7073 de BURG-W\u00c4CHTER<\/title>\n<meta name=\"description\" content=\"G\u00e9n\u00e9rateur secuENTRY pro 7073, gestion simplifi\u00e9e des droits d&#039;acc\u00e8s secuENTRY. G\u00e9n\u00e9rez empreintes digitales et transpondeurs depuis votre PC. BURG-W\u00c4CHTER.\" \/>\n<meta name=\"robots\" content=\"index, follow, max-snippet:-1, max-image-preview:large, max-video-preview:-1\" \/>\n<link rel=\"canonical\" href=\"https:\/\/test.burgwaechterservice.de\/fr\/p\/serrure-electronique\/generateur-secuentry-pro-7073\/\" \/>\n<meta property=\"og:locale\" content=\"fr_FR\" \/>\n<meta property=\"og:type\" content=\"article\" \/>\n<meta property=\"og:title\" content=\"G\u00e9n\u00e9rateur secuENTRY pro 7073\" \/>\n<meta property=\"og:description\" content=\"G\u00e9n\u00e9rateur secuENTRY pro 7073, gestion simplifi\u00e9e des droits d&#039;acc\u00e8s secuENTRY. G\u00e9n\u00e9rez empreintes digitales et transpondeurs depuis votre PC. BURG-W\u00c4CHTER.\" \/>\n<meta property=\"og:url\" content=\"https:\/\/test.burgwaechterservice.de\/fr\/p\/serrure-electronique\/generateur-secuentry-pro-7073\/\" \/>\n<meta property=\"og:site_name\" content=\"Burg-W\u00e4chter France\" \/>\n<meta property=\"article:modified_time\" content=\"2020-06-21T18:59:21+00:00\" \/>\n<meta property=\"og:image\" content=\"https:\/\/test.burgwaechterservice.de\/fr\/wp-content\/uploads\/sites\/4\/2018\/09\/EnrolmentUnit_2020_Frei.jpg\" \/>\n\t<meta property=\"og:image:width\" content=\"1000\" \/>\n\t<meta property=\"og:image:height\" content=\"1000\" \/>\n\t<meta property=\"og:image:type\" content=\"image\/jpeg\" \/>\n<meta name=\"twitter:card\" content=\"summary_large_image\" \/>\n<meta name=\"twitter:label1\" content=\"Dur\u00e9e de lecture estim\u00e9e\" \/>\n\t<meta name=\"twitter:data1\" content=\"2 minutes\" \/>\n<!-- \/ Yoast SEO Premium plugin. -->","yoast_head_json":{"title":"G\u00e9n\u00e9rateur secuENTRY pro 7073 de BURG-W\u00c4CHTER","description":"G\u00e9n\u00e9rateur secuENTRY pro 7073, gestion simplifi\u00e9e des droits d'acc\u00e8s secuENTRY. G\u00e9n\u00e9rez empreintes digitales et transpondeurs depuis votre PC. BURG-W\u00c4CHTER.","robots":{"index":"index","follow":"follow","max-snippet":"max-snippet:-1","max-image-preview":"max-image-preview:large","max-video-preview":"max-video-preview:-1"},"canonical":"https:\/\/test.burgwaechterservice.de\/fr\/p\/serrure-electronique\/generateur-secuentry-pro-7073\/","og_locale":"fr_FR","og_type":"article","og_title":"G\u00e9n\u00e9rateur secuENTRY pro 7073","og_description":"G\u00e9n\u00e9rateur secuENTRY pro 7073, gestion simplifi\u00e9e des droits d'acc\u00e8s secuENTRY. G\u00e9n\u00e9rez empreintes digitales et transpondeurs depuis votre PC. BURG-W\u00c4CHTER.","og_url":"https:\/\/test.burgwaechterservice.de\/fr\/p\/serrure-electronique\/generateur-secuentry-pro-7073\/","og_site_name":"Burg-W\u00e4chter France","article_modified_time":"2020-06-21T18:59:21+00:00","og_image":[{"width":1000,"height":1000,"url":"https:\/\/test.burgwaechterservice.de\/fr\/wp-content\/uploads\/sites\/4\/2018\/09\/EnrolmentUnit_2020_Frei.jpg","type":"image\/jpeg"}],"twitter_card":"summary_large_image","twitter_misc":{"Dur\u00e9e de lecture estim\u00e9e":"2 minutes"},"schema":{"@context":"https:\/\/schema.org","@graph":[{"@type":"WebPage","@id":"https:\/\/test.burgwaechterservice.de\/fr\/p\/serrure-electronique\/generateur-secuentry-pro-7073\/","url":"https:\/\/test.burgwaechterservice.de\/fr\/p\/serrure-electronique\/generateur-secuentry-pro-7073\/","name":"G\u00e9n\u00e9rateur secuENTRY pro 7073 de BURG-W\u00c4CHTER","isPartOf":{"@id":"https:\/\/test.burgwaechterservice.de\/fr\/#website"},"datePublished":"2018-09-24T06:40:37+00:00","dateModified":"2020-06-21T18:59:21+00:00","description":"G\u00e9n\u00e9rateur secuENTRY pro 7073, gestion simplifi\u00e9e des droits d'acc\u00e8s secuENTRY. G\u00e9n\u00e9rez empreintes digitales et transpondeurs depuis votre PC. BURG-W\u00c4CHTER.","breadcrumb":{"@id":"https:\/\/test.burgwaechterservice.de\/fr\/p\/serrure-electronique\/generateur-secuentry-pro-7073\/#breadcrumb"},"inLanguage":"fr-FR","potentialAction":[{"@type":"ReadAction","target":["https:\/\/test.burgwaechterservice.de\/fr\/p\/serrure-electronique\/generateur-secuentry-pro-7073\/"]}]},{"@type":"BreadcrumbList","@id":"https:\/\/test.burgwaechterservice.de\/fr\/p\/serrure-electronique\/generateur-secuentry-pro-7073\/#breadcrumb","itemListElement":[{"@type":"ListItem","position":1,"name":"Accueil","item":"https:\/\/test.burgwaechterservice.de\/fr\/"},{"@type":"ListItem","position":2,"name":"Produits","item":"https:\/\/test.burgwaechterservice.de\/fr\/p\/"},{"@type":"ListItem","position":3,"name":"G\u00e9n\u00e9rateur secuENTRY pro 7073"}]},{"@type":"WebSite","@id":"https:\/\/test.burgwaechterservice.de\/fr\/#website","url":"https:\/\/test.burgwaechterservice.de\/fr\/","name":"Burg-W\u00e4chter France","description":"Le choix le plus s\u00fbr!","potentialAction":[{"@type":"SearchAction","target":{"@type":"EntryPoint","urlTemplate":"https:\/\/test.burgwaechterservice.de\/fr\/?s={search_term_string}"},"query-input":"required name=search_term_string"}],"inLanguage":"fr-FR"}]}},"_links":{"self":[{"href":"https:\/\/test.burgwaechterservice.de\/fr\/wp-json\/wp\/v2\/product\/190168"}],"collection":[{"href":"https:\/\/test.burgwaechterservice.de\/fr\/wp-json\/wp\/v2\/product"}],"about":[{"href":"https:\/\/test.burgwaechterservice.de\/fr\/wp-json\/wp\/v2\/types\/product"}],"replies":[{"embeddable":true,"href":"https:\/\/test.burgwaechterservice.de\/fr\/wp-json\/wp\/v2\/comments?post=190168"}],"wp:featuredmedia":[{"embeddable":true,"href":"https:\/\/test.burgwaechterservice.de\/fr\/wp-json\/wp\/v2\/media\/422909"}],"wp:attachment":[{"href":"https:\/\/test.burgwaechterservice.de\/fr\/wp-json\/wp\/v2\/media?parent=190168"}],"wp:term":[{"taxonomy":"product_cat","embeddable":true,"href":"https:\/\/test.burgwaechterservice.de\/fr\/wp-json\/wp\/v2\/product_cat?post=190168"},{"taxonomy":"product_tag","embeddable":true,"href":"https:\/\/test.burgwaechterservice.de\/fr\/wp-json\/wp\/v2\/product_tag?post=190168"}],"curies":[{"name":"wp","href":"https:\/\/api.w.org\/{rel}","templated":true}]}}