{"id":190164,"date":"2018-09-24T08:40:30","date_gmt":"2018-09-24T06:40:30","guid":{"rendered":"https:\/\/www.burg.biz\/fr\/p\/serrure-electronique\/logiciel-hotel-secuentry-pro-7090\/"},"modified":"2021-04-27T12:05:17","modified_gmt":"2021-04-27T10:05:17","slug":"logiciel-hotel-secuentry-pro-7090","status":"publish","type":"product","link":"https:\/\/test.burgwaechterservice.de\/fr\/p\/serrure-electronique\/logiciel-hotel-secuentry-pro-7090\/","title":{"rendered":"Logiciel h\u00f4telier secuENTRY pro 7090"},"content":{"rendered":"<h2>Logiciel h\u00f4telier secuENTRY pro 7090 : des codes invit\u00e9s d\u00e9j\u00e0 programm\u00e9s avec les horaires<\/h2>\n<p>Ne plus jamais avoir \u00e0 remplacer une cl\u00e9 ou un transpondeur perdu(e). D\u00e9finir les autorisations d&#8217;acc\u00e8s \u00e0 la minute pr\u00e8s. Cela est sans aucun doute le souhait de tout directeur ou toute directrice d&#8217;h\u00f4tel. Et c&#8217;est un souhait qui est exhauss\u00e9 avec le logiciel h\u00f4telier secuENTRY pro 7090. En effet, les <strong>codes \u00e0 six chiffres g\u00e9n\u00e9r\u00e9s<\/strong> par le logiciel h\u00f4telier prennent en compte <strong>toutes les donn\u00e9es<\/strong> de dur\u00e9e de validit\u00e9, horaires aux quelles la chambre doit \u00eatre lib\u00e9r\u00e9e comprises. Ce sont des algorithmes complexes qui le permettent au moment o\u00f9 les codes sont g\u00e9n\u00e9r\u00e9s.<\/p>\n<h3>Plus besoin que la r\u00e9ception soit occup\u00e9e en permanence<\/h3>\n<p>La transmission des codes pour chaque cylindre de porte secuENTRY de chambre d&#8217;h\u00f4tel n&#8217;est pas n\u00e9cessaire. Ainsi, plus besoin d&#8217;assurer la r\u00e9ception 24 heures sur 24, pusique les invit\u00e9(e)s arrivent avec le code qui leur a \u00e9t\u00e9 communiqu\u00e9 avant. <strong>L&#8217;utilisation de ce proc\u00e9d\u00e9 est bien s\u00fbr tout aussi appropri\u00e9e pour les locations de vacances. Ni le propri\u00e9taire, ni le ou la g\u00e9rante n&#8217;est dans l&#8217;obligation d&#8217;\u00eatre sur place lors des arriv\u00e9es et des d\u00e9parts<\/strong>, peu importe o\u00f9 se trouve la location dans le monde!<\/p>\n<h3>Id\u00e9al pour les locations : pas besoin de g\u00e9rant(e) sur place<\/h3>\n<p>Pour g\u00e9rer votre syst\u00e8me de fermeture pour h\u00f4tel et locations, vous avez besoin du logiciel <a href=\"https:\/\/test.burgwaechterservice.de\/p\/tuerschlosselektronik\/secuentry-pro-7000\/secuentry-pro-7083-software\/\">secuENTRY pro 7083<\/a>. C&#8217;est avec ses programmes que vous pouvez configurer le planing des droits d&#8217;acc\u00e8s. Le logiciel h\u00f4telier permet de programmer les cylindres de serrure \u00e9lectronique de la gamme <a href=\"https:\/\/test.burgwaechterservice.de\/fr\/c\/serrure-electronique\/secuentry-pro-7000\/\">secuENTRY pro<\/a>.<strong> Les cylindres de porte correspondants sont install\u00e9s en quelques tours de main. Il n&#8217;y a ni besoin d&#8217;ab\u00eemer la porte, ni de c\u00e2blage ou de per\u00e7age \u00e0 effectuer<\/strong>.<\/p>\n<h3>Adaptable \u00e0 la structure de l&#8217;h\u00f4tel et au logiciel de r\u00e9servation<\/h3>\n<p><strong>En plus des codes personnels invit\u00e9(e)s pour les chambres, le logiciel h\u00f4telier secuENTRY pro 7090 g\u00e9n\u00e8re bien s\u00fbr \u00e9galement des codes pour portes communes, barri\u00e8res ou acc\u00e8s garage.<\/strong> Au total, jusqu&#8217;\u00e0 200 portes peuvent \u00eatre g\u00e9r\u00e9es dans le logiciel. Il s&#8217;adapte aussi bien \u00e0 la structure de l&#8217;h\u00f4tel qu&#8217;\u00e0 la coop\u00e9ration via des interfaces de transmission avec des automates d&#8217;enregistrement d&#8217;arriv\u00e9e ou un logiciel de r\u00e9servation. Cet ensemble complet pour professionnels fait du logiciel h\u00f4telier secuENTRY pro 7090 une solution attrayante.<\/p>\n<p>&nbsp;<\/p>\n<h4>Le logiciel h\u00f4telier secuENTRY pro 7090 en un aper\u00e7u<\/h4>\n<ul>\n<li>Syst\u00e8me de fermeture \u00e9lectronique \u00e0 code sans c\u00e2blage n\u00e9cessaire<\/li>\n<li>Codes \u00e0 six chifres prenants en compte toutes les donn\u00e9es de s\u00e9jour, utilisable pour des portes communes, barri\u00e8res ou acc\u00e8s garage.<\/li>\n<li>Fixation de l&#8217;heure de d\u00e9part<\/li>\n<li>Adapt\u00e9 aux h\u00f4tels et locations de vacances, jusqu&#8217;\u00e0 200 portes<\/li>\n<li>dur\u00e9e max. de s\u00e9jour de 29 nuits<\/li>\n<li>Pas de connexion n\u00e9cessaire au niveau des serrures<\/li>\n<li>Condition pr\u00e9alable : le logiciel secuENTRY pro 7083 (fonctions suppl\u00e9mentaires du logiciel utilisables)<\/li>\n<li>Adaptation du logiciel \u00e0 la structure d&#8217;h\u00f4tel en pr\u00e9sence<\/li>\n<li>Fonction journal au sein du logiciel<\/li>\n<li>Compatible via interfaces de transmission avec des automates d&#8217;enregistrement arriv\u00e9e h\u00f4tel et avec des logiciels de r\u00e9servation<\/li>\n<li>Syst\u00e8me d&#8217;exploitation : Windows XP, Vista, 7, 8, 10 en configuration standard<\/li>\n<li>Compatibilit\u00e9 syst\u00e8me : secuENTRY pro 7000, secuENTRY pro 7100, TSE 9000 Hotel, TSE 6000, TSE 3004 Hotel, TSE 3003 Hotel<\/li>\n<\/ul>\n<p>&nbsp;<\/p>\n","protected":false},"excerpt":{"rendered":"<p>Logiciel h\u00f4telier secuENTRY pro 7090 : des codes invit\u00e9s d\u00e9j\u00e0 programm\u00e9s avec les horaires Ne plus jamais avoir \u00e0 remplacer une cl\u00e9 ou un transpondeur perdu(e). D\u00e9finir les autorisations d&#8217;acc\u00e8s \u00e0 la minute pr\u00e8s. Cela est sans aucun doute le &hellip; <a class=\"kt-excerpt-readmore\" href=\"https:\/\/test.burgwaechterservice.de\/fr\/p\/serrure-electronique\/logiciel-hotel-secuentry-pro-7090\/\" aria-label=\"Logiciel h\u00f4telier secuENTRY pro 7090\">Lire la suite<\/a><\/p>\n","protected":false},"featured_media":190165,"comment_status":"closed","ping_status":"closed","template":"","meta":[],"product_cat":[36,4211],"product_tag":[3427],"yoast_head":"<!-- This site is optimized with the Yoast SEO Premium plugin v18.4 (Yoast SEO v19.13) - https:\/\/yoast.com\/wordpress\/plugins\/seo\/ -->\n<title>Logiciel h\u00f4telier secuENTRY pro 7090 de BURG-W\u00c4CHTER<\/title>\n<meta name=\"description\" content=\"Logiciel h\u00f4telier du sp\u00e9cialiste de la s\u00e9curit\u00e9 BURG-W\u00c4CHTER. Pour g\u00e9rer les droits d&#039;acc\u00e8s aux chambres \u00e0 la minute pr\u00e8s : gamme secuENTRY.\" \/>\n<meta name=\"robots\" content=\"index, follow, max-snippet:-1, max-image-preview:large, max-video-preview:-1\" \/>\n<link rel=\"canonical\" href=\"https:\/\/test.burgwaechterservice.de\/fr\/p\/serrure-electronique\/logiciel-hotel-secuentry-pro-7090\/\" \/>\n<meta property=\"og:locale\" content=\"fr_FR\" \/>\n<meta property=\"og:type\" content=\"article\" \/>\n<meta property=\"og:title\" content=\"Logiciel h\u00f4telier secuENTRY pro 7090\" \/>\n<meta property=\"og:description\" content=\"Logiciel h\u00f4telier du sp\u00e9cialiste de la s\u00e9curit\u00e9 BURG-W\u00c4CHTER. Pour g\u00e9rer les droits d&#039;acc\u00e8s aux chambres \u00e0 la minute pr\u00e8s : gamme secuENTRY.\" \/>\n<meta property=\"og:url\" content=\"https:\/\/test.burgwaechterservice.de\/fr\/p\/serrure-electronique\/logiciel-hotel-secuentry-pro-7090\/\" \/>\n<meta property=\"og:site_name\" content=\"Burg-W\u00e4chter France\" \/>\n<meta property=\"article:modified_time\" content=\"2021-04-27T10:05:17+00:00\" \/>\n<meta property=\"og:image\" content=\"https:\/\/test.burgwaechterservice.de\/fr\/wp-content\/uploads\/sites\/4\/2018\/09\/secuENTRY-Hotel-7085-Start-Ausschnitt.jpg\" \/>\n\t<meta property=\"og:image:width\" content=\"800\" \/>\n\t<meta property=\"og:image:height\" content=\"532\" \/>\n\t<meta property=\"og:image:type\" content=\"image\/jpeg\" \/>\n<meta name=\"twitter:card\" content=\"summary_large_image\" \/>\n<meta name=\"twitter:label1\" content=\"Dur\u00e9e de lecture estim\u00e9e\" \/>\n\t<meta name=\"twitter:data1\" content=\"3 minutes\" \/>\n<!-- \/ Yoast SEO Premium plugin. -->","yoast_head_json":{"title":"Logiciel h\u00f4telier secuENTRY pro 7090 de BURG-W\u00c4CHTER","description":"Logiciel h\u00f4telier du sp\u00e9cialiste de la s\u00e9curit\u00e9 BURG-W\u00c4CHTER. Pour g\u00e9rer les droits d'acc\u00e8s aux chambres \u00e0 la minute pr\u00e8s : gamme secuENTRY.","robots":{"index":"index","follow":"follow","max-snippet":"max-snippet:-1","max-image-preview":"max-image-preview:large","max-video-preview":"max-video-preview:-1"},"canonical":"https:\/\/test.burgwaechterservice.de\/fr\/p\/serrure-electronique\/logiciel-hotel-secuentry-pro-7090\/","og_locale":"fr_FR","og_type":"article","og_title":"Logiciel h\u00f4telier secuENTRY pro 7090","og_description":"Logiciel h\u00f4telier du sp\u00e9cialiste de la s\u00e9curit\u00e9 BURG-W\u00c4CHTER. Pour g\u00e9rer les droits d'acc\u00e8s aux chambres \u00e0 la minute pr\u00e8s : gamme secuENTRY.","og_url":"https:\/\/test.burgwaechterservice.de\/fr\/p\/serrure-electronique\/logiciel-hotel-secuentry-pro-7090\/","og_site_name":"Burg-W\u00e4chter France","article_modified_time":"2021-04-27T10:05:17+00:00","og_image":[{"width":800,"height":532,"url":"https:\/\/test.burgwaechterservice.de\/fr\/wp-content\/uploads\/sites\/4\/2018\/09\/secuENTRY-Hotel-7085-Start-Ausschnitt.jpg","type":"image\/jpeg"}],"twitter_card":"summary_large_image","twitter_misc":{"Dur\u00e9e de lecture estim\u00e9e":"3 minutes"},"schema":{"@context":"https:\/\/schema.org","@graph":[{"@type":"WebPage","@id":"https:\/\/test.burgwaechterservice.de\/fr\/p\/serrure-electronique\/logiciel-hotel-secuentry-pro-7090\/","url":"https:\/\/test.burgwaechterservice.de\/fr\/p\/serrure-electronique\/logiciel-hotel-secuentry-pro-7090\/","name":"Logiciel h\u00f4telier secuENTRY pro 7090 de BURG-W\u00c4CHTER","isPartOf":{"@id":"https:\/\/test.burgwaechterservice.de\/fr\/#website"},"datePublished":"2018-09-24T06:40:30+00:00","dateModified":"2021-04-27T10:05:17+00:00","description":"Logiciel h\u00f4telier du sp\u00e9cialiste de la s\u00e9curit\u00e9 BURG-W\u00c4CHTER. Pour g\u00e9rer les droits d'acc\u00e8s aux chambres \u00e0 la minute pr\u00e8s : gamme secuENTRY.","breadcrumb":{"@id":"https:\/\/test.burgwaechterservice.de\/fr\/p\/serrure-electronique\/logiciel-hotel-secuentry-pro-7090\/#breadcrumb"},"inLanguage":"fr-FR","potentialAction":[{"@type":"ReadAction","target":["https:\/\/test.burgwaechterservice.de\/fr\/p\/serrure-electronique\/logiciel-hotel-secuentry-pro-7090\/"]}]},{"@type":"BreadcrumbList","@id":"https:\/\/test.burgwaechterservice.de\/fr\/p\/serrure-electronique\/logiciel-hotel-secuentry-pro-7090\/#breadcrumb","itemListElement":[{"@type":"ListItem","position":1,"name":"Accueil","item":"https:\/\/test.burgwaechterservice.de\/fr\/"},{"@type":"ListItem","position":2,"name":"Produits","item":"https:\/\/test.burgwaechterservice.de\/fr\/p\/"},{"@type":"ListItem","position":3,"name":"Logiciel h\u00f4telier secuENTRY pro 7090"}]},{"@type":"WebSite","@id":"https:\/\/test.burgwaechterservice.de\/fr\/#website","url":"https:\/\/test.burgwaechterservice.de\/fr\/","name":"Burg-W\u00e4chter France","description":"Le choix le plus s\u00fbr!","potentialAction":[{"@type":"SearchAction","target":{"@type":"EntryPoint","urlTemplate":"https:\/\/test.burgwaechterservice.de\/fr\/?s={search_term_string}"},"query-input":"required name=search_term_string"}],"inLanguage":"fr-FR"}]}},"_links":{"self":[{"href":"https:\/\/test.burgwaechterservice.de\/fr\/wp-json\/wp\/v2\/product\/190164"}],"collection":[{"href":"https:\/\/test.burgwaechterservice.de\/fr\/wp-json\/wp\/v2\/product"}],"about":[{"href":"https:\/\/test.burgwaechterservice.de\/fr\/wp-json\/wp\/v2\/types\/product"}],"replies":[{"embeddable":true,"href":"https:\/\/test.burgwaechterservice.de\/fr\/wp-json\/wp\/v2\/comments?post=190164"}],"wp:featuredmedia":[{"embeddable":true,"href":"https:\/\/test.burgwaechterservice.de\/fr\/wp-json\/wp\/v2\/media\/190165"}],"wp:attachment":[{"href":"https:\/\/test.burgwaechterservice.de\/fr\/wp-json\/wp\/v2\/media?parent=190164"}],"wp:term":[{"taxonomy":"product_cat","embeddable":true,"href":"https:\/\/test.burgwaechterservice.de\/fr\/wp-json\/wp\/v2\/product_cat?post=190164"},{"taxonomy":"product_tag","embeddable":true,"href":"https:\/\/test.burgwaechterservice.de\/fr\/wp-json\/wp\/v2\/product_tag?post=190164"}],"curies":[{"name":"wp","href":"https:\/\/api.w.org\/{rel}","templated":true}]}}