{"id":190154,"date":"2018-09-24T08:40:26","date_gmt":"2018-09-24T06:40:26","guid":{"rendered":"https:\/\/www.burg.biz\/fr\/p\/serrure-electronique\/adaptateur-secuentry-pro\/"},"modified":"2019-09-18T18:10:45","modified_gmt":"2019-09-18T16:10:45","slug":"adaptateur-secuentry-pro","status":"publish","type":"product","link":"https:\/\/test.burgwaechterservice.de\/fr\/p\/serrure-electronique\/adaptateur-secuentry-pro\/","title":{"rendered":"Adaptateur secuENTRY pro"},"content":{"rendered":"<h2>Adaptateur secuENTRY pro : rallonge en laiton pour l&#8217;int\u00e9rieur et l&#8217;ext\u00e9rieur<\/h2>\n<p>Les adaptateurs secuENTRY pour utilisation int\u00e9rieure et ext\u00e9rieure remplacent les rallonges plastiques produites de mani\u00e8re industrielle pour les <a href=\"https:\/\/test.burgwaechterservice.de\/fr\/c\/serrure-electronique\/secuentry-pro-7000\/\">cylindres \u00e9lectroniques de porte secuENTRY pro<\/a>. <strong>L&#8217;adaptateur en laiton secuENTRY pro existe en huit longueurs diff\u00e9rentes<\/strong>, qui diff\u00e8rent les unes des autres de cinq millim\u00e8tres (adaptateur 1=5 mm; 2=10 mm; 3=15 mm; 4=20 mm; 5= 25 mm; 6=30 mm; 7=35 mm; 8=40 mm).<\/p>\n<h3>Des pi\u00e8ces d&#8217;\u00e9cartement haute qualit\u00e9 au lieu de rallonges plastique<\/h3>\n<p>Les adaptateurs secuENTRY <strong>valorisent encore les cylindres de porte de haute qualit\u00e9 et assurent un aspect esth\u00e9tique.<\/strong> Ces pi\u00e8ces d&#8217;\u00e9cartement sont adapt\u00e9es \u00e0 tout cylindre de porte secuENTRY pro o\u00f9 il faut utiliser des rallonges de pivot en mati\u00e8re plastique.<\/p>\n<h3>Les adaptateurs secuENTRY pro sont adapt\u00e9s aux cylindres secuENTRY pro suivants<\/h3>\n<ul>\n<li><a href=\"https:\/\/test.burgwaechterservice.de\/fr\/p\/serrure-electronique\/secuentry-pro-7000\/\">secuENTRY pro 7000<\/a><\/li>\n<li><a href=\"https:\/\/test.burgwaechterservice.de\/fr\/p\/serrure-electronique\/secuentry-pro-7030-half\/\">Demi-cylindre secuENTRY 7030 Half<\/a><\/li>\n<li><a href=\"https:\/\/test.burgwaechterservice.de\/fr\/p\/serrure-electronique\/double-secuentry-pro-7010\/\">Cylindre double secuENTRY pro 7010<\/a><\/li>\n<\/ul>\n<h3>L&#8217;adaptateur appropri\u00e9 est \u00e0 d\u00e9finir en fonction de l&#8217;\u00e9paisseur de porte<\/h3>\n<p>La taille d&#8217;adaptateur adapt\u00e9e est fonction de l&#8217;\u00e9paisseur de la porte concern\u00e9e. Par ailleurs, le choix de l&#8217;adaptateur \u00e0 utilis\u00e9 et comment en calculer la taille est expliqu\u00e9 dans la notice d&#8217;utilisation du cylindre de porte utilis\u00e9. <strong>L&#8217;adaptateur en laiton secuENTRY pro est fait pour remplacer la pi\u00e8ce d&#8217;\u00e9cartement d\u00e9j\u00e0 utilis\u00e9e lors du montage<\/strong>. Celles-ci sont jointes en huit tailles diff\u00e9rentes au cylindre. Il suffit pour fixer l&#8217;adaptateur en laiton secuENTRY pro d&#8217;utiliser la vis d\u00e9j\u00e0 employ\u00e9e au montage. En effet, celle-ci est parfaitement adapt\u00e9e \u00e0 la pi\u00e8ce d&#8217;\u00e9cartement en laiton de par sa forme et sa taille.<\/p>\n<h3>D\u00e9m\u00e9nagement ou changement de porte : conserver \u00e0 tout prix l&#8217;adaptateur standard<\/h3>\n<p>Astuce : apr\u00e8s le montage, il est conseill\u00e9 de conserver absolument l&#8217;adaptateur en mati\u00e8re plastique. <strong>En effet, en cas de d\u00e9m\u00e9nagement, il suffit simplement de d\u00e9monter le cylindre de serrure secuENTRY et de l&#8217;emmener avec soi<\/strong>. Comme la porte d&#8217;entr\u00e9e de votre nouveau domicile pr\u00e9sente possiblement une \u00e9paisseur diff\u00e9rente, le cylindre \u00e9lectronique de porte peut \u00eatre int\u00e9gr\u00e9 imm\u00e9diatement de mani\u00e8re optimale avec la pi\u00e8ce d&#8217;\u00e9cartement adapt\u00e9e.<\/p>\n<h3>Les cylindres de porte secuENTRY correspondent aux \u00e9paisseurs de porte standard<\/h3>\n<p>On peut aussi envisager un changement de porte de la maison ou de l&#8217;appartement avec une nouvelle \u00e9paisseur de porte. <strong>Selon le mod\u00e8le, les cylindres secuENTRY pro conviennent \u00e0 des portes d&#8217;une \u00e9paisseur comprise entre 60 et 130 millim\u00e8tres<\/strong>. Le demi-cylindre secuENTRY pro 7030 peut \u00eatre int\u00e9gr\u00e9 dans des portes d&#8217;une longueur totale maximale de 77,5 millim\u00e8tres.<\/p>\n<p>&nbsp;<\/p>\n<h4>Les adaptateurs secuENTRY en un aper\u00e7u<\/h4>\n<ul>\n<li>Adaptateurs d&#8217;une longueur de 5 \u00e0 40 millim\u00e8tres<\/li>\n<li>Pour les cylindres secuENTRY pro 7000, secuENTRY 7030 (demi), secuENTRY pro 7010 (double<\/li>\n<li>L&#8217;\u00e9paisseur de porte d\u00e9termine la taille de l&#8217;adaptateur<\/li>\n<\/ul>\n<p>&nbsp;<\/p>\n","protected":false},"excerpt":{"rendered":"<p>Adaptateur secuENTRY pro : rallonge en laiton pour l&#8217;int\u00e9rieur et l&#8217;ext\u00e9rieur Les adaptateurs secuENTRY pour utilisation int\u00e9rieure et ext\u00e9rieure remplacent les rallonges plastiques produites de mani\u00e8re industrielle pour les cylindres \u00e9lectroniques de porte secuENTRY pro. L&#8217;adaptateur en laiton secuENTRY pro &hellip; <a class=\"kt-excerpt-readmore\" href=\"https:\/\/test.burgwaechterservice.de\/fr\/p\/serrure-electronique\/adaptateur-secuentry-pro\/\" aria-label=\"Adaptateur secuENTRY pro\">Lire la suite<\/a><\/p>\n","protected":false},"featured_media":190155,"comment_status":"closed","ping_status":"closed","template":"","meta":[],"product_cat":[36,4211],"product_tag":[3427],"yoast_head":"<!-- This site is optimized with the Yoast SEO Premium plugin v18.4 (Yoast SEO v19.13) - https:\/\/yoast.com\/wordpress\/plugins\/seo\/ -->\n<title>Adaptateur pour cylindre secuENTRY pro : par BURG-W\u00c4CHTER.<\/title>\n<meta name=\"description\" content=\"Adaptez votre cylindre exactement \u00e0 l&#039;\u00e9paisseur de votre porte. Adaptateur secuENTRY pour serrure \u00e9lectronique, par le sp\u00e9cialiste en s\u00e9curit\u00e9 BURG-W\u00c4CHTER\" \/>\n<meta name=\"robots\" content=\"index, follow, max-snippet:-1, max-image-preview:large, max-video-preview:-1\" \/>\n<link rel=\"canonical\" href=\"https:\/\/test.burgwaechterservice.de\/fr\/p\/serrure-electronique\/adaptateur-secuentry-pro\/\" \/>\n<meta property=\"og:locale\" content=\"fr_FR\" \/>\n<meta property=\"og:type\" content=\"article\" \/>\n<meta property=\"og:title\" content=\"Adaptateur secuENTRY pro\" \/>\n<meta property=\"og:description\" content=\"Adaptez votre cylindre exactement \u00e0 l&#039;\u00e9paisseur de votre porte. Adaptateur secuENTRY pour serrure \u00e9lectronique, par le sp\u00e9cialiste en s\u00e9curit\u00e9 BURG-W\u00c4CHTER\" \/>\n<meta property=\"og:url\" content=\"https:\/\/test.burgwaechterservice.de\/fr\/p\/serrure-electronique\/adaptateur-secuentry-pro\/\" \/>\n<meta property=\"og:site_name\" content=\"Burg-W\u00e4chter France\" \/>\n<meta property=\"article:modified_time\" content=\"2019-09-18T16:10:45+00:00\" \/>\n<meta property=\"og:image\" content=\"https:\/\/test.burgwaechterservice.de\/fr\/wp-content\/uploads\/sites\/4\/2018\/09\/secuENTRY_pro_Adapter_Messing.jpg\" \/>\n\t<meta property=\"og:image:width\" content=\"800\" \/>\n\t<meta property=\"og:image:height\" content=\"800\" \/>\n\t<meta property=\"og:image:type\" content=\"image\/jpeg\" \/>\n<meta name=\"twitter:card\" content=\"summary_large_image\" \/>\n<meta name=\"twitter:label1\" content=\"Dur\u00e9e de lecture estim\u00e9e\" \/>\n\t<meta name=\"twitter:data1\" content=\"2 minutes\" \/>\n<!-- \/ Yoast SEO Premium plugin. -->","yoast_head_json":{"title":"Adaptateur pour cylindre secuENTRY pro : par BURG-W\u00c4CHTER.","description":"Adaptez votre cylindre exactement \u00e0 l'\u00e9paisseur de votre porte. Adaptateur secuENTRY pour serrure \u00e9lectronique, par le sp\u00e9cialiste en s\u00e9curit\u00e9 BURG-W\u00c4CHTER","robots":{"index":"index","follow":"follow","max-snippet":"max-snippet:-1","max-image-preview":"max-image-preview:large","max-video-preview":"max-video-preview:-1"},"canonical":"https:\/\/test.burgwaechterservice.de\/fr\/p\/serrure-electronique\/adaptateur-secuentry-pro\/","og_locale":"fr_FR","og_type":"article","og_title":"Adaptateur secuENTRY pro","og_description":"Adaptez votre cylindre exactement \u00e0 l'\u00e9paisseur de votre porte. Adaptateur secuENTRY pour serrure \u00e9lectronique, par le sp\u00e9cialiste en s\u00e9curit\u00e9 BURG-W\u00c4CHTER","og_url":"https:\/\/test.burgwaechterservice.de\/fr\/p\/serrure-electronique\/adaptateur-secuentry-pro\/","og_site_name":"Burg-W\u00e4chter France","article_modified_time":"2019-09-18T16:10:45+00:00","og_image":[{"width":800,"height":800,"url":"https:\/\/test.burgwaechterservice.de\/fr\/wp-content\/uploads\/sites\/4\/2018\/09\/secuENTRY_pro_Adapter_Messing.jpg","type":"image\/jpeg"}],"twitter_card":"summary_large_image","twitter_misc":{"Dur\u00e9e de lecture estim\u00e9e":"2 minutes"},"schema":{"@context":"https:\/\/schema.org","@graph":[{"@type":"WebPage","@id":"https:\/\/test.burgwaechterservice.de\/fr\/p\/serrure-electronique\/adaptateur-secuentry-pro\/","url":"https:\/\/test.burgwaechterservice.de\/fr\/p\/serrure-electronique\/adaptateur-secuentry-pro\/","name":"Adaptateur pour cylindre secuENTRY pro : par BURG-W\u00c4CHTER.","isPartOf":{"@id":"https:\/\/test.burgwaechterservice.de\/fr\/#website"},"datePublished":"2018-09-24T06:40:26+00:00","dateModified":"2019-09-18T16:10:45+00:00","description":"Adaptez votre cylindre exactement \u00e0 l'\u00e9paisseur de votre porte. Adaptateur secuENTRY pour serrure \u00e9lectronique, par le sp\u00e9cialiste en s\u00e9curit\u00e9 BURG-W\u00c4CHTER","breadcrumb":{"@id":"https:\/\/test.burgwaechterservice.de\/fr\/p\/serrure-electronique\/adaptateur-secuentry-pro\/#breadcrumb"},"inLanguage":"fr-FR","potentialAction":[{"@type":"ReadAction","target":["https:\/\/test.burgwaechterservice.de\/fr\/p\/serrure-electronique\/adaptateur-secuentry-pro\/"]}]},{"@type":"BreadcrumbList","@id":"https:\/\/test.burgwaechterservice.de\/fr\/p\/serrure-electronique\/adaptateur-secuentry-pro\/#breadcrumb","itemListElement":[{"@type":"ListItem","position":1,"name":"Accueil","item":"https:\/\/test.burgwaechterservice.de\/fr\/"},{"@type":"ListItem","position":2,"name":"Produits","item":"https:\/\/test.burgwaechterservice.de\/fr\/p\/"},{"@type":"ListItem","position":3,"name":"Adaptateur secuENTRY pro"}]},{"@type":"WebSite","@id":"https:\/\/test.burgwaechterservice.de\/fr\/#website","url":"https:\/\/test.burgwaechterservice.de\/fr\/","name":"Burg-W\u00e4chter France","description":"Le choix le plus s\u00fbr!","potentialAction":[{"@type":"SearchAction","target":{"@type":"EntryPoint","urlTemplate":"https:\/\/test.burgwaechterservice.de\/fr\/?s={search_term_string}"},"query-input":"required name=search_term_string"}],"inLanguage":"fr-FR"}]}},"_links":{"self":[{"href":"https:\/\/test.burgwaechterservice.de\/fr\/wp-json\/wp\/v2\/product\/190154"}],"collection":[{"href":"https:\/\/test.burgwaechterservice.de\/fr\/wp-json\/wp\/v2\/product"}],"about":[{"href":"https:\/\/test.burgwaechterservice.de\/fr\/wp-json\/wp\/v2\/types\/product"}],"replies":[{"embeddable":true,"href":"https:\/\/test.burgwaechterservice.de\/fr\/wp-json\/wp\/v2\/comments?post=190154"}],"wp:featuredmedia":[{"embeddable":true,"href":"https:\/\/test.burgwaechterservice.de\/fr\/wp-json\/wp\/v2\/media\/190155"}],"wp:attachment":[{"href":"https:\/\/test.burgwaechterservice.de\/fr\/wp-json\/wp\/v2\/media?parent=190154"}],"wp:term":[{"taxonomy":"product_cat","embeddable":true,"href":"https:\/\/test.burgwaechterservice.de\/fr\/wp-json\/wp\/v2\/product_cat?post=190154"},{"taxonomy":"product_tag","embeddable":true,"href":"https:\/\/test.burgwaechterservice.de\/fr\/wp-json\/wp\/v2\/product_tag?post=190154"}],"curies":[{"name":"wp","href":"https:\/\/api.w.org\/{rel}","templated":true}]}}