{"id":190152,"date":"2018-09-24T08:40:23","date_gmt":"2018-09-24T06:40:23","guid":{"rendered":"https:\/\/www.burg.biz\/fr\/p\/serrure-electronique\/appli-cle\/"},"modified":"2022-04-29T09:03:25","modified_gmt":"2022-04-29T07:03:25","slug":"appli-cle","status":"publish","type":"product","link":"https:\/\/test.burgwaechterservice.de\/fr\/p\/serrure-electronique\/appli-cle\/","title":{"rendered":"Application cl\u00e9 secuENTRY"},"content":{"rendered":"<h2>L&#8217;application cl\u00e9 de Burg-W\u00e4chter<\/h2>\n<p>Avec l&#8217;application cl\u00e9 de la maison BURG-W\u00c4CHTER, vous pouvez d\u00e9verrouiller et g\u00e9rer vos serrures \u00e9lectroniques de la gamme secuENTRY en toute efficacit\u00e9 et s\u00e9curit\u00e9. Par ailleurs, vous pouvez transmettre les droits d&#8217;acc\u00e8s \u00e9tablis depuis votre PC directement et simplement via l&#8217;application vers la serrure secuENTRY souhait\u00e9e.<\/p>\n<h3>Ouvrir vos portes avec votre smartphone<\/h3>\n<p>En plus des dipositifs d&#8217;ouvertures d\u00e9j\u00e0 connus comme le<strong><a href=\"https:\/\/test.burgwaechterservice.de\/fr\/p\/serrure-electronique\/secuentry-5701-pincode\/\"> code<\/a>, <\/strong>l&#8217;<strong><a href=\"https:\/\/test.burgwaechterservice.de\/fr\/p\/serrure-electronique\/secuentry-5702-fingerprint\/\">empreinte digitale<\/a><\/strong> ou le <a href=\"https:\/\/test.burgwaechterservice.de\/fr\/p\/serrure-electronique\/transpondeur-secuentry-pro-5710\/\"><strong>transpondeur passif<\/strong><\/a>, vous avez maintenant la possibilit\u00e9 de d\u00e9verrouiller votre serrure \u00e9lectronique en plus par application directement depuis votre smartphone. Pour ce faire, vous avez seulement \u00e0 t\u00e9l\u00e9charger l&#8217;application secuENTRY. Gr\u00e2ce \u00e0 cette derni\u00e8re,<strong> il devient simple d&#8217;allier confort et commodit\u00e9 pour rentrer chez vous<\/strong>. Une pression sur l&#8217;\u00e9cran tactile de votre t\u00e9l\u00e9phone suffit pour assurer le d\u00e9verrouillage ou le verrouillage du cylindre de la serrure et ouvrir ou fermer votre porte via l&#8217;application<strong>.<\/strong><\/p>\n<p>&nbsp;<\/p>\n<h2>Comment d\u00e9verrouiller ma porte depuis mon t\u00e9l\u00e9phone portable?<\/h2>\n<div class=\"kad-youtube-shortcode videofit\" style=\"max-width:747px;\" ><div class=\"BorlabsCookie _brlbs-cb-youtube\"><div class=\"_brlbs-content-blocker\"> <div class=\"_brlbs-embed _brlbs-video-youtube\"> <img class=\"_brlbs-thumbnail\" src=\"https:\/\/test.burgwaechterservice.de\/fr\/wp-content\/plugins\/borlabs-cookie\/assets\/images\/cb-no-thumbnail.png\" alt=\"YouTube\"> <div class=\"_brlbs-caption\"> <p>By loading the video, you agree to YouTube's privacy policy.<br><a href=\"https:\/\/policies.google.com\/privacy?hl=en&amp;gl=en\" target=\"_blank\" rel=\"nofollow noopener noreferrer\">Learn more<\/a><\/p> <p><a class=\"_brlbs-btn _brlbs-icon-play-white\" href=\"#\" data-borlabs-cookie-unblock role=\"button\">Load video<\/a><\/p> <p><label><input type=\"checkbox\" name=\"unblockAll\" value=\"1\" checked> <small>Always unblock YouTube<\/small><\/label><\/p> <\/div> <\/div> <\/div><div class=\"borlabs-hide\" data-borlabs-cookie-type=\"content-blocker\" data-borlabs-cookie-id=\"youtube\"><script type=\"text\/template\">PGlmcmFtZSB3aWR0aD0iNzQ3IiBoZWlnaHQ9IjQyMCIgc3JjPSJodHRwczovL3d3dy55b3V0dWJlLW5vY29va2llLmNvbS9lbWJlZC9LaDJkMlBlVFJoQT9hdXRvcGxheT0wJmNvbnRyb2xzPTEmZnM9MSZtb2Rlc3RicmFuZGluZz0wJnRoZW1lPWRhcmsmcmVsPTEmbG9vcD0wJnNob3dpbmZvPTEiIGZyYW1lYm9yZGVyPSIwIiBhbGxvd2Z1bGxzY3JlZW49InRydWUiPjwvaWZyYW1lPg==<\/script><\/div><\/div><\/div>\n<h3>Param\u00e9trer l&#8217;application cl\u00e9 avec simplicit\u00e9 et commodit\u00e9<\/h3>\n<p>Apr\u00e8s que les donn\u00e9es d&#8217;identification de l&#8217;utilisateur de l&#8217;appli (nom \/ adresse e-mail) aient \u00e9t\u00e9 envoy\u00e9es \u00e0 l&#8217;administrateur ou propri\u00e9taire du syst\u00e8me de fermeture, il est possible de les utiliser via le <a href=\"https:\/\/test.burgwaechterservice.de\/fr\/p\/serrure-electronique\/logiciel-secuentry\/\">logiciel secuENTRY pour PC<\/a>. <strong>Ainsi, il est tr\u00e8s simple de d\u00e9finir l&#8217;appli comme dispositif d&#8217;ouverture des serrures souhait\u00e9es<\/strong>. Si besoin, vous pouvez aussi enregistrer l&#8217;appli cl\u00e9 manuellement en scannant le QR-code des serrures que vous souhaitez y ouvrir et fermer. Apr\u00e8s le param\u00e9trage ou l&#8217;enregistrement manuel des serrures, vous pouvez les contr\u00f4ler en tout confort depuis votre smartphone.<\/p>\n<h3>Application mise \u00e0 disposition gratuitement pour un seul cylindre secuENTRY<\/h3>\n<p>Avec la version actuelle, <strong>vous pouvez verrouiller et d\u00e9verrouiller un cylindre secuENTRY avec la version de base gratuite de mani\u00e8re illimit\u00e9e<\/strong>. Et cela m\u00eame depuis plusieurs smartphones. Si vous souhaitez utiliser l&#8217;application pour plusieurs serrures secuENTRY, il est n\u00e9cessaire de passer au cran sup\u00e9rieur.<\/p>\n<h4>Les avantages de la version pro<\/h4>\n<p>L&#8217;application cl\u00e9 compend dans la version gratuite de base un nombre illimit\u00e9 d&#8217;ouvertures et fermetures pour une seule serrure. <strong>En passant par la fonction int\u00e9gr\u00e9e dans l&#8217;application interne, il est possible d&#8217;agrandir le champ des possibles<\/strong>, de sorte que l&#8217;application soit utilis\u00e9e comme dispositif d&#8217;ouverture pour d&#8217;autres serrures. Un acc\u00e8s direct \u00e0 l&#8217;information est rendu possible gr\u00e2ce \u00e0 l&#8217;historique des ouvertures pour chaque serrure ou pour l&#8217;application.<\/p>\n<h3>Programmer les serrures avec l&#8217;application cl\u00e9<\/h3>\n<p>L&#8217;appli cl\u00e9 a bien plus de pouvoir que la simple ouverture et fermeture des serrures \u00e9lectroniques. Avec cette application, vous pouvez en toute simplicit\u00e9 transmettre un planing des ouvertures\/fermetures r\u00e9alis\u00e9 avec le logiciel secuENTRY \u00e0 la serrure souhait\u00e9e. Le logiciel produit un fichier donn\u00e9es qui est transmis \u00e0 votre smartphone par e-mail. Ce fichier donn\u00e9es est t\u00e9l\u00e9charg\u00e9 de mani\u00e8re totalement automatis\u00e9e dans l&#8217;application et<strong> les serrures d\u00e9sign\u00e9es peuvent \u00eatre param\u00e9tr\u00e9es en quelques pressions de doigt<\/strong>. Ainsi, vous avez votre planing d&#8217;ouvertures\/fermetures dans votre poche, peu importe que les donn\u00e9es soient transmises \u00e0 1, 20 ou 100 serrures \u00e9lectroniques secuENTRY.<\/p>\n<h3>Variantes de logiciel pour toutes les exigences propres aux domaines d&#8217;utilisation<\/h3>\n<p>Pour g\u00e9rer votre syst\u00e8me de fermeture, vous avez <strong>plusieurs variantes diff\u00e9rentes du logiciel<\/strong> au choix. Les particuliers sont bien lotis avec le <a href=\"https:\/\/test.burgwaechterservice.de\/fr\/p\/serrure-electronique\/logiciel-secuentry\/\">logiciel secuENTRY<\/a> abordable et permettant de param\u00e9trer jusqu&#8217;\u00e0 15 profils d&#8217;utilisateurs. Les entreprises ou administrations peuvent recourir au <a href=\"https:\/\/test.burgwaechterservice.de\/fr\/p\/serrure-electronique\/logiciel-secuentry-pro-7083\/\">logiciel secuENTRY pro 7083<\/a> (gestion d&#8217;un maximum de 2000 usagers et 1000 portes).<\/p>\n<h4>Compatibilit\u00e9<\/h4>\n<p>L&#8217;application est compatible avec les appareils suivants<\/p>\n<ul>\n<li>iPhone Apple 4S, 5, 5S, 6, 6P \u00e0 partir de IOS 8.1.3 ou plus<\/li>\n<li>Samsung Galaxy S4, S4 mini, S5 et S5 mini \u00e0 partir de Android 4.3 KitKat ou 5.0 Lollipop ou plus<\/li>\n<\/ul>\n<p><strong>Informations pour les utilisateur de Huawei :<\/strong> Avec les smartphones Huawei, il est possible que vous constatiez des d\u00e9faillances en terme de communication bluetooth entre le smartphone et l&#8217;appli cl\u00e9. Nous nous effor\u00e7ons de tirer au plus vite cette situation au clair, et sollicitons votre compr\u00e9hension. Veuillez s&#8217;il-vous-pla\u00eet v\u00e9rifier dans la description de l&#8217;application quels sont les appareils avec lesquels vous pouvez utiliser l&#8217;application.<\/p>\n<div class=\"row\"> <div class=\"col-md-6  \">\n<p><a href=\"https:\/\/play.google.com\/store\/apps\/details?id=de.burgwachter.keyapp.app&amp;hl=de\" target=\"_blank\" rel=\"noopener noreferrer\"><img decoding=\"async\" class=\"alignright\" src=\"https:\/\/test.burgwaechterservice.de\/wp-content\/uploads\/2016\/08\/Google-Play-store-Kopie.png\" alt=\"google-play-store-kopie\" width=\"205\" height=\"69\" \/><\/a><\/p>\n<p>&nbsp;<\/p>\n<p>&nbsp;<\/p>\n<\/div><div class=\"col-md-6  \">\n<p><a href=\"https:\/\/itunes.apple.com\/de\/app\/secuentry-keyapp\/id980848481?mt=8\" target=\"_blank\" rel=\"noopener noreferrer\"><img decoding=\"async\" class=\"alignleft\" src=\"https:\/\/test.burgwaechterservice.de\/wp-content\/uploads\/2016\/08\/App-Store.png\" alt=\"app-store\" width=\"225\" height=\"68\" \/><\/a><\/p>\n<\/div><\/div>\n<p>&nbsp;<\/p>\n<p>&nbsp;<\/p>\n","protected":false},"excerpt":{"rendered":"<p>L&#8217;application cl\u00e9 de Burg-W\u00e4chter Avec l&#8217;application cl\u00e9 de la maison BURG-W\u00c4CHTER, vous pouvez d\u00e9verrouiller et g\u00e9rer vos serrures \u00e9lectroniques de la gamme secuENTRY en toute efficacit\u00e9 et s\u00e9curit\u00e9. Par ailleurs, vous pouvez transmettre les droits d&#8217;acc\u00e8s \u00e9tablis depuis votre PC &hellip; <a class=\"kt-excerpt-readmore\" href=\"https:\/\/test.burgwaechterservice.de\/fr\/p\/serrure-electronique\/appli-cle\/\" aria-label=\"Application cl\u00e9 secuENTRY\">Lire la suite<\/a><\/p>\n","protected":false},"featured_media":427433,"comment_status":"closed","ping_status":"closed","template":"","meta":[],"product_cat":[36,5802,4211,1135,1136],"product_tag":[],"yoast_head":"<!-- This site is optimized with the Yoast SEO Premium plugin v18.4 (Yoast SEO v19.13) - https:\/\/yoast.com\/wordpress\/plugins\/seo\/ -->\n<title>Application cl\u00e9 de BURG-W\u00c4CHTER : Votre smartphone devient la cl\u00e9 !<\/title>\n<meta name=\"description\" content=\"D\u00e9verrouillez vos portes par smartphone ! Avec l&#039;application du sp\u00e9cialiste de la s\u00e9curit\u00e9 de pointe BURG-W\u00c4CHTER, pour serrures de la gamme secuENTRY.\" \/>\n<meta name=\"robots\" content=\"index, follow, max-snippet:-1, max-image-preview:large, max-video-preview:-1\" \/>\n<link rel=\"canonical\" href=\"https:\/\/test.burgwaechterservice.de\/fr\/p\/serrure-electronique\/appli-cle\/\" \/>\n<meta property=\"og:locale\" content=\"fr_FR\" \/>\n<meta property=\"og:type\" content=\"article\" \/>\n<meta property=\"og:title\" content=\"Application cl\u00e9 secuENTRY\" \/>\n<meta property=\"og:description\" content=\"D\u00e9verrouillez vos portes par smartphone ! Avec l&#039;application du sp\u00e9cialiste de la s\u00e9curit\u00e9 de pointe BURG-W\u00c4CHTER, pour serrures de la gamme secuENTRY.\" \/>\n<meta property=\"og:url\" content=\"https:\/\/test.burgwaechterservice.de\/fr\/p\/serrure-electronique\/appli-cle\/\" \/>\n<meta property=\"og:site_name\" content=\"Burg-W\u00e4chter France\" \/>\n<meta property=\"article:modified_time\" content=\"2022-04-29T07:03:25+00:00\" \/>\n<meta property=\"og:image\" content=\"https:\/\/test.burgwaechterservice.de\/fr\/wp-content\/uploads\/sites\/4\/2018\/09\/Key-App-1.png\" \/>\n\t<meta property=\"og:image:width\" content=\"300\" \/>\n\t<meta property=\"og:image:height\" content=\"300\" \/>\n\t<meta property=\"og:image:type\" content=\"image\/png\" \/>\n<meta name=\"twitter:card\" content=\"summary_large_image\" \/>\n<meta name=\"twitter:label1\" content=\"Dur\u00e9e de lecture estim\u00e9e\" \/>\n\t<meta name=\"twitter:data1\" content=\"4 minutes\" \/>\n<!-- \/ Yoast SEO Premium plugin. -->","yoast_head_json":{"title":"Application cl\u00e9 de BURG-W\u00c4CHTER : Votre smartphone devient la cl\u00e9 !","description":"D\u00e9verrouillez vos portes par smartphone ! Avec l'application du sp\u00e9cialiste de la s\u00e9curit\u00e9 de pointe BURG-W\u00c4CHTER, pour serrures de la gamme secuENTRY.","robots":{"index":"index","follow":"follow","max-snippet":"max-snippet:-1","max-image-preview":"max-image-preview:large","max-video-preview":"max-video-preview:-1"},"canonical":"https:\/\/test.burgwaechterservice.de\/fr\/p\/serrure-electronique\/appli-cle\/","og_locale":"fr_FR","og_type":"article","og_title":"Application cl\u00e9 secuENTRY","og_description":"D\u00e9verrouillez vos portes par smartphone ! Avec l'application du sp\u00e9cialiste de la s\u00e9curit\u00e9 de pointe BURG-W\u00c4CHTER, pour serrures de la gamme secuENTRY.","og_url":"https:\/\/test.burgwaechterservice.de\/fr\/p\/serrure-electronique\/appli-cle\/","og_site_name":"Burg-W\u00e4chter France","article_modified_time":"2022-04-29T07:03:25+00:00","og_image":[{"width":300,"height":300,"url":"https:\/\/test.burgwaechterservice.de\/fr\/wp-content\/uploads\/sites\/4\/2018\/09\/Key-App-1.png","type":"image\/png"}],"twitter_card":"summary_large_image","twitter_misc":{"Dur\u00e9e de lecture estim\u00e9e":"4 minutes"},"schema":{"@context":"https:\/\/schema.org","@graph":[{"@type":"WebPage","@id":"https:\/\/test.burgwaechterservice.de\/fr\/p\/serrure-electronique\/appli-cle\/","url":"https:\/\/test.burgwaechterservice.de\/fr\/p\/serrure-electronique\/appli-cle\/","name":"Application cl\u00e9 de BURG-W\u00c4CHTER : Votre smartphone devient la cl\u00e9 !","isPartOf":{"@id":"https:\/\/test.burgwaechterservice.de\/fr\/#website"},"datePublished":"2018-09-24T06:40:23+00:00","dateModified":"2022-04-29T07:03:25+00:00","description":"D\u00e9verrouillez vos portes par smartphone ! Avec l'application du sp\u00e9cialiste de la s\u00e9curit\u00e9 de pointe BURG-W\u00c4CHTER, pour serrures de la gamme secuENTRY.","breadcrumb":{"@id":"https:\/\/test.burgwaechterservice.de\/fr\/p\/serrure-electronique\/appli-cle\/#breadcrumb"},"inLanguage":"fr-FR","potentialAction":[{"@type":"ReadAction","target":["https:\/\/test.burgwaechterservice.de\/fr\/p\/serrure-electronique\/appli-cle\/"]}]},{"@type":"BreadcrumbList","@id":"https:\/\/test.burgwaechterservice.de\/fr\/p\/serrure-electronique\/appli-cle\/#breadcrumb","itemListElement":[{"@type":"ListItem","position":1,"name":"Accueil","item":"https:\/\/test.burgwaechterservice.de\/fr\/"},{"@type":"ListItem","position":2,"name":"Produits","item":"https:\/\/test.burgwaechterservice.de\/fr\/p\/"},{"@type":"ListItem","position":3,"name":"Application cl\u00e9 secuENTRY"}]},{"@type":"WebSite","@id":"https:\/\/test.burgwaechterservice.de\/fr\/#website","url":"https:\/\/test.burgwaechterservice.de\/fr\/","name":"Burg-W\u00e4chter France","description":"Le choix le plus s\u00fbr!","potentialAction":[{"@type":"SearchAction","target":{"@type":"EntryPoint","urlTemplate":"https:\/\/test.burgwaechterservice.de\/fr\/?s={search_term_string}"},"query-input":"required name=search_term_string"}],"inLanguage":"fr-FR"}]}},"_links":{"self":[{"href":"https:\/\/test.burgwaechterservice.de\/fr\/wp-json\/wp\/v2\/product\/190152"}],"collection":[{"href":"https:\/\/test.burgwaechterservice.de\/fr\/wp-json\/wp\/v2\/product"}],"about":[{"href":"https:\/\/test.burgwaechterservice.de\/fr\/wp-json\/wp\/v2\/types\/product"}],"replies":[{"embeddable":true,"href":"https:\/\/test.burgwaechterservice.de\/fr\/wp-json\/wp\/v2\/comments?post=190152"}],"wp:featuredmedia":[{"embeddable":true,"href":"https:\/\/test.burgwaechterservice.de\/fr\/wp-json\/wp\/v2\/media\/427433"}],"wp:attachment":[{"href":"https:\/\/test.burgwaechterservice.de\/fr\/wp-json\/wp\/v2\/media?parent=190152"}],"wp:term":[{"taxonomy":"product_cat","embeddable":true,"href":"https:\/\/test.burgwaechterservice.de\/fr\/wp-json\/wp\/v2\/product_cat?post=190152"},{"taxonomy":"product_tag","embeddable":true,"href":"https:\/\/test.burgwaechterservice.de\/fr\/wp-json\/wp\/v2\/product_tag?post=190152"}],"curies":[{"name":"wp","href":"https:\/\/api.w.org\/{rel}","templated":true}]}}