{"id":190149,"date":"2018-09-24T08:40:16","date_gmt":"2018-09-24T06:40:16","guid":{"rendered":"https:\/\/www.burg.biz\/fr\/p\/serrure-electronique\/duo-secuentry-pro-7116\/"},"modified":"2022-04-19T11:50:42","modified_gmt":"2022-04-19T09:50:42","slug":"duo-secuentry-pro-7116","status":"publish","type":"product","link":"https:\/\/test.burgwaechterservice.de\/fr\/p\/serrure-electronique\/duo-secuentry-pro-7116\/","title":{"rendered":"secuENTRY pro 7116 Duo"},"content":{"rendered":"<h2>Cylindre secuEntry pro 7116 Duo : la serrure \u00e0 la fois \u00e9lectronique et m\u00e9canique<\/h2>\n<p>Une <strong>nouveaut\u00e9 absolue<\/strong> de la maison BURG-W\u00c4CHTER ! Le cylindre de porte Duo secuENTRY ne s&#8217;ouvre pas seulement par code, empreinte digitale, smartphone ou encore transpondeur passif ou actif, mais il est aussi \u00e9quip\u00e9 d&#8217;une <strong>serrure m\u00e9canique de secours pour les cas de l&#8217;extr\u00eame<\/strong>. Avec cette particularit\u00e9, le Duo secuENTRY pro 7116 offre une <strong>flexibilit\u00e9 in\u00e9dite<\/strong>.<\/p>\n<p>Ouvrez votre porte par empreinte digitale, code ou smartphone et <strong>ne vous encombrez plus inutilement d&#8217;une cl\u00e9<\/strong>. Ainsi, vous \u00e9vitez la perte de cl\u00e9 et ne courrez plus aucun risque pour votre s\u00e9curit\u00e9 ! Avec l&#8217;ouverture par bluetooth (code, empreinte digitale, transpondeur actif, smartphone), la transmission des donn\u00e9es (4.0 BLE) est <strong>s\u00e9curis\u00e9e gr\u00e2ce au cryptage AES<\/strong> et ainsi prot\u00e9g\u00e9e de mani\u00e8re optimale contre toute manipulation. La <strong>port\u00e9e atteint respectivement un maximum de 4 m\u00e8tres<\/strong>. De plus, le cylindre dispose d&#8217;une fonction d&#8217;historique et enregistre les 2000 derni\u00e8res ouvertures.<\/p>\n<p><strong>Vous souhaitez utiliser le Duo secuENTRY pro 7116 avec <a href=\"https:\/\/test.burgwaechterservice.de\/fr\/p\/serrure-electronique\/secuentry-pro-5712-fp\/\" target=\"_blank\" rel=\"noopener noreferrer\">empreinte digitale<\/a> et\/ou <a href=\"https:\/\/test.burgwaechterservice.de\/fr\/p\/serrure-electronique\/secuentry-pro-5711-pin\/\" target=\"_blank\" rel=\"noopener noreferrer\">code<\/a>? <a href=\"https:\/\/test.burgwaechterservice.de\/fr\/c\/serrure-electronique\/secuentry-pro-7000\/\" target=\"_blank\" rel=\"noopener noreferrer\">Vous trouverez ici le clavier adapt\u00e9 !<\/a><\/strong><\/p>\n<p>&nbsp;<\/p>\n<h2>Comment ouvrir votre porte :<\/h2>\n<h4><a href=\"https:\/\/test.burgwaechterservice.de\/fr\/p\/serrure-electronique\/secuentry-pro-5712-fp\/\" target=\"_blank\" rel=\"noopener noreferrer\">1. Empreinte digitale via clavier sp\u00e9cial<\/a><\/h4>\n<ul>\n<li>Acc\u00e8s avec votre propre empreinte digitale<\/li>\n<li>jusqu&#8217;\u00e0 200-300 acc\u00e8s biom\u00e9triques, (max. 45 empreinets premium et 200-300 empreintes standards)<\/li>\n<li>Reconnaissance du doigt vivant<\/li>\n<li>Technologie du capteur \u00e0 la pointe de la modernit\u00e9<\/li>\n<li>jusqu&#8217;\u00e0 40 000 ouvertures par jeu de piles dans le cylindre<\/li>\n<\/ul>\n<h4><a href=\"https:\/\/test.burgwaechterservice.de\/fr\/p\/serrure-electronique\/secuentry-pro-5711-pin\/\" target=\"_blank\" rel=\"noopener noreferrer\">2. Digicode via clavier<\/a><\/h4>\n<ul>\n<li>jusqu&#8217;\u00e0 2000 codes usager<\/li>\n<li>Clavier illumin\u00e9<\/li>\n<li>Touches du clavier tactiles<\/li>\n<li>jusqu&#8217;\u00e0 40 000 ouvertures par jeu de piles dans le cylindre<\/li>\n<\/ul>\n<h4><a href=\"https:\/\/test.burgwaechterservice.de\/fr\/p\/serrure-electronique\/secuentry-5713-se-key\/\" target=\"_blank\" rel=\"noopener noreferrer\">3. Transpondeur actif<\/a><\/h4>\n<ul>\n<li>jusqu&#8217;\u00e0 2000 cl\u00e9s BLE (Bluetooth 4.0)<\/li>\n<li>Port\u00e9e max. 4 m\u00e8tres<\/li>\n<li>La pile transpondeur permet jusqu&#8217;\u00e0 10 000 ouvertures<\/li>\n<\/ul>\n<h4><a href=\"https:\/\/test.burgwaechterservice.de\/fr\/p\/serrure-electronique\/transpondeur-secuentry-pro-5710\/\" target=\"_blank\" rel=\"noopener noreferrer\">4. Transpondeur passif<\/a><\/h4>\n<ul>\n<li>jusqu&#8217;\u00e0 2000 cl\u00e9s RFID (ouverture sans contact)<\/li>\n<li>pas de pile n\u00e9cessaire dans le transpondeur<\/li>\n<\/ul>\n<h4><a href=\"https:\/\/test.burgwaechterservice.de\/fr\/p\/serrure-electronique\/appli-cle\/\" target=\"_blank\" rel=\"noopener noreferrer\">5. Depuis smartphone<\/a><\/h4>\n<ul>\n<li>Le smartphone devient la cl\u00e9<\/li>\n<li>Appli cl\u00e9 disponible dans le magasin d&#8217;applications (store) correspondant, (iOS) ou Google Play (Android)<\/li>\n<\/ul>\n<h4>6. Cl\u00e9 de secours<\/h4>\n<ul>\n<li>Ouverture m\u00e9canique possible \u00e0 tout instant<\/li>\n<li>Deux cl\u00e9s de secours fournies<\/li>\n<\/ul>\n<p>&nbsp;<\/p>\n<h2>Fonctionnement de la gamme secuENTRY de BURG-W\u00c4CHTER<\/h2>\n<div class=\"kad-youtube-shortcode videofit\" style=\"max-width:560px;\" ><div class=\"BorlabsCookie _brlbs-cb-youtube\"><div class=\"_brlbs-content-blocker\"> <div class=\"_brlbs-embed _brlbs-video-youtube\"> <img class=\"_brlbs-thumbnail\" src=\"https:\/\/test.burgwaechterservice.de\/fr\/wp-content\/plugins\/borlabs-cookie\/assets\/images\/cb-no-thumbnail.png\" alt=\"YouTube\"> <div class=\"_brlbs-caption\"> <p>By loading the video, you agree to YouTube's privacy policy.<br><a href=\"https:\/\/policies.google.com\/privacy?hl=en&amp;gl=en\" target=\"_blank\" rel=\"nofollow noopener noreferrer\">Learn more<\/a><\/p> <p><a class=\"_brlbs-btn _brlbs-icon-play-white\" href=\"#\" data-borlabs-cookie-unblock role=\"button\">Load video<\/a><\/p> <p><label><input type=\"checkbox\" name=\"unblockAll\" value=\"1\" checked> <small>Always unblock YouTube<\/small><\/label><\/p> <\/div> <\/div> <\/div><div class=\"borlabs-hide\" data-borlabs-cookie-type=\"content-blocker\" data-borlabs-cookie-id=\"youtube\"><script type=\"text\/template\">PGlmcmFtZSB3aWR0aD0iNTYwIiBoZWlnaHQ9IjMxNSIgc3JjPSJodHRwczovL3d3dy55b3V0dWJlLW5vY29va2llLmNvbS9lbWJlZC9LaDJkMlBlVFJoQT9hdXRvcGxheT0wJmNvbnRyb2xzPTEmZnM9MSZtb2Rlc3RicmFuZGluZz0wJnRoZW1lPWRhcmsmcmVsPTEmbG9vcD0wJnNob3dpbmZvPTEiIGZyYW1lYm9yZGVyPSIwIiBhbGxvd2Z1bGxzY3JlZW49InRydWUiPjwvaWZyYW1lPg==<\/script><\/div><\/div><\/div>\n<p>&nbsp;<\/p>\n<h3>Installation du cylindre Duo secuENTRY<\/h3>\n<p>Lors de l&#8217;installation, il suffit de remplacer en toute simplicit\u00e9 et sans perte de temps le cylindre profil\u00e9 m\u00e9canique par le cylindre \u00e9lectronique Duo secuENTRY pro 7116. Celui-ci est <strong>install\u00e9 sans probl\u00e8me en quelques tours de main<\/strong>. Et ce dans des portes d&#8217;une \u00e9paisseur max. de 120 mm (61 mm\/59 mm, mesure \u00e0 partir du centre de la t\u00eate de la vis emboutie). Le cylindre \u00e9lectronique peut apr\u00e8s coup \u00eatre int\u00e9gr\u00e9 sans probl\u00e8me dans presque chaque porte et est appropri\u00e9 aussi bien pour les portes d&#8217;entr\u00e9es de maison ou appartement que pour les portes int\u00e9rieures. Bien, s\u00fbr, <strong>les supports originaux et la surface de la porte sont conserv\u00e9s et aucun per\u00e7age n&#8217;est n\u00e9cessaire<\/strong>.<\/p>\n<p>Le pommeau ext\u00e9rieur a un niveau de protection IP65 (protection totale contre le contact, imperm\u00e9abilit\u00e9 \u00e0 la poussi\u00e8re et protection contre les projections d&#8217;eau de toutes directions), le pommeau int\u00e9rieur IP5X n&#8217;est con\u00e7u que pour les portes \u00e0 l&#8217;abri des intemp\u00e9ries ou ouvertes depuis l&#8217;int\u00e9rieur. Les <strong>piles n\u00e9cessaires sont bien s\u00fbr comprises dans le produit<\/strong> (pommeau int\u00e9rieur : 2x alcaline AA MIGNON LR06; pommeau ext\u00e9rieur : 1x pile lithium CR123A).<\/p>\n<p>&nbsp;<\/p>\n<h3>Logiciel optionnel pour PC<\/h3>\n<p>Avec le <strong><a href=\"https:\/\/test.burgwaechterservice.de\/fr\/p\/serrure-electronique\/logiciel-secuentry\/\" target=\"_blank\" rel=\"noopener noreferrer\">logiciel secuENTRY pour PC<\/a> <\/strong>disponible optionnellement, de nombreuses autres fonctionnalit\u00e9s sont \u00e0 votre disposition. Vous pouvez garder un <strong>contr\u00f4le total des usagers et attribuer des droits d&#8217;acc\u00e8s<\/strong> aux personnes b\u00e9n\u00e9ficiant de votre autorisation d&#8217;entr\u00e9e ou retirer ces m\u00eames droits et m\u00eame consulter l&#8217;<strong>historique des acc\u00e8s<\/strong>. Gr\u00e2ce \u00e0 cela, vous avez \u00e0 tout moment avec le logiciel le contr\u00f4le et l&#8217;aper\u00e7u visuel de toutes les actions !<\/p>\n","protected":false},"excerpt":{"rendered":"<p>Cylindre secuEntry pro 7116 Duo : la serrure \u00e0 la fois \u00e9lectronique et m\u00e9canique Une nouveaut\u00e9 absolue de la maison BURG-W\u00c4CHTER ! Le cylindre de porte Duo secuENTRY ne s&#8217;ouvre pas seulement par code, empreinte digitale, smartphone ou encore transpondeur &hellip; <a class=\"kt-excerpt-readmore\" href=\"https:\/\/test.burgwaechterservice.de\/fr\/p\/serrure-electronique\/duo-secuentry-pro-7116\/\" aria-label=\"secuENTRY pro 7116 Duo\">Lire la suite<\/a><\/p>\n","protected":false},"featured_media":627158,"comment_status":"closed","ping_status":"closed","template":"","meta":[],"product_cat":[36,4211],"product_tag":[3427],"yoast_head":"<!-- This site is optimized with the Yoast SEO Premium plugin v18.4 (Yoast SEO v19.13) - https:\/\/yoast.com\/wordpress\/plugins\/seo\/ -->\n<title>Cylindre \u00e9lectronique DUO secuENTRY pro 7116, par BURG-W\u00c4CHTER.<\/title>\n<meta name=\"description\" content=\"Cylindre \u00e9lectronique Duo secuENTRY pro 7116 de BURG-W\u00c4CHTER. Ouverture \u00e9lectronique (code, empreinte, transpondeur, smartphone) et m\u00e9canique tout en un !\" \/>\n<meta name=\"robots\" content=\"index, follow, max-snippet:-1, max-image-preview:large, max-video-preview:-1\" \/>\n<link rel=\"canonical\" href=\"https:\/\/test.burgwaechterservice.de\/fr\/p\/serrure-electronique\/duo-secuentry-pro-7116\/\" \/>\n<meta property=\"og:locale\" content=\"fr_FR\" \/>\n<meta property=\"og:type\" content=\"article\" \/>\n<meta property=\"og:title\" content=\"secuENTRY pro 7116 Duo\" \/>\n<meta property=\"og:description\" content=\"Cylindre \u00e9lectronique Duo secuENTRY pro 7116 de BURG-W\u00c4CHTER. Ouverture \u00e9lectronique (code, empreinte, transpondeur, smartphone) et m\u00e9canique tout en un !\" \/>\n<meta property=\"og:url\" content=\"https:\/\/test.burgwaechterservice.de\/fr\/p\/serrure-electronique\/duo-secuentry-pro-7116\/\" \/>\n<meta property=\"og:site_name\" content=\"Burg-W\u00e4chter France\" \/>\n<meta property=\"article:modified_time\" content=\"2022-04-19T09:50:42+00:00\" \/>\n<meta property=\"og:image\" content=\"https:\/\/test.burgwaechterservice.de\/fr\/wp-content\/uploads\/sites\/4\/2018\/09\/Duo_7116_Auslaufmodell_FR.jpg\" \/>\n\t<meta property=\"og:image:width\" content=\"1500\" \/>\n\t<meta property=\"og:image:height\" content=\"1500\" \/>\n\t<meta property=\"og:image:type\" content=\"image\/jpeg\" \/>\n<meta name=\"twitter:card\" content=\"summary_large_image\" \/>\n<meta name=\"twitter:label1\" content=\"Dur\u00e9e de lecture estim\u00e9e\" \/>\n\t<meta name=\"twitter:data1\" content=\"3 minutes\" \/>\n<!-- \/ Yoast SEO Premium plugin. -->","yoast_head_json":{"title":"Cylindre \u00e9lectronique DUO secuENTRY pro 7116, par BURG-W\u00c4CHTER.","description":"Cylindre \u00e9lectronique Duo secuENTRY pro 7116 de BURG-W\u00c4CHTER. Ouverture \u00e9lectronique (code, empreinte, transpondeur, smartphone) et m\u00e9canique tout en un !","robots":{"index":"index","follow":"follow","max-snippet":"max-snippet:-1","max-image-preview":"max-image-preview:large","max-video-preview":"max-video-preview:-1"},"canonical":"https:\/\/test.burgwaechterservice.de\/fr\/p\/serrure-electronique\/duo-secuentry-pro-7116\/","og_locale":"fr_FR","og_type":"article","og_title":"secuENTRY pro 7116 Duo","og_description":"Cylindre \u00e9lectronique Duo secuENTRY pro 7116 de BURG-W\u00c4CHTER. Ouverture \u00e9lectronique (code, empreinte, transpondeur, smartphone) et m\u00e9canique tout en un !","og_url":"https:\/\/test.burgwaechterservice.de\/fr\/p\/serrure-electronique\/duo-secuentry-pro-7116\/","og_site_name":"Burg-W\u00e4chter France","article_modified_time":"2022-04-19T09:50:42+00:00","og_image":[{"width":1500,"height":1500,"url":"https:\/\/test.burgwaechterservice.de\/fr\/wp-content\/uploads\/sites\/4\/2018\/09\/Duo_7116_Auslaufmodell_FR.jpg","type":"image\/jpeg"}],"twitter_card":"summary_large_image","twitter_misc":{"Dur\u00e9e de lecture estim\u00e9e":"3 minutes"},"schema":{"@context":"https:\/\/schema.org","@graph":[{"@type":"WebPage","@id":"https:\/\/test.burgwaechterservice.de\/fr\/p\/serrure-electronique\/duo-secuentry-pro-7116\/","url":"https:\/\/test.burgwaechterservice.de\/fr\/p\/serrure-electronique\/duo-secuentry-pro-7116\/","name":"Cylindre \u00e9lectronique DUO secuENTRY pro 7116, par BURG-W\u00c4CHTER.","isPartOf":{"@id":"https:\/\/test.burgwaechterservice.de\/fr\/#website"},"datePublished":"2018-09-24T06:40:16+00:00","dateModified":"2022-04-19T09:50:42+00:00","description":"Cylindre \u00e9lectronique Duo secuENTRY pro 7116 de BURG-W\u00c4CHTER. Ouverture \u00e9lectronique (code, empreinte, transpondeur, smartphone) et m\u00e9canique tout en un !","breadcrumb":{"@id":"https:\/\/test.burgwaechterservice.de\/fr\/p\/serrure-electronique\/duo-secuentry-pro-7116\/#breadcrumb"},"inLanguage":"fr-FR","potentialAction":[{"@type":"ReadAction","target":["https:\/\/test.burgwaechterservice.de\/fr\/p\/serrure-electronique\/duo-secuentry-pro-7116\/"]}]},{"@type":"BreadcrumbList","@id":"https:\/\/test.burgwaechterservice.de\/fr\/p\/serrure-electronique\/duo-secuentry-pro-7116\/#breadcrumb","itemListElement":[{"@type":"ListItem","position":1,"name":"Accueil","item":"https:\/\/test.burgwaechterservice.de\/fr\/"},{"@type":"ListItem","position":2,"name":"Produits","item":"https:\/\/test.burgwaechterservice.de\/fr\/p\/"},{"@type":"ListItem","position":3,"name":"secuENTRY pro 7116 Duo"}]},{"@type":"WebSite","@id":"https:\/\/test.burgwaechterservice.de\/fr\/#website","url":"https:\/\/test.burgwaechterservice.de\/fr\/","name":"Burg-W\u00e4chter France","description":"Le choix le plus s\u00fbr!","potentialAction":[{"@type":"SearchAction","target":{"@type":"EntryPoint","urlTemplate":"https:\/\/test.burgwaechterservice.de\/fr\/?s={search_term_string}"},"query-input":"required name=search_term_string"}],"inLanguage":"fr-FR"}]}},"_links":{"self":[{"href":"https:\/\/test.burgwaechterservice.de\/fr\/wp-json\/wp\/v2\/product\/190149"}],"collection":[{"href":"https:\/\/test.burgwaechterservice.de\/fr\/wp-json\/wp\/v2\/product"}],"about":[{"href":"https:\/\/test.burgwaechterservice.de\/fr\/wp-json\/wp\/v2\/types\/product"}],"replies":[{"embeddable":true,"href":"https:\/\/test.burgwaechterservice.de\/fr\/wp-json\/wp\/v2\/comments?post=190149"}],"wp:featuredmedia":[{"embeddable":true,"href":"https:\/\/test.burgwaechterservice.de\/fr\/wp-json\/wp\/v2\/media\/627158"}],"wp:attachment":[{"href":"https:\/\/test.burgwaechterservice.de\/fr\/wp-json\/wp\/v2\/media?parent=190149"}],"wp:term":[{"taxonomy":"product_cat","embeddable":true,"href":"https:\/\/test.burgwaechterservice.de\/fr\/wp-json\/wp\/v2\/product_cat?post=190149"},{"taxonomy":"product_tag","embeddable":true,"href":"https:\/\/test.burgwaechterservice.de\/fr\/wp-json\/wp\/v2\/product_tag?post=190149"}],"curies":[{"name":"wp","href":"https:\/\/api.w.org\/{rel}","templated":true}]}}