{"id":190141,"date":"2018-09-24T08:39:54","date_gmt":"2018-09-24T06:39:54","guid":{"rendered":"https:\/\/www.burg.biz\/fr\/p\/serrure-electronique\/double-secuentry-pro-7010\/"},"modified":"2021-12-19T20:35:18","modified_gmt":"2021-12-19T19:35:18","slug":"double-secuentry-pro-7010","status":"publish","type":"product","link":"https:\/\/test.burgwaechterservice.de\/fr\/p\/serrure-electronique\/double-secuentry-pro-7010\/","title":{"rendered":"secuENTRY pro 7010 TWIN"},"content":{"rendered":"<h2>Cylindre double secuEntry pro 7010 : la serrure \u00e9lectronique qui se verrouille des deux c\u00f4t\u00e9s<\/h2>\n<p>Quitter votre domicile sans votre cl\u00e9? Aucun probl\u00e8me avec la serrure \u00e9lectronique double secuENTRY pro 7010 ! Apr\u00e8s installation de votre nouvelle serrure, vous avez le choix entre<strong> cinq dispositifs d&#8217;ouverture diff\u00e9rents<\/strong> : par code, empreinte digitale, avec un transpondeur actif ou passif ainsi qu&#8217;avec votre smartphone. et qui dit double, dit bien s\u00fbr ouverture et fermeture des deux c\u00f4t\u00e9s, aussi bien avec le pommeau int\u00e9rieur que le pommeau ext\u00e9rieur. Ainsi, le cylindre double secuENTRY pro 7010 est <strong>particuli\u00e8rement flexible<\/strong>.<\/p>\n<p>La technologie du cylindre double en d\u00e9taill\u00e9 : les pommeaux int\u00e9rieur et ext\u00e9rieur sont coupl\u00e9s en mode inactif. C&#8217;est seulement avec le signal correspondant que le pommeau s&#8217;embraye et que la porte peut \u00eatre verrouill\u00e9e ou d\u00e9verrouill\u00e9e. Gr\u00e2ce \u00e0 cette technologie, le secuENTRY 7010 est adapt\u00e9 de mani\u00e8re optimale pour les portes de transition devant \u00eatre ferm\u00e9es des deux c\u00f4t\u00e9s, ou<strong> pour les<\/strong> <strong>portes avec possibilit\u00e9 de passer la main \u00e0 travers<\/strong>,\u00a0 comme par exemple les portails de jardin. Comme aucun des deux pommeaux n&#8217;est activ\u00e9, il n&#8217;est pas possible d&#8217;ouvrir de l&#8217;int\u00e9rieur en passant la main. Par ailleurs, le cylindre double secuENTRY est tr\u00e8s bien adapt\u00e9 \u00e0 l&#8217;utilisation en ext\u00e9rieur gr\u00e2ce au <strong>niveau de protection IP65 (imperm\u00e9abilit\u00e9 \u00e0 la poussi\u00e8re, protection contre les projections d&#8217;eau).<\/strong><\/p>\n<p>En ce qui concerne le d\u00e9verouillage par bluetooth (code, empreinte digitale, transpondeur actif, smartphone), la transmission des donn\u00e9es (4.0 BLE) donne lieu au <strong>cryptage AES<\/strong> de toutes les informations, ce qui assure une protection optimale contre toute manipulation.<strong> La port\u00e9e maximale s&#8217;\u00e9l\u00e8ve \u00e0 4 m\u00e8tres<\/strong>. Aussi bien le pommeau int\u00e9rieur que le pommeau ext\u00e9rieur peuvent lire les signaux de transpondeur. Le cylindre est \u00e9quip\u00e9 d&#8217;une fonction d&#8217;historique qui enregistre les 2000 ouvertures les plus r\u00e9centes.<\/p>\n<p><strong>Vous souhaitez utiliser le Duo secuENTRY pro 7010 avec <a href=\"https:\/\/test.burgwaechterservice.de\/fr\/p\/serrure-electronique\/secuentry-pro-5712-fp\/\" target=\"_blank\" rel=\"noopener noreferrer\">empreinte digitale<\/a> et\/ou <a href=\"https:\/\/test.burgwaechterservice.de\/fr\/p\/serrure-electronique\/secuentry-pro-5711-pin\/\" target=\"_blank\" rel=\"noopener noreferrer\">code<\/a>? <a href=\"https:\/\/test.burgwaechterservice.de\/fr\/c\/serrure-electronique\/secuentry-pro-7000\/\" target=\"_blank\" rel=\"noopener noreferrer\">Vous trouverez ici le clavier adapt\u00e9 !<\/a><\/strong><\/p>\n<p>&nbsp;<\/p>\n<h2>Comment ouvrir votre porte :<\/h2>\n<h4><a href=\"https:\/\/test.burgwaechterservice.de\/fr\/p\/serrure-electronique\/secuentry-pro-5712-fp\/\" target=\"_blank\" rel=\"noopener noreferrer\">1. Empreinte digitale via clavier sp\u00e9cial<\/a><\/h4>\n<ul>\n<li>Acc\u00e8s avec votre propre empreinte digitale<\/li>\n<li>jusqu&#8217;\u00e0 200-300 acc\u00e8s biom\u00e9triques, (max. 45 empreintes premium et 200-300 empreintes standards)<\/li>\n<li>Reconnaissance du doigt vivant<\/li>\n<li>Technologie du capteur \u00e0 la pointe de la modernit\u00e9<\/li>\n<li>jusqu&#8217;\u00e0 55 000 ouvertures par jeu de piles dans le cylindre<\/li>\n<\/ul>\n<h4><a href=\"https:\/\/test.burgwaechterservice.de\/fr\/p\/serrure-electronique\/secuentry-pro-5711-pin\/\" target=\"_blank\" rel=\"noopener noreferrer\">2. Digicode via clavier<\/a><\/h4>\n<ul>\n<li>jusqu&#8217;\u00e0 2000 codes usager<\/li>\n<li>Clavier illumin\u00e9<\/li>\n<li>Touches du clavier tactiles<\/li>\n<li>jusqu&#8217;\u00e0 55 000 ouvertures par jeu de piles dans le cylindre<\/li>\n<\/ul>\n<h4><a href=\"https:\/\/test.burgwaechterservice.de\/fr\/p\/serrure-electronique\/secuentry-5713-se-key\/\" target=\"_blank\" rel=\"noopener noreferrer\">3. Transpondeur actif<\/a><\/h4>\n<ul>\n<li>jusqu&#8217;\u00e0 2000 cl\u00e9s BLE (Bluetooth 4.0)<\/li>\n<li>Port\u00e9e max. 4 m\u00e8tres<\/li>\n<li>La pile transpondeur permet jusqu&#8217;\u00e0 10 000 ouvertures<\/li>\n<\/ul>\n<h4><a href=\"https:\/\/test.burgwaechterservice.de\/fr\/p\/serrure-electronique\/transpondeur-secuentry-pro-5710\/\" target=\"_blank\" rel=\"noopener noreferrer\">4. Transpondeur passif<\/a><\/h4>\n<ul>\n<li>jusqu&#8217;\u00e0 2000 cl\u00e9s RFID (ouverture sans contact)<\/li>\n<li>pas de pile n\u00e9cessaire dans le transpondeur<\/li>\n<li>jusqu&#8217;\u00e0 65 000 ouvertures par jeu de piles dans le cylindre<\/li>\n<\/ul>\n<h4><a href=\"https:\/\/test.burgwaechterservice.de\/fr\/p\/serrure-electronique\/appli-cle\/\" target=\"_blank\" rel=\"noopener noreferrer\">5. Depuis smartphone<\/a><\/h4>\n<ul>\n<li>Le smartphone devient la cl\u00e9<\/li>\n<li>Appli cl\u00e9 disponible dans le magasin d&#8217;applications (store) correspondant, (iOS) ou Google Play (Android)<\/li>\n<\/ul>\n<h2><\/h2>\n<h2>Fonctionnement de la gamme secuENTRY de BURG-W\u00c4CHTER<\/h2>\n<div class=\"kad-youtube-shortcode videofit\" style=\"max-width:560px;\" ><div class=\"BorlabsCookie _brlbs-cb-youtube\"><div class=\"_brlbs-content-blocker\"> <div class=\"_brlbs-embed _brlbs-video-youtube\"> <img class=\"_brlbs-thumbnail\" src=\"https:\/\/test.burgwaechterservice.de\/fr\/wp-content\/plugins\/borlabs-cookie\/assets\/images\/cb-no-thumbnail.png\" alt=\"YouTube\"> <div class=\"_brlbs-caption\"> <p>By loading the video, you agree to YouTube's privacy policy.<br><a href=\"https:\/\/policies.google.com\/privacy?hl=en&amp;gl=en\" target=\"_blank\" rel=\"nofollow noopener noreferrer\">Learn more<\/a><\/p> <p><a class=\"_brlbs-btn _brlbs-icon-play-white\" href=\"#\" data-borlabs-cookie-unblock role=\"button\">Load video<\/a><\/p> <p><label><input type=\"checkbox\" name=\"unblockAll\" value=\"1\" checked> <small>Always unblock YouTube<\/small><\/label><\/p> <\/div> <\/div> <\/div><div class=\"borlabs-hide\" data-borlabs-cookie-type=\"content-blocker\" data-borlabs-cookie-id=\"youtube\"><script type=\"text\/template\">PGlmcmFtZSB3aWR0aD0iNTYwIiBoZWlnaHQ9IjMxNSIgc3JjPSJodHRwczovL3d3dy55b3V0dWJlLW5vY29va2llLmNvbS9lbWJlZC9LaDJkMlBlVFJoQT9hdXRvcGxheT0wJmNvbnRyb2xzPTEmZnM9MSZtb2Rlc3RicmFuZGluZz0wJnRoZW1lPWRhcmsmcmVsPTEmbG9vcD0wJnNob3dpbmZvPTEiIGZyYW1lYm9yZGVyPSIwIiBhbGxvd2Z1bGxzY3JlZW49InRydWUiPjwvaWZyYW1lPg==<\/script><\/div><\/div><\/div>\n<p>&nbsp;<\/p>\n<h3>Installation du cylindre Duo secuENTRY<\/h3>\n<p>Lors de l&#8217;installation, il suffit de remplacer en toute simplicit\u00e9 et sans perte de temps le cylindre profil\u00e9 m\u00e9canique par le cylindre \u00e9lectronique Duo secuENTRY pro 7116. Celui-ci est <strong>install\u00e9 sans probl\u00e8me en quelques tours de main<\/strong>. Et ce dans des portes d&#8217;une \u00e9paisseur max. de 130 mm (67,5 mm\/62,5 mm, mesure \u00e0 partir du centre de la t\u00eate de la vis emboutie). Le cylindre \u00e9lectronique peut apr\u00e8s coup \u00eatre int\u00e9gr\u00e9 sans probl\u00e8me dans presque chaque porte et est appropri\u00e9 aussi bien pour les portes d&#8217;entr\u00e9es de maison ou appartement que pour les portes int\u00e9rieures. Bien, s\u00fbr, <strong>les supports originaux et la surface de la porte sont conserv\u00e9s et aucun per\u00e7age n&#8217;est n\u00e9cessaire<\/strong>.<\/p>\n<p>Le cylindre de serrure a un niveau de protection IP65 (protection totale contre le contact, imperm\u00e9abilit\u00e9 \u00e0 la poussi\u00e8re et protection contre les projections d&#8217;eau de toutes directions). Les <strong>piles n\u00e9cessaires sont bien s\u00fbr comprises dans le produit<\/strong> (1x pile lithium CR123A respectivement pour le pommeau int\u00e9rieur et le pommeau ext\u00e9rieur).<\/p>\n<p>&nbsp;<\/p>\n<h3>Logiciel optionnel pour PC<\/h3>\n<p>Avec le <strong><a href=\"https:\/\/test.burgwaechterservice.de\/fr\/p\/serrure-electronique\/logiciel-secuentry\/\" target=\"_blank\" rel=\"noopener noreferrer\">logiciel secuENTRY pour PC<\/a> <\/strong>disponible optionnellement, de nombreuses autres fonctionnalit\u00e9s sont \u00e0 votre disposition. Vous pouvez garder un <strong>contr\u00f4le total des usagers et attribuer des droits d&#8217;acc\u00e8s<\/strong> aux personnes b\u00e9n\u00e9ficiant de votre autorisation d&#8217;entr\u00e9e ou retirer ces m\u00eames droits et m\u00eame consulter l&#8217;<strong>historique des acc\u00e8s<\/strong>. Gr\u00e2ce \u00e0 cela, vous avez \u00e0 tout moment avec le logiciel le contr\u00f4le et l&#8217;aper\u00e7u visuel de toutes les actions !<\/p>\n<p>&nbsp;<\/p>\n<p>&nbsp;<\/p>\n","protected":false},"excerpt":{"rendered":"<p>Cylindre double secuEntry pro 7010 : la serrure \u00e9lectronique qui se verrouille des deux c\u00f4t\u00e9s Quitter votre domicile sans votre cl\u00e9? Aucun probl\u00e8me avec la serrure \u00e9lectronique double secuENTRY pro 7010 ! Apr\u00e8s installation de votre nouvelle serrure, vous avez &hellip; <a class=\"kt-excerpt-readmore\" href=\"https:\/\/test.burgwaechterservice.de\/fr\/p\/serrure-electronique\/double-secuentry-pro-7010\/\" aria-label=\"secuENTRY pro 7010 TWIN\">Lire la suite<\/a><\/p>\n","protected":false},"featured_media":190142,"comment_status":"closed","ping_status":"closed","template":"","meta":[],"product_cat":[36,4211],"product_tag":[3427],"yoast_head":"<!-- This site is optimized with the Yoast SEO Premium plugin v18.4 (Yoast SEO v19.13) - https:\/\/yoast.com\/wordpress\/plugins\/seo\/ -->\n<title>Cylindre \u00e9lectronique double secuENTRY pro 7010, de BURG-W\u00c4CHTER.<\/title>\n<meta name=\"description\" content=\"Cylindre \u00e9lectronique double secuENTRY pro 7010 de BURG-W\u00c4CHTER. Pour verrouillage \u00e9lectronique des deux c\u00f4t\u00e9s de votre porte. S\u00e9curit\u00e9 BURG-W\u00c4CHTER.\" \/>\n<meta name=\"robots\" content=\"index, follow, max-snippet:-1, max-image-preview:large, max-video-preview:-1\" \/>\n<link rel=\"canonical\" href=\"https:\/\/test.burgwaechterservice.de\/fr\/p\/serrure-electronique\/double-secuentry-pro-7010\/\" \/>\n<meta property=\"og:locale\" content=\"fr_FR\" \/>\n<meta property=\"og:type\" content=\"article\" \/>\n<meta property=\"og:title\" content=\"secuENTRY pro 7010 TWIN\" \/>\n<meta property=\"og:description\" content=\"Cylindre \u00e9lectronique double secuENTRY pro 7010 de BURG-W\u00c4CHTER. Pour verrouillage \u00e9lectronique des deux c\u00f4t\u00e9s de votre porte. S\u00e9curit\u00e9 BURG-W\u00c4CHTER.\" \/>\n<meta property=\"og:url\" content=\"https:\/\/test.burgwaechterservice.de\/fr\/p\/serrure-electronique\/double-secuentry-pro-7010\/\" \/>\n<meta property=\"og:site_name\" content=\"Burg-W\u00e4chter France\" \/>\n<meta property=\"article:modified_time\" content=\"2021-12-19T19:35:18+00:00\" \/>\n<meta property=\"og:image\" content=\"https:\/\/test.burgwaechterservice.de\/fr\/wp-content\/uploads\/sites\/4\/2018\/09\/secuENTRY_Zylinder_Twin-7016.jpg\" \/>\n\t<meta property=\"og:image:width\" content=\"1000\" \/>\n\t<meta property=\"og:image:height\" content=\"1000\" \/>\n\t<meta property=\"og:image:type\" content=\"image\/jpeg\" \/>\n<meta name=\"twitter:card\" content=\"summary_large_image\" \/>\n<meta name=\"twitter:label1\" content=\"Dur\u00e9e de lecture estim\u00e9e\" \/>\n\t<meta name=\"twitter:data1\" content=\"4 minutes\" \/>\n<!-- \/ Yoast SEO Premium plugin. -->","yoast_head_json":{"title":"Cylindre \u00e9lectronique double secuENTRY pro 7010, de BURG-W\u00c4CHTER.","description":"Cylindre \u00e9lectronique double secuENTRY pro 7010 de BURG-W\u00c4CHTER. Pour verrouillage \u00e9lectronique des deux c\u00f4t\u00e9s de votre porte. S\u00e9curit\u00e9 BURG-W\u00c4CHTER.","robots":{"index":"index","follow":"follow","max-snippet":"max-snippet:-1","max-image-preview":"max-image-preview:large","max-video-preview":"max-video-preview:-1"},"canonical":"https:\/\/test.burgwaechterservice.de\/fr\/p\/serrure-electronique\/double-secuentry-pro-7010\/","og_locale":"fr_FR","og_type":"article","og_title":"secuENTRY pro 7010 TWIN","og_description":"Cylindre \u00e9lectronique double secuENTRY pro 7010 de BURG-W\u00c4CHTER. Pour verrouillage \u00e9lectronique des deux c\u00f4t\u00e9s de votre porte. S\u00e9curit\u00e9 BURG-W\u00c4CHTER.","og_url":"https:\/\/test.burgwaechterservice.de\/fr\/p\/serrure-electronique\/double-secuentry-pro-7010\/","og_site_name":"Burg-W\u00e4chter France","article_modified_time":"2021-12-19T19:35:18+00:00","og_image":[{"width":1000,"height":1000,"url":"https:\/\/test.burgwaechterservice.de\/fr\/wp-content\/uploads\/sites\/4\/2018\/09\/secuENTRY_Zylinder_Twin-7016.jpg","type":"image\/jpeg"}],"twitter_card":"summary_large_image","twitter_misc":{"Dur\u00e9e de lecture estim\u00e9e":"4 minutes"},"schema":{"@context":"https:\/\/schema.org","@graph":[{"@type":"WebPage","@id":"https:\/\/test.burgwaechterservice.de\/fr\/p\/serrure-electronique\/double-secuentry-pro-7010\/","url":"https:\/\/test.burgwaechterservice.de\/fr\/p\/serrure-electronique\/double-secuentry-pro-7010\/","name":"Cylindre \u00e9lectronique double secuENTRY pro 7010, de BURG-W\u00c4CHTER.","isPartOf":{"@id":"https:\/\/test.burgwaechterservice.de\/fr\/#website"},"datePublished":"2018-09-24T06:39:54+00:00","dateModified":"2021-12-19T19:35:18+00:00","description":"Cylindre \u00e9lectronique double secuENTRY pro 7010 de BURG-W\u00c4CHTER. Pour verrouillage \u00e9lectronique des deux c\u00f4t\u00e9s de votre porte. S\u00e9curit\u00e9 BURG-W\u00c4CHTER.","breadcrumb":{"@id":"https:\/\/test.burgwaechterservice.de\/fr\/p\/serrure-electronique\/double-secuentry-pro-7010\/#breadcrumb"},"inLanguage":"fr-FR","potentialAction":[{"@type":"ReadAction","target":["https:\/\/test.burgwaechterservice.de\/fr\/p\/serrure-electronique\/double-secuentry-pro-7010\/"]}]},{"@type":"BreadcrumbList","@id":"https:\/\/test.burgwaechterservice.de\/fr\/p\/serrure-electronique\/double-secuentry-pro-7010\/#breadcrumb","itemListElement":[{"@type":"ListItem","position":1,"name":"Accueil","item":"https:\/\/test.burgwaechterservice.de\/fr\/"},{"@type":"ListItem","position":2,"name":"Produits","item":"https:\/\/test.burgwaechterservice.de\/fr\/p\/"},{"@type":"ListItem","position":3,"name":"secuENTRY pro 7010 TWIN"}]},{"@type":"WebSite","@id":"https:\/\/test.burgwaechterservice.de\/fr\/#website","url":"https:\/\/test.burgwaechterservice.de\/fr\/","name":"Burg-W\u00e4chter France","description":"Le choix le plus s\u00fbr!","potentialAction":[{"@type":"SearchAction","target":{"@type":"EntryPoint","urlTemplate":"https:\/\/test.burgwaechterservice.de\/fr\/?s={search_term_string}"},"query-input":"required name=search_term_string"}],"inLanguage":"fr-FR"}]}},"_links":{"self":[{"href":"https:\/\/test.burgwaechterservice.de\/fr\/wp-json\/wp\/v2\/product\/190141"}],"collection":[{"href":"https:\/\/test.burgwaechterservice.de\/fr\/wp-json\/wp\/v2\/product"}],"about":[{"href":"https:\/\/test.burgwaechterservice.de\/fr\/wp-json\/wp\/v2\/types\/product"}],"replies":[{"embeddable":true,"href":"https:\/\/test.burgwaechterservice.de\/fr\/wp-json\/wp\/v2\/comments?post=190141"}],"wp:featuredmedia":[{"embeddable":true,"href":"https:\/\/test.burgwaechterservice.de\/fr\/wp-json\/wp\/v2\/media\/190142"}],"wp:attachment":[{"href":"https:\/\/test.burgwaechterservice.de\/fr\/wp-json\/wp\/v2\/media?parent=190141"}],"wp:term":[{"taxonomy":"product_cat","embeddable":true,"href":"https:\/\/test.burgwaechterservice.de\/fr\/wp-json\/wp\/v2\/product_cat?post=190141"},{"taxonomy":"product_tag","embeddable":true,"href":"https:\/\/test.burgwaechterservice.de\/fr\/wp-json\/wp\/v2\/product_tag?post=190141"}],"curies":[{"name":"wp","href":"https:\/\/api.w.org\/{rel}","templated":true}]}}