{"id":190132,"date":"2018-09-24T08:39:36","date_gmt":"2018-09-24T06:39:36","guid":{"rendered":"https:\/\/www.burg.biz\/fr\/p\/serrure-electronique\/logiciel-secuentry-pro-7083\/"},"modified":"2021-04-27T12:03:38","modified_gmt":"2021-04-27T10:03:38","slug":"logiciel-secuentry-pro-7083","status":"publish","type":"product","link":"https:\/\/test.burgwaechterservice.de\/fr\/p\/serrure-electronique\/logiciel-secuentry-pro-7083\/","title":{"rendered":"Logiciel secuENTRY pro 7083"},"content":{"rendered":"<h2>Logiciel secuENTRY pro 7083 : g\u00e9rer jusqu&#8217;\u00e0 2000 usagers avec simplicit\u00e9<\/h2>\n<p><strong>Si vous utilisez plusieurs serrures \u00e9lectroniques ou que les portes sont utilis\u00e9es par plusieurs usagers, vous pouvez garder un contr\u00f4le permanent gr\u00e2ce au logiciel secuENTRY pro 7083. Vous souhaitez sans aucun doute d\u00e9finir et contr\u00f4ler qui a le droit d&#8217;ouvrir quelle porte et qui non. C&#8217;est exactement la fonction de notre nouveau programme.<\/strong><\/p>\n<h3>Un aper\u00e7u de jusqu&#8217;\u00e0 1000 portes<\/h3>\n<p>Le logiciel secuENTRY pro 7083 a \u00e9t\u00e9 pens\u00e9 en particulier pour les entreprises et les administrations. Avec ce logiciel, il est possible de g\u00e9rer jusqu&#8217;\u00e0 <strong>2000 usagers<\/strong> et jusqu&#8217;\u00e0 <strong>1000 portes<\/strong> par client (par banque de donn\u00e9es) ou bien jusqu&#8217;\u00e0 500 portes en mode h\u00f4tel. Pour g\u00e9n\u00e9rer des codes d&#8217;acc\u00e8s \u00e0 validit\u00e9 temporaire et supression automatique apr\u00e8s expiration, vous pouvez recourir au <a href=\"https:\/\/test.burgwaechterservice.de\/fr\/p\/serrure-electronique\/logiciel-hotel-secuentry-pro-7090\/\">logiciel h\u00f4telier 7090<\/a>.<\/p>\n<h3>Mot de passe de s\u00e9curit\u00e9 et fonction d&#8217;importation<\/h3>\n<p>Apr\u00e8s l&#8217;installation du logiciel secuENTRY pro 7083 sur votre PC, des droits d&#8217;acc\u00e8s usager peuvent \u00eatre attribu\u00e9s et g\u00e9r\u00e9s pour chaque cylindre de porte <a href=\"https:\/\/test.burgwaechterservice.de\/c\/tuerschlosselektronik\/secuentry-pro-7000\/\">secuENTRY pro<\/a> et pour le <a href=\"https:\/\/test.burgwaechterservice.de\/fr\/p\/serrure-electronique\/relais-secuentry-pro-7071\/\">relais secuENTRY<\/a> de mani\u00e8re commode et visuellement parlante. Vous g\u00e9rez \u00e9galement l&#8217;<strong>ouverture et la fermeture des portes par code, empreinte digitale et transpondeur<\/strong>. Pour un aper\u00e7u visuel plus marquant, il est possible de cr\u00e9er des <strong>groupes rassemblant certains usagers<\/strong> (jusqu&#8217;\u00e0 50 groupes). Par ailleurs, les droits sont attribu\u00e9s pour une <strong>dur\u00e9e d\u00e9termin\u00e9e<\/strong> ou bien d\u00e9finis <strong>permanents<\/strong>. Les donn\u00e9es sont prot\u00e9g\u00e9es gr\u00e2ce \u00e0 un mot de passe et une fonction d&#8217;importation et d&#8217;exportation des donn\u00e9es est bien s\u00fbr \u00e9galement pr\u00e9sente de m\u00eame qu&#8217;une fonction de retour en arri\u00e8re. Ainsi, les donn\u00e9es importantes restent intactes.<\/p>\n<h3>Pour beaucoup d&#8217;usagers, le g\u00e9n\u00e9rateur secuENTRY signifie un gain de temps<\/h3>\n<p>Astuce : pour une entreprise ou administration ayant recours \u00e0 un grand nombre de transpondeurs passifs et empreintes digitales, l&#8217;utilisation du g\u00e9n\u00e9rateur mobile <a href=\"https:\/\/test.burgwaechterservice.de\/fr\/p\/serrure-electronique\/generateur-secuentry-pro-7073\/\">secuENTRY<\/a> est un vrai gain de temps. En effet, l&#8217;appareil enregistre directement les donn\u00e9es et les transmet ensuite en toute commodit\u00e9 au logiciel secuENTRY. Un autre avantage du logiciel secuENTRY pro 7083 :<strong> aucune connexion internet n&#8217;est n\u00e9cessaire<\/strong> ! Les donn\u00e9es g\u00e9n\u00e9r\u00e9es peuvent \u00eatre attribu\u00e9es par <strong>adaptateur bluetooth<\/strong> (fourni) en toute commodit\u00e9 aux serrures choisies. Nul besoin d&#8217;une connexion sans fil permanente.<\/p>\n<h3>Le logiciel secuENTRY pro 7083 transmet les donn\u00e9es en toute s\u00e9curit\u00e9<\/h3>\n<p>La transmission des donn\u00e9es est aussi possible par smartphone via l&#8217;<a href=\"https:\/\/test.burgwaechterservice.de\/fr\/p\/serrure-electronique\/appli-cle\/\">appli cl\u00e9 secuENTRY<\/a>. <strong>Les deux variantes de transmission des donn\u00e9es utilise une connexion bluetooth crypt\u00e9e<\/strong>. De plus, le logiciel secuENTRY pro 7083 vous informe si de nouvelles donn\u00e9es sont param\u00e9tr\u00e9es pour une serrure et si un param\u00e9trage est n\u00e9cessaire. Il est aussi possible d&#8217;utiliser la <strong>fonction d&#8217;historique<\/strong> pour contr\u00f4ler les ouvertures de portes donn\u00e9es.<\/p>\n<p>&nbsp;<\/p>\n<h4>Le logiciel secuENTRY pro 7083 en un aper\u00e7u<\/h4>\n<ul>\n<li>G\u00e9rer jusqu&#8217;\u00e0 2000 usagers et 1000 portes (500 portes en mode h\u00f4tel) par banque de donn\u00e9es (par client)<\/li>\n<li>Nommer les usagers, fonction dates et heures, attribution de droits, fonction de droits d&#8217;acc\u00e8s permanents<\/li>\n<li>Fonctions d&#8217;importation et exportation, protection par mot de passe, fonction de retour en arri\u00e8re<\/li>\n<li>Compatible avec tous les cylindres secuENTRY Pro et le relais secuENTRY<\/li>\n<li>Programmation de transpondeurs passifs secuENTRY 5710 par QR-Code et\/ou g\u00e9n\u00e9rateur secuENTRY Pro 7073<\/li>\n<li>Consulter\/cr\u00e9er les empreintes digitales via le g\u00e9n\u00e9rateur secuENTRY Pro 7073<\/li>\n<li>Syst\u00e8me d&#8217;exploitation : Windows Windows XP, Vista, 7, 8, 10<\/li>\n<li>Fonction calendrier incl. jours f\u00e9ri\u00e9s ; consulter l&#8217;historique<\/li>\n<li>minuterie usager\/param\u00e8tres usager: 24\/50; minuterie permanente\/param\u00e8tres minuterie 16\/50<\/li>\n<li>Affichage d&#8217;une indication, si param\u00e9trage n\u00e9cessaire<\/li>\n<li>Mises \u00e0 jour gratuites sur notre <a href=\"https:\/\/test.burgwaechterservice.de\/fr\/\">page d&#8217;accueil<\/a><\/li>\n<\/ul>\n<p>&nbsp;<\/p>\n<h4>Contenu<\/h4>\n<ul>\n<li>Lien pour le t\u00e9l\u00e9chargement du logiciel secuENTRY pro 7083<\/li>\n<li>Adaptateur bluetooth pour transmission des donn\u00e9es par c\u00e2ble USB<\/li>\n<li>Mode d&#8217;emploi<\/li>\n<\/ul>\n","protected":false},"excerpt":{"rendered":"<p>Logiciel secuENTRY pro 7083 : g\u00e9rer jusqu&#8217;\u00e0 2000 usagers avec simplicit\u00e9 Si vous utilisez plusieurs serrures \u00e9lectroniques ou que les portes sont utilis\u00e9es par plusieurs usagers, vous pouvez garder un contr\u00f4le permanent gr\u00e2ce au logiciel secuENTRY pro 7083. Vous souhaitez &hellip; <a class=\"kt-excerpt-readmore\" href=\"https:\/\/test.burgwaechterservice.de\/fr\/p\/serrure-electronique\/logiciel-secuentry-pro-7083\/\" aria-label=\"Logiciel secuENTRY pro 7083\">Lire la suite<\/a><\/p>\n","protected":false},"featured_media":190133,"comment_status":"closed","ping_status":"closed","template":"","meta":[],"product_cat":[36,4211],"product_tag":[],"yoast_head":"<!-- This site is optimized with the Yoast SEO Premium plugin v18.4 (Yoast SEO v19.13) - https:\/\/yoast.com\/wordpress\/plugins\/seo\/ -->\n<title>Logiciel secuENTRY pro 7083 de BURG-W\u00c4CHTER<\/title>\n<meta name=\"description\" content=\"G\u00e9rer jusqu&#039;\u00e0 2000 usagers et 1000 portes avec le logiciel pro du sp\u00e9cialiste de la s\u00e9curit\u00e9 BURG-W\u00c4CHTER. Utile en entreprise, administration, etc.\" \/>\n<meta name=\"robots\" content=\"index, follow, max-snippet:-1, max-image-preview:large, max-video-preview:-1\" \/>\n<link rel=\"canonical\" href=\"https:\/\/test.burgwaechterservice.de\/fr\/p\/serrure-electronique\/logiciel-secuentry-pro-7083\/\" \/>\n<meta property=\"og:locale\" content=\"fr_FR\" \/>\n<meta property=\"og:type\" content=\"article\" \/>\n<meta property=\"og:title\" content=\"Logiciel secuENTRY pro 7083\" \/>\n<meta property=\"og:description\" content=\"G\u00e9rer jusqu&#039;\u00e0 2000 usagers et 1000 portes avec le logiciel pro du sp\u00e9cialiste de la s\u00e9curit\u00e9 BURG-W\u00c4CHTER. Utile en entreprise, administration, etc.\" \/>\n<meta property=\"og:url\" content=\"https:\/\/test.burgwaechterservice.de\/fr\/p\/serrure-electronique\/logiciel-secuentry-pro-7083\/\" \/>\n<meta property=\"og:site_name\" content=\"Burg-W\u00e4chter France\" \/>\n<meta property=\"article:modified_time\" content=\"2021-04-27T10:03:38+00:00\" \/>\n<meta property=\"og:image\" content=\"https:\/\/test.burgwaechterservice.de\/fr\/wp-content\/uploads\/sites\/4\/2018\/09\/secuENTRY-pro-7083-Software-BURG-W\u00c4CHTER.jpg\" \/>\n\t<meta property=\"og:image:width\" content=\"800\" \/>\n\t<meta property=\"og:image:height\" content=\"800\" \/>\n\t<meta property=\"og:image:type\" content=\"image\/jpeg\" \/>\n<meta name=\"twitter:card\" content=\"summary_large_image\" \/>\n<meta name=\"twitter:label1\" content=\"Dur\u00e9e de lecture estim\u00e9e\" \/>\n\t<meta name=\"twitter:data1\" content=\"3 minutes\" \/>\n<!-- \/ Yoast SEO Premium plugin. -->","yoast_head_json":{"title":"Logiciel secuENTRY pro 7083 de BURG-W\u00c4CHTER","description":"G\u00e9rer jusqu'\u00e0 2000 usagers et 1000 portes avec le logiciel pro du sp\u00e9cialiste de la s\u00e9curit\u00e9 BURG-W\u00c4CHTER. Utile en entreprise, administration, etc.","robots":{"index":"index","follow":"follow","max-snippet":"max-snippet:-1","max-image-preview":"max-image-preview:large","max-video-preview":"max-video-preview:-1"},"canonical":"https:\/\/test.burgwaechterservice.de\/fr\/p\/serrure-electronique\/logiciel-secuentry-pro-7083\/","og_locale":"fr_FR","og_type":"article","og_title":"Logiciel secuENTRY pro 7083","og_description":"G\u00e9rer jusqu'\u00e0 2000 usagers et 1000 portes avec le logiciel pro du sp\u00e9cialiste de la s\u00e9curit\u00e9 BURG-W\u00c4CHTER. Utile en entreprise, administration, etc.","og_url":"https:\/\/test.burgwaechterservice.de\/fr\/p\/serrure-electronique\/logiciel-secuentry-pro-7083\/","og_site_name":"Burg-W\u00e4chter France","article_modified_time":"2021-04-27T10:03:38+00:00","og_image":[{"width":800,"height":800,"url":"https:\/\/test.burgwaechterservice.de\/fr\/wp-content\/uploads\/sites\/4\/2018\/09\/secuENTRY-pro-7083-Software-BURG-W\u00c4CHTER.jpg","type":"image\/jpeg"}],"twitter_card":"summary_large_image","twitter_misc":{"Dur\u00e9e de lecture estim\u00e9e":"3 minutes"},"schema":{"@context":"https:\/\/schema.org","@graph":[{"@type":"WebPage","@id":"https:\/\/test.burgwaechterservice.de\/fr\/p\/serrure-electronique\/logiciel-secuentry-pro-7083\/","url":"https:\/\/test.burgwaechterservice.de\/fr\/p\/serrure-electronique\/logiciel-secuentry-pro-7083\/","name":"Logiciel secuENTRY pro 7083 de BURG-W\u00c4CHTER","isPartOf":{"@id":"https:\/\/test.burgwaechterservice.de\/fr\/#website"},"datePublished":"2018-09-24T06:39:36+00:00","dateModified":"2021-04-27T10:03:38+00:00","description":"G\u00e9rer jusqu'\u00e0 2000 usagers et 1000 portes avec le logiciel pro du sp\u00e9cialiste de la s\u00e9curit\u00e9 BURG-W\u00c4CHTER. Utile en entreprise, administration, etc.","breadcrumb":{"@id":"https:\/\/test.burgwaechterservice.de\/fr\/p\/serrure-electronique\/logiciel-secuentry-pro-7083\/#breadcrumb"},"inLanguage":"fr-FR","potentialAction":[{"@type":"ReadAction","target":["https:\/\/test.burgwaechterservice.de\/fr\/p\/serrure-electronique\/logiciel-secuentry-pro-7083\/"]}]},{"@type":"BreadcrumbList","@id":"https:\/\/test.burgwaechterservice.de\/fr\/p\/serrure-electronique\/logiciel-secuentry-pro-7083\/#breadcrumb","itemListElement":[{"@type":"ListItem","position":1,"name":"Accueil","item":"https:\/\/test.burgwaechterservice.de\/fr\/"},{"@type":"ListItem","position":2,"name":"Produits","item":"https:\/\/test.burgwaechterservice.de\/fr\/p\/"},{"@type":"ListItem","position":3,"name":"Logiciel secuENTRY pro 7083"}]},{"@type":"WebSite","@id":"https:\/\/test.burgwaechterservice.de\/fr\/#website","url":"https:\/\/test.burgwaechterservice.de\/fr\/","name":"Burg-W\u00e4chter France","description":"Le choix le plus s\u00fbr!","potentialAction":[{"@type":"SearchAction","target":{"@type":"EntryPoint","urlTemplate":"https:\/\/test.burgwaechterservice.de\/fr\/?s={search_term_string}"},"query-input":"required name=search_term_string"}],"inLanguage":"fr-FR"}]}},"_links":{"self":[{"href":"https:\/\/test.burgwaechterservice.de\/fr\/wp-json\/wp\/v2\/product\/190132"}],"collection":[{"href":"https:\/\/test.burgwaechterservice.de\/fr\/wp-json\/wp\/v2\/product"}],"about":[{"href":"https:\/\/test.burgwaechterservice.de\/fr\/wp-json\/wp\/v2\/types\/product"}],"replies":[{"embeddable":true,"href":"https:\/\/test.burgwaechterservice.de\/fr\/wp-json\/wp\/v2\/comments?post=190132"}],"wp:featuredmedia":[{"embeddable":true,"href":"https:\/\/test.burgwaechterservice.de\/fr\/wp-json\/wp\/v2\/media\/190133"}],"wp:attachment":[{"href":"https:\/\/test.burgwaechterservice.de\/fr\/wp-json\/wp\/v2\/media?parent=190132"}],"wp:term":[{"taxonomy":"product_cat","embeddable":true,"href":"https:\/\/test.burgwaechterservice.de\/fr\/wp-json\/wp\/v2\/product_cat?post=190132"},{"taxonomy":"product_tag","embeddable":true,"href":"https:\/\/test.burgwaechterservice.de\/fr\/wp-json\/wp\/v2\/product_tag?post=190132"}],"curies":[{"name":"wp","href":"https:\/\/api.w.org\/{rel}","templated":true}]}}