{"id":186834,"date":"2018-09-17T14:18:00","date_gmt":"2018-09-17T12:18:00","guid":{"rendered":"https:\/\/www.burg.biz\/fr\/?post_type=product&#038;p=186834"},"modified":"2018-09-27T11:56:36","modified_gmt":"2018-09-27T09:56:36","slug":"numero-97","status":"publish","type":"product","link":"https:\/\/test.burgwaechterservice.de\/fr\/p\/cadenas-et-porte-cadenas\/numero-97\/","title":{"rendered":"Numero 97"},"content":{"rendered":"<p><img decoding=\"async\" class=\"alignnone size-full wp-image-186836\" src=\"https:\/\/test.burgwaechterservice.de\/fr\/wp-content\/uploads\/sites\/4\/2018\/09\/Numero-97-Piktogramme.jpg\" alt=\"\" width=\"118\" height=\"59\" \/><\/p>\n<h2>Le cadenas \u00e0 code Numero 97 : robuste et disponible en deux tailles<\/h2>\n<p>Fonte de haute qualit\u00e9, design classique : avec le cadenas Numero 97, vous pouvez s\u00e9curiser vos biens en tout confort. Et le tout sans cl\u00e9. En effet, ce cadenas \u00e0 combinaison s&#8217;ouvre et se ferme via un <strong>code \u00e0 quatre chiffres<\/strong>. Bien s\u00fbr, vous pouvez choisir vous-m\u00eame ce code et le modifier en quelques tours de mains \u00e0 tout moment. Le plus s\u00e9curit\u00e9 : il faut presser la goupille dans le corps du cadenas vers le haut ou le bas pour ouvrir et fermer. Alors seulement, l&#8217;arceau du cadenas peut \u00eatre mis en mouvement.<\/p>\n<p>Pour l&#8217;utilisation en ext\u00e9rieur expos\u00e9e au vent et aux intemp\u00e9ries, le Numero 97 est pourvu d&#8217;une protection anti-corrosion de grande qualit\u00e9. Bien s\u00fbr, les utilisations possibles en int\u00e9rieur sont aussi tr\u00e8s diverses. L&#8217;arceau ainsi que certaines parties du dispositif du dispositif de fermeture sont blind\u00e9(e)s. Par ailleurs, l&#8217;arceau de ce robuste cadenas offre une grande <strong>r\u00e9sistance contre l&#8217;arrachage<\/strong>. Ainsi, le cadenas \u00e0 code Numero 97 est la garantie d&#8217;une protection accrue contre les tentatives de for\u00e7age. Pour finir, le cadenas offre une prise de main agr\u00e9able gr\u00e2ce \u00e0 sa forme rectiligne.<\/p>\n<h4>Quatre roues chiffr\u00e9es solides et facilement maniable<\/h4>\n<p>Le cadenas 97 est disponible en deux tailles : d&#8217;une part le plus petit mod\u00e8le avec une largeur de corps de 40 millim\u00e8tres et une hauteur d&#8217;arceau de 34 millim\u00e8tres. Et d&#8217;autres part la version plus grande (largeur de corps : 50 mm) avec un arceau haut de 34 millim\u00e8tres. Les deux cadenas se caract\u00e9risent par leurs <strong>roues chiffr\u00e9es robustes et malgr\u00e9 tout maniables<\/strong>. Ainsi, votre plaisir \u00e0 utiliser le Numero 97 ne durera que plus longtemps.<\/p>\n<p>Ce cadenas est appropri\u00e9 pour diff\u00e9rentes utilisations. Avec lui, vous pouvez mettre sous cl\u00e9 <strong>cabanons de jardins, portails ou caves<\/strong>. Bien s\u00fbr, vous pouvez aussi s\u00e9curiser des meubles de jardin et outils en y combinant un <a href=\"https:\/\/test.burgwaechterservice.de\/p\/schloss-riegel\/750-250\/\">c\u00e2ble spirale<\/a>.<\/p>\n<h5>Le cadenas 97 en aper\u00e7u<\/h5>\n<ul>\n<li>code \u00e0 4 chiffres<\/li>\n<li>code modifiable par vous \u00e0 tout moment<\/li>\n<li>Protection contre la corrosion accrue<\/li>\n<li>Arceau et parties du dispositif de fermeture blind\u00e9(e)s<\/li>\n<li>Fonte de grande qualit\u00e9, solide<\/li>\n<li>Haute r\u00e9sistance de l&#8217;arceau contre l&#8217;arrachage<\/li>\n<li>Appropri\u00e9 pour utilisation ext\u00e9rieure ou int\u00e9rieure<\/li>\n<\/ul>\n<p>&nbsp;<\/p>\n<table class=\"ausfuehrung\">\n<thead>\n<tr>\n<td>Article<\/td>\n<td>Epaisseur d&#8217;arceau<\/td>\n<td>Largeur d&#8217;arceau<\/td>\n<td>Hauteur d&#8217;arceau<\/td>\n<td>Hauteur totale<\/td>\n<\/tr>\n<\/thead>\n<tbody>\n<tr>\n<td class=\"subdesc\"><\/td>\n<td class=\"subdesc\">mm<\/td>\n<td class=\"subdesc\">mm<\/td>\n<td class=\"subdesc\">mm<\/td>\n<td class=\"subdesc\">mm<\/td>\n<\/tr>\n<\/tbody>\n<tbody>\n<tr>\n<td>Numero 97 40<\/td>\n<td>6,0<\/td>\n<td>23,6<\/td>\n<td>32,0<\/td>\n<td>92,0<\/td>\n<\/tr>\n<tr>\n<td>Numero 97 50<\/td>\n<td>8,8<\/td>\n<td>24,0<\/td>\n<td>34,0<\/td>\n<td>109,0<\/td>\n<\/tr>\n<\/tbody>\n<\/table>\n","protected":false},"excerpt":{"rendered":"<p>Le cadenas \u00e0 code Numero 97 : robuste et disponible en deux tailles Fonte de haute qualit\u00e9, design classique : avec le cadenas Numero 97, vous pouvez s\u00e9curiser vos biens en tout confort. Et le tout sans cl\u00e9. En effet, &hellip; <a class=\"kt-excerpt-readmore\" href=\"https:\/\/test.burgwaechterservice.de\/fr\/p\/cadenas-et-porte-cadenas\/numero-97\/\" aria-label=\"Numero 97\">Lire la suite<\/a><\/p>\n","protected":false},"featured_media":186835,"comment_status":"closed","ping_status":"closed","template":"","meta":[],"product_cat":[39,3123],"product_tag":[],"yoast_head":"<!-- This site is optimized with the Yoast SEO Premium plugin v18.4 (Yoast SEO v19.13) - https:\/\/yoast.com\/wordpress\/plugins\/seo\/ -->\n<title>Cadenas \u00e0 code Numero 97 du sp\u00e9cialiste BURG-W\u00c4CHTER.<\/title>\n<meta name=\"description\" content=\"Pour s\u00e9curiser cabanons de jardin, portails ou caves : le cadenas \u00e0 combinaison Numero 97 de l&#039;expert en s\u00e9curit\u00e9 BURG-W\u00c4CHTER. Protection anti corrosion.\" \/>\n<meta name=\"robots\" content=\"index, follow, max-snippet:-1, max-image-preview:large, max-video-preview:-1\" \/>\n<link rel=\"canonical\" href=\"https:\/\/test.burgwaechterservice.de\/fr\/p\/cadenas-et-porte-cadenas\/numero-97\/\" \/>\n<meta property=\"og:locale\" content=\"fr_FR\" \/>\n<meta property=\"og:type\" content=\"article\" \/>\n<meta property=\"og:title\" content=\"Numero 97\" \/>\n<meta property=\"og:description\" content=\"Pour s\u00e9curiser cabanons de jardin, portails ou caves : le cadenas \u00e0 combinaison Numero 97 de l&#039;expert en s\u00e9curit\u00e9 BURG-W\u00c4CHTER. Protection anti corrosion.\" \/>\n<meta property=\"og:url\" content=\"https:\/\/test.burgwaechterservice.de\/fr\/p\/cadenas-et-porte-cadenas\/numero-97\/\" \/>\n<meta property=\"og:site_name\" content=\"Burg-W\u00e4chter France\" \/>\n<meta property=\"article:modified_time\" content=\"2018-09-27T09:56:36+00:00\" \/>\n<meta property=\"og:image\" content=\"https:\/\/test.burgwaechterservice.de\/fr\/wp-content\/uploads\/sites\/4\/2018\/09\/Numero-97-50-mm.jpg\" \/>\n\t<meta property=\"og:image:width\" content=\"800\" \/>\n\t<meta property=\"og:image:height\" content=\"800\" \/>\n\t<meta property=\"og:image:type\" content=\"image\/jpeg\" \/>\n<meta name=\"twitter:card\" content=\"summary_large_image\" \/>\n<meta name=\"twitter:label1\" content=\"Dur\u00e9e de lecture estim\u00e9e\" \/>\n\t<meta name=\"twitter:data1\" content=\"2 minutes\" \/>\n<!-- \/ Yoast SEO Premium plugin. -->","yoast_head_json":{"title":"Cadenas \u00e0 code Numero 97 du sp\u00e9cialiste BURG-W\u00c4CHTER.","description":"Pour s\u00e9curiser cabanons de jardin, portails ou caves : le cadenas \u00e0 combinaison Numero 97 de l'expert en s\u00e9curit\u00e9 BURG-W\u00c4CHTER. Protection anti corrosion.","robots":{"index":"index","follow":"follow","max-snippet":"max-snippet:-1","max-image-preview":"max-image-preview:large","max-video-preview":"max-video-preview:-1"},"canonical":"https:\/\/test.burgwaechterservice.de\/fr\/p\/cadenas-et-porte-cadenas\/numero-97\/","og_locale":"fr_FR","og_type":"article","og_title":"Numero 97","og_description":"Pour s\u00e9curiser cabanons de jardin, portails ou caves : le cadenas \u00e0 combinaison Numero 97 de l'expert en s\u00e9curit\u00e9 BURG-W\u00c4CHTER. Protection anti corrosion.","og_url":"https:\/\/test.burgwaechterservice.de\/fr\/p\/cadenas-et-porte-cadenas\/numero-97\/","og_site_name":"Burg-W\u00e4chter France","article_modified_time":"2018-09-27T09:56:36+00:00","og_image":[{"width":800,"height":800,"url":"https:\/\/test.burgwaechterservice.de\/fr\/wp-content\/uploads\/sites\/4\/2018\/09\/Numero-97-50-mm.jpg","type":"image\/jpeg"}],"twitter_card":"summary_large_image","twitter_misc":{"Dur\u00e9e de lecture estim\u00e9e":"2 minutes"},"schema":{"@context":"https:\/\/schema.org","@graph":[{"@type":"WebPage","@id":"https:\/\/test.burgwaechterservice.de\/fr\/p\/cadenas-et-porte-cadenas\/numero-97\/","url":"https:\/\/test.burgwaechterservice.de\/fr\/p\/cadenas-et-porte-cadenas\/numero-97\/","name":"Cadenas \u00e0 code Numero 97 du sp\u00e9cialiste BURG-W\u00c4CHTER.","isPartOf":{"@id":"https:\/\/test.burgwaechterservice.de\/fr\/#website"},"datePublished":"2018-09-17T12:18:00+00:00","dateModified":"2018-09-27T09:56:36+00:00","description":"Pour s\u00e9curiser cabanons de jardin, portails ou caves : le cadenas \u00e0 combinaison Numero 97 de l'expert en s\u00e9curit\u00e9 BURG-W\u00c4CHTER. Protection anti corrosion.","breadcrumb":{"@id":"https:\/\/test.burgwaechterservice.de\/fr\/p\/cadenas-et-porte-cadenas\/numero-97\/#breadcrumb"},"inLanguage":"fr-FR","potentialAction":[{"@type":"ReadAction","target":["https:\/\/test.burgwaechterservice.de\/fr\/p\/cadenas-et-porte-cadenas\/numero-97\/"]}]},{"@type":"BreadcrumbList","@id":"https:\/\/test.burgwaechterservice.de\/fr\/p\/cadenas-et-porte-cadenas\/numero-97\/#breadcrumb","itemListElement":[{"@type":"ListItem","position":1,"name":"Accueil","item":"https:\/\/test.burgwaechterservice.de\/fr\/"},{"@type":"ListItem","position":2,"name":"Produits","item":"https:\/\/test.burgwaechterservice.de\/fr\/p\/"},{"@type":"ListItem","position":3,"name":"Numero 97"}]},{"@type":"WebSite","@id":"https:\/\/test.burgwaechterservice.de\/fr\/#website","url":"https:\/\/test.burgwaechterservice.de\/fr\/","name":"Burg-W\u00e4chter France","description":"Le choix le plus s\u00fbr!","potentialAction":[{"@type":"SearchAction","target":{"@type":"EntryPoint","urlTemplate":"https:\/\/test.burgwaechterservice.de\/fr\/?s={search_term_string}"},"query-input":"required name=search_term_string"}],"inLanguage":"fr-FR"}]}},"_links":{"self":[{"href":"https:\/\/test.burgwaechterservice.de\/fr\/wp-json\/wp\/v2\/product\/186834"}],"collection":[{"href":"https:\/\/test.burgwaechterservice.de\/fr\/wp-json\/wp\/v2\/product"}],"about":[{"href":"https:\/\/test.burgwaechterservice.de\/fr\/wp-json\/wp\/v2\/types\/product"}],"replies":[{"embeddable":true,"href":"https:\/\/test.burgwaechterservice.de\/fr\/wp-json\/wp\/v2\/comments?post=186834"}],"wp:featuredmedia":[{"embeddable":true,"href":"https:\/\/test.burgwaechterservice.de\/fr\/wp-json\/wp\/v2\/media\/186835"}],"wp:attachment":[{"href":"https:\/\/test.burgwaechterservice.de\/fr\/wp-json\/wp\/v2\/media?parent=186834"}],"wp:term":[{"taxonomy":"product_cat","embeddable":true,"href":"https:\/\/test.burgwaechterservice.de\/fr\/wp-json\/wp\/v2\/product_cat?post=186834"},{"taxonomy":"product_tag","embeddable":true,"href":"https:\/\/test.burgwaechterservice.de\/fr\/wp-json\/wp\/v2\/product_tag?post=186834"}],"curies":[{"name":"wp","href":"https:\/\/api.w.org\/{rel}","templated":true}]}}