{"id":183559,"date":"2018-09-06T09:54:09","date_gmt":"2018-09-06T07:54:09","guid":{"rendered":"https:\/\/www.burg.biz\/fr\/p\/boites-aux-lettres\/berlin\/"},"modified":"2019-05-28T10:41:27","modified_gmt":"2019-05-28T08:41:27","slug":"berlin","status":"publish","type":"product","link":"https:\/\/test.burgwaechterservice.de\/fr\/p\/boites-aux-lettres\/berlin\/","title":{"rendered":"Berlin"},"content":{"rendered":"<h5><img fetchpriority=\"high\" decoding=\"async\" class=\"alignnone wp-image-253929\" src=\"https:\/\/test.burgwaechterservice.de\/wp-content\/uploads\/2018\/06\/Piktos-Berlin-1.jpg\" alt=\"\" width=\"708\" height=\"109\" \/><a href=\"https:\/\/warranty.burg.biz\/bk\/\" target=\"_blank\" rel=\"noopener noreferrer\"><img decoding=\"async\" class=\"alignright wp-image-254979\" src=\"https:\/\/test.burgwaechterservice.de\/fr\/wp-content\/uploads\/sites\/4\/2016\/07\/Siegel_5_Jahre_Garantie_FR_-295x300.jpg\" alt=\"\" width=\"214\" height=\"218\" srcset=\"https:\/\/test.burgwaechterservice.de\/fr\/wp-content\/uploads\/sites\/4\/2016\/07\/Siegel_5_Jahre_Garantie_FR_-295x300.jpg 295w, https:\/\/test.burgwaechterservice.de\/fr\/wp-content\/uploads\/sites\/4\/2016\/07\/Siegel_5_Jahre_Garantie_FR_.jpg 485w\" sizes=\"(max-width: 214px) 100vw, 214px\" \/><br \/>\n<\/a><\/h5>\n<h2><strong>La bo\u00eete aux lettres Berlin avec ou sans bo\u00eete \u00e0 journal<\/strong><\/h2>\n<p>Un design classique et le summum du fonctionnel tout en un : La bo\u00eete aux lettres en acier inoxydable Berlin ne marque pas seulement des points avec son look moderne-raffin\u00e9, mais bien s\u00fbr aussi avec ses mat\u00e9riaux de qualit\u00e9. En effet, l\u2019acier inoxydable est <strong>extr\u00eamement r\u00e9sistant aux intemp\u00e9ries et ne rouille pas<\/strong>, de sorte que vous garderez le plaisir d\u2019utiliser votre bo\u00eete aux lettres Berlin <strong>&#8220;Made in Germany&#8221; <\/strong>pendant de longues ann\u00e9es. La bo\u00eete aux lettres b\u00e9n\u00e9ficie en plus d\u2019une protection suppl\u00e9mentaire gr\u00e2ce \u00e0 son rev\u00eatement laqu\u00e9 transparent.<\/p>\n<h3><strong>But\u00e9e d\u2019ouverture pratique<\/strong><\/h3>\n<p>La bo\u00eete aux lettres Berlin est munie d\u2019une but\u00e9e d\u2018ouverture. C\u2019est-\u00e0-dire : si vous rentrez du travail ou des courses et ouvrez la bo\u00eete aux lettres, le courrier ne tombe pas sur le sol (d\u00e9tremp\u00e9), mais est retenu par la but\u00e9e. Ainsi, vous pouvez <strong>r\u00e9ceptionner vos lettres, revues et autres envois en tout confort<\/strong>. Et ceci en gardant une main libre.<\/p>\n<h3><strong>Du courrier rentre sans entrave dans ce mod\u00e8le jusqu\u2018\u00e0 229 x 324 millim\u00e8tres<\/strong><\/h3>\n<p>La fente mesure 250 x 35 millim\u00e8tres. Ainsi, les lettres et autres envois jusqu\u2019\u00e0 229 x 324 millim\u00e8tres (format A4) rentrent sans encombre. La fente correspond de ce fait aussi \u00e0 la norme europ\u00e9enne DIN EN 13724. Cette derni\u00e8re exige, en plus d\u2019une taille accrue, assez de place pour stocker du courrier ainsi qu\u2019une <strong>protection contre l\u2019humidit\u00e9<\/strong>. La bo\u00eete aux lettres inox Berlin est munie d\u2019une serrure cylindr\u00e9e de grande qualit\u00e9. Ainsi, <strong>l\u2019ouverture et la fermeture sans accroches et \u00e0 long terme<\/strong> se trouvent assur\u00e9es. Bien s\u00fbr, le mat\u00e9riel de fixation n\u00e9cessaire \u00e0 l\u2018installation murale est inclus dans le produit.<\/p>\n<h3><strong>Kit Berlin bo\u00eete \u00e0 journal en acier inox de qualit\u00e9<\/strong><\/h3>\n<p>La bo\u00eete aux lettres en inox Berlin est disponible en deux variantes : en bo\u00eete aux lettres seule ou bien en Kit Berlin avec une <strong>bo\u00eete \u00e0 journal int\u00e9gr\u00e9e<\/strong>. Cette derni\u00e8re est elle aussi munie d\u2019un rev\u00eatement laqu\u00e9 transparent. Gr\u00e2ce \u00e0 la bo\u00eete \u00e0 journal, magazines, quotidiens et gros catalogues trouvent leur place en toute commodit\u00e9. De plus, vous avez votre lecture directement \u00e0 port\u00e9e de main.<\/p>\n<p>&nbsp;<\/p>\n<h4><strong>La bo\u00eete aux lettres Berlin en aper\u00e7u<\/strong><\/h4>\n<ul>\n<li>Acier inoxydable\u00a0: r\u00e9siste aux intemp\u00e9ries et ne rouille pas<\/li>\n<li>\u201eMade in Germany\u201c<\/li>\n<li>But\u00e9e d\u2019ouverture pratique<\/li>\n<li>Serrure cylindr\u00e9e haute gamme<\/li>\n<li>Fente adapt\u00e9e jusqu\u2019au format A4<\/li>\n<li>Disponible en kit Berlin avec bo\u00eete \u00e0 journal int\u00e9gr\u00e9e<\/li>\n<li>Mat\u00e9riel de fixation inclu<\/li>\n<\/ul>\n<p>&nbsp;<\/p>\n<table class=\"ausfuehrung\">\n<thead>\n<tr>\n<td>Article<\/td>\n<td>H x L x P (mm)<\/td>\n<td>Fente (L x H mm)<\/td>\n<\/tr>\n<\/thead>\n<tbody>\n<tr>\n<td>Berlin 3777 Ni<\/td>\n<td>398 x 285 x 105<\/td>\n<td>250 x 35<\/td>\n<\/tr>\n<tr>\n<td>Berlin-Set 37770 Ni<\/td>\n<td>500 x 285 x 105<\/td>\n<td>250 x 35<\/td>\n<\/tr>\n<\/tbody>\n<\/table>\n","protected":false},"excerpt":{"rendered":"<p>La bo\u00eete aux lettres Berlin avec ou sans bo\u00eete \u00e0 journal Un design classique et le summum du fonctionnel tout en un : La bo\u00eete aux lettres en acier inoxydable Berlin ne marque pas seulement des points avec son look &hellip; <a class=\"kt-excerpt-readmore\" href=\"https:\/\/test.burgwaechterservice.de\/fr\/p\/boites-aux-lettres\/berlin\/\" aria-label=\"Berlin\">Lire la suite<\/a><\/p>\n","protected":false},"featured_media":183560,"comment_status":"closed","ping_status":"closed","template":"","meta":[],"product_cat":[23,25],"product_tag":[],"yoast_head":"<!-- This site is optimized with the Yoast SEO Premium plugin v18.4 (Yoast SEO v19.13) - https:\/\/yoast.com\/wordpress\/plugins\/seo\/ -->\n<title>BURG-W\u00c4CHTER Edelstahl Briefkasten Berlin mit und ohne Zeitungsbox<\/title>\n<meta name=\"description\" content=\"Klassisches Design trifft h\u00f6chste Funktionalit\u00e4t: Der Briefkasten Berlin punktet nicht nur mit seiner Optik, sondern auch mit hochwertigem Edelstahl.\" \/>\n<meta name=\"robots\" content=\"index, follow, max-snippet:-1, max-image-preview:large, max-video-preview:-1\" \/>\n<link rel=\"canonical\" href=\"https:\/\/test.burgwaechterservice.de\/fr\/p\/boites-aux-lettres\/berlin\/\" \/>\n<meta property=\"og:locale\" content=\"fr_FR\" \/>\n<meta property=\"og:type\" content=\"article\" \/>\n<meta property=\"og:title\" content=\"Berlin\" \/>\n<meta property=\"og:description\" content=\"Klassisches Design trifft h\u00f6chste Funktionalit\u00e4t: Der Briefkasten Berlin punktet nicht nur mit seiner Optik, sondern auch mit hochwertigem Edelstahl.\" \/>\n<meta property=\"og:url\" content=\"https:\/\/test.burgwaechterservice.de\/fr\/p\/boites-aux-lettres\/berlin\/\" \/>\n<meta property=\"og:site_name\" content=\"Burg-W\u00e4chter France\" \/>\n<meta property=\"article:modified_time\" content=\"2019-05-28T08:41:27+00:00\" \/>\n<meta property=\"og:image\" content=\"https:\/\/test.burgwaechterservice.de\/fr\/wp-content\/uploads\/sites\/4\/2018\/09\/Briefkasten-Berlin-3777-Ni.png\" \/>\n\t<meta property=\"og:image:width\" content=\"800\" \/>\n\t<meta property=\"og:image:height\" content=\"800\" \/>\n\t<meta property=\"og:image:type\" content=\"image\/png\" \/>\n<meta name=\"twitter:card\" content=\"summary_large_image\" \/>\n<meta name=\"twitter:label1\" content=\"Dur\u00e9e de lecture estim\u00e9e\" \/>\n\t<meta name=\"twitter:data1\" content=\"2 minutes\" \/>\n<!-- \/ Yoast SEO Premium plugin. -->","yoast_head_json":{"title":"BURG-W\u00c4CHTER Edelstahl Briefkasten Berlin mit und ohne Zeitungsbox","description":"Klassisches Design trifft h\u00f6chste Funktionalit\u00e4t: Der Briefkasten Berlin punktet nicht nur mit seiner Optik, sondern auch mit hochwertigem Edelstahl.","robots":{"index":"index","follow":"follow","max-snippet":"max-snippet:-1","max-image-preview":"max-image-preview:large","max-video-preview":"max-video-preview:-1"},"canonical":"https:\/\/test.burgwaechterservice.de\/fr\/p\/boites-aux-lettres\/berlin\/","og_locale":"fr_FR","og_type":"article","og_title":"Berlin","og_description":"Klassisches Design trifft h\u00f6chste Funktionalit\u00e4t: Der Briefkasten Berlin punktet nicht nur mit seiner Optik, sondern auch mit hochwertigem Edelstahl.","og_url":"https:\/\/test.burgwaechterservice.de\/fr\/p\/boites-aux-lettres\/berlin\/","og_site_name":"Burg-W\u00e4chter France","article_modified_time":"2019-05-28T08:41:27+00:00","og_image":[{"width":800,"height":800,"url":"https:\/\/test.burgwaechterservice.de\/fr\/wp-content\/uploads\/sites\/4\/2018\/09\/Briefkasten-Berlin-3777-Ni.png","type":"image\/png"}],"twitter_card":"summary_large_image","twitter_misc":{"Dur\u00e9e de lecture estim\u00e9e":"2 minutes"},"schema":{"@context":"https:\/\/schema.org","@graph":[{"@type":"WebPage","@id":"https:\/\/test.burgwaechterservice.de\/fr\/p\/boites-aux-lettres\/berlin\/","url":"https:\/\/test.burgwaechterservice.de\/fr\/p\/boites-aux-lettres\/berlin\/","name":"BURG-W\u00c4CHTER Edelstahl Briefkasten Berlin mit und ohne Zeitungsbox","isPartOf":{"@id":"https:\/\/test.burgwaechterservice.de\/fr\/#website"},"datePublished":"2018-09-06T07:54:09+00:00","dateModified":"2019-05-28T08:41:27+00:00","description":"Klassisches Design trifft h\u00f6chste Funktionalit\u00e4t: Der Briefkasten Berlin punktet nicht nur mit seiner Optik, sondern auch mit hochwertigem Edelstahl.","breadcrumb":{"@id":"https:\/\/test.burgwaechterservice.de\/fr\/p\/boites-aux-lettres\/berlin\/#breadcrumb"},"inLanguage":"fr-FR","potentialAction":[{"@type":"ReadAction","target":["https:\/\/test.burgwaechterservice.de\/fr\/p\/boites-aux-lettres\/berlin\/"]}]},{"@type":"BreadcrumbList","@id":"https:\/\/test.burgwaechterservice.de\/fr\/p\/boites-aux-lettres\/berlin\/#breadcrumb","itemListElement":[{"@type":"ListItem","position":1,"name":"Accueil","item":"https:\/\/test.burgwaechterservice.de\/fr\/"},{"@type":"ListItem","position":2,"name":"Produits","item":"https:\/\/test.burgwaechterservice.de\/fr\/p\/"},{"@type":"ListItem","position":3,"name":"Berlin"}]},{"@type":"WebSite","@id":"https:\/\/test.burgwaechterservice.de\/fr\/#website","url":"https:\/\/test.burgwaechterservice.de\/fr\/","name":"Burg-W\u00e4chter France","description":"Le choix le plus s\u00fbr!","potentialAction":[{"@type":"SearchAction","target":{"@type":"EntryPoint","urlTemplate":"https:\/\/test.burgwaechterservice.de\/fr\/?s={search_term_string}"},"query-input":"required name=search_term_string"}],"inLanguage":"fr-FR"}]}},"_links":{"self":[{"href":"https:\/\/test.burgwaechterservice.de\/fr\/wp-json\/wp\/v2\/product\/183559"}],"collection":[{"href":"https:\/\/test.burgwaechterservice.de\/fr\/wp-json\/wp\/v2\/product"}],"about":[{"href":"https:\/\/test.burgwaechterservice.de\/fr\/wp-json\/wp\/v2\/types\/product"}],"replies":[{"embeddable":true,"href":"https:\/\/test.burgwaechterservice.de\/fr\/wp-json\/wp\/v2\/comments?post=183559"}],"wp:featuredmedia":[{"embeddable":true,"href":"https:\/\/test.burgwaechterservice.de\/fr\/wp-json\/wp\/v2\/media\/183560"}],"wp:attachment":[{"href":"https:\/\/test.burgwaechterservice.de\/fr\/wp-json\/wp\/v2\/media?parent=183559"}],"wp:term":[{"taxonomy":"product_cat","embeddable":true,"href":"https:\/\/test.burgwaechterservice.de\/fr\/wp-json\/wp\/v2\/product_cat?post=183559"},{"taxonomy":"product_tag","embeddable":true,"href":"https:\/\/test.burgwaechterservice.de\/fr\/wp-json\/wp\/v2\/product_tag?post=183559"}],"curies":[{"name":"wp","href":"https:\/\/api.w.org\/{rel}","templated":true}]}}