{"id":183554,"date":"2018-09-06T09:47:28","date_gmt":"2018-09-06T07:47:28","guid":{"rendered":"https:\/\/www.burg.biz\/fr\/p\/boites-aux-lettres\/oslo\/"},"modified":"2019-05-28T11:05:08","modified_gmt":"2019-05-28T09:05:08","slug":"oslo","status":"publish","type":"product","link":"https:\/\/test.burgwaechterservice.de\/fr\/p\/boites-aux-lettres\/oslo\/","title":{"rendered":"Oslo"},"content":{"rendered":"<h5><img fetchpriority=\"high\" decoding=\"async\" class=\"alignnone wp-image-253929\" src=\"https:\/\/test.burgwaechterservice.de\/wp-content\/uploads\/2018\/06\/Piktos-Berlin-1.jpg\" alt=\"\" width=\"708\" height=\"109\" \/><a href=\"https:\/\/warranty.burg.biz\/bk\/\" target=\"_blank\" rel=\"noopener noreferrer\"><img decoding=\"async\" class=\"alignright wp-image-254979\" src=\"https:\/\/test.burgwaechterservice.de\/fr\/wp-content\/uploads\/sites\/4\/2016\/07\/Siegel_5_Jahre_Garantie_FR_-295x300.jpg\" alt=\"\" width=\"214\" height=\"218\" srcset=\"https:\/\/test.burgwaechterservice.de\/fr\/wp-content\/uploads\/sites\/4\/2016\/07\/Siegel_5_Jahre_Garantie_FR_-295x300.jpg 295w, https:\/\/test.burgwaechterservice.de\/fr\/wp-content\/uploads\/sites\/4\/2016\/07\/Siegel_5_Jahre_Garantie_FR_.jpg 485w\" sizes=\"(max-width: 214px) 100vw, 214px\" \/><br \/>\n<\/a><\/h5>\n<h2><strong>La bo\u00eete aux lettres Oslo : id\u00e9ale, avec bo\u00eete \u00e0 journal<\/strong><\/h2>\n<p>Simple mais tout de m\u00eame \u00e9l\u00e9gante : La bo\u00eete aux lettres inox Oslo est particuli\u00e8rement discr\u00e8te gr\u00e2ce \u00e0 sa structure fine et s\u2019int\u00e8gre donc au mieux au d\u00e9cor de votre entr\u00e9e. L\u2019acier inoxydable utilis\u00e9 est extr\u00eamement <strong>r\u00e9sistant aux intemp\u00e9ries et ne rouille pas<\/strong>. La bo\u00eete aux lettre Oslo b\u00e9n\u00e9ficie d\u2019une protection suppl\u00e9mentaire de par son rev\u00eatement laqu\u00e9 transparent. Tout cela pour que vous ayez le plaisir d\u2019utiliser votre mod\u00e8le Oslo \u2013 par ailleurs <strong>\u201efabriqu\u00e9 en Allemagne\u201c<\/strong> \u2013 pendant de longues ann\u00e9es encore.<\/p>\n<h3><strong>Courrier bien gard\u00e9 jusqu\u2018au format A4<\/strong><\/h3>\n<p>La fente de la bo\u00eete aux lettres mesure 254 x 30 millim\u00e8tres. Ainsi, la place n\u00e9cessaire est assur\u00e9e pour des envois d\u2019une taille allant <strong>jusqu\u2019\u00e0<\/strong> <strong>229 x 324 millim\u00e8tres<\/strong>. Ces mesures correspondent \u00e0 un format A4. Ainsi, la bo\u00eete aux lettres r\u00e9pond \u00e9videmment \u00e0 la norme europ\u00e9enne DIN EN 13724. Cette derni\u00e8re exige, en plus d\u2019une taille accrue, assez de place pour le courrier ainsi qu\u2019une <strong>protection contre l\u2019humidit\u00e9<\/strong>.<\/p>\n<h3><strong>Un volet en biseau permet l\u2019\u00e9coulement des eaux<\/strong><\/h3>\n<p>Et question protection contre l\u2019humidit\u00e9, la bo\u00eete aux lettres Oslo met les bouch\u00e9es doubles : le volet en biseau sur le devant et les c\u00f4t\u00e9s de la fente permet l\u2019\u00e9coulement des eaux. De plus, gr\u00e2ce \u00e0 la but\u00e9e d\u2019ouverture, fini le courrier qui tombe sur le sol d\u00e9tremp\u00e9. En effet, cette but\u00e9e emp\u00eache l\u2019ouverture totale de la porte de la bo\u00eete aux lettres. Vous pouvez r\u00e9cup\u00e9rer votre courrier <strong>d\u2019une seule main<\/strong> en tout confort puis refermer votre bo\u00eete aux lettres.<\/p>\n<h3><strong>Le kit Oslo avec bo\u00eete \u00e0 journal en inox<\/strong><\/h3>\n<p>Qui re\u00e7oit r\u00e9guli\u00e8rement un journal ou une revue ne renoncera pas \u00e0 une bo\u00eete \u00e0 journal. Celle-ci est comprise dans le kit Oslo. Bien s\u00fbr, la <strong>bo\u00eete \u00e0 journal elle aussi est en acier inoxydable<\/strong> et a ainsi une r\u00e9sistance totale \u00e0 la rouille et une long\u00e9vit\u00e9 accrue. Ainsi, vous pouvez saisir votre quotidien sans prendre la peine d\u2019ouvrir votre bo\u00eete aux lettres. Le mat\u00e9riel de fixation n\u00e9cessaire pour la bo\u00eete aux lettres Oslo (ou le kit Oslo) et d\u2019ores et d\u00e9j\u00e0 compris dans votre achat.<\/p>\n<p>&nbsp;<\/p>\n<h4><strong>La bo\u00eete aux lettres Oslo en aper\u00e7u<\/strong><\/h4>\n<ul>\n<li>Acier inox<\/li>\n<li>R\u00e9siste aux intemp\u00e9ries et ne rouille pas<\/li>\n<li>\u201eMade in Germany\u201c<\/li>\n<li>But\u00e9e d\u2019ouverture pratique<\/li>\n<li>Serrure cylindr\u00e9e de qualit\u00e9<\/li>\n<li>Fente pour format A4<\/li>\n<li>Kit Oslo disponible avec bo\u00eete \u00e0 journal int\u00e9gr\u00e9e<\/li>\n<li>Mat\u00e9riel de fixation inclu<\/li>\n<\/ul>\n<p>&nbsp;<\/p>\n<table class=\"ausfuehrung\">\n<thead>\n<tr>\n<td>Article<\/td>\n<td>H x L x P (mm)<\/td>\n<td>Fente (L x H mm)<\/td>\n<\/tr>\n<\/thead>\n<tbody>\n<tr>\n<td>Oslo 3767 Ni<\/td>\n<td>398 x 300 x 115<\/td>\n<td>254 x 30<\/td>\n<\/tr>\n<tr>\n<td>Oslo-Set 37670 Ni<\/td>\n<td>500 x 300 x 115<\/td>\n<td>254 x 30<\/td>\n<\/tr>\n<\/tbody>\n<\/table>\n<p>&nbsp;<\/p>\n","protected":false},"excerpt":{"rendered":"<p>La bo\u00eete aux lettres Oslo : id\u00e9ale, avec bo\u00eete \u00e0 journal Simple mais tout de m\u00eame \u00e9l\u00e9gante : La bo\u00eete aux lettres inox Oslo est particuli\u00e8rement discr\u00e8te gr\u00e2ce \u00e0 sa structure fine et s\u2019int\u00e8gre donc au mieux au d\u00e9cor de &hellip; <a class=\"kt-excerpt-readmore\" href=\"https:\/\/test.burgwaechterservice.de\/fr\/p\/boites-aux-lettres\/oslo\/\" aria-label=\"Oslo\">Lire la suite<\/a><\/p>\n","protected":false},"featured_media":183555,"comment_status":"closed","ping_status":"closed","template":"","meta":[],"product_cat":[23,25],"product_tag":[],"yoast_head":"<!-- This site is optimized with the Yoast SEO Premium plugin v18.4 (Yoast SEO v19.13) - https:\/\/yoast.com\/wordpress\/plugins\/seo\/ -->\n<title>Briefkasten Oslo aus Edelstahl von BURG-W\u00c4CHTER<\/title>\n<meta name=\"description\" content=\"Der Briefkasten Oslo aus Edelstahl \u00fcberzeugt durch seine Wetterbest\u00e4ndigkeit. Das moderne Modell ist auch im Set mit Zeitungsbox erh\u00e4ltlich.\" \/>\n<meta name=\"robots\" content=\"index, follow, max-snippet:-1, max-image-preview:large, max-video-preview:-1\" \/>\n<link rel=\"canonical\" href=\"https:\/\/test.burgwaechterservice.de\/fr\/p\/boites-aux-lettres\/oslo\/\" \/>\n<meta property=\"og:locale\" content=\"fr_FR\" \/>\n<meta property=\"og:type\" content=\"article\" \/>\n<meta property=\"og:title\" content=\"Oslo\" \/>\n<meta property=\"og:description\" content=\"Der Briefkasten Oslo aus Edelstahl \u00fcberzeugt durch seine Wetterbest\u00e4ndigkeit. Das moderne Modell ist auch im Set mit Zeitungsbox erh\u00e4ltlich.\" \/>\n<meta property=\"og:url\" content=\"https:\/\/test.burgwaechterservice.de\/fr\/p\/boites-aux-lettres\/oslo\/\" \/>\n<meta property=\"og:site_name\" content=\"Burg-W\u00e4chter France\" \/>\n<meta property=\"article:modified_time\" content=\"2019-05-28T09:05:08+00:00\" \/>\n<meta property=\"og:image\" content=\"https:\/\/test.burgwaechterservice.de\/fr\/wp-content\/uploads\/sites\/4\/2018\/09\/Edelstahl-Briefkasten-Oslo.jpg\" \/>\n\t<meta property=\"og:image:width\" content=\"1000\" \/>\n\t<meta property=\"og:image:height\" content=\"1000\" \/>\n\t<meta property=\"og:image:type\" content=\"image\/jpeg\" \/>\n<meta name=\"twitter:card\" content=\"summary_large_image\" \/>\n<meta name=\"twitter:label1\" content=\"Dur\u00e9e de lecture estim\u00e9e\" \/>\n\t<meta name=\"twitter:data1\" content=\"2 minutes\" \/>\n<!-- \/ Yoast SEO Premium plugin. -->","yoast_head_json":{"title":"Briefkasten Oslo aus Edelstahl von BURG-W\u00c4CHTER","description":"Der Briefkasten Oslo aus Edelstahl \u00fcberzeugt durch seine Wetterbest\u00e4ndigkeit. Das moderne Modell ist auch im Set mit Zeitungsbox erh\u00e4ltlich.","robots":{"index":"index","follow":"follow","max-snippet":"max-snippet:-1","max-image-preview":"max-image-preview:large","max-video-preview":"max-video-preview:-1"},"canonical":"https:\/\/test.burgwaechterservice.de\/fr\/p\/boites-aux-lettres\/oslo\/","og_locale":"fr_FR","og_type":"article","og_title":"Oslo","og_description":"Der Briefkasten Oslo aus Edelstahl \u00fcberzeugt durch seine Wetterbest\u00e4ndigkeit. Das moderne Modell ist auch im Set mit Zeitungsbox erh\u00e4ltlich.","og_url":"https:\/\/test.burgwaechterservice.de\/fr\/p\/boites-aux-lettres\/oslo\/","og_site_name":"Burg-W\u00e4chter France","article_modified_time":"2019-05-28T09:05:08+00:00","og_image":[{"width":1000,"height":1000,"url":"https:\/\/test.burgwaechterservice.de\/fr\/wp-content\/uploads\/sites\/4\/2018\/09\/Edelstahl-Briefkasten-Oslo.jpg","type":"image\/jpeg"}],"twitter_card":"summary_large_image","twitter_misc":{"Dur\u00e9e de lecture estim\u00e9e":"2 minutes"},"schema":{"@context":"https:\/\/schema.org","@graph":[{"@type":"WebPage","@id":"https:\/\/test.burgwaechterservice.de\/fr\/p\/boites-aux-lettres\/oslo\/","url":"https:\/\/test.burgwaechterservice.de\/fr\/p\/boites-aux-lettres\/oslo\/","name":"Briefkasten Oslo aus Edelstahl von BURG-W\u00c4CHTER","isPartOf":{"@id":"https:\/\/test.burgwaechterservice.de\/fr\/#website"},"datePublished":"2018-09-06T07:47:28+00:00","dateModified":"2019-05-28T09:05:08+00:00","description":"Der Briefkasten Oslo aus Edelstahl \u00fcberzeugt durch seine Wetterbest\u00e4ndigkeit. Das moderne Modell ist auch im Set mit Zeitungsbox erh\u00e4ltlich.","breadcrumb":{"@id":"https:\/\/test.burgwaechterservice.de\/fr\/p\/boites-aux-lettres\/oslo\/#breadcrumb"},"inLanguage":"fr-FR","potentialAction":[{"@type":"ReadAction","target":["https:\/\/test.burgwaechterservice.de\/fr\/p\/boites-aux-lettres\/oslo\/"]}]},{"@type":"BreadcrumbList","@id":"https:\/\/test.burgwaechterservice.de\/fr\/p\/boites-aux-lettres\/oslo\/#breadcrumb","itemListElement":[{"@type":"ListItem","position":1,"name":"Accueil","item":"https:\/\/test.burgwaechterservice.de\/fr\/"},{"@type":"ListItem","position":2,"name":"Produits","item":"https:\/\/test.burgwaechterservice.de\/fr\/p\/"},{"@type":"ListItem","position":3,"name":"Oslo"}]},{"@type":"WebSite","@id":"https:\/\/test.burgwaechterservice.de\/fr\/#website","url":"https:\/\/test.burgwaechterservice.de\/fr\/","name":"Burg-W\u00e4chter France","description":"Le choix le plus s\u00fbr!","potentialAction":[{"@type":"SearchAction","target":{"@type":"EntryPoint","urlTemplate":"https:\/\/test.burgwaechterservice.de\/fr\/?s={search_term_string}"},"query-input":"required name=search_term_string"}],"inLanguage":"fr-FR"}]}},"_links":{"self":[{"href":"https:\/\/test.burgwaechterservice.de\/fr\/wp-json\/wp\/v2\/product\/183554"}],"collection":[{"href":"https:\/\/test.burgwaechterservice.de\/fr\/wp-json\/wp\/v2\/product"}],"about":[{"href":"https:\/\/test.burgwaechterservice.de\/fr\/wp-json\/wp\/v2\/types\/product"}],"replies":[{"embeddable":true,"href":"https:\/\/test.burgwaechterservice.de\/fr\/wp-json\/wp\/v2\/comments?post=183554"}],"wp:featuredmedia":[{"embeddable":true,"href":"https:\/\/test.burgwaechterservice.de\/fr\/wp-json\/wp\/v2\/media\/183555"}],"wp:attachment":[{"href":"https:\/\/test.burgwaechterservice.de\/fr\/wp-json\/wp\/v2\/media?parent=183554"}],"wp:term":[{"taxonomy":"product_cat","embeddable":true,"href":"https:\/\/test.burgwaechterservice.de\/fr\/wp-json\/wp\/v2\/product_cat?post=183554"},{"taxonomy":"product_tag","embeddable":true,"href":"https:\/\/test.burgwaechterservice.de\/fr\/wp-json\/wp\/v2\/product_tag?post=183554"}],"curies":[{"name":"wp","href":"https:\/\/api.w.org\/{rel}","templated":true}]}}