{"id":183514,"date":"2018-08-23T11:49:05","date_gmt":"2018-08-23T09:49:05","guid":{"rendered":"https:\/\/www.burg.biz\/fr\/p\/briefkasten-postkasten\/briefkastenanlagen-terzo\/"},"modified":"2019-08-07T15:55:17","modified_gmt":"2019-08-07T13:55:17","slug":"boites-aux-lettres-modulaire-terzo","status":"publish","type":"product","link":"https:\/\/test.burgwaechterservice.de\/fr\/p\/boites-aux-lettres\/boites-aux-lettres-modulaire-terzo\/","title":{"rendered":"Ensemble de bo\u00eetes aux lettres modulaire Terzo"},"content":{"rendered":"<h2>Ensemble de bo\u00eetes aux lettres modulaire Terzo<\/h2>\n<p>Avec les bo\u00eetes aux lettres modulaire Terzo, nous vous donnons la possibilit\u00e9 d\u2019assembler des bo\u00eetes aux lettres autoportantes et visuellement attrayantes pour votre maison individuelle ou immeuble collectif. Les <strong>supports, poteaux et toits modernes Terzo<\/strong>\u00a0peuvent \u00eatre compl\u00e9t\u00e9s avec des bo\u00eetes aux lettres assorties de diff\u00e9rentes tailles et couleurs. Vous pouvez choisir parmi les mod\u00e8les<strong> Potsdam et Leipzig<\/strong>. En achetant un set Terzo pr\u00e9configur\u00e9, vous pouvez facilement utiliser les versions d\u00e9j\u00e0 assembl\u00e9es et obtenir tout ce dont vous avez besoin pour votre ensemble de bo\u00eetes aux lettres en une seule livraison.<\/p>\n<h3>Vous avez le choix : bo\u00eetes aux lettres en blanc, argent et anthracite<\/h3>\n<p>Pour les immeubles d&#8217;appartements, <strong>nos syst\u00e8mes terzo \u00e0 trois, quatre ou six bo\u00eetes aux lettres<\/strong> ont fait leurs preuves. Pour le mod\u00e8le <a href=\"https:\/\/test.burgwaechterservice.de\/fr\/p\/boites-aux-lettres\/potsdam-877\/\"><strong>Potsdam<\/strong><\/a>, vous avez le choix entre trois couleurs. Les syst\u00e8mes de bo\u00eetes aux lettres (bo\u00eetes aux lettres, supports, poteaux et toits) sont disponibles en blanc, argent et anthracite. Le mod\u00e8le <a href=\"https:\/\/test.burgwaechterservice.de\/fr\/p\/boites-aux-lettres\/leipzig-777\/\"><strong>Leipzig<\/strong><\/a> est disponible en blanc.<\/p>\n<h3>Mat\u00e9riel de grande qualit\u00e9<\/h3>\n<p>Les \u00e9l\u00e9ments de support Terzo sont fabriqu\u00e9s en <strong>profil\u00e9 d\u2019aluminium avec rev\u00eatement \u00e9poxy<\/strong> de haute qualit\u00e9, ce qui garantit une excellente stabilit\u00e9. Ils sont prot\u00e9g\u00e9s contre les influences externes et peuvent ainsi servir de mani\u00e8re fiable pendant longtemps.<\/p>\n<h3>Bo\u00eetes aux lettres modulaire Terzo &#8211; Montage<\/h3>\n<p>Le montage des bo\u00eetes aux lettres et des \u00e9l\u00e9ments de support a lieu sur place. Les supports Terzo sont con\u00e7us pour un<strong> scellement au sol dans du b\u00e9ton<\/strong>, ce qui permet une stabilisation optimale de vos bo\u00eetes aux lettres. Avec l\u2019aide des instructions de montage, vous pouvez directement commencer la fixation des bo\u00eetes aux lettres sur les poteaux pr\u00e9perfor\u00e9s. Et si vous ne souhaitez pas sceller votre ensemble dans du b\u00e9ton, des<strong> pieds de support<\/strong> suppl\u00e9mentaires sont disponibles pour un <strong>montage au sol<\/strong> alternatif. Ils sont fabriqu\u00e9s en zinc moul\u00e9 extr\u00eamement robuste. Le mat\u00e9riel de fixation et les capuchons sont d\u00e9j\u00e0 inclus. Veuillez monter le pied sur une surface solide, par exemple sur du b\u00e9ton. Les<strong> sets de montage<\/strong> correspondants en blanc ou argent pour proc\u00e9der \u00e0 un montage facile et stable soi-m\u00eame sont inclus dans les sets Terzo.<\/p>\n<h3>Astuce pour l\u2019installation<\/h3>\n<p>M\u00eame si l\u2019ensemble Terzo et les mod\u00e8les de bo\u00eetes aux lettres associ\u00e9s prot\u00e8gent votre courrier contre le vent et les intemp\u00e9ries, nous vous recommandons de ne pas l\u2019exposer \u00e0 des conditions m\u00e9t\u00e9orologiques directes et permanentes. Pour une long\u00e9vit\u00e9 id\u00e9ale, montez-le \u00e0 un\u00a0<strong>endroit prot\u00e9g\u00e9 des intemp\u00e9ries<\/strong>.\u00a0Veuillez pr\u00eater attention au c\u00f4t\u00e9 expos\u00e9 aux intemp\u00e9ries lors du positionnement.<\/p>\n<p>&nbsp;<\/p>\n<table class=\"ausfuehrung\">\n<thead>\n<tr>\n<td>Set no.<\/td>\n<td>compos\u00e9 de:<\/td>\n<td>Hauteur mont\u00e9e<\/td>\n<td>Hauteur totale<\/td>\n<td>Largeur<\/td>\n<\/tr>\n<tr>\n<td class=\"subdesc\"><\/td>\n<td><\/td>\n<td class=\"subdesc\">mm<\/td>\n<td class=\"subdesc\">mm<\/td>\n<td class=\"subdesc\">mm<\/td>\n<\/tr>\n<\/thead>\n<tbody>\n<tr>\n<td>Set-Nr. 86420 W \/ 87420 Si \/ 84420 ANT:<\/p>\n<p>Ensemble Terzo avec 3 bo\u00eetes aux lettres<br \/>\nPotsdam et 2 poteaux<\/td>\n<td>2 poteaux Terzo V11-170<br \/>\n1 auvent Terzo H14-115<br \/>\n3 Potsdam 877 perfor\u00e9e<br \/>\n4 set d\u00b4assemblageTerzo<br \/>\n2 set d\u00b4assemblage BK<\/td>\n<td>1490<\/td>\n<td>1790<\/td>\n<td>\u00a01228<\/td>\n<\/tr>\n<tr>\n<td>Set-Nr. 86430 W \/ 87430 Si \/ 84430 ANT:<\/p>\n<p>Ensemble Terzo avec 4 bo\u00eetes aux lettres<br \/>\nPotsdam et 2 poteaux<\/td>\n<td>2 poteaux Terzo V11-170<br \/>\n1 auvent Terzo H14-79<br \/>\n4 Potsdam 877 perfor\u00e9e<br \/>\n3 set d\u00b4assemblage Terzo<br \/>\n4 set d\u00b4assemblage BK<\/td>\n<td>1490<\/td>\n<td>1790<\/td>\n<td>\u00a0866<\/td>\n<\/tr>\n<tr>\n<td>Set-Nr. 86440 W \/ 87440 Si \/ 84440 ANT:<\/p>\n<p>Ensemble Terzo avec 6 bo\u00eetes aux lettres<br \/>\nPotsdam et 2 poteaux<\/td>\n<td>2 poteaux Terzo V11-170<br \/>\n1 auvent Terzo H14-115<br \/>\n6 Potsdam 877 perfor\u00e9e<br \/>\n4 set d\u00b4assemblage Terzo<br \/>\n7 set d\u00b4assemblage BK<\/td>\n<td>1490<\/td>\n<td>1790<\/td>\n<td>1228<\/td>\n<\/tr>\n<tr>\n<td>Set-Nr. 86470 W:<\/p>\n<p>Ensemble Terzo avec 3 bo\u00eetes aux lettres<br \/>\nLeipzig et 2 poteaux<\/td>\n<td>2 poteaux Terzo V11-170 W<br \/>\n1 auvent Terzo H14-92 W<br \/>\n3 Leipzig 777 W perfor\u00e9e<br \/>\n4 set d\u00b4assemblage Terzo<br \/>\n2 set d\u00b4assemblage BK<\/td>\n<td>1490<\/td>\n<td>1790<\/td>\n<td>\u00a0994<\/td>\n<\/tr>\n<tr>\n<td>Set-Nr. 86480 W:<\/p>\n<p>Ensemble Terzo avec 4 bo\u00eetes aux lettres<br \/>\nLeipzig et 2 poteaux<\/td>\n<td>2 poteaux Terzo V11-170 W<br \/>\n1 auvent Terzo H14-63 W<br \/>\n4 Leipzig 777 W perfor\u00e9e<br \/>\n3 set d\u00b4assemblage Terzo<br \/>\n4 set d\u00b4assemblage BK<\/td>\n<td>1490<\/td>\n<td>1790<\/td>\n<td>\u00a0710<\/td>\n<\/tr>\n<tr>\n<td>Set-Nr. 86490 W:<\/p>\n<p>Ensemble Terzo avec 6 bo\u00eetes aux lettres<br \/>\nLeipzig et 2 poteaux<\/td>\n<td>2 poteaux Terzo V11-170 W<br \/>\n1 auvent Terzo H14-92 W<br \/>\n6 Leipzig 777 W perfor\u00e9e<br \/>\n4 set d\u00b4assemblage Terzo<br \/>\n7 set d\u00b4assemblage BK<\/td>\n<td>1490<\/td>\n<td>1790<\/td>\n<td>\u00a0994<\/td>\n<\/tr>\n<\/tbody>\n<\/table>\n","protected":false},"excerpt":{"rendered":"<p>Ensemble de bo\u00eetes aux lettres modulaire Terzo Avec les bo\u00eetes aux lettres modulaire Terzo, nous vous donnons la possibilit\u00e9 d\u2019assembler des bo\u00eetes aux lettres autoportantes et visuellement attrayantes pour votre maison individuelle ou immeuble collectif. Les supports, poteaux et toits &hellip; <a class=\"kt-excerpt-readmore\" href=\"https:\/\/test.burgwaechterservice.de\/fr\/p\/boites-aux-lettres\/boites-aux-lettres-modulaire-terzo\/\" aria-label=\"Ensemble de bo\u00eetes aux lettres modulaire Terzo\">Lire la suite<\/a><\/p>\n","protected":false},"featured_media":232429,"comment_status":"closed","ping_status":"closed","template":"","meta":[],"product_cat":[23,45],"product_tag":[3960,3961,3962],"yoast_head":"<!-- This site is optimized with the Yoast SEO Premium plugin v18.4 (Yoast SEO v19.13) - https:\/\/yoast.com\/wordpress\/plugins\/seo\/ -->\n<title>Ensemble de bo\u00eetes aux lettres modulaire Terzo - BURG-W\u00c4CHTER<\/title>\n<meta name=\"description\" content=\"Avec Terzo, nous vous permettons de cr\u00e9er un syst\u00e8me de bo\u00eetes aux lettres autonome et esth\u00e9tique pour votre maison individuelle ou collective.\" \/>\n<meta name=\"robots\" content=\"index, follow, max-snippet:-1, max-image-preview:large, max-video-preview:-1\" \/>\n<link rel=\"canonical\" href=\"https:\/\/test.burgwaechterservice.de\/fr\/p\/boites-aux-lettres\/boites-aux-lettres-modulaire-terzo\/\" \/>\n<meta property=\"og:locale\" content=\"fr_FR\" \/>\n<meta property=\"og:type\" content=\"article\" \/>\n<meta property=\"og:title\" content=\"Ensemble de bo\u00eetes aux lettres modulaire Terzo\" \/>\n<meta property=\"og:description\" content=\"Avec Terzo, nous vous permettons de cr\u00e9er un syst\u00e8me de bo\u00eetes aux lettres autonome et esth\u00e9tique pour votre maison individuelle ou collective.\" \/>\n<meta property=\"og:url\" content=\"https:\/\/test.burgwaechterservice.de\/fr\/p\/boites-aux-lettres\/boites-aux-lettres-modulaire-terzo\/\" \/>\n<meta property=\"og:site_name\" content=\"Burg-W\u00e4chter France\" \/>\n<meta property=\"article:modified_time\" content=\"2019-08-07T13:55:17+00:00\" \/>\n<meta property=\"og:image\" content=\"https:\/\/test.burgwaechterservice.de\/fr\/wp-content\/uploads\/sites\/4\/2018\/08\/Terzo-Set-86440.jpg\" \/>\n\t<meta property=\"og:image:width\" content=\"801\" \/>\n\t<meta property=\"og:image:height\" content=\"800\" \/>\n\t<meta property=\"og:image:type\" content=\"image\/jpeg\" \/>\n<meta name=\"twitter:card\" content=\"summary_large_image\" \/>\n<meta name=\"twitter:label1\" content=\"Dur\u00e9e de lecture estim\u00e9e\" \/>\n\t<meta name=\"twitter:data1\" content=\"3 minutes\" \/>\n<!-- \/ Yoast SEO Premium plugin. -->","yoast_head_json":{"title":"Ensemble de bo\u00eetes aux lettres modulaire Terzo - BURG-W\u00c4CHTER","description":"Avec Terzo, nous vous permettons de cr\u00e9er un syst\u00e8me de bo\u00eetes aux lettres autonome et esth\u00e9tique pour votre maison individuelle ou collective.","robots":{"index":"index","follow":"follow","max-snippet":"max-snippet:-1","max-image-preview":"max-image-preview:large","max-video-preview":"max-video-preview:-1"},"canonical":"https:\/\/test.burgwaechterservice.de\/fr\/p\/boites-aux-lettres\/boites-aux-lettres-modulaire-terzo\/","og_locale":"fr_FR","og_type":"article","og_title":"Ensemble de bo\u00eetes aux lettres modulaire Terzo","og_description":"Avec Terzo, nous vous permettons de cr\u00e9er un syst\u00e8me de bo\u00eetes aux lettres autonome et esth\u00e9tique pour votre maison individuelle ou collective.","og_url":"https:\/\/test.burgwaechterservice.de\/fr\/p\/boites-aux-lettres\/boites-aux-lettres-modulaire-terzo\/","og_site_name":"Burg-W\u00e4chter France","article_modified_time":"2019-08-07T13:55:17+00:00","og_image":[{"width":801,"height":800,"url":"https:\/\/test.burgwaechterservice.de\/fr\/wp-content\/uploads\/sites\/4\/2018\/08\/Terzo-Set-86440.jpg","type":"image\/jpeg"}],"twitter_card":"summary_large_image","twitter_misc":{"Dur\u00e9e de lecture estim\u00e9e":"3 minutes"},"schema":{"@context":"https:\/\/schema.org","@graph":[{"@type":"WebPage","@id":"https:\/\/test.burgwaechterservice.de\/fr\/p\/boites-aux-lettres\/boites-aux-lettres-modulaire-terzo\/","url":"https:\/\/test.burgwaechterservice.de\/fr\/p\/boites-aux-lettres\/boites-aux-lettres-modulaire-terzo\/","name":"Ensemble de bo\u00eetes aux lettres modulaire Terzo - BURG-W\u00c4CHTER","isPartOf":{"@id":"https:\/\/test.burgwaechterservice.de\/fr\/#website"},"datePublished":"2018-08-23T09:49:05+00:00","dateModified":"2019-08-07T13:55:17+00:00","description":"Avec Terzo, nous vous permettons de cr\u00e9er un syst\u00e8me de bo\u00eetes aux lettres autonome et esth\u00e9tique pour votre maison individuelle ou collective.","breadcrumb":{"@id":"https:\/\/test.burgwaechterservice.de\/fr\/p\/boites-aux-lettres\/boites-aux-lettres-modulaire-terzo\/#breadcrumb"},"inLanguage":"fr-FR","potentialAction":[{"@type":"ReadAction","target":["https:\/\/test.burgwaechterservice.de\/fr\/p\/boites-aux-lettres\/boites-aux-lettres-modulaire-terzo\/"]}]},{"@type":"BreadcrumbList","@id":"https:\/\/test.burgwaechterservice.de\/fr\/p\/boites-aux-lettres\/boites-aux-lettres-modulaire-terzo\/#breadcrumb","itemListElement":[{"@type":"ListItem","position":1,"name":"Accueil","item":"https:\/\/test.burgwaechterservice.de\/fr\/"},{"@type":"ListItem","position":2,"name":"Produits","item":"https:\/\/test.burgwaechterservice.de\/fr\/p\/"},{"@type":"ListItem","position":3,"name":"Ensemble de bo\u00eetes aux lettres modulaire Terzo"}]},{"@type":"WebSite","@id":"https:\/\/test.burgwaechterservice.de\/fr\/#website","url":"https:\/\/test.burgwaechterservice.de\/fr\/","name":"Burg-W\u00e4chter France","description":"Le choix le plus s\u00fbr!","potentialAction":[{"@type":"SearchAction","target":{"@type":"EntryPoint","urlTemplate":"https:\/\/test.burgwaechterservice.de\/fr\/?s={search_term_string}"},"query-input":"required name=search_term_string"}],"inLanguage":"fr-FR"}]}},"_links":{"self":[{"href":"https:\/\/test.burgwaechterservice.de\/fr\/wp-json\/wp\/v2\/product\/183514"}],"collection":[{"href":"https:\/\/test.burgwaechterservice.de\/fr\/wp-json\/wp\/v2\/product"}],"about":[{"href":"https:\/\/test.burgwaechterservice.de\/fr\/wp-json\/wp\/v2\/types\/product"}],"replies":[{"embeddable":true,"href":"https:\/\/test.burgwaechterservice.de\/fr\/wp-json\/wp\/v2\/comments?post=183514"}],"wp:featuredmedia":[{"embeddable":true,"href":"https:\/\/test.burgwaechterservice.de\/fr\/wp-json\/wp\/v2\/media\/232429"}],"wp:attachment":[{"href":"https:\/\/test.burgwaechterservice.de\/fr\/wp-json\/wp\/v2\/media?parent=183514"}],"wp:term":[{"taxonomy":"product_cat","embeddable":true,"href":"https:\/\/test.burgwaechterservice.de\/fr\/wp-json\/wp\/v2\/product_cat?post=183514"},{"taxonomy":"product_tag","embeddable":true,"href":"https:\/\/test.burgwaechterservice.de\/fr\/wp-json\/wp\/v2\/product_tag?post=183514"}],"curies":[{"name":"wp","href":"https:\/\/api.w.org\/{rel}","templated":true}]}}