{"id":160810,"date":"2018-06-04T12:07:19","date_gmt":"2018-06-04T10:07:19","guid":{"rendered":"https:\/\/www.burg.biz\/fr\/p\/cadenas-antivols-verrous\/210-c-65-kids\/"},"modified":"2019-08-20T10:01:35","modified_gmt":"2019-08-20T08:01:35","slug":"210-c-65-kids","status":"publish","type":"product","link":"https:\/\/test.burgwaechterservice.de\/fr\/p\/cadenas-et-porte-cadenas\/210-c-65-kids\/","title":{"rendered":"210 C 65 KIDS"},"content":{"rendered":"<h2>L\u2018antivol pour enfant\u00a0210 C 65 KIDS \u00e0 code \u2013 Plus jamais de perte de cl\u00e9s<\/h2>\n<p>\u00catre enfin mobile et explorer les environs de son propre chef. Pour un enfant, c\u2019est une sacr\u00e9e \u00e9tape d\u2019\u00eatre assis pour la premi\u00e8re fois sur son v\u00e9lo et de p\u00e9daler seul ou en groupe. Qu\u2019est ce qui ne doit pas y manquer ? Le bon antivol pour enfant ! En effet, un v\u00e9lo pour enfant lui-aussi peut co\u00fbter plusieurs centaines d\u2019euros et se trouve \u00eatre un <strong>objet de vol tr\u00e8s en vogue<\/strong>. Apr\u00e8s tout, <strong>un v\u00e9lo est vol\u00e9 en Allemagne chaque minute et demi,<\/strong> et ce ne sont que les cas o\u00f9 la victime a port\u00e9 plainte. Pour que le v\u00e9lo enfant soit s\u00e9curis\u00e9 d\u00e8s \u00e0 pr\u00e9sent, l\u2019enfant peut l\u2019attacher en tout confort avec l\u2019antivol en spirale 210 C 65 KIDS.<\/p>\n<h3>Quatre couleurs et des roues chiffr\u00e9es adapt\u00e9es aux enfants<\/h3>\n<p>L\u2019antivol enfant tr\u00e8s abordable 210 C 65 KIDS est disponible en quatre coloris. Ainsi, chacun trouvera l\u2019antivol spirale \u00e0 son go\u00fbt. Gr\u00e2ce \u00e0 l\u2019ouverture de la serrure avec un <strong>code \u00e0 quatre chiffres<\/strong>, la cl\u00e9 appartient au pass\u00e9. Les enfants ont h\u00e9las un tr\u00e8s fort penchant \u00e0 la perte ou l\u2019oubli des cl\u00e9s. Comme les mains d\u2019enfants ne sont pas aussi grandes et fortes que celles d\u2019un adulte, <strong>les roues chiffr\u00e9es se tournent tout en douceur<\/strong> avec peu de r\u00e9sistance. Bien s\u00fbr, les enfants peuvent <strong>choisir eux-m\u00eames leur combinaison<\/strong> \u00e0 quatre chiffres et la modifier \u00e0 tout moment. Ainsi, les petits cyclistes ont toujours beaucoup de joie \u00e0 utiliser leur v\u00e9lo enfant.<\/p>\n<h3>Les enfants peuvent aussi attacher leur trottinette en quelques tours de main<\/h3>\n<p>Par ailleurs, l\u2019antivol en spirale 210 C 65 KIDS est adapt\u00e9 pour attacher <strong>la tr\u00e8s appr\u00e9ci\u00e9e trottinette pour enfant<\/strong>. Il faut tout simplement faire passer l\u2019antivol \u00e0 travers la roue arri\u00e8re ou avant de la trottinette puis l\u2019attacher. Et voil\u00e0, la trottinette est parfaitement s\u00e9curis\u00e9e. Avec une longueur de <strong>65 centim\u00e8tres<\/strong>, l\u2019enfant peut attacher son v\u00e9lo en tout confort \u00e0 un r\u00e2telier, une cl\u00f4ture ou autre dispositif adapt\u00e9. Le c\u00e2ble en acier utilis\u00e9 sous le manteau de caoutchouc est d\u2019une \u00e9paisseur de 10 millim\u00e8tres.<\/p>\n<p>&nbsp;<\/p>\n<h4>L\u2019antivol pour v\u00e9lo enfant\u00a0210 C 65 KIDS en aper\u00e7u<\/h4>\n<ul>\n<li>Disponible en quatre coloris<\/li>\n<li>C\u00e2ble en acier rev\u00eati de mati\u00e8re plastique, \u00e9paisseur 10 millim\u00e8tres<\/li>\n<li>Combinaison chiffr\u00e9e personnalisable (\u00e0 quatre chiffres)<\/li>\n<li>Longueur : 65 centim\u00e8tres<\/li>\n<li>Utilisation adapt\u00e9e \u00e0 l\u2018enfant<\/li>\n<li>Adapt\u00e9 aussi aux trottinettes<\/li>\n<\/ul>\n<p>&nbsp;<\/p>\n<p>&nbsp;<\/p>\n<table class=\"ausfuehrung\">\n<thead>\n<tr>\n<td>Article<\/td>\n<td>Longueur (cm)<\/td>\n<td>\u00d8 (mm)<\/td>\n<\/tr>\n<\/thead>\n<tbody>\n<tr>\n<td class=\"subdesc\"><\/td>\n<td class=\"subdesc\">cm<\/td>\n<td class=\"subdesc\">mm<\/td>\n<\/tr>\n<\/tbody>\n<tbody>\n<tr>\n<td>210 C 65<\/td>\n<td>65<\/td>\n<td>10,0<\/td>\n<\/tr>\n<\/tbody>\n<\/table>\n","protected":false},"excerpt":{"rendered":"<p>L\u2018antivol pour enfant\u00a0210 C 65 KIDS \u00e0 code \u2013 Plus jamais de perte de cl\u00e9s \u00catre enfin mobile et explorer les environs de son propre chef. Pour un enfant, c\u2019est une sacr\u00e9e \u00e9tape d\u2019\u00eatre assis pour la premi\u00e8re fois sur &hellip; <a class=\"kt-excerpt-readmore\" href=\"https:\/\/test.burgwaechterservice.de\/fr\/p\/cadenas-et-porte-cadenas\/210-c-65-kids\/\" aria-label=\"210 C 65 KIDS\">Lire la suite<\/a><\/p>\n","protected":false},"featured_media":160811,"comment_status":"closed","ping_status":"closed","template":"","meta":[],"product_cat":[30,39,50,3129],"product_tag":[],"yoast_head":"<!-- This site is optimized with the Yoast SEO Premium plugin v18.4 (Yoast SEO v19.13) - https:\/\/yoast.com\/wordpress\/plugins\/seo\/ -->\n<title>Buntes Kinder-Fahrradschlosss 210 C 65 KIDS \u2013 Sichert auch Roller<\/title>\n<meta name=\"description\" content=\"Einfach und bequem das Kinderfahrrad oder den Roller sichern. Das geht mit dem Spiralschloss 210 C 65 KIDS von BURG-W\u00c4CHTER. Das Kinder-Fahrradschloss ist in vier bunten Farben erh\u00e4ltlich. Praktisch: \u00d6ffnung per vierstelliger Zahlen-Kombination statt Schl\u00fcssel!\" \/>\n<meta name=\"robots\" content=\"index, follow, max-snippet:-1, max-image-preview:large, max-video-preview:-1\" \/>\n<link rel=\"canonical\" href=\"https:\/\/test.burgwaechterservice.de\/fr\/p\/cadenas-et-porte-cadenas\/210-c-65-kids\/\" \/>\n<meta property=\"og:locale\" content=\"fr_FR\" \/>\n<meta property=\"og:type\" content=\"article\" \/>\n<meta property=\"og:title\" content=\"210 C 65 KIDS\" \/>\n<meta property=\"og:description\" content=\"Einfach und bequem das Kinderfahrrad oder den Roller sichern. Das geht mit dem Spiralschloss 210 C 65 KIDS von BURG-W\u00c4CHTER. Das Kinder-Fahrradschloss ist in vier bunten Farben erh\u00e4ltlich. Praktisch: \u00d6ffnung per vierstelliger Zahlen-Kombination statt Schl\u00fcssel!\" \/>\n<meta property=\"og:url\" content=\"https:\/\/test.burgwaechterservice.de\/fr\/p\/cadenas-et-porte-cadenas\/210-c-65-kids\/\" \/>\n<meta property=\"og:site_name\" content=\"Burg-W\u00e4chter France\" \/>\n<meta property=\"article:modified_time\" content=\"2019-08-20T08:01:35+00:00\" \/>\n<meta property=\"og:image\" content=\"https:\/\/test.burgwaechterservice.de\/fr\/wp-content\/uploads\/sites\/4\/2018\/06\/210_C_65_alle.jpg\" \/>\n\t<meta property=\"og:image:width\" content=\"1500\" \/>\n\t<meta property=\"og:image:height\" content=\"1500\" \/>\n\t<meta property=\"og:image:type\" content=\"image\/jpeg\" \/>\n<meta name=\"twitter:card\" content=\"summary_large_image\" \/>\n<meta name=\"twitter:label1\" content=\"Dur\u00e9e de lecture estim\u00e9e\" \/>\n\t<meta name=\"twitter:data1\" content=\"2 minutes\" \/>\n<!-- \/ Yoast SEO Premium plugin. -->","yoast_head_json":{"title":"Buntes Kinder-Fahrradschlosss 210 C 65 KIDS \u2013 Sichert auch Roller","description":"Einfach und bequem das Kinderfahrrad oder den Roller sichern. Das geht mit dem Spiralschloss 210 C 65 KIDS von BURG-W\u00c4CHTER. Das Kinder-Fahrradschloss ist in vier bunten Farben erh\u00e4ltlich. Praktisch: \u00d6ffnung per vierstelliger Zahlen-Kombination statt Schl\u00fcssel!","robots":{"index":"index","follow":"follow","max-snippet":"max-snippet:-1","max-image-preview":"max-image-preview:large","max-video-preview":"max-video-preview:-1"},"canonical":"https:\/\/test.burgwaechterservice.de\/fr\/p\/cadenas-et-porte-cadenas\/210-c-65-kids\/","og_locale":"fr_FR","og_type":"article","og_title":"210 C 65 KIDS","og_description":"Einfach und bequem das Kinderfahrrad oder den Roller sichern. Das geht mit dem Spiralschloss 210 C 65 KIDS von BURG-W\u00c4CHTER. Das Kinder-Fahrradschloss ist in vier bunten Farben erh\u00e4ltlich. Praktisch: \u00d6ffnung per vierstelliger Zahlen-Kombination statt Schl\u00fcssel!","og_url":"https:\/\/test.burgwaechterservice.de\/fr\/p\/cadenas-et-porte-cadenas\/210-c-65-kids\/","og_site_name":"Burg-W\u00e4chter France","article_modified_time":"2019-08-20T08:01:35+00:00","og_image":[{"width":1500,"height":1500,"url":"https:\/\/test.burgwaechterservice.de\/fr\/wp-content\/uploads\/sites\/4\/2018\/06\/210_C_65_alle.jpg","type":"image\/jpeg"}],"twitter_card":"summary_large_image","twitter_misc":{"Dur\u00e9e de lecture estim\u00e9e":"2 minutes"},"schema":{"@context":"https:\/\/schema.org","@graph":[{"@type":"WebPage","@id":"https:\/\/test.burgwaechterservice.de\/fr\/p\/cadenas-et-porte-cadenas\/210-c-65-kids\/","url":"https:\/\/test.burgwaechterservice.de\/fr\/p\/cadenas-et-porte-cadenas\/210-c-65-kids\/","name":"Buntes Kinder-Fahrradschlosss 210 C 65 KIDS \u2013 Sichert auch Roller","isPartOf":{"@id":"https:\/\/test.burgwaechterservice.de\/fr\/#website"},"datePublished":"2018-06-04T10:07:19+00:00","dateModified":"2019-08-20T08:01:35+00:00","description":"Einfach und bequem das Kinderfahrrad oder den Roller sichern. Das geht mit dem Spiralschloss 210 C 65 KIDS von BURG-W\u00c4CHTER. Das Kinder-Fahrradschloss ist in vier bunten Farben erh\u00e4ltlich. Praktisch: \u00d6ffnung per vierstelliger Zahlen-Kombination statt Schl\u00fcssel!","breadcrumb":{"@id":"https:\/\/test.burgwaechterservice.de\/fr\/p\/cadenas-et-porte-cadenas\/210-c-65-kids\/#breadcrumb"},"inLanguage":"fr-FR","potentialAction":[{"@type":"ReadAction","target":["https:\/\/test.burgwaechterservice.de\/fr\/p\/cadenas-et-porte-cadenas\/210-c-65-kids\/"]}]},{"@type":"BreadcrumbList","@id":"https:\/\/test.burgwaechterservice.de\/fr\/p\/cadenas-et-porte-cadenas\/210-c-65-kids\/#breadcrumb","itemListElement":[{"@type":"ListItem","position":1,"name":"Accueil","item":"https:\/\/test.burgwaechterservice.de\/fr\/"},{"@type":"ListItem","position":2,"name":"Produits","item":"https:\/\/test.burgwaechterservice.de\/fr\/p\/"},{"@type":"ListItem","position":3,"name":"210 C 65 KIDS"}]},{"@type":"WebSite","@id":"https:\/\/test.burgwaechterservice.de\/fr\/#website","url":"https:\/\/test.burgwaechterservice.de\/fr\/","name":"Burg-W\u00e4chter France","description":"Le choix le plus s\u00fbr!","potentialAction":[{"@type":"SearchAction","target":{"@type":"EntryPoint","urlTemplate":"https:\/\/test.burgwaechterservice.de\/fr\/?s={search_term_string}"},"query-input":"required name=search_term_string"}],"inLanguage":"fr-FR"}]}},"_links":{"self":[{"href":"https:\/\/test.burgwaechterservice.de\/fr\/wp-json\/wp\/v2\/product\/160810"}],"collection":[{"href":"https:\/\/test.burgwaechterservice.de\/fr\/wp-json\/wp\/v2\/product"}],"about":[{"href":"https:\/\/test.burgwaechterservice.de\/fr\/wp-json\/wp\/v2\/types\/product"}],"replies":[{"embeddable":true,"href":"https:\/\/test.burgwaechterservice.de\/fr\/wp-json\/wp\/v2\/comments?post=160810"}],"wp:featuredmedia":[{"embeddable":true,"href":"https:\/\/test.burgwaechterservice.de\/fr\/wp-json\/wp\/v2\/media\/160811"}],"wp:attachment":[{"href":"https:\/\/test.burgwaechterservice.de\/fr\/wp-json\/wp\/v2\/media?parent=160810"}],"wp:term":[{"taxonomy":"product_cat","embeddable":true,"href":"https:\/\/test.burgwaechterservice.de\/fr\/wp-json\/wp\/v2\/product_cat?post=160810"},{"taxonomy":"product_tag","embeddable":true,"href":"https:\/\/test.burgwaechterservice.de\/fr\/wp-json\/wp\/v2\/product_tag?post=160810"}],"curies":[{"name":"wp","href":"https:\/\/api.w.org\/{rel}","templated":true}]}}