{"id":160807,"date":"2018-06-04T12:01:33","date_gmt":"2018-06-04T10:01:33","guid":{"rendered":"https:\/\/www.burg.biz\/fr\/p\/technologiques-de-mesure\/digitale-handwaage-tara-ps-7610\/"},"modified":"2018-09-12T12:17:12","modified_gmt":"2018-09-12T10:17:12","slug":"balance-portable-tara-ps-7610","status":"publish","type":"product","link":"https:\/\/test.burgwaechterservice.de\/fr\/p\/appareils-de-mesure\/balance-portable-tara-ps-7610\/","title":{"rendered":"Balance portable TARA PS 7610"},"content":{"rendered":"<p><img decoding=\"async\" class=\"alignnone wp-image-217078\" src=\"https:\/\/test.burgwaechterservice.de\/wp-content\/uploads\/2018\/05\/Piktos-Tara-7610.jpg\" alt=\"\" width=\"271\" height=\"116\" \/><\/p>\n<h2>TARA PS 7610 \u2013 La balance portable pour voyages et loisirs<\/h2>\n<p>Des mesures pr\u00e9cises, un design prenant peu de place : la balance portable TARA PS 7610 est <strong>d\u2019une aide pr\u00e9cieuse dans beaucoup de situations au quotidien<\/strong>. En effet, la TARA 7610 est utilisable par exemple comme p\u00e8se-valise ou p\u00e8se-colis. Avec ceci, vous \u00e9conomiserez de l\u2018argent \u00e0 maintes reprises. Personne ne souhaite payer un suppl\u00e9ment pour ses bagages \u00e0 l\u2019a\u00e9roport ou pour un colis \u00e0 peine trop lourd\u00a0!<\/p>\n<h3>Un \u00e9cran lumineux et bien lisible<\/h3>\n<p>La balance portable est tr\u00e8s simple \u00e0 utiliser et peut \u00eatre mise en marche sans d\u00e9lais gr\u00e2ce aux <strong>piles inclues dans le produit<\/strong>. L\u2019usager a seulement \u00e0 faire passer la boucle autour de l\u2019objet \u00e0 peser et la fixer \u00e0 l\u2019aide du crochet en m\u00e9tal, puis \u00e0 appuyer sur le bouton de l\u2019appareil et soulever l\u2019objet. Une fois le poids stabilis\u00e9, la valeur exacte s\u2019affiche \u00e0 l\u2019\u00e9cran digital bien \u00e9clair\u00e9 et lisible.<\/p>\n<h3>Le p\u00e8se-valise TARA PS 7610 p\u00e8se jusqu\u2019\u00e0 50 kilogrammes et \u00e0 une exactitude de l\u2019ordre des 10 grammes<\/h3>\n<p>La boucle de pes\u00e9e est reli\u00e9e \u00e0 la TARA PS 7610 par un crochet massif. Ainsi, les usagers peuvent peser avec la balance portable des objets d\u2019un poids allant jusqu\u2019\u00e0 50 kilogrammes. Le poids y est indiqu\u00e9 avec une exactitude aux 10 grammes pr\u00e8s. Avec des dimensions de <strong>15 sur 3,5 centim\u00e8tres et un poids plume 180 Gramm<\/strong>, la TARA PS 7610 est particuli\u00e8rement mobile et peut \u00eatre emport\u00e9 en voyage dans n\u2019importe quel sac.<\/p>\n<h3>Plus jamais d\u2019exc\u00e8s de poids gr\u00e2ce \u00e0 la fonction Tara<\/h3>\n<p>Par ailleurs, la balance portable dispose d\u2019une fonction Tara pour peser par \u00e9tapes. C\u2019est \u00e0 dire : Les poids (des valises par exemple) sont enregistr\u00e9s individuellement. Apr\u00e8s la pes\u00e9e du dernier objet, le poids total est indiqu\u00e9. <strong>Une fonction pratique en voyage avec plusieurs bagages.<\/strong> Car \u00e0 l\u2019aide du p\u00e8se-valise, le passager d\u2019un vol est toujours s\u00fbr d\u2019avoir respect\u00e9 le poids maximal du bagage de main.<\/p>\n<h3>Changer d\u2019unit\u00e9 de mesure en appuyant sur un bouton<\/h3>\n<p>L\u2019usager peut naviguer en pressant un bouton entre les diff\u00e9rentes unit\u00e9s de mesure de la balance portable. En plus des grammes (g) et kilogrammes (kg), la TARA PS 7610 peut aussi indiquer les unit\u00e9s de mesure anglo-am\u00e9ricaines l\u2019once (oz) et la livre (lb). De plus, la balance travaille dans chaque unit\u00e9 de mesure avec une <strong>extr\u00eame pr\u00e9cision<\/strong>. En effet, la divergence maximale s\u2019\u00e9l\u00e8ve seulement \u00e0 1,5 pourcents.<\/p>\n<p>&nbsp;<\/p>\n<h4>La balance portable TARA PS 7610 de BURG-W\u00c4CHTER en un coup d\u2019\u0153il<\/h4>\n<ul>\n<li>Temp\u00e9rature d\u2019utilisation : 0\u2009\u00b0C \u00e0 40\u2009\u00b0C<\/li>\n<li>Unit\u00e9s de mesure : g, oz, kg et lb<\/li>\n<li>Tempr\u00e9rature de conservation : -10\u2009\u00b0C \u00e0 55\u2009\u00b0C<\/li>\n<li>Zone de mesure : max. 50\u2009kg<\/li>\n<li>Exactitude :<br \/>\n\u2264 20\u2009kg \u00b1 0,3 kg<br \/>\n\u2265 40\u2009kg \u00b1 0,6 kg<\/li>\n<li>Alimentation : 1 x pile-bouton lithium CR 2032 (inclue dans le produit)<\/li>\n<li>Poids : 180\u2009g (sans piles)<\/li>\n<li>Dimensions :150\u2009x\u200930\u2009x\u200935\u2009mm (sans le crochet)<\/li>\n<\/ul>\n<p>&nbsp;<\/p>\n","protected":false},"excerpt":{"rendered":"<p>TARA PS 7610 \u2013 La balance portable pour voyages et loisirs Des mesures pr\u00e9cises, un design prenant peu de place : la balance portable TARA PS 7610 est d\u2019une aide pr\u00e9cieuse dans beaucoup de situations au quotidien. En effet, la &hellip; <a class=\"kt-excerpt-readmore\" href=\"https:\/\/test.burgwaechterservice.de\/fr\/p\/appareils-de-mesure\/balance-portable-tara-ps-7610\/\" aria-label=\"Balance portable TARA PS 7610\">Lire la suite<\/a><\/p>\n","protected":false},"featured_media":160808,"comment_status":"closed","ping_status":"closed","template":"","meta":[],"product_cat":[585],"product_tag":[3355],"yoast_head":"<!-- This site is optimized with the Yoast SEO Premium plugin v18.4 (Yoast SEO v19.13) - https:\/\/yoast.com\/wordpress\/plugins\/seo\/ -->\n<title>Handwaage TARA PS 7610 - Handliche Kofferwaage von Burg-W\u00e4chter<\/title>\n<meta name=\"description\" content=\"Exakte Messergebnisse, handliches Design: Die Handwaage TARA PS 7610 von BURG-W\u00c4CHTER ist in vielen Alltagssituationen ein praktischer Helfer. Ob als Paketwaage zu Hause oder als Kofferwaage auf Reisen. Mit Tara-Funktion und beleuchtetem Digital-Display.\" \/>\n<meta name=\"robots\" content=\"index, follow, max-snippet:-1, max-image-preview:large, max-video-preview:-1\" \/>\n<link rel=\"canonical\" href=\"https:\/\/test.burgwaechterservice.de\/fr\/p\/appareils-de-mesure\/balance-portable-tara-ps-7610\/\" \/>\n<meta property=\"og:locale\" content=\"fr_FR\" \/>\n<meta property=\"og:type\" content=\"article\" \/>\n<meta property=\"og:title\" content=\"Balance portable TARA PS 7610\" \/>\n<meta property=\"og:description\" content=\"Exakte Messergebnisse, handliches Design: Die Handwaage TARA PS 7610 von BURG-W\u00c4CHTER ist in vielen Alltagssituationen ein praktischer Helfer. Ob als Paketwaage zu Hause oder als Kofferwaage auf Reisen. Mit Tara-Funktion und beleuchtetem Digital-Display.\" \/>\n<meta property=\"og:url\" content=\"https:\/\/test.burgwaechterservice.de\/fr\/p\/appareils-de-mesure\/balance-portable-tara-ps-7610\/\" \/>\n<meta property=\"og:site_name\" content=\"Burg-W\u00e4chter France\" \/>\n<meta property=\"article:modified_time\" content=\"2018-09-12T10:17:12+00:00\" \/>\n<meta property=\"og:image\" content=\"https:\/\/test.burgwaechterservice.de\/fr\/wp-content\/uploads\/sites\/4\/2018\/06\/Kofferwaage_7610_frontal.jpg\" \/>\n\t<meta property=\"og:image:width\" content=\"1500\" \/>\n\t<meta property=\"og:image:height\" content=\"1499\" \/>\n\t<meta property=\"og:image:type\" content=\"image\/jpeg\" \/>\n<meta name=\"twitter:card\" content=\"summary_large_image\" \/>\n<meta name=\"twitter:label1\" content=\"Dur\u00e9e de lecture estim\u00e9e\" \/>\n\t<meta name=\"twitter:data1\" content=\"2 minutes\" \/>\n<!-- \/ Yoast SEO Premium plugin. -->","yoast_head_json":{"title":"Handwaage TARA PS 7610 - Handliche Kofferwaage von Burg-W\u00e4chter","description":"Exakte Messergebnisse, handliches Design: Die Handwaage TARA PS 7610 von BURG-W\u00c4CHTER ist in vielen Alltagssituationen ein praktischer Helfer. Ob als Paketwaage zu Hause oder als Kofferwaage auf Reisen. Mit Tara-Funktion und beleuchtetem Digital-Display.","robots":{"index":"index","follow":"follow","max-snippet":"max-snippet:-1","max-image-preview":"max-image-preview:large","max-video-preview":"max-video-preview:-1"},"canonical":"https:\/\/test.burgwaechterservice.de\/fr\/p\/appareils-de-mesure\/balance-portable-tara-ps-7610\/","og_locale":"fr_FR","og_type":"article","og_title":"Balance portable TARA PS 7610","og_description":"Exakte Messergebnisse, handliches Design: Die Handwaage TARA PS 7610 von BURG-W\u00c4CHTER ist in vielen Alltagssituationen ein praktischer Helfer. Ob als Paketwaage zu Hause oder als Kofferwaage auf Reisen. Mit Tara-Funktion und beleuchtetem Digital-Display.","og_url":"https:\/\/test.burgwaechterservice.de\/fr\/p\/appareils-de-mesure\/balance-portable-tara-ps-7610\/","og_site_name":"Burg-W\u00e4chter France","article_modified_time":"2018-09-12T10:17:12+00:00","og_image":[{"width":1500,"height":1499,"url":"https:\/\/test.burgwaechterservice.de\/fr\/wp-content\/uploads\/sites\/4\/2018\/06\/Kofferwaage_7610_frontal.jpg","type":"image\/jpeg"}],"twitter_card":"summary_large_image","twitter_misc":{"Dur\u00e9e de lecture estim\u00e9e":"2 minutes"},"schema":{"@context":"https:\/\/schema.org","@graph":[{"@type":"WebPage","@id":"https:\/\/test.burgwaechterservice.de\/fr\/p\/appareils-de-mesure\/balance-portable-tara-ps-7610\/","url":"https:\/\/test.burgwaechterservice.de\/fr\/p\/appareils-de-mesure\/balance-portable-tara-ps-7610\/","name":"Handwaage TARA PS 7610 - Handliche Kofferwaage von Burg-W\u00e4chter","isPartOf":{"@id":"https:\/\/test.burgwaechterservice.de\/fr\/#website"},"datePublished":"2018-06-04T10:01:33+00:00","dateModified":"2018-09-12T10:17:12+00:00","description":"Exakte Messergebnisse, handliches Design: Die Handwaage TARA PS 7610 von BURG-W\u00c4CHTER ist in vielen Alltagssituationen ein praktischer Helfer. Ob als Paketwaage zu Hause oder als Kofferwaage auf Reisen. Mit Tara-Funktion und beleuchtetem Digital-Display.","breadcrumb":{"@id":"https:\/\/test.burgwaechterservice.de\/fr\/p\/appareils-de-mesure\/balance-portable-tara-ps-7610\/#breadcrumb"},"inLanguage":"fr-FR","potentialAction":[{"@type":"ReadAction","target":["https:\/\/test.burgwaechterservice.de\/fr\/p\/appareils-de-mesure\/balance-portable-tara-ps-7610\/"]}]},{"@type":"BreadcrumbList","@id":"https:\/\/test.burgwaechterservice.de\/fr\/p\/appareils-de-mesure\/balance-portable-tara-ps-7610\/#breadcrumb","itemListElement":[{"@type":"ListItem","position":1,"name":"Accueil","item":"https:\/\/test.burgwaechterservice.de\/fr\/"},{"@type":"ListItem","position":2,"name":"Produits","item":"https:\/\/test.burgwaechterservice.de\/fr\/p\/"},{"@type":"ListItem","position":3,"name":"Balance portable TARA PS 7610"}]},{"@type":"WebSite","@id":"https:\/\/test.burgwaechterservice.de\/fr\/#website","url":"https:\/\/test.burgwaechterservice.de\/fr\/","name":"Burg-W\u00e4chter France","description":"Le choix le plus s\u00fbr!","potentialAction":[{"@type":"SearchAction","target":{"@type":"EntryPoint","urlTemplate":"https:\/\/test.burgwaechterservice.de\/fr\/?s={search_term_string}"},"query-input":"required name=search_term_string"}],"inLanguage":"fr-FR"}]}},"_links":{"self":[{"href":"https:\/\/test.burgwaechterservice.de\/fr\/wp-json\/wp\/v2\/product\/160807"}],"collection":[{"href":"https:\/\/test.burgwaechterservice.de\/fr\/wp-json\/wp\/v2\/product"}],"about":[{"href":"https:\/\/test.burgwaechterservice.de\/fr\/wp-json\/wp\/v2\/types\/product"}],"replies":[{"embeddable":true,"href":"https:\/\/test.burgwaechterservice.de\/fr\/wp-json\/wp\/v2\/comments?post=160807"}],"wp:featuredmedia":[{"embeddable":true,"href":"https:\/\/test.burgwaechterservice.de\/fr\/wp-json\/wp\/v2\/media\/160808"}],"wp:attachment":[{"href":"https:\/\/test.burgwaechterservice.de\/fr\/wp-json\/wp\/v2\/media?parent=160807"}],"wp:term":[{"taxonomy":"product_cat","embeddable":true,"href":"https:\/\/test.burgwaechterservice.de\/fr\/wp-json\/wp\/v2\/product_cat?post=160807"},{"taxonomy":"product_tag","embeddable":true,"href":"https:\/\/test.burgwaechterservice.de\/fr\/wp-json\/wp\/v2\/product_tag?post=160807"}],"curies":[{"name":"wp","href":"https:\/\/api.w.org\/{rel}","templated":true}]}}