{"id":160802,"date":"2018-06-04T11:57:09","date_gmt":"2018-06-04T09:57:09","guid":{"rendered":"https:\/\/www.burg.biz\/fr\/p\/schloss-und-riegel\/235-80-l\/"},"modified":"2018-06-05T10:41:12","modified_gmt":"2018-06-05T08:41:12","slug":"235-80-l","status":"publish","type":"product","link":"https:\/\/test.burgwaechterservice.de\/fr\/p\/cadenas-et-porte-cadenas\/235-80-l\/","title":{"rendered":"235 80 L"},"content":{"rendered":"<p><img decoding=\"async\" class=\"alignnone size-full wp-image-216739\" src=\"https:\/\/test.burgwaechterservice.de\/wp-content\/uploads\/2018\/04\/Piktos-235.jpg\" alt=\"\" width=\"533\" height=\"62\" \/><\/p>\n<h2>Antivol pour v\u00e9lo 235 80 L \u2013 Une combinaison \u00e0 la place des cl\u00e9s<\/h2>\n<p>Ouvrir un antivol, m\u00eame dans le noir\u00a0: c\u2019est faisable sans aucun probl\u00e8me avec le c\u00e2ble antivol 235 80 L, car il n\u2019est plus n\u00e9cessaire de chercher p\u00e9niblement la serrure \u00e0 t\u00e2tons. L\u2019antivol long de 80 cm est commode \u00e0 ouvrir gr\u00e2ce \u00e0 un code \u00e0 quatre chiffres. Il est vite fait d\u2019entrer la combinaison \u00e0 l\u2019aide des quatre roues chiffr\u00e9es. Dans l\u2019obscurit\u00e9, le cycliste n\u2019a qu\u2019\u00e0 appuyer bri\u00e8vement sur le bouton pour qu\u2019une petite lampe illumine les chiffres. Le cycliste garde la libert\u00e9 de ses deux mains, comme la lampe s\u2019\u00e9teint automatiquement au bout de quelques secondes ou en r\u00e9appuyant sur le bouton. Par ailleurs, l\u2019antivol est facilement montable sur le cadre du v\u00e9lo gr\u00e2ce \u00e0 une fixation comprise dans le produit.<\/p>\n<h3>Un c\u00e2ble antivol pour une attache s\u00e9curis\u00e9e<\/h3>\n<p>Gr\u00e2ce \u00e0 sa longueur de 80 centim\u00e8tres, il est commode pour le cycliste d\u2019attacher le c\u00e2ble antivol 235 80 L \u00e0 des r\u00e2teliers \u00e0 v\u00e9lo, cl\u00f4tures et autres endroits adapt\u00e9s. Il faut veiller \u00e0 ce que le v\u00e9lo soit attach\u00e9 \u00e0 un objet bien ancr\u00e9 dans le sol. Si\u00a0le v\u00e9lo n\u2019est attach\u00e9 que par une roue, il est facile de le voler. Le c\u0153ur de l\u2019antivol se constitue d\u2019un c\u00e2ble en acier \u00e9pais de 15 millim\u00e8tres prot\u00e9g\u00e9 par un rev\u00eatement noir stable en caoutchouc. Le corps d\u2019antivol est disponible en deux coloris : vert et noir.<\/p>\n<h3>Le 235 80 L s\u00e9curise aussi les meubles de jardin, outils de travail et trottinettes<\/h3>\n<p>Bien s\u00fbr, il est aussi possible d\u2019utiliser le c\u00e2ble antivol 235 80 L pour s\u00e9curiser d\u2019autres objets. Par exemple, les enfants peuvent attacher leur trottinette. Par ailleurs, l\u2019antivol est parfaitement appropri\u00e9 pour s\u00e9curiser des outils de travail ou des \u00e9quipements de surf. Il en va de m\u00eame pour les meubles de jardin. Et cela est tr\u00e8s souvent n\u00e9cessaire. En effet, on compte de plus en plus de vols de meubles de jardin souvent chers sur les terrasses accessibles. Il est alors bon de savoir qu\u2019ils sont en s\u00fbret\u00e9 la nuit ou lors d\u2019absences prolong\u00e9es.<\/p>\n<p>&nbsp;<\/p>\n<h4>L\u2019antivol pour v\u00e9lo 235 80 L en aper\u00e7u<\/h4>\n<ul>\n<li>C\u00e2ble solide avec chiffres illumin\u00e9s<\/li>\n<li>Ouvrir et fermer \u00e0 l\u2019aide de quatre roues chiffr\u00e9es<\/li>\n<li>Choix libre de la combinaison<\/li>\n<li>Avec une fixation pratique<\/li>\n<li>Corps d\u2019antivol disponible en vert et en noir<\/li>\n<\/ul>\n<p>&nbsp;<\/p>\n<p>&nbsp;<\/p>\n<table class=\"ausfuehrung\">\n<thead>\n<tr>\n<td>Article<\/td>\n<td>Longueur (cm)<\/td>\n<td>\u00d8 (mm)<\/td>\n<\/tr>\n<\/thead>\n<tbody>\n<tr>\n<td class=\"subdesc\"><\/td>\n<td class=\"subdesc\">cm<\/td>\n<td class=\"subdesc\">mm<\/td>\n<\/tr>\n<\/tbody>\n<tbody>\n<tr>\n<td>235 80 L Black<\/td>\n<td>80<\/td>\n<td>15<\/td>\n<\/tr>\n<tr>\n<td>235 80 L Green<\/td>\n<td>80<\/td>\n<td>15<\/td>\n<\/tr>\n<\/tbody>\n<\/table>\n","protected":false},"excerpt":{"rendered":"<p>Antivol pour v\u00e9lo 235 80 L \u2013 Une combinaison \u00e0 la place des cl\u00e9s Ouvrir un antivol, m\u00eame dans le noir\u00a0: c\u2019est faisable sans aucun probl\u00e8me avec le c\u00e2ble antivol 235 80 L, car il n\u2019est plus n\u00e9cessaire de chercher &hellip; <a class=\"kt-excerpt-readmore\" href=\"https:\/\/test.burgwaechterservice.de\/fr\/p\/cadenas-et-porte-cadenas\/235-80-l\/\" aria-label=\"235 80 L\">Lire la suite<\/a><\/p>\n","protected":false},"featured_media":160803,"comment_status":"closed","ping_status":"closed","template":"","meta":[],"product_cat":[39,50,3129],"product_tag":[],"yoast_head":"<!-- This site is optimized with the Yoast SEO Premium plugin v18.4 (Yoast SEO v19.13) - https:\/\/yoast.com\/wordpress\/plugins\/seo\/ -->\n<title>Fahrradschloss 235 80 L \u2013 Zahlenschloss mit Licht von Burg-W\u00e4chter<\/title>\n<meta name=\"description\" content=\"Sichert Fahrr\u00e4der, Handwerksbedarf und Gartenm\u00f6bel: Das Fahrradschloss 235 80 L von BURG-W\u00c4CHTER ist sicher und komfortabel. Schlie\u00dflich sind die Zahlenrollen vom Seilschloss beleuchtet.\" \/>\n<meta name=\"robots\" content=\"index, follow, max-snippet:-1, max-image-preview:large, max-video-preview:-1\" \/>\n<link rel=\"canonical\" href=\"https:\/\/test.burgwaechterservice.de\/fr\/p\/cadenas-et-porte-cadenas\/235-80-l\/\" \/>\n<meta property=\"og:locale\" content=\"fr_FR\" \/>\n<meta property=\"og:type\" content=\"article\" \/>\n<meta property=\"og:title\" content=\"235 80 L\" \/>\n<meta property=\"og:description\" content=\"Sichert Fahrr\u00e4der, Handwerksbedarf und Gartenm\u00f6bel: Das Fahrradschloss 235 80 L von BURG-W\u00c4CHTER ist sicher und komfortabel. Schlie\u00dflich sind die Zahlenrollen vom Seilschloss beleuchtet.\" \/>\n<meta property=\"og:url\" content=\"https:\/\/test.burgwaechterservice.de\/fr\/p\/cadenas-et-porte-cadenas\/235-80-l\/\" \/>\n<meta property=\"og:site_name\" content=\"Burg-W\u00e4chter France\" \/>\n<meta property=\"article:modified_time\" content=\"2018-06-05T08:41:12+00:00\" \/>\n<meta property=\"og:image\" content=\"https:\/\/test.burgwaechterservice.de\/fr\/wp-content\/uploads\/sites\/4\/2018\/06\/235_80_L_BLACK.jpg\" \/>\n\t<meta property=\"og:image:width\" content=\"1500\" \/>\n\t<meta property=\"og:image:height\" content=\"1500\" \/>\n\t<meta property=\"og:image:type\" content=\"image\/jpeg\" \/>\n<meta name=\"twitter:card\" content=\"summary_large_image\" \/>\n<meta name=\"twitter:label1\" content=\"Dur\u00e9e de lecture estim\u00e9e\" \/>\n\t<meta name=\"twitter:data1\" content=\"2 minutes\" \/>\n<!-- \/ Yoast SEO Premium plugin. -->","yoast_head_json":{"title":"Fahrradschloss 235 80 L \u2013 Zahlenschloss mit Licht von Burg-W\u00e4chter","description":"Sichert Fahrr\u00e4der, Handwerksbedarf und Gartenm\u00f6bel: Das Fahrradschloss 235 80 L von BURG-W\u00c4CHTER ist sicher und komfortabel. Schlie\u00dflich sind die Zahlenrollen vom Seilschloss beleuchtet.","robots":{"index":"index","follow":"follow","max-snippet":"max-snippet:-1","max-image-preview":"max-image-preview:large","max-video-preview":"max-video-preview:-1"},"canonical":"https:\/\/test.burgwaechterservice.de\/fr\/p\/cadenas-et-porte-cadenas\/235-80-l\/","og_locale":"fr_FR","og_type":"article","og_title":"235 80 L","og_description":"Sichert Fahrr\u00e4der, Handwerksbedarf und Gartenm\u00f6bel: Das Fahrradschloss 235 80 L von BURG-W\u00c4CHTER ist sicher und komfortabel. Schlie\u00dflich sind die Zahlenrollen vom Seilschloss beleuchtet.","og_url":"https:\/\/test.burgwaechterservice.de\/fr\/p\/cadenas-et-porte-cadenas\/235-80-l\/","og_site_name":"Burg-W\u00e4chter France","article_modified_time":"2018-06-05T08:41:12+00:00","og_image":[{"width":1500,"height":1500,"url":"https:\/\/test.burgwaechterservice.de\/fr\/wp-content\/uploads\/sites\/4\/2018\/06\/235_80_L_BLACK.jpg","type":"image\/jpeg"}],"twitter_card":"summary_large_image","twitter_misc":{"Dur\u00e9e de lecture estim\u00e9e":"2 minutes"},"schema":{"@context":"https:\/\/schema.org","@graph":[{"@type":"WebPage","@id":"https:\/\/test.burgwaechterservice.de\/fr\/p\/cadenas-et-porte-cadenas\/235-80-l\/","url":"https:\/\/test.burgwaechterservice.de\/fr\/p\/cadenas-et-porte-cadenas\/235-80-l\/","name":"Fahrradschloss 235 80 L \u2013 Zahlenschloss mit Licht von Burg-W\u00e4chter","isPartOf":{"@id":"https:\/\/test.burgwaechterservice.de\/fr\/#website"},"datePublished":"2018-06-04T09:57:09+00:00","dateModified":"2018-06-05T08:41:12+00:00","description":"Sichert Fahrr\u00e4der, Handwerksbedarf und Gartenm\u00f6bel: Das Fahrradschloss 235 80 L von BURG-W\u00c4CHTER ist sicher und komfortabel. Schlie\u00dflich sind die Zahlenrollen vom Seilschloss beleuchtet.","breadcrumb":{"@id":"https:\/\/test.burgwaechterservice.de\/fr\/p\/cadenas-et-porte-cadenas\/235-80-l\/#breadcrumb"},"inLanguage":"fr-FR","potentialAction":[{"@type":"ReadAction","target":["https:\/\/test.burgwaechterservice.de\/fr\/p\/cadenas-et-porte-cadenas\/235-80-l\/"]}]},{"@type":"BreadcrumbList","@id":"https:\/\/test.burgwaechterservice.de\/fr\/p\/cadenas-et-porte-cadenas\/235-80-l\/#breadcrumb","itemListElement":[{"@type":"ListItem","position":1,"name":"Accueil","item":"https:\/\/test.burgwaechterservice.de\/fr\/"},{"@type":"ListItem","position":2,"name":"Produits","item":"https:\/\/test.burgwaechterservice.de\/fr\/p\/"},{"@type":"ListItem","position":3,"name":"235 80 L"}]},{"@type":"WebSite","@id":"https:\/\/test.burgwaechterservice.de\/fr\/#website","url":"https:\/\/test.burgwaechterservice.de\/fr\/","name":"Burg-W\u00e4chter France","description":"Le choix le plus s\u00fbr!","potentialAction":[{"@type":"SearchAction","target":{"@type":"EntryPoint","urlTemplate":"https:\/\/test.burgwaechterservice.de\/fr\/?s={search_term_string}"},"query-input":"required name=search_term_string"}],"inLanguage":"fr-FR"}]}},"_links":{"self":[{"href":"https:\/\/test.burgwaechterservice.de\/fr\/wp-json\/wp\/v2\/product\/160802"}],"collection":[{"href":"https:\/\/test.burgwaechterservice.de\/fr\/wp-json\/wp\/v2\/product"}],"about":[{"href":"https:\/\/test.burgwaechterservice.de\/fr\/wp-json\/wp\/v2\/types\/product"}],"replies":[{"embeddable":true,"href":"https:\/\/test.burgwaechterservice.de\/fr\/wp-json\/wp\/v2\/comments?post=160802"}],"wp:featuredmedia":[{"embeddable":true,"href":"https:\/\/test.burgwaechterservice.de\/fr\/wp-json\/wp\/v2\/media\/160803"}],"wp:attachment":[{"href":"https:\/\/test.burgwaechterservice.de\/fr\/wp-json\/wp\/v2\/media?parent=160802"}],"wp:term":[{"taxonomy":"product_cat","embeddable":true,"href":"https:\/\/test.burgwaechterservice.de\/fr\/wp-json\/wp\/v2\/product_cat?post=160802"},{"taxonomy":"product_tag","embeddable":true,"href":"https:\/\/test.burgwaechterservice.de\/fr\/wp-json\/wp\/v2\/product_tag?post=160802"}],"curies":[{"name":"wp","href":"https:\/\/api.w.org\/{rel}","templated":true}]}}