{"id":160796,"date":"2018-06-04T11:22:48","date_gmt":"2018-06-04T09:22:48","guid":{"rendered":"https:\/\/www.burg.biz\/fr\/p\/cadenas-antivols-verrous\/1235-180-l\/"},"modified":"2018-09-12T12:19:02","modified_gmt":"2018-09-12T10:19:02","slug":"1235-180-l","status":"publish","type":"product","link":"https:\/\/test.burgwaechterservice.de\/fr\/p\/cadenas-et-porte-cadenas\/1235-180-l\/","title":{"rendered":"1235 180 L"},"content":{"rendered":"<p><img decoding=\"async\" class=\"alignnone size-full wp-image-216739\" src=\"https:\/\/test.burgwaechterservice.de\/wp-content\/uploads\/2018\/04\/Piktos-235.jpg\" alt=\"\" width=\"533\" height=\"62\" \/><\/p>\n<h2><strong>C\u00e2ble antivol pour v\u00e9lo, confortable avec sa longueur de 1,80 m\u00e8tres<\/strong><\/h2>\n<p>Le c\u00e2ble antivol 1235 180 L r\u00e9unie une s\u00e9curit\u00e9 accrue et un confort maximal. L\u2019antivol en spiral offre nombre d\u2019avantages. Ainsi, le cycliste n\u2019a pas seulement la possibilit\u00e9 de l\u2019int\u00e9grer au cadre de son v\u00e9lo gr\u00e2ce \u00e0 la <strong>fixation pratique<\/strong> (inclue dans la livraison), mais il peut en plus se passer totalement de clefs. En effet, le c\u00e2ble antivol s\u2019ouvre et se ferme \u00e0 l\u2019aide d\u2019une <strong>combinaison \u00e0 quatre chiffres<\/strong>. Finit, les clefs perdues. Et bien s\u00fbr, l\u2019usager peut modifier le code quand il le souhaite et choisir sa propre combinaison \u00e0 quatre chiffres.<\/p>\n<h3><strong>Facile \u00e0 ouvrir et fermer, m\u00eame dans l\u2019obscurit\u00e9 gr\u00e2ce \u00e0 une lumi\u00e8re<\/strong><\/h3>\n<p>Comment actionner les roues chiffr\u00e9es dans le noir\u00a0? Tout simplement en appuyant sur le bouton\u00a0! Une petite lampe int\u00e9gr\u00e9e illumine les roues chiffr\u00e9es. Ainsi, le cycliste peut d\u00e9tacher son v\u00e9lo sans probl\u00e8me m\u00eame dans l\u2019obscurit\u00e9 la plus totale. Il n\u2019y a qu\u2019\u00e0 activer l\u2019\u00a0\u00ab\u00a0interrupteur\u00a0\u00bb de l\u2019antivol pour allumer les roues chiffr\u00e9es. Au bout d\u2019environ dix secondes, la lumi\u00e8re s\u2019\u00e9teint automatiquement laissant ainsi largement assez de temps pour composer le code valide. Par ailleurs, la pile et donc la lumi\u00e8re tient des ann\u00e9es. Le corps d\u2019antivol est <strong>disponible en vert et en noir<\/strong>.<\/p>\n<h3><strong>Un c\u00e2ble en acier d\u2018une \u00e9paisseur de 15 millim\u00e8tres s\u00e9curise l\u2019antivol en spirale 1235 180 L<\/strong><\/h3>\n<p>Si des voleurs de v\u00e9los culott\u00e9s s\u2019y reprennent \u00e0 vouloir vous voler, c\u2019est un <strong>c\u00e2ble en acier d\u2019une \u00e9paisseur de 15 Millimeter <\/strong>massif qui les attend. Pour en venir \u00e0 bout, il faut du temps et des outils lourds. L\u2019antivol pour v\u00e9lo 1235 180 L est prot\u00e9g\u00e9 par un manteau de caoutchouc stable.<\/p>\n<h3><strong>S\u00e9curiser du mobilier de jardin et des outils de travail<\/strong><\/h3>\n<p>Un autre atout de taille, c\u2019est la longueur de 1,80 m\u00e8tres. Avec un antivol en spiral aussi long, il est possible d\u2019attacher votre v\u00e9lo au niveau de la roue avant, la roue arri\u00e8re et le cadre \u00e0 un endroit s\u00fbr. Bien s\u00fbr, ce mod\u00e8le n\u2019est pas seulement destin\u00e9 aux cyclistes. D\u2019autres utilisations possibles sont par exemple la protection d\u2019outils de travail. De m\u00eame, il est adapt\u00e9 \u00e0 la protection de vos meubles de jardin. Il suffit pour cela de rassembler table et chaises, de faire passer le c\u00e2ble dans tous les meubles et de verrouiller l\u2019antivol. De m\u00eame pour prot\u00e9ger votre \u00e9quipement de surf ou de voile.<\/p>\n<p>&nbsp;<\/p>\n<h3><strong>L\u2019antivol 1235 180 L en aper\u00e7u<\/strong><\/h3>\n<ul>\n<li>C\u00e2ble en acier r\u00e9sistant avec num\u00e9ros \u00e9clair\u00e9s<\/li>\n<li>Combinaison modifiable<\/li>\n<li>Longueur de confort\u00a0: 1,80 m\u00e8tres<\/li>\n<li>S\u00e9curise aussi le mobilier de jardin et l\u2019outillage<\/li>\n<li>Livr\u00e9 avec une fixation pour v\u00e9lo<\/li>\n<li>Corps d\u2019antivol en vert ou en noir<\/li>\n<\/ul>\n<p>&nbsp;<\/p>\n<p>&nbsp;<\/p>\n<table class=\"ausfuehrung\">\n<thead>\n<tr>\n<td>Article<\/td>\n<td>Longueur (cm)<\/td>\n<td>\u00d8 (mm)<\/td>\n<\/tr>\n<\/thead>\n<tbody>\n<tr>\n<td class=\"subdesc\"><\/td>\n<td class=\"subdesc\">cm<\/td>\n<td class=\"subdesc\">mm<\/td>\n<\/tr>\n<\/tbody>\n<tbody>\n<tr>\n<td>1235 180 L Black<\/td>\n<td>180<\/td>\n<td>15<\/td>\n<\/tr>\n<tr>\n<td>1235 180 L Green<\/td>\n<td>180<\/td>\n<td>15<\/td>\n<\/tr>\n<\/tbody>\n<\/table>\n","protected":false},"excerpt":{"rendered":"<p>C\u00e2ble antivol pour v\u00e9lo, confortable avec sa longueur de 1,80 m\u00e8tres Le c\u00e2ble antivol 1235 180 L r\u00e9unie une s\u00e9curit\u00e9 accrue et un confort maximal. L\u2019antivol en spiral offre nombre d\u2019avantages. Ainsi, le cycliste n\u2019a pas seulement la possibilit\u00e9 de &hellip; <a class=\"kt-excerpt-readmore\" href=\"https:\/\/test.burgwaechterservice.de\/fr\/p\/cadenas-et-porte-cadenas\/1235-180-l\/\" aria-label=\"1235 180 L\">Lire la suite<\/a><\/p>\n","protected":false},"featured_media":160797,"comment_status":"closed","ping_status":"closed","template":"","meta":[],"product_cat":[30,39,50,3129],"product_tag":[],"yoast_head":"<!-- This site is optimized with the Yoast SEO Premium plugin v18.4 (Yoast SEO v19.13) - https:\/\/yoast.com\/wordpress\/plugins\/seo\/ -->\n<title>Fahrradschloss 1235 180 L - Extra-langes Spiralschloss<\/title>\n<meta name=\"description\" content=\"Das Fahrradschloss 1235 180 L vereint gesteigerte Sicherheit mit maximalem Komfort: 15 mm starkes Stahlseil, 1,80 m lang, beleuchtete Zahlenrollen, Rad-Halterung. Das Spiralschloss von BURG-W\u00c4CHTER ist auch f\u00fcr Gartenm\u00f6bel und Handwerker-Bedarf geeignet.\" \/>\n<meta name=\"robots\" content=\"index, follow, max-snippet:-1, max-image-preview:large, max-video-preview:-1\" \/>\n<link rel=\"canonical\" href=\"https:\/\/test.burgwaechterservice.de\/fr\/p\/cadenas-et-porte-cadenas\/1235-180-l\/\" \/>\n<meta property=\"og:locale\" content=\"fr_FR\" \/>\n<meta property=\"og:type\" content=\"article\" \/>\n<meta property=\"og:title\" content=\"1235 180 L\" \/>\n<meta property=\"og:description\" content=\"Das Fahrradschloss 1235 180 L vereint gesteigerte Sicherheit mit maximalem Komfort: 15 mm starkes Stahlseil, 1,80 m lang, beleuchtete Zahlenrollen, Rad-Halterung. Das Spiralschloss von BURG-W\u00c4CHTER ist auch f\u00fcr Gartenm\u00f6bel und Handwerker-Bedarf geeignet.\" \/>\n<meta property=\"og:url\" content=\"https:\/\/test.burgwaechterservice.de\/fr\/p\/cadenas-et-porte-cadenas\/1235-180-l\/\" \/>\n<meta property=\"og:site_name\" content=\"Burg-W\u00e4chter France\" \/>\n<meta property=\"article:modified_time\" content=\"2018-09-12T10:19:02+00:00\" \/>\n<meta property=\"og:image\" content=\"https:\/\/test.burgwaechterservice.de\/fr\/wp-content\/uploads\/sites\/4\/2018\/06\/1235_180_L_Black.jpg\" \/>\n\t<meta property=\"og:image:width\" content=\"1500\" \/>\n\t<meta property=\"og:image:height\" content=\"1500\" \/>\n\t<meta property=\"og:image:type\" content=\"image\/jpeg\" \/>\n<meta name=\"twitter:card\" content=\"summary_large_image\" \/>\n<meta name=\"twitter:label1\" content=\"Dur\u00e9e de lecture estim\u00e9e\" \/>\n\t<meta name=\"twitter:data1\" content=\"3 minutes\" \/>\n<!-- \/ Yoast SEO Premium plugin. -->","yoast_head_json":{"title":"Fahrradschloss 1235 180 L - Extra-langes Spiralschloss","description":"Das Fahrradschloss 1235 180 L vereint gesteigerte Sicherheit mit maximalem Komfort: 15 mm starkes Stahlseil, 1,80 m lang, beleuchtete Zahlenrollen, Rad-Halterung. Das Spiralschloss von BURG-W\u00c4CHTER ist auch f\u00fcr Gartenm\u00f6bel und Handwerker-Bedarf geeignet.","robots":{"index":"index","follow":"follow","max-snippet":"max-snippet:-1","max-image-preview":"max-image-preview:large","max-video-preview":"max-video-preview:-1"},"canonical":"https:\/\/test.burgwaechterservice.de\/fr\/p\/cadenas-et-porte-cadenas\/1235-180-l\/","og_locale":"fr_FR","og_type":"article","og_title":"1235 180 L","og_description":"Das Fahrradschloss 1235 180 L vereint gesteigerte Sicherheit mit maximalem Komfort: 15 mm starkes Stahlseil, 1,80 m lang, beleuchtete Zahlenrollen, Rad-Halterung. Das Spiralschloss von BURG-W\u00c4CHTER ist auch f\u00fcr Gartenm\u00f6bel und Handwerker-Bedarf geeignet.","og_url":"https:\/\/test.burgwaechterservice.de\/fr\/p\/cadenas-et-porte-cadenas\/1235-180-l\/","og_site_name":"Burg-W\u00e4chter France","article_modified_time":"2018-09-12T10:19:02+00:00","og_image":[{"width":1500,"height":1500,"url":"https:\/\/test.burgwaechterservice.de\/fr\/wp-content\/uploads\/sites\/4\/2018\/06\/1235_180_L_Black.jpg","type":"image\/jpeg"}],"twitter_card":"summary_large_image","twitter_misc":{"Dur\u00e9e de lecture estim\u00e9e":"3 minutes"},"schema":{"@context":"https:\/\/schema.org","@graph":[{"@type":"WebPage","@id":"https:\/\/test.burgwaechterservice.de\/fr\/p\/cadenas-et-porte-cadenas\/1235-180-l\/","url":"https:\/\/test.burgwaechterservice.de\/fr\/p\/cadenas-et-porte-cadenas\/1235-180-l\/","name":"Fahrradschloss 1235 180 L - Extra-langes Spiralschloss","isPartOf":{"@id":"https:\/\/test.burgwaechterservice.de\/fr\/#website"},"datePublished":"2018-06-04T09:22:48+00:00","dateModified":"2018-09-12T10:19:02+00:00","description":"Das Fahrradschloss 1235 180 L vereint gesteigerte Sicherheit mit maximalem Komfort: 15 mm starkes Stahlseil, 1,80 m lang, beleuchtete Zahlenrollen, Rad-Halterung. Das Spiralschloss von BURG-W\u00c4CHTER ist auch f\u00fcr Gartenm\u00f6bel und Handwerker-Bedarf geeignet.","breadcrumb":{"@id":"https:\/\/test.burgwaechterservice.de\/fr\/p\/cadenas-et-porte-cadenas\/1235-180-l\/#breadcrumb"},"inLanguage":"fr-FR","potentialAction":[{"@type":"ReadAction","target":["https:\/\/test.burgwaechterservice.de\/fr\/p\/cadenas-et-porte-cadenas\/1235-180-l\/"]}]},{"@type":"BreadcrumbList","@id":"https:\/\/test.burgwaechterservice.de\/fr\/p\/cadenas-et-porte-cadenas\/1235-180-l\/#breadcrumb","itemListElement":[{"@type":"ListItem","position":1,"name":"Accueil","item":"https:\/\/test.burgwaechterservice.de\/fr\/"},{"@type":"ListItem","position":2,"name":"Produits","item":"https:\/\/test.burgwaechterservice.de\/fr\/p\/"},{"@type":"ListItem","position":3,"name":"1235 180 L"}]},{"@type":"WebSite","@id":"https:\/\/test.burgwaechterservice.de\/fr\/#website","url":"https:\/\/test.burgwaechterservice.de\/fr\/","name":"Burg-W\u00e4chter France","description":"Le choix le plus s\u00fbr!","potentialAction":[{"@type":"SearchAction","target":{"@type":"EntryPoint","urlTemplate":"https:\/\/test.burgwaechterservice.de\/fr\/?s={search_term_string}"},"query-input":"required name=search_term_string"}],"inLanguage":"fr-FR"}]}},"_links":{"self":[{"href":"https:\/\/test.burgwaechterservice.de\/fr\/wp-json\/wp\/v2\/product\/160796"}],"collection":[{"href":"https:\/\/test.burgwaechterservice.de\/fr\/wp-json\/wp\/v2\/product"}],"about":[{"href":"https:\/\/test.burgwaechterservice.de\/fr\/wp-json\/wp\/v2\/types\/product"}],"replies":[{"embeddable":true,"href":"https:\/\/test.burgwaechterservice.de\/fr\/wp-json\/wp\/v2\/comments?post=160796"}],"wp:featuredmedia":[{"embeddable":true,"href":"https:\/\/test.burgwaechterservice.de\/fr\/wp-json\/wp\/v2\/media\/160797"}],"wp:attachment":[{"href":"https:\/\/test.burgwaechterservice.de\/fr\/wp-json\/wp\/v2\/media?parent=160796"}],"wp:term":[{"taxonomy":"product_cat","embeddable":true,"href":"https:\/\/test.burgwaechterservice.de\/fr\/wp-json\/wp\/v2\/product_cat?post=160796"},{"taxonomy":"product_tag","embeddable":true,"href":"https:\/\/test.burgwaechterservice.de\/fr\/wp-json\/wp\/v2\/product_tag?post=160796"}],"curies":[{"name":"wp","href":"https:\/\/api.w.org\/{rel}","templated":true}]}}