{"id":160784,"date":"2018-06-04T11:13:39","date_gmt":"2018-06-04T09:13:39","guid":{"rendered":"https:\/\/www.burg.biz\/fr\/p\/cadenas-antivols-verrous\/775-40\/"},"modified":"2018-09-12T12:21:32","modified_gmt":"2018-09-12T10:21:32","slug":"775-40","status":"publish","type":"product","link":"https:\/\/test.burgwaechterservice.de\/fr\/p\/cadenas-et-porte-cadenas\/775-40\/","title":{"rendered":"775 40 Friend"},"content":{"rendered":"<p><img decoding=\"async\" class=\"alignnone wp-image-155231\" src=\"https:\/\/test.burgwaechterservice.de\/wp-content\/uploads\/2017\/08\/Picto_Gravur-2.jpg\" alt=\"\" width=\"319\" height=\"79\" \/><\/p>\n<h2>Cadenas 775 40 Friend<\/h2>\n<p>Color\u00e9, massif, d\u2019une grande long\u00e9vit\u00e9 : le cadenas Friend 775 40 apporte une touche de couleur \u00e0 la maison ou au jardin. Ou bien s\u00fbr au lieu de votre choix. En effet, le cadenas Friend est aussi con\u00e7u comme cadenas individuel pour amoureux.<strong> Il y a la place n\u00e9cessaire pour toute gravure ou inscription sur la face arri\u00e8re neutre du cadenas.<\/strong> Vous avez le choix entre cinq couleurs modernes : le Friend est disponible en rouge, beu, vert, violet (lila) et noir.<\/p>\n<h3><strong>Cadenas pour amoureux avec une hauteur d\u2019arceau confortable pour accroche facile<\/strong><\/h3>\n<p>Le corps en aluminium massif est enti\u00e8rement et qualitativement anodis\u00e9, conf\u00e9rant au cadenas un aspect moderne. Gr\u00e2ce \u00e0 l\u2019anodisation, aucun risque que votre gage d\u2019amour palisse apr\u00e8s quelques temps et ne soit plus lisible. De plus, le corps en aluminium et la partie interne sont tous deux inoxydables. <strong>Ainsi, le cadenas Friend est parfaitement adapt\u00e9 \u00e0 l\u2019utilisation en ext\u00e9rieur<\/strong>. C\u2019est bel et bien le principe d\u2019un cadenas d\u2019amour que d\u2019\u00eatre attach\u00e9 aux ponts, rambardes ou cl\u00f4tures. Par ailleurs, la hauteur g\u00e9n\u00e9reuse de 32,5 millim\u00e8tres vous permet d\u2019accrocher le cadenas sans probl\u00e8me \u00e0 l\u2019endroit souhait\u00e9.<\/p>\n<h3><strong>L\u2019arceau est verrouill\u00e9 en deux points et dur comme l\u2019acier<\/strong><\/h3>\n<p>Bien s\u00fbr, la s\u00e9curit\u00e9 non plus n\u2019est pas n\u00e9glig\u00e9e avec le cadenas Friend 775 40\u00a0: l\u2019arceau d\u2019un diam\u00e8tre de 6 millim\u00e8tres b\u00e9n\u00e9ficie d\u2019un verrouillage deux points et est dur comme l\u2019acier. Un cylindre profil\u00e9 de qualit\u00e9 emp\u00eache d\u2019ouvrir le cadenas en le crochetant. <strong>Vous trouverez une autre gamme de cadenas pour amoureux pour inscription ou gravure <u>ici<\/u>.<\/strong><\/p>\n<p>&nbsp;<\/p>\n<h5><strong>Le cadenas Friend 775 40 en aper\u00e7u<\/strong><\/h5>\n<ul>\n<li>Corps en aluminium massif<\/li>\n<li>Arceau 6 millim\u00e8tres verrouill\u00e9 en deux points<\/li>\n<li>Anodisation (eloxage) de qualit\u00e9<\/li>\n<li>M\u00e9canisme interne inoxydable<\/li>\n<li>Particuli\u00e8rement bien adapt\u00e9 pour gravure et inscription<\/li>\n<li>Disponible dans cinq coloris modernes<\/li>\n<\/ul>\n<p>&nbsp;<\/p>\n<table class=\"ausfuehrung\">\n<thead>\n<tr>\n<td>Article<\/td>\n<td>\u00d8 de l\u2018anse<\/td>\n<td>Largeur libre de l\u2018anse<\/td>\n<td>Hauteur libre de l\u2018anse<\/td>\n<td>Hauteur totale<\/td>\n<td>N\u00b0. d\u2019\u00e9bauche<\/td>\n<\/tr>\n<\/thead>\n<tbody>\n<tr>\n<td class=\"subdesc\"><\/td>\n<td class=\"subdesc\">mm<\/td>\n<td class=\"subdesc\">mm<\/td>\n<td class=\"subdesc\">mm<\/td>\n<td class=\"subdesc\">mm<\/td>\n<td class=\"subdesc\"><\/td>\n<\/tr>\n<\/tbody>\n<tbody>\n<tr>\n<td>775 40 35 Black SB<\/td>\n<td>6,0<\/td>\n<td>20,5<\/td>\n<td>32,5<\/td>\n<td>64,0<\/td>\n<td>68R<\/td>\n<\/tr>\n<tr>\n<td>775 40 35 Blue SB<\/td>\n<td>6,0<\/td>\n<td>20,5<\/td>\n<td>32,5<\/td>\n<td>64,0<\/td>\n<td>68R<\/td>\n<\/tr>\n<tr>\n<td>775 40 35 Green SB<\/td>\n<td>6,0<\/td>\n<td>20,5<\/td>\n<td>32,5<\/td>\n<td>64,0<\/td>\n<td>68R<\/td>\n<\/tr>\n<tr>\n<td>775 40 35 Purple SB<\/td>\n<td>6,0<\/td>\n<td>20,5<\/td>\n<td>32,5<\/td>\n<td>64,0<\/td>\n<td>68R<\/td>\n<\/tr>\n<tr>\n<td>775 40 35 Red SB<\/td>\n<td>6,0<\/td>\n<td>20,5<\/td>\n<td>32,5<\/td>\n<td>64,0<\/td>\n<td>68R<\/td>\n<\/tr>\n<\/tbody>\n<\/table>\n","protected":false},"excerpt":{"rendered":"<p>Cadenas 775 40 Friend Color\u00e9, massif, d\u2019une grande long\u00e9vit\u00e9 : le cadenas Friend 775 40 apporte une touche de couleur \u00e0 la maison ou au jardin. Ou bien s\u00fbr au lieu de votre choix. En effet, le cadenas Friend est &hellip; <a class=\"kt-excerpt-readmore\" href=\"https:\/\/test.burgwaechterservice.de\/fr\/p\/cadenas-et-porte-cadenas\/775-40\/\" aria-label=\"775 40 Friend\">Lire la suite<\/a><\/p>\n","protected":false},"featured_media":160785,"comment_status":"closed","ping_status":"closed","template":"","meta":[],"product_cat":[30,39,3124],"product_tag":[],"yoast_head":"<!-- This site is optimized with the Yoast SEO Premium plugin v18.4 (Yoast SEO v19.13) - https:\/\/yoast.com\/wordpress\/plugins\/seo\/ -->\n<title>Vorh\u00e4ngeschloss Friend zum Gravieren oder Beschriften - Liebesschloss<\/title>\n<meta name=\"description\" content=\"Besonders gut zum Beschriften und Gravieren geeignet: Das Vorh\u00e4ngeschloss Friend 775 40 von BURG-W\u00c4CHTER. Das Liebesschloss mit hochwertiger Eloxierung in f\u00fcnf modernen Farben\" \/>\n<meta name=\"robots\" content=\"index, follow, max-snippet:-1, max-image-preview:large, max-video-preview:-1\" \/>\n<link rel=\"canonical\" href=\"https:\/\/test.burgwaechterservice.de\/fr\/p\/cadenas-et-porte-cadenas\/775-40\/\" \/>\n<meta property=\"og:locale\" content=\"fr_FR\" \/>\n<meta property=\"og:type\" content=\"article\" \/>\n<meta property=\"og:title\" content=\"775 40 Friend\" \/>\n<meta property=\"og:description\" content=\"Besonders gut zum Beschriften und Gravieren geeignet: Das Vorh\u00e4ngeschloss Friend 775 40 von BURG-W\u00c4CHTER. Das Liebesschloss mit hochwertiger Eloxierung in f\u00fcnf modernen Farben\" \/>\n<meta property=\"og:url\" content=\"https:\/\/test.burgwaechterservice.de\/fr\/p\/cadenas-et-porte-cadenas\/775-40\/\" \/>\n<meta property=\"og:site_name\" content=\"Burg-W\u00e4chter France\" \/>\n<meta property=\"article:modified_time\" content=\"2018-09-12T10:21:32+00:00\" \/>\n<meta property=\"og:image\" content=\"https:\/\/test.burgwaechterservice.de\/fr\/wp-content\/uploads\/sites\/4\/2018\/06\/775_40_FRIEND_red.jpg\" \/>\n\t<meta property=\"og:image:width\" content=\"360\" \/>\n\t<meta property=\"og:image:height\" content=\"360\" \/>\n\t<meta property=\"og:image:type\" content=\"image\/jpeg\" \/>\n<meta name=\"twitter:card\" content=\"summary_large_image\" \/>\n<meta name=\"twitter:label1\" content=\"Dur\u00e9e de lecture estim\u00e9e\" \/>\n\t<meta name=\"twitter:data1\" content=\"2 minutes\" \/>\n<!-- \/ Yoast SEO Premium plugin. -->","yoast_head_json":{"title":"Vorh\u00e4ngeschloss Friend zum Gravieren oder Beschriften - Liebesschloss","description":"Besonders gut zum Beschriften und Gravieren geeignet: Das Vorh\u00e4ngeschloss Friend 775 40 von BURG-W\u00c4CHTER. Das Liebesschloss mit hochwertiger Eloxierung in f\u00fcnf modernen Farben","robots":{"index":"index","follow":"follow","max-snippet":"max-snippet:-1","max-image-preview":"max-image-preview:large","max-video-preview":"max-video-preview:-1"},"canonical":"https:\/\/test.burgwaechterservice.de\/fr\/p\/cadenas-et-porte-cadenas\/775-40\/","og_locale":"fr_FR","og_type":"article","og_title":"775 40 Friend","og_description":"Besonders gut zum Beschriften und Gravieren geeignet: Das Vorh\u00e4ngeschloss Friend 775 40 von BURG-W\u00c4CHTER. Das Liebesschloss mit hochwertiger Eloxierung in f\u00fcnf modernen Farben","og_url":"https:\/\/test.burgwaechterservice.de\/fr\/p\/cadenas-et-porte-cadenas\/775-40\/","og_site_name":"Burg-W\u00e4chter France","article_modified_time":"2018-09-12T10:21:32+00:00","og_image":[{"width":360,"height":360,"url":"https:\/\/test.burgwaechterservice.de\/fr\/wp-content\/uploads\/sites\/4\/2018\/06\/775_40_FRIEND_red.jpg","type":"image\/jpeg"}],"twitter_card":"summary_large_image","twitter_misc":{"Dur\u00e9e de lecture estim\u00e9e":"2 minutes"},"schema":{"@context":"https:\/\/schema.org","@graph":[{"@type":"WebPage","@id":"https:\/\/test.burgwaechterservice.de\/fr\/p\/cadenas-et-porte-cadenas\/775-40\/","url":"https:\/\/test.burgwaechterservice.de\/fr\/p\/cadenas-et-porte-cadenas\/775-40\/","name":"Vorh\u00e4ngeschloss Friend zum Gravieren oder Beschriften - Liebesschloss","isPartOf":{"@id":"https:\/\/test.burgwaechterservice.de\/fr\/#website"},"datePublished":"2018-06-04T09:13:39+00:00","dateModified":"2018-09-12T10:21:32+00:00","description":"Besonders gut zum Beschriften und Gravieren geeignet: Das Vorh\u00e4ngeschloss Friend 775 40 von BURG-W\u00c4CHTER. Das Liebesschloss mit hochwertiger Eloxierung in f\u00fcnf modernen Farben","breadcrumb":{"@id":"https:\/\/test.burgwaechterservice.de\/fr\/p\/cadenas-et-porte-cadenas\/775-40\/#breadcrumb"},"inLanguage":"fr-FR","potentialAction":[{"@type":"ReadAction","target":["https:\/\/test.burgwaechterservice.de\/fr\/p\/cadenas-et-porte-cadenas\/775-40\/"]}]},{"@type":"BreadcrumbList","@id":"https:\/\/test.burgwaechterservice.de\/fr\/p\/cadenas-et-porte-cadenas\/775-40\/#breadcrumb","itemListElement":[{"@type":"ListItem","position":1,"name":"Accueil","item":"https:\/\/test.burgwaechterservice.de\/fr\/"},{"@type":"ListItem","position":2,"name":"Produits","item":"https:\/\/test.burgwaechterservice.de\/fr\/p\/"},{"@type":"ListItem","position":3,"name":"775 40 Friend"}]},{"@type":"WebSite","@id":"https:\/\/test.burgwaechterservice.de\/fr\/#website","url":"https:\/\/test.burgwaechterservice.de\/fr\/","name":"Burg-W\u00e4chter France","description":"Le choix le plus s\u00fbr!","potentialAction":[{"@type":"SearchAction","target":{"@type":"EntryPoint","urlTemplate":"https:\/\/test.burgwaechterservice.de\/fr\/?s={search_term_string}"},"query-input":"required name=search_term_string"}],"inLanguage":"fr-FR"}]}},"_links":{"self":[{"href":"https:\/\/test.burgwaechterservice.de\/fr\/wp-json\/wp\/v2\/product\/160784"}],"collection":[{"href":"https:\/\/test.burgwaechterservice.de\/fr\/wp-json\/wp\/v2\/product"}],"about":[{"href":"https:\/\/test.burgwaechterservice.de\/fr\/wp-json\/wp\/v2\/types\/product"}],"replies":[{"embeddable":true,"href":"https:\/\/test.burgwaechterservice.de\/fr\/wp-json\/wp\/v2\/comments?post=160784"}],"wp:featuredmedia":[{"embeddable":true,"href":"https:\/\/test.burgwaechterservice.de\/fr\/wp-json\/wp\/v2\/media\/160785"}],"wp:attachment":[{"href":"https:\/\/test.burgwaechterservice.de\/fr\/wp-json\/wp\/v2\/media?parent=160784"}],"wp:term":[{"taxonomy":"product_cat","embeddable":true,"href":"https:\/\/test.burgwaechterservice.de\/fr\/wp-json\/wp\/v2\/product_cat?post=160784"},{"taxonomy":"product_tag","embeddable":true,"href":"https:\/\/test.burgwaechterservice.de\/fr\/wp-json\/wp\/v2\/product_tag?post=160784"}],"curies":[{"name":"wp","href":"https:\/\/api.w.org\/{rel}","templated":true}]}}