{"id":154309,"date":"2018-05-08T09:49:29","date_gmt":"2018-05-08T07:49:29","guid":{"rendered":"https:\/\/www.burg.biz\/fr\/p\/tresor-safe\/feuerschutz-tresor-fp-43-e\/"},"modified":"2022-05-17T11:17:25","modified_gmt":"2022-05-17T09:17:25","slug":"feuerschutz-tresor-fp-43-e","status":"publish","type":"product","link":"https:\/\/test.burgwaechterservice.de\/fr\/p\/coffres-forts\/feuerschutz-tresor-fp-43-e\/","title":{"rendered":"Coffre-fort ignifuge FP 43 E"},"content":{"rendered":"<h2><strong>Coffre-fort ignifuge FP 43 \u2013 R\u00e9sistance au feu et \u00e0 l\u2019effraction<\/strong><\/h2>\n<p>Le coffre-fort ignifuge FP 43 r\u00e9siste avec t\u00e9nacit\u00e9 \u00e0 la chaleur. Apr\u00e8s une heure enti\u00e8re \u00e0 une temp\u00e9rature allant jusqu\u2019\u00e0 1030 degr\u00e9s celsius, on a mesur\u00e9 \u00e0 l\u2019int\u00e9rieur du coffre-fort anti feu FP 43 moins de 160 d\u00e9gr\u00e9s. Ainsi, la temp\u00e9rature \u00e0 laquelle le papier prend feu \u00e9tait encore loin et vos papiers ou documents auraient \u00e9t\u00e9(e)s en s\u00e9curit\u00e9 en situation critique. En vertu de cela, le coffre-fort anti incendie FP 43 est certifi\u00e9 avec la protection ignifuge #2007-0881 CNCF.<\/p>\n<h3><strong>Du b\u00e9ton isolant massif emp\u00eache la mont\u00e9e rapide de la chaleur<\/strong><\/h3>\n<p>Le coffre pesant 29 kilogrammes acqui\u00e8re ce haut niveau de r\u00e9sistance au feu gr\u00e2ce \u00e0 une coul\u00e9e massive et totale de b\u00e9ton isolant. De plus, le corps \u00e9quip\u00e9 d\u2019un rev\u00eatement ignifuge apporte une protection suppl\u00e9mentaire contre le feu et la chaleur.<\/p>\n<h3><strong>Une protection contre le vol gr\u00e2ce \u00e0 un ancrage solide au sol<\/strong><\/h3>\n<p>Bien \u00e9videmment, le coffre-fort anti feu FP 43 offre aussi une protection anti effraction pour vos objets de valeur et documents. La porte et le corps sont tous deux \u00e0 double paroi. Un plus en terme de s\u00e9curit\u00e9, c\u2019est le goujon d\u2019accrochage arri\u00e8re du c\u00f4t\u00e9 charni\u00e8re. Pour qu\u2019une protection optimale contre le vol soit assur\u00e9e, il faut absolument proc\u00e9der \u00e0 l\u2019ancrage du coffre-fort ignifuge FP 43. Par ailleurs, le coffre-fort est con\u00e7u pour la fixation au sol. Le mat\u00e9riel de fixation n\u00e9cessaire est bien s\u00fbr livr\u00e9.<\/p>\n<h3><strong>Piles jointes\u00a0: le coffre-fort ignifuge FP 43 est pr\u00eat \u00e0 l\u2019emploi<\/strong><\/h3>\n<p>Il est tr\u00e8s pratique d\u2019ouvrir et fermer le FP 43 E \u00e0 l\u2019aide d\u2019une serrure \u00e9lectronique \u00e0 code. La combinaison est bien s\u00fbr personnalisable et modifiable \u00e0 tout moment. Il y a \u00e9galement une serrure m\u00e9canique d\u2019ouverture d\u2019urgence. Le FP 43 est livr\u00e9 avec quatre piles AA afin que vous puissiez sans d\u00e9lais commencer \u00e0 utiliser votre coffre. Aucun raccordement \u00e9lectrique n\u2019est n\u00e9cessaire.<\/p>\n<p>&nbsp;<\/p>\n<h3><strong>Aper\u00e7u g\u00e9n\u00e9ral du coffre-fort ignifuge FP 43<\/strong><\/h3>\n<p>Coffre-fort pour documents avec protection anti feu certifi\u00e9e\u00a0: au bout d\u2019une heure \u00e0 plus de 1000 degr\u00e9s, moins de 160 degr\u00e9s \u00e0 l\u2019int\u00e9rieur<\/p>\n<ul>\n<li>Corps et porte \u00e0 double paroi<\/li>\n<li>Rempli avec du b\u00e9ton massif isolant sur toute la surface<\/li>\n<li>Corps dot\u00e9 d\u2019un rev\u00eatement ignifuge<\/li>\n<li>Con\u00e7u pour l\u2019ancrage au sol, mat\u00e9riel de fixation inclus<\/li>\n<li>Serrure \u00e9lectronique avec une serrure d\u2019ouverture de secours suppl\u00e9mentaire<\/li>\n<li>Combinaison secr\u00e8te modifiable, fonctionnement par piles<\/li>\n<li>Piles LR 6 AA incluses<\/li>\n<\/ul>\n<p>&nbsp;<\/p>\n<table class=\"ausfuehrung\">\n<thead>\n<tr>\n<td>Article<\/td>\n<td>Ext\u00e9rieur H x L x P<\/td>\n<td>Int\u00e9rieur H x L x P<\/td>\n<td>Poids<\/td>\n<td>Volume<\/td>\n<\/tr>\n<tr>\n<td class=\"subdesc\"><\/td>\n<td class=\"subdesc\">mm<\/td>\n<td class=\"subdesc\">mm<\/td>\n<td class=\"subdesc\">kg<\/td>\n<td class=\"subdesc\">l<\/td>\n<\/tr>\n<\/thead>\n<tbody>\n<tr>\n<td>FP 43 E<\/td>\n<td>305 x 400 x 330<\/td>\n<td>225 x 320 x 220<\/td>\n<td>29,0<\/td>\n<td>15,8<\/td>\n<\/tr>\n<\/tbody>\n<\/table>\n","protected":false},"excerpt":{"rendered":"<p>Coffre-fort ignifuge FP 43 \u2013 R\u00e9sistance au feu et \u00e0 l\u2019effraction Le coffre-fort ignifuge FP 43 r\u00e9siste avec t\u00e9nacit\u00e9 \u00e0 la chaleur. Apr\u00e8s une heure enti\u00e8re \u00e0 une temp\u00e9rature allant jusqu\u2019\u00e0 1030 degr\u00e9s celsius, on a mesur\u00e9 \u00e0 l\u2019int\u00e9rieur du &hellip; <a class=\"kt-excerpt-readmore\" href=\"https:\/\/test.burgwaechterservice.de\/fr\/p\/coffres-forts\/feuerschutz-tresor-fp-43-e\/\" aria-label=\"Coffre-fort ignifuge FP 43 E\">Lire la suite<\/a><\/p>\n","protected":false},"featured_media":635820,"comment_status":"closed","ping_status":"closed","template":"","meta":[],"product_cat":[34,58,52],"product_tag":[515,516,3135],"yoast_head":"<!-- This site is optimized with the Yoast SEO Premium plugin v18.4 (Yoast SEO v19.13) - https:\/\/yoast.com\/wordpress\/plugins\/seo\/ -->\n<title>Feuerschutz-Tresor FP 43 E von BURG-W\u00c4CHTER<\/title>\n<meta name=\"description\" content=\"Sicherheit bei Feuer und Einbruch: Der Feuerschutz-Tresor FP 43 E von BURG-W\u00c4CHTER h\u00e4lt selbst Hitze von mehr als 1000\u00b0 mindestens eine Stunde lang stand.\" \/>\n<meta name=\"robots\" content=\"index, follow, max-snippet:-1, max-image-preview:large, max-video-preview:-1\" \/>\n<link rel=\"canonical\" href=\"https:\/\/test.burgwaechterservice.de\/fr\/p\/coffres-forts\/feuerschutz-tresor-fp-43-e\/\" \/>\n<meta property=\"og:locale\" content=\"fr_FR\" \/>\n<meta property=\"og:type\" content=\"article\" \/>\n<meta property=\"og:title\" content=\"Coffre-fort ignifuge FP 43 E\" \/>\n<meta property=\"og:description\" content=\"Sicherheit bei Feuer und Einbruch: Der Feuerschutz-Tresor FP 43 E von BURG-W\u00c4CHTER h\u00e4lt selbst Hitze von mehr als 1000\u00b0 mindestens eine Stunde lang stand.\" \/>\n<meta property=\"og:url\" content=\"https:\/\/test.burgwaechterservice.de\/fr\/p\/coffres-forts\/feuerschutz-tresor-fp-43-e\/\" \/>\n<meta property=\"og:site_name\" content=\"Burg-W\u00e4chter France\" \/>\n<meta property=\"article:modified_time\" content=\"2022-05-17T09:17:25+00:00\" \/>\n<meta property=\"og:image\" content=\"https:\/\/test.burgwaechterservice.de\/fr\/wp-content\/uploads\/sites\/4\/2018\/05\/BW_Tresor_FP43_fr.png\" \/>\n\t<meta property=\"og:image:width\" content=\"800\" \/>\n\t<meta property=\"og:image:height\" content=\"800\" \/>\n\t<meta property=\"og:image:type\" content=\"image\/png\" \/>\n<meta name=\"twitter:card\" content=\"summary_large_image\" \/>\n<meta name=\"twitter:label1\" content=\"Dur\u00e9e de lecture estim\u00e9e\" \/>\n\t<meta name=\"twitter:data1\" content=\"2 minutes\" \/>\n<!-- \/ Yoast SEO Premium plugin. -->","yoast_head_json":{"title":"Feuerschutz-Tresor FP 43 E von BURG-W\u00c4CHTER","description":"Sicherheit bei Feuer und Einbruch: Der Feuerschutz-Tresor FP 43 E von BURG-W\u00c4CHTER h\u00e4lt selbst Hitze von mehr als 1000\u00b0 mindestens eine Stunde lang stand.","robots":{"index":"index","follow":"follow","max-snippet":"max-snippet:-1","max-image-preview":"max-image-preview:large","max-video-preview":"max-video-preview:-1"},"canonical":"https:\/\/test.burgwaechterservice.de\/fr\/p\/coffres-forts\/feuerschutz-tresor-fp-43-e\/","og_locale":"fr_FR","og_type":"article","og_title":"Coffre-fort ignifuge FP 43 E","og_description":"Sicherheit bei Feuer und Einbruch: Der Feuerschutz-Tresor FP 43 E von BURG-W\u00c4CHTER h\u00e4lt selbst Hitze von mehr als 1000\u00b0 mindestens eine Stunde lang stand.","og_url":"https:\/\/test.burgwaechterservice.de\/fr\/p\/coffres-forts\/feuerschutz-tresor-fp-43-e\/","og_site_name":"Burg-W\u00e4chter France","article_modified_time":"2022-05-17T09:17:25+00:00","og_image":[{"width":800,"height":800,"url":"https:\/\/test.burgwaechterservice.de\/fr\/wp-content\/uploads\/sites\/4\/2018\/05\/BW_Tresor_FP43_fr.png","type":"image\/png"}],"twitter_card":"summary_large_image","twitter_misc":{"Dur\u00e9e de lecture estim\u00e9e":"2 minutes"},"schema":{"@context":"https:\/\/schema.org","@graph":[{"@type":"WebPage","@id":"https:\/\/test.burgwaechterservice.de\/fr\/p\/coffres-forts\/feuerschutz-tresor-fp-43-e\/","url":"https:\/\/test.burgwaechterservice.de\/fr\/p\/coffres-forts\/feuerschutz-tresor-fp-43-e\/","name":"Feuerschutz-Tresor FP 43 E von BURG-W\u00c4CHTER","isPartOf":{"@id":"https:\/\/test.burgwaechterservice.de\/fr\/#website"},"datePublished":"2018-05-08T07:49:29+00:00","dateModified":"2022-05-17T09:17:25+00:00","description":"Sicherheit bei Feuer und Einbruch: Der Feuerschutz-Tresor FP 43 E von BURG-W\u00c4CHTER h\u00e4lt selbst Hitze von mehr als 1000\u00b0 mindestens eine Stunde lang stand.","breadcrumb":{"@id":"https:\/\/test.burgwaechterservice.de\/fr\/p\/coffres-forts\/feuerschutz-tresor-fp-43-e\/#breadcrumb"},"inLanguage":"fr-FR","potentialAction":[{"@type":"ReadAction","target":["https:\/\/test.burgwaechterservice.de\/fr\/p\/coffres-forts\/feuerschutz-tresor-fp-43-e\/"]}]},{"@type":"BreadcrumbList","@id":"https:\/\/test.burgwaechterservice.de\/fr\/p\/coffres-forts\/feuerschutz-tresor-fp-43-e\/#breadcrumb","itemListElement":[{"@type":"ListItem","position":1,"name":"Accueil","item":"https:\/\/test.burgwaechterservice.de\/fr\/"},{"@type":"ListItem","position":2,"name":"Produits","item":"https:\/\/test.burgwaechterservice.de\/fr\/p\/"},{"@type":"ListItem","position":3,"name":"Coffre-fort ignifuge FP 43 E"}]},{"@type":"WebSite","@id":"https:\/\/test.burgwaechterservice.de\/fr\/#website","url":"https:\/\/test.burgwaechterservice.de\/fr\/","name":"Burg-W\u00e4chter France","description":"Le choix le plus s\u00fbr!","potentialAction":[{"@type":"SearchAction","target":{"@type":"EntryPoint","urlTemplate":"https:\/\/test.burgwaechterservice.de\/fr\/?s={search_term_string}"},"query-input":"required name=search_term_string"}],"inLanguage":"fr-FR"}]}},"_links":{"self":[{"href":"https:\/\/test.burgwaechterservice.de\/fr\/wp-json\/wp\/v2\/product\/154309"}],"collection":[{"href":"https:\/\/test.burgwaechterservice.de\/fr\/wp-json\/wp\/v2\/product"}],"about":[{"href":"https:\/\/test.burgwaechterservice.de\/fr\/wp-json\/wp\/v2\/types\/product"}],"replies":[{"embeddable":true,"href":"https:\/\/test.burgwaechterservice.de\/fr\/wp-json\/wp\/v2\/comments?post=154309"}],"wp:featuredmedia":[{"embeddable":true,"href":"https:\/\/test.burgwaechterservice.de\/fr\/wp-json\/wp\/v2\/media\/635820"}],"wp:attachment":[{"href":"https:\/\/test.burgwaechterservice.de\/fr\/wp-json\/wp\/v2\/media?parent=154309"}],"wp:term":[{"taxonomy":"product_cat","embeddable":true,"href":"https:\/\/test.burgwaechterservice.de\/fr\/wp-json\/wp\/v2\/product_cat?post=154309"},{"taxonomy":"product_tag","embeddable":true,"href":"https:\/\/test.burgwaechterservice.de\/fr\/wp-json\/wp\/v2\/product_tag?post=154309"}],"curies":[{"name":"wp","href":"https:\/\/api.w.org\/{rel}","templated":true}]}}