{"id":125518,"date":"2017-12-22T15:03:35","date_gmt":"2017-12-22T14:03:35","guid":{"rendered":"https:\/\/www.burg.biz\/fr\/p\/technologiques-de-mesure\/multi-ps-7455-2\/"},"modified":"2018-10-26T13:10:31","modified_gmt":"2018-10-26T11:10:31","slug":"multi-ps-7455-2","status":"publish","type":"product","link":"https:\/\/test.burgwaechterservice.de\/fr\/p\/appareils-de-mesure\/multi-ps-7455-2\/","title":{"rendered":"MULTI METER PS 7455"},"content":{"rendered":"<p><img fetchpriority=\"high\" decoding=\"async\" class=\"alignnone wp-image-38822\" src=\"https:\/\/test.burgwaechterservice.de\/wp-content\/uploads\/2016\/09\/Multimeter-PS-Piktos-gesamt.jpg\" alt=\"multimeter-ps-piktos-gesamt\" width=\"601\" height=\"118\" \/><\/p>\n<h3>Multi Meter PS 7455<\/h3>\n<ul>\n<li>Mesure de tension, \u00e9lectricit\u00e9, r\u00e9sistance, test de coupure, temp\u00e9rature, diodes, v\u00e9rification des piles (1,5\/9\/12 V)<\/li>\n<li>Mesure des appareils \u00e9lectriques tels que ordinateur, t\u00e9l\u00e9vision et l\u2018\u00e9lectrom\u00e9nager avec programmation automatique<\/li>\n<li>Avec support arri\u00e8re et affichage num\u00e9rique pour une meilleure lecture<\/li>\n<\/ul>\n<h3>Donn\u00e9es techniques<\/h3>\n<table class=\"ausfuehrung\">\n<tbody>\n<tr>\n<td>Tension maximale entre les branchements et la terre<\/td>\n<td>600 V DC ou AC rms<\/td>\n<\/tr>\n<tr>\n<td>Sauvegarde<\/td>\n<td>\u03bcA \/ mA Zone: FF 400 mA H 600 V<\/p>\n<p>10 A Zone: FF 10 A H 600 V<\/td>\n<\/tr>\n<tr>\n<td>Altitude<\/td>\n<td>2000 m\u00e8tres maximum<\/td>\n<\/tr>\n<tr>\n<td>Affichage<\/td>\n<td>20 mm LCD<\/td>\n<\/tr>\n<tr>\n<td>Maximales r\u00e9sultats affich\u00e9s<\/td>\n<td>1999 (3 \u00bd)<\/td>\n<\/tr>\n<tr>\n<td>Indicateur de polarit\u00e9<\/td>\n<td>\u00ab-\u00bb montre une polarit\u00e9 n\u00e9gative<\/td>\n<\/tr>\n<tr>\n<td>Limite de surcharge<\/td>\n<td>affichage \u00abOL\u00bb<\/td>\n<\/tr>\n<tr>\n<td>Dur\u00e9e d\u2018\u00e9chantillonnage<\/td>\n<td>env. 0,4 secondes<\/td>\n<\/tr>\n<tr>\n<td>Affichage de l\u2019appareil<\/td>\n<td>affichage des fonctions et de la capacit\u00e9\u00a0\u00e9lectrique<\/td>\n<\/tr>\n<tr>\n<td>Coupure automatique<\/td>\n<td>en cas de non-usage, l\u2019appareil s\u2019\u00e9teint apr\u00e8s 15 minutes<\/td>\n<\/tr>\n<tr>\n<td>Alimentation \u00e9lectrique<\/td>\n<td>1 pile de 9 V<\/td>\n<\/tr>\n<tr>\n<td>Choix de la plage de mesure<\/td>\n<td>automatiquement et manuellement<\/td>\n<\/tr>\n<tr>\n<td>Temp\u00e9rature de r\u00e9gime<\/td>\n<td>0 \u00b0C \u00e0 40 \u00b0C (32 \u00b0F \u00e0 104 \u00b0F)<\/td>\n<\/tr>\n<tr>\n<td>Temp\u00e9rature de stockage<\/td>\n<td>-10 \u00b0C \u00e0 60 \u00b0C (14 \u00b0F \u00e0 140 \u00b0F)<\/td>\n<\/tr>\n<tr>\n<td>Humidit\u00e9 relative en activit\u00e9<\/td>\n<td>&lt; 80 %<\/td>\n<\/tr>\n<tr>\n<td>Humidit\u00e9 relative en stockage<\/td>\n<td>&lt; 70 %<\/td>\n<\/tr>\n<tr>\n<td>Dimensions<\/td>\n<td>148 mm x 73,5 mm x 50 mm<\/td>\n<\/tr>\n<tr>\n<td>Poids<\/td>\n<td>env. 232 g<\/td>\n<\/tr>\n<\/tbody>\n<\/table>\n","protected":false},"excerpt":{"rendered":"<p>Multi Meter PS 7455 Mesure de tension, \u00e9lectricit\u00e9, r\u00e9sistance, test de coupure, temp\u00e9rature, diodes, v\u00e9rification des piles (1,5\/9\/12 V) Mesure des appareils \u00e9lectriques tels que ordinateur, t\u00e9l\u00e9vision et l\u2018\u00e9lectrom\u00e9nager avec programmation automatique Avec support arri\u00e8re et affichage num\u00e9rique pour une &hellip; <a class=\"kt-excerpt-readmore\" href=\"https:\/\/test.burgwaechterservice.de\/fr\/p\/appareils-de-mesure\/multi-ps-7455-2\/\" aria-label=\"MULTI METER PS 7455\">Lire la suite<\/a><\/p>\n","protected":false},"featured_media":35154,"comment_status":"closed","ping_status":"closed","template":"","meta":[],"product_cat":[585],"product_tag":[],"yoast_head":"<!-- This site is optimized with the Yoast SEO Premium plugin v18.4 (Yoast SEO v19.13) - https:\/\/yoast.com\/wordpress\/plugins\/seo\/ -->\n<title>Multi Meter PS 7455 - BURG-W\u00c4CHTER<\/title>\n<meta name=\"description\" content=\"Mesure des appareils \u00e9lectriques tels que ordinateur, t\u00e9l\u00e9vision et l\u2018\u00e9lectrom\u00e9nager avec programmation automatique.\" \/>\n<meta name=\"robots\" content=\"index, follow, max-snippet:-1, max-image-preview:large, max-video-preview:-1\" \/>\n<link rel=\"canonical\" href=\"https:\/\/test.burgwaechterservice.de\/fr\/p\/appareils-de-mesure\/multi-ps-7455-2\/\" \/>\n<meta property=\"og:locale\" content=\"fr_FR\" \/>\n<meta property=\"og:type\" content=\"article\" \/>\n<meta property=\"og:title\" content=\"MULTI METER PS 7455\" \/>\n<meta property=\"og:description\" content=\"Mesure des appareils \u00e9lectriques tels que ordinateur, t\u00e9l\u00e9vision et l\u2018\u00e9lectrom\u00e9nager avec programmation automatique.\" \/>\n<meta property=\"og:url\" content=\"https:\/\/test.burgwaechterservice.de\/fr\/p\/appareils-de-mesure\/multi-ps-7455-2\/\" \/>\n<meta property=\"og:site_name\" content=\"Burg-W\u00e4chter France\" \/>\n<meta property=\"article:modified_time\" content=\"2018-10-26T11:10:31+00:00\" \/>\n<meta property=\"og:image\" content=\"https:\/\/test.burgwaechterservice.de\/fr\/wp-content\/uploads\/sites\/4\/2016\/09\/MULTIMETER_PS_7455-1.jpg\" \/>\n\t<meta property=\"og:image:width\" content=\"1000\" \/>\n\t<meta property=\"og:image:height\" content=\"1000\" \/>\n\t<meta property=\"og:image:type\" content=\"image\/jpeg\" \/>\n<meta name=\"twitter:card\" content=\"summary_large_image\" \/>\n<meta name=\"twitter:label1\" content=\"Dur\u00e9e de lecture estim\u00e9e\" \/>\n\t<meta name=\"twitter:data1\" content=\"1 minute\" \/>\n<!-- \/ Yoast SEO Premium plugin. -->","yoast_head_json":{"title":"Multi Meter PS 7455 - BURG-W\u00c4CHTER","description":"Mesure des appareils \u00e9lectriques tels que ordinateur, t\u00e9l\u00e9vision et l\u2018\u00e9lectrom\u00e9nager avec programmation automatique.","robots":{"index":"index","follow":"follow","max-snippet":"max-snippet:-1","max-image-preview":"max-image-preview:large","max-video-preview":"max-video-preview:-1"},"canonical":"https:\/\/test.burgwaechterservice.de\/fr\/p\/appareils-de-mesure\/multi-ps-7455-2\/","og_locale":"fr_FR","og_type":"article","og_title":"MULTI METER PS 7455","og_description":"Mesure des appareils \u00e9lectriques tels que ordinateur, t\u00e9l\u00e9vision et l\u2018\u00e9lectrom\u00e9nager avec programmation automatique.","og_url":"https:\/\/test.burgwaechterservice.de\/fr\/p\/appareils-de-mesure\/multi-ps-7455-2\/","og_site_name":"Burg-W\u00e4chter France","article_modified_time":"2018-10-26T11:10:31+00:00","og_image":[{"width":1000,"height":1000,"url":"https:\/\/test.burgwaechterservice.de\/fr\/wp-content\/uploads\/sites\/4\/2016\/09\/MULTIMETER_PS_7455-1.jpg","type":"image\/jpeg"}],"twitter_card":"summary_large_image","twitter_misc":{"Dur\u00e9e de lecture estim\u00e9e":"1 minute"},"schema":{"@context":"https:\/\/schema.org","@graph":[{"@type":"WebPage","@id":"https:\/\/test.burgwaechterservice.de\/fr\/p\/appareils-de-mesure\/multi-ps-7455-2\/","url":"https:\/\/test.burgwaechterservice.de\/fr\/p\/appareils-de-mesure\/multi-ps-7455-2\/","name":"Multi Meter PS 7455 - BURG-W\u00c4CHTER","isPartOf":{"@id":"https:\/\/test.burgwaechterservice.de\/fr\/#website"},"datePublished":"2017-12-22T14:03:35+00:00","dateModified":"2018-10-26T11:10:31+00:00","description":"Mesure des appareils \u00e9lectriques tels que ordinateur, t\u00e9l\u00e9vision et l\u2018\u00e9lectrom\u00e9nager avec programmation automatique.","breadcrumb":{"@id":"https:\/\/test.burgwaechterservice.de\/fr\/p\/appareils-de-mesure\/multi-ps-7455-2\/#breadcrumb"},"inLanguage":"fr-FR","potentialAction":[{"@type":"ReadAction","target":["https:\/\/test.burgwaechterservice.de\/fr\/p\/appareils-de-mesure\/multi-ps-7455-2\/"]}]},{"@type":"BreadcrumbList","@id":"https:\/\/test.burgwaechterservice.de\/fr\/p\/appareils-de-mesure\/multi-ps-7455-2\/#breadcrumb","itemListElement":[{"@type":"ListItem","position":1,"name":"Accueil","item":"https:\/\/test.burgwaechterservice.de\/fr\/"},{"@type":"ListItem","position":2,"name":"Produits","item":"https:\/\/test.burgwaechterservice.de\/fr\/p\/"},{"@type":"ListItem","position":3,"name":"MULTI METER PS 7455"}]},{"@type":"WebSite","@id":"https:\/\/test.burgwaechterservice.de\/fr\/#website","url":"https:\/\/test.burgwaechterservice.de\/fr\/","name":"Burg-W\u00e4chter France","description":"Le choix le plus s\u00fbr!","potentialAction":[{"@type":"SearchAction","target":{"@type":"EntryPoint","urlTemplate":"https:\/\/test.burgwaechterservice.de\/fr\/?s={search_term_string}"},"query-input":"required name=search_term_string"}],"inLanguage":"fr-FR"}]}},"_links":{"self":[{"href":"https:\/\/test.burgwaechterservice.de\/fr\/wp-json\/wp\/v2\/product\/125518"}],"collection":[{"href":"https:\/\/test.burgwaechterservice.de\/fr\/wp-json\/wp\/v2\/product"}],"about":[{"href":"https:\/\/test.burgwaechterservice.de\/fr\/wp-json\/wp\/v2\/types\/product"}],"replies":[{"embeddable":true,"href":"https:\/\/test.burgwaechterservice.de\/fr\/wp-json\/wp\/v2\/comments?post=125518"}],"wp:featuredmedia":[{"embeddable":true,"href":"https:\/\/test.burgwaechterservice.de\/fr\/wp-json\/wp\/v2\/media\/35154"}],"wp:attachment":[{"href":"https:\/\/test.burgwaechterservice.de\/fr\/wp-json\/wp\/v2\/media?parent=125518"}],"wp:term":[{"taxonomy":"product_cat","embeddable":true,"href":"https:\/\/test.burgwaechterservice.de\/fr\/wp-json\/wp\/v2\/product_cat?post=125518"},{"taxonomy":"product_tag","embeddable":true,"href":"https:\/\/test.burgwaechterservice.de\/fr\/wp-json\/wp\/v2\/product_tag?post=125518"}],"curies":[{"name":"wp","href":"https:\/\/api.w.org\/{rel}","templated":true}]}}