{"id":122333,"date":"2017-12-19T12:23:26","date_gmt":"2017-12-19T11:23:26","guid":{"rendered":"https:\/\/www.burg.biz\/fr\/p\/schloss-und-riegel\/verrou-a-code-rs-110-c\/"},"modified":"2020-04-17T08:35:34","modified_gmt":"2020-04-17T06:35:34","slug":"verrou-a-code-rs-110-c","status":"publish","type":"product","link":"https:\/\/test.burgwaechterservice.de\/fr\/p\/cadenas-et-porte-cadenas\/verrou-a-code-rs-110-c\/","title":{"rendered":"Verrou \u00e0 code RS 110 C"},"content":{"rendered":"<h2><img decoding=\"async\" class=\"alignnone wp-image-158462\" src=\"https:\/\/test.burgwaechterservice.de\/wp-content\/uploads\/2017\/09\/PiktoRiegel.jpg\" alt=\"\" width=\"153\" height=\"72\" \/><\/h2>\n<h2>Verrou \u00e0 code RS 110 C<\/h2>\n<p>Finit, les clefs oubli\u00e9es : <strong>le verrou \u00e0 combinaison est pratique et peut \u00eatre utilis\u00e9 sans cadenas ajout\u00e9<\/strong>. Avec le verrou RS 110, les portails, remises, armoires et portes peuvent \u00eatre ferm\u00e9\u00b7e\u00b7s en toute s\u00e9curit\u00e9 d\u2019un simple geste de la main.<\/p>\n<p>Protection suppl\u00e9mentaire contre le vol : les vis (mat\u00e9riel de fixation livre) sont enfonc\u00e9es, <strong>impossible de les d\u00e9visser<\/strong>.<\/p>\n<p>Le syst\u00e8me de combinaison \u00e0 quatre roulettes offre <strong>10 000 combinaisons diff\u00e9rentes<\/strong>. Vous pouvez choisir le code librement et le changer \u00e0 tout moment.<\/p>\n<p>Le verrou \u00e0 combinaison est fait d\u2019un <strong>corps en zinc moul\u00e9 sous pression r\u00e9sistant aux intemp\u00e9ries<\/strong>. La rouille n\u2019a aucune chance !<\/p>\n<h3>Le verrou en aper\u00e7u<\/h3>\n<ul>\n<li>id\u00e9al pour portails, remises, portes et armoires<\/li>\n<li>installation via des vis de s\u00e9curit\u00e9, mat\u00e9riel de fixation livr\u00e9<\/li>\n<li>applicable \u00e0 gauche ou \u00e0 droite<\/li>\n<li>Combinaison r\u00e9glable individuellement, 10 000 possibilit\u00e9s<\/li>\n<li>syst\u00e8me de combinaison \u00e0 quatre roulettes<\/li>\n<li>corps en zinc moul\u00e9 sous pression r\u00e9sistant \u00e0 la corrosion<\/li>\n<\/ul>\n","protected":false},"excerpt":{"rendered":"<p>Verrou \u00e0 code RS 110 C Finit, les clefs oubli\u00e9es : le verrou \u00e0 combinaison est pratique et peut \u00eatre utilis\u00e9 sans cadenas ajout\u00e9. Avec le verrou RS 110, les portails, remises, armoires et portes peuvent \u00eatre ferm\u00e9\u00b7e\u00b7s en toute &hellip; <a class=\"kt-excerpt-readmore\" href=\"https:\/\/test.burgwaechterservice.de\/fr\/p\/cadenas-et-porte-cadenas\/verrou-a-code-rs-110-c\/\" aria-label=\"Verrou \u00e0 code RS 110 C\">Lire la suite<\/a><\/p>\n","protected":false},"featured_media":122334,"comment_status":"closed","ping_status":"closed","template":"","meta":[],"product_cat":[30,38],"product_tag":[],"yoast_head":"<!-- This site is optimized with the Yoast SEO Premium plugin v18.4 (Yoast SEO v19.13) - https:\/\/yoast.com\/wordpress\/plugins\/seo\/ -->\n<title>Verrou \u00e0 code RS 110 C - BURG-W\u00c4CHTER<\/title>\n<meta name=\"description\" content=\"Avec le verrou RS 110, les portails, remises, armoires et portes peuvent \u00eatre ferm\u00e9\u00b7e\u00b7s en toute s\u00e9curit\u00e9 d\u2019un simple geste de la main.\" \/>\n<meta name=\"robots\" content=\"index, follow, max-snippet:-1, max-image-preview:large, max-video-preview:-1\" \/>\n<link rel=\"canonical\" href=\"https:\/\/test.burgwaechterservice.de\/fr\/p\/cadenas-et-porte-cadenas\/verrou-a-code-rs-110-c\/\" \/>\n<meta property=\"og:locale\" content=\"fr_FR\" \/>\n<meta property=\"og:type\" content=\"article\" \/>\n<meta property=\"og:title\" content=\"Verrou \u00e0 code RS 110 C\" \/>\n<meta property=\"og:description\" content=\"Avec le verrou RS 110, les portails, remises, armoires et portes peuvent \u00eatre ferm\u00e9\u00b7e\u00b7s en toute s\u00e9curit\u00e9 d\u2019un simple geste de la main.\" \/>\n<meta property=\"og:url\" content=\"https:\/\/test.burgwaechterservice.de\/fr\/p\/cadenas-et-porte-cadenas\/verrou-a-code-rs-110-c\/\" \/>\n<meta property=\"og:site_name\" content=\"Burg-W\u00e4chter France\" \/>\n<meta property=\"article:modified_time\" content=\"2020-04-17T06:35:34+00:00\" \/>\n<meta property=\"og:image\" content=\"https:\/\/test.burgwaechterservice.de\/fr\/wp-content\/uploads\/sites\/4\/2017\/12\/RS-110_C_.jpg\" \/>\n\t<meta property=\"og:image:width\" content=\"1000\" \/>\n\t<meta property=\"og:image:height\" content=\"1000\" \/>\n\t<meta property=\"og:image:type\" content=\"image\/jpeg\" \/>\n<meta name=\"twitter:card\" content=\"summary_large_image\" \/>\n<meta name=\"twitter:label1\" content=\"Dur\u00e9e de lecture estim\u00e9e\" \/>\n\t<meta name=\"twitter:data1\" content=\"1 minute\" \/>\n<!-- \/ Yoast SEO Premium plugin. -->","yoast_head_json":{"title":"Verrou \u00e0 code RS 110 C - BURG-W\u00c4CHTER","description":"Avec le verrou RS 110, les portails, remises, armoires et portes peuvent \u00eatre ferm\u00e9\u00b7e\u00b7s en toute s\u00e9curit\u00e9 d\u2019un simple geste de la main.","robots":{"index":"index","follow":"follow","max-snippet":"max-snippet:-1","max-image-preview":"max-image-preview:large","max-video-preview":"max-video-preview:-1"},"canonical":"https:\/\/test.burgwaechterservice.de\/fr\/p\/cadenas-et-porte-cadenas\/verrou-a-code-rs-110-c\/","og_locale":"fr_FR","og_type":"article","og_title":"Verrou \u00e0 code RS 110 C","og_description":"Avec le verrou RS 110, les portails, remises, armoires et portes peuvent \u00eatre ferm\u00e9\u00b7e\u00b7s en toute s\u00e9curit\u00e9 d\u2019un simple geste de la main.","og_url":"https:\/\/test.burgwaechterservice.de\/fr\/p\/cadenas-et-porte-cadenas\/verrou-a-code-rs-110-c\/","og_site_name":"Burg-W\u00e4chter France","article_modified_time":"2020-04-17T06:35:34+00:00","og_image":[{"width":1000,"height":1000,"url":"https:\/\/test.burgwaechterservice.de\/fr\/wp-content\/uploads\/sites\/4\/2017\/12\/RS-110_C_.jpg","type":"image\/jpeg"}],"twitter_card":"summary_large_image","twitter_misc":{"Dur\u00e9e de lecture estim\u00e9e":"1 minute"},"schema":{"@context":"https:\/\/schema.org","@graph":[{"@type":"WebPage","@id":"https:\/\/test.burgwaechterservice.de\/fr\/p\/cadenas-et-porte-cadenas\/verrou-a-code-rs-110-c\/","url":"https:\/\/test.burgwaechterservice.de\/fr\/p\/cadenas-et-porte-cadenas\/verrou-a-code-rs-110-c\/","name":"Verrou \u00e0 code RS 110 C - BURG-W\u00c4CHTER","isPartOf":{"@id":"https:\/\/test.burgwaechterservice.de\/fr\/#website"},"datePublished":"2017-12-19T11:23:26+00:00","dateModified":"2020-04-17T06:35:34+00:00","description":"Avec le verrou RS 110, les portails, remises, armoires et portes peuvent \u00eatre ferm\u00e9\u00b7e\u00b7s en toute s\u00e9curit\u00e9 d\u2019un simple geste de la main.","breadcrumb":{"@id":"https:\/\/test.burgwaechterservice.de\/fr\/p\/cadenas-et-porte-cadenas\/verrou-a-code-rs-110-c\/#breadcrumb"},"inLanguage":"fr-FR","potentialAction":[{"@type":"ReadAction","target":["https:\/\/test.burgwaechterservice.de\/fr\/p\/cadenas-et-porte-cadenas\/verrou-a-code-rs-110-c\/"]}]},{"@type":"BreadcrumbList","@id":"https:\/\/test.burgwaechterservice.de\/fr\/p\/cadenas-et-porte-cadenas\/verrou-a-code-rs-110-c\/#breadcrumb","itemListElement":[{"@type":"ListItem","position":1,"name":"Accueil","item":"https:\/\/test.burgwaechterservice.de\/fr\/"},{"@type":"ListItem","position":2,"name":"Produits","item":"https:\/\/test.burgwaechterservice.de\/fr\/p\/"},{"@type":"ListItem","position":3,"name":"Verrou \u00e0 code RS 110 C"}]},{"@type":"WebSite","@id":"https:\/\/test.burgwaechterservice.de\/fr\/#website","url":"https:\/\/test.burgwaechterservice.de\/fr\/","name":"Burg-W\u00e4chter France","description":"Le choix le plus s\u00fbr!","potentialAction":[{"@type":"SearchAction","target":{"@type":"EntryPoint","urlTemplate":"https:\/\/test.burgwaechterservice.de\/fr\/?s={search_term_string}"},"query-input":"required name=search_term_string"}],"inLanguage":"fr-FR"}]}},"_links":{"self":[{"href":"https:\/\/test.burgwaechterservice.de\/fr\/wp-json\/wp\/v2\/product\/122333"}],"collection":[{"href":"https:\/\/test.burgwaechterservice.de\/fr\/wp-json\/wp\/v2\/product"}],"about":[{"href":"https:\/\/test.burgwaechterservice.de\/fr\/wp-json\/wp\/v2\/types\/product"}],"replies":[{"embeddable":true,"href":"https:\/\/test.burgwaechterservice.de\/fr\/wp-json\/wp\/v2\/comments?post=122333"}],"wp:featuredmedia":[{"embeddable":true,"href":"https:\/\/test.burgwaechterservice.de\/fr\/wp-json\/wp\/v2\/media\/122334"}],"wp:attachment":[{"href":"https:\/\/test.burgwaechterservice.de\/fr\/wp-json\/wp\/v2\/media?parent=122333"}],"wp:term":[{"taxonomy":"product_cat","embeddable":true,"href":"https:\/\/test.burgwaechterservice.de\/fr\/wp-json\/wp\/v2\/product_cat?post=122333"},{"taxonomy":"product_tag","embeddable":true,"href":"https:\/\/test.burgwaechterservice.de\/fr\/wp-json\/wp\/v2\/product_tag?post=122333"}],"curies":[{"name":"wp","href":"https:\/\/api.w.org\/{rel}","templated":true}]}}