{"id":12,"date":"2016-04-22T11:11:40","date_gmt":"2016-04-22T09:11:40","guid":{"rendered":"https:\/\/www.burg.biz\/?post_type=product&#038;p=12"},"modified":"2019-12-11T15:00:59","modified_gmt":"2019-12-11T14:00:59","slug":"winsafe-ws11","status":"publish","type":"product","link":"https:\/\/test.burgwaechterservice.de\/fr\/p\/portes-et-fenetres\/winsafe-ws11\/","title":{"rendered":"WinSafe WS 11"},"content":{"rendered":"<p><img decoding=\"async\" class=\"alignnone size-full wp-image-33572\" src=\"https:\/\/test.burgwaechterservice.de\/wp-content\/uploads\/2016\/04\/winsafe-1.jpg\" alt=\"Druck\" width=\"375\" height=\"85\" \/><\/p>\n<h2>Dispositif de s\u00e9curit\u00e9 pour fen\u00eatres WinSafe WS 11 approuv\u00e9 par le VdS<\/h2>\n<p>Un bon dispositif de s\u00e9curit\u00e9 pour fen\u00eatres a d\u00e9j\u00e0 arr\u00eat\u00e9 avec succ\u00e8s plus d&#8217;un h\u00f4te ind\u00e9sirable. D\u00e8s le d\u00e9part, ne laissez aucune chance aux cambrioleurs\u00a0: Avec le dispositif de s\u00e9curit\u00e9 pour portes et fen\u00eatres WinSafe WS 11, BURG-W\u00c4CHTER vous aide \u00e0 rendre votre habitation inviolable.<\/p>\n<p><strong>Caract\u00e9ristique pratique\u00a0:<\/strong> Les produits WinSafe WS 11, WS 22 &amp; WS 33 peuvent \u00eatre achet\u00e9s avec le m\u00eame syst\u00e8me de fermeture. Cela signifie que vous pouvez s\u00e9curiser et g\u00e9rer diff\u00e9rents produits WinSafe avec une seule et m\u00eame cl\u00e9.<\/p>\n<h3>Structure approuv\u00e9e par le VdS<\/h3>\n<p>Ce dispositif de s\u00e9curit\u00e9 pour fen\u00eatres WinSafe est en <strong>zinc moul\u00e9 sous pression robuste <\/strong>et il est \u00e9quip\u00e9 d&#8217;un <strong>solide verrou pivotant.<\/strong> Ce verrou offre <strong>s\u00e9curit\u00e9<\/strong> et \u00e9galement un <strong>grand confort de s\u00e9curit\u00e9.<\/strong> La structure est particuli\u00e8rement r\u00e9sistante \u00e0 l&#8217;effraction. Le verrou est <strong>test\u00e9 par le VdS et certifi\u00e9 par l&#8217;ECB\u2022S <\/strong>pour les fen\u00eatres en bois ou en aluminium.<br \/>\nLe design esth\u00e9tique et l&#8217;haptique agr\u00e9able se marient assur\u00e9ment avec toutes les fen\u00eatres.<br \/>\nAfin que la couleur du verrou \u00e9pouse \u00e9galement vos fen\u00eatres, celui-ci est disponible dans les tons blanc et gris-brun.<\/p>\n<h3>Mise \u00e0 niveau simple et rapide<\/h3>\n<p>Le montage du WinSafe WS 11 est particuli\u00e8rement <strong>rapide et simple.<\/strong> Le verrou peut \u00eatre mont\u00e9 <strong>en haut, en bas ou du c\u00f4t\u00e9 de la poign\u00e9e.<\/strong> Prenez seulement en compte que la largeur de montage minimum est de 26 mm.<\/p>\n<p>Dans cette notice de montage, nous vous montrons comme il peut \u00eatre facile et rapide de monter le dispositif de s\u00e9curit\u00e9 pour fen\u00eatres WS 11\u00a0!<\/p>\n<p>Avec le dispositif de s\u00e9curit\u00e9 pour fen\u00eatres WS 11, vous parez toujours \u00e0 toute \u00e9ventualit\u00e9\u00a0!<\/p>\n<h3>Dispositif de s\u00e9curit\u00e9 pour fen\u00eatres WinSafe WS 11 de BURG-W\u00c4CHTER<\/h3>\n<ul>\n<li>Avec un verrou<\/li>\n<li>En zinc moul\u00e9 sous pression robuste<\/li>\n<li>Avec serrure \u00e0 cylindre, sur demande avec la m\u00eame fermeture, sans suppl\u00e9ment<\/li>\n<li>Aspect \u00e9l\u00e9gant et haptique confortable<\/li>\n<li>Verrou approuv\u00e9 par le VdS et certifi\u00e9 par l&#8217;ECB\u2022S pour les fen\u00eatres en bois ou en aluminium<\/li>\n<li>Avec un verrou pivotant stable<\/li>\n<li>Positions de montage possibles\u00a0: En haut, en bas ou du c\u00f4t\u00e9 de la poign\u00e9e<\/li>\n<li>Montage simple \u00e0 r\u00e9aliser soi-m\u00eame<\/li>\n<li>Tr\u00e8s grand confort de verrouillage<\/li>\n<li>WS 11\/22\/33, sur demande, avec le m\u00eame syst\u00e8me de fermeture<\/li>\n<li>Largeur de montage minimum de 26 mm<\/li>\n<li>M\u00e9canisme de pivotement confortable<\/li>\n<li>Disponible en blanc ou marron<\/li>\n<\/ul>\n<p>&nbsp;<\/p>\n<p>&nbsp;<\/p>\n<table class=\"ausfuehrung\">\n<thead>\n<tr>\n<td>Article<\/td>\n<td>Couleurs<\/td>\n<td>N\u00b0. d&#8217;\u00e9bauche<\/td>\n<\/tr>\n<\/thead>\n<tbody>\n<tr>\n<td>WS 11 W SB<\/td>\n<td>blanc<\/td>\n<td>79 W<\/td>\n<\/tr>\n<tr>\n<td>WS 11 BR SB<\/td>\n<td>marron<\/td>\n<td>79 W<\/td>\n<\/tr>\n<tr>\n<td>WS 11 F1 GL W<\/td>\n<td>blanc<\/td>\n<td>79 W<\/td>\n<\/tr>\n<tr>\n<td>WS 11 F1 GL BR<\/td>\n<td>marron<\/td>\n<td>79 W<\/td>\n<\/tr>\n<\/tbody>\n<\/table>\n","protected":false},"excerpt":{"rendered":"<p>Dispositif de s\u00e9curit\u00e9 pour fen\u00eatres WinSafe WS 11 approuv\u00e9 par le VdS Un bon dispositif de s\u00e9curit\u00e9 pour fen\u00eatres a d\u00e9j\u00e0 arr\u00eat\u00e9 avec succ\u00e8s plus d&#8217;un h\u00f4te ind\u00e9sirable. D\u00e8s le d\u00e9part, ne laissez aucune chance aux cambrioleurs\u00a0: Avec le dispositif &hellip; <a class=\"kt-excerpt-readmore\" href=\"https:\/\/test.burgwaechterservice.de\/fr\/p\/portes-et-fenetres\/winsafe-ws11\/\" aria-label=\"WinSafe WS 11\">Lire la suite<\/a><\/p>\n","protected":false},"featured_media":33645,"comment_status":"closed","ping_status":"closed","template":"","meta":[],"product_cat":[35,57],"product_tag":[581],"yoast_head":"<!-- This site is optimized with the Yoast SEO Premium plugin v18.4 (Yoast SEO v19.13) - https:\/\/yoast.com\/wordpress\/plugins\/seo\/ -->\n<title>WinSafe WS11 - Burg-W\u00e4chter<\/title>\n<meta name=\"description\" content=\"Dispositif de s\u00e9curit\u00e9 pour fen\u00eatres WinSafe WS 11 approuv\u00e9 par le VdS Un bon dispositif de s\u00e9curit\u00e9 pour fen\u00eatres a d\u00e9j\u00e0 arr\u00eat\u00e9 avec succ\u00e8s plus d&#039;un\" \/>\n<meta name=\"robots\" content=\"index, follow, max-snippet:-1, max-image-preview:large, max-video-preview:-1\" \/>\n<link rel=\"canonical\" href=\"https:\/\/test.burgwaechterservice.de\/fr\/p\/portes-et-fenetres\/winsafe-ws11\/\" \/>\n<meta property=\"og:locale\" content=\"fr_FR\" \/>\n<meta property=\"og:type\" content=\"article\" \/>\n<meta property=\"og:title\" content=\"WinSafe WS 11\" \/>\n<meta property=\"og:description\" content=\"Dispositif de s\u00e9curit\u00e9 pour fen\u00eatres WinSafe WS 11 approuv\u00e9 par le VdS Un bon dispositif de s\u00e9curit\u00e9 pour fen\u00eatres a d\u00e9j\u00e0 arr\u00eat\u00e9 avec succ\u00e8s plus d&#039;un\" \/>\n<meta property=\"og:url\" content=\"https:\/\/test.burgwaechterservice.de\/fr\/p\/portes-et-fenetres\/winsafe-ws11\/\" \/>\n<meta property=\"og:site_name\" content=\"Burg-W\u00e4chter France\" \/>\n<meta property=\"article:modified_time\" content=\"2019-12-11T14:00:59+00:00\" \/>\n<meta property=\"og:image\" content=\"https:\/\/test.burgwaechterservice.de\/fr\/wp-content\/uploads\/sites\/4\/2016\/04\/WS_11_W_Produktbild.jpg\" \/>\n\t<meta property=\"og:image:width\" content=\"1200\" \/>\n\t<meta property=\"og:image:height\" content=\"1200\" \/>\n\t<meta property=\"og:image:type\" content=\"image\/jpeg\" \/>\n<meta name=\"twitter:card\" content=\"summary_large_image\" \/>\n<meta name=\"twitter:label1\" content=\"Dur\u00e9e de lecture estim\u00e9e\" \/>\n\t<meta name=\"twitter:data1\" content=\"2 minutes\" \/>\n<!-- \/ Yoast SEO Premium plugin. -->","yoast_head_json":{"title":"WinSafe WS11 - Burg-W\u00e4chter","description":"Dispositif de s\u00e9curit\u00e9 pour fen\u00eatres WinSafe WS 11 approuv\u00e9 par le VdS Un bon dispositif de s\u00e9curit\u00e9 pour fen\u00eatres a d\u00e9j\u00e0 arr\u00eat\u00e9 avec succ\u00e8s plus d'un","robots":{"index":"index","follow":"follow","max-snippet":"max-snippet:-1","max-image-preview":"max-image-preview:large","max-video-preview":"max-video-preview:-1"},"canonical":"https:\/\/test.burgwaechterservice.de\/fr\/p\/portes-et-fenetres\/winsafe-ws11\/","og_locale":"fr_FR","og_type":"article","og_title":"WinSafe WS 11","og_description":"Dispositif de s\u00e9curit\u00e9 pour fen\u00eatres WinSafe WS 11 approuv\u00e9 par le VdS Un bon dispositif de s\u00e9curit\u00e9 pour fen\u00eatres a d\u00e9j\u00e0 arr\u00eat\u00e9 avec succ\u00e8s plus d'un","og_url":"https:\/\/test.burgwaechterservice.de\/fr\/p\/portes-et-fenetres\/winsafe-ws11\/","og_site_name":"Burg-W\u00e4chter France","article_modified_time":"2019-12-11T14:00:59+00:00","og_image":[{"width":1200,"height":1200,"url":"https:\/\/test.burgwaechterservice.de\/fr\/wp-content\/uploads\/sites\/4\/2016\/04\/WS_11_W_Produktbild.jpg","type":"image\/jpeg"}],"twitter_card":"summary_large_image","twitter_misc":{"Dur\u00e9e de lecture estim\u00e9e":"2 minutes"},"schema":{"@context":"https:\/\/schema.org","@graph":[{"@type":"WebPage","@id":"https:\/\/test.burgwaechterservice.de\/fr\/p\/portes-et-fenetres\/winsafe-ws11\/","url":"https:\/\/test.burgwaechterservice.de\/fr\/p\/portes-et-fenetres\/winsafe-ws11\/","name":"WinSafe WS11 - Burg-W\u00e4chter","isPartOf":{"@id":"https:\/\/test.burgwaechterservice.de\/fr\/#website"},"datePublished":"2016-04-22T09:11:40+00:00","dateModified":"2019-12-11T14:00:59+00:00","description":"Dispositif de s\u00e9curit\u00e9 pour fen\u00eatres WinSafe WS 11 approuv\u00e9 par le VdS Un bon dispositif de s\u00e9curit\u00e9 pour fen\u00eatres a d\u00e9j\u00e0 arr\u00eat\u00e9 avec succ\u00e8s plus d'un","breadcrumb":{"@id":"https:\/\/test.burgwaechterservice.de\/fr\/p\/portes-et-fenetres\/winsafe-ws11\/#breadcrumb"},"inLanguage":"fr-FR","potentialAction":[{"@type":"ReadAction","target":["https:\/\/test.burgwaechterservice.de\/fr\/p\/portes-et-fenetres\/winsafe-ws11\/"]}]},{"@type":"BreadcrumbList","@id":"https:\/\/test.burgwaechterservice.de\/fr\/p\/portes-et-fenetres\/winsafe-ws11\/#breadcrumb","itemListElement":[{"@type":"ListItem","position":1,"name":"Accueil","item":"https:\/\/test.burgwaechterservice.de\/fr\/"},{"@type":"ListItem","position":2,"name":"Produits","item":"https:\/\/test.burgwaechterservice.de\/fr\/p\/"},{"@type":"ListItem","position":3,"name":"WinSafe WS 11"}]},{"@type":"WebSite","@id":"https:\/\/test.burgwaechterservice.de\/fr\/#website","url":"https:\/\/test.burgwaechterservice.de\/fr\/","name":"Burg-W\u00e4chter France","description":"Le choix le plus s\u00fbr!","potentialAction":[{"@type":"SearchAction","target":{"@type":"EntryPoint","urlTemplate":"https:\/\/test.burgwaechterservice.de\/fr\/?s={search_term_string}"},"query-input":"required name=search_term_string"}],"inLanguage":"fr-FR"}]}},"_links":{"self":[{"href":"https:\/\/test.burgwaechterservice.de\/fr\/wp-json\/wp\/v2\/product\/12"}],"collection":[{"href":"https:\/\/test.burgwaechterservice.de\/fr\/wp-json\/wp\/v2\/product"}],"about":[{"href":"https:\/\/test.burgwaechterservice.de\/fr\/wp-json\/wp\/v2\/types\/product"}],"replies":[{"embeddable":true,"href":"https:\/\/test.burgwaechterservice.de\/fr\/wp-json\/wp\/v2\/comments?post=12"}],"wp:featuredmedia":[{"embeddable":true,"href":"https:\/\/test.burgwaechterservice.de\/fr\/wp-json\/wp\/v2\/media\/33645"}],"wp:attachment":[{"href":"https:\/\/test.burgwaechterservice.de\/fr\/wp-json\/wp\/v2\/media?parent=12"}],"wp:term":[{"taxonomy":"product_cat","embeddable":true,"href":"https:\/\/test.burgwaechterservice.de\/fr\/wp-json\/wp\/v2\/product_cat?post=12"},{"taxonomy":"product_tag","embeddable":true,"href":"https:\/\/test.burgwaechterservice.de\/fr\/wp-json\/wp\/v2\/product_tag?post=12"}],"curies":[{"name":"wp","href":"https:\/\/api.w.org\/{rel}","templated":true}]}}