{"id":66,"date":"2016-05-06T09:15:50","date_gmt":"2016-05-06T07:15:50","guid":{"rendered":"https:\/\/www.burg.biz\/?page_id=66"},"modified":"2016-09-08T20:43:26","modified_gmt":"2016-09-08T18:43:26","slug":"marque","status":"publish","type":"page","link":"https:\/\/test.burgwaechterservice.de\/fr\/entreprise\/marque\/","title":{"rendered":"Marque"},"content":{"rendered":"<p><img decoding=\"async\" class=\"size-medium wp-image-573 alignright\" src=\"https:\/\/test.burgwaechterservice.de\/fr\/wp-content\/uploads\/sites\/4\/2016\/05\/Siegel-94x300.jpg\" alt=\"BURG-W\u00c4CHTER Siegel\" width=\"94\" height=\"300\" srcset=\"https:\/\/test.burgwaechterservice.de\/fr\/wp-content\/uploads\/sites\/4\/2016\/05\/Siegel-94x300.jpg 94w, https:\/\/test.burgwaechterservice.de\/fr\/wp-content\/uploads\/sites\/4\/2016\/05\/Siegel-768x2450.jpg 768w, https:\/\/test.burgwaechterservice.de\/fr\/wp-content\/uploads\/sites\/4\/2016\/05\/Siegel-321x1024.jpg 321w, https:\/\/test.burgwaechterservice.de\/fr\/wp-content\/uploads\/sites\/4\/2016\/05\/Siegel.jpg 1234w\" sizes=\"(max-width: 94px) 100vw, 94px\" \/><\/p>\n<h2>S\u00e9curit\u00e9 au nom \u00e9vocateur. Notre signe distinctif depuis 1950.<\/h2>\n<p>Depuis de nombreuses d\u00e9cennies, les clients du monde entier associent la marque BURG-W\u00c4CHTER \u00e0 des produits de qualit\u00e9 \u00ab Made in Germany \u00bb. Ses racines remontent au 19\u00e8me si\u00e8cle, lorsque la soci\u00e9t\u00e9 F.W. L\u00fcling a \u00e9t\u00e9 fond\u00e9e \u00e0 Volmarstein. Elle s&#8217;\u00e9tait sp\u00e9cialis\u00e9e dans la fabrication de cadenas commercialis\u00e9s sous la marque BURG. Le nom faisait r\u00e9f\u00e9rence au monument du lieu, le ch\u00e2teau Volmarstein, dont la ruine se dresse jusqu&#8217;\u00e0 aujourd&#8217;hui de mani\u00e8re bien visible au-dessus de la vall\u00e9e de la Ruhr. En 1950, au d\u00e9but du miracle \u00e9conomique, les descendants des L\u00fclings ont lanc\u00e9 la nouvelle marque BURG-W\u00c4CHTER. Elle repr\u00e9sente \u00e0 la fois notre entreprise et nos produits.<\/p>\n","protected":false},"excerpt":{"rendered":"<p>S\u00e9curit\u00e9 au nom \u00e9vocateur. Notre signe distinctif depuis 1950. Depuis de nombreuses d\u00e9cennies, les clients du monde entier associent la marque BURG-W\u00c4CHTER \u00e0 des produits de qualit\u00e9 \u00ab Made in Germany \u00bb. Ses racines remontent au 19\u00e8me si\u00e8cle, lorsque la &hellip; <a class=\"kt-excerpt-readmore\" href=\"https:\/\/test.burgwaechterservice.de\/fr\/entreprise\/marque\/\" aria-label=\"Marque\">Lire la suite<\/a><\/p>\n","protected":false},"author":1,"featured_media":0,"parent":2,"menu_order":15,"comment_status":"closed","ping_status":"closed","template":"","meta":[],"yoast_head":"<!-- This site is optimized with the Yoast SEO Premium plugin v18.4 (Yoast SEO v19.13) - https:\/\/yoast.com\/wordpress\/plugins\/seo\/ -->\n<title>Marque - BURG-W\u00c4CHTER<\/title>\n<meta name=\"description\" content=\"S\u00e9curit\u00e9 au nom \u00e9vocateur. Notre signe distinctif depuis 1950. Depuis de nombreuses d\u00e9cennies, les clients du monde entier associent la marque\" \/>\n<meta name=\"robots\" content=\"index, follow, max-snippet:-1, max-image-preview:large, max-video-preview:-1\" \/>\n<link rel=\"canonical\" href=\"https:\/\/test.burgwaechterservice.de\/fr\/entreprise\/marque\/\" \/>\n<meta property=\"og:locale\" content=\"fr_FR\" \/>\n<meta property=\"og:type\" content=\"article\" \/>\n<meta property=\"og:title\" content=\"Marque\" \/>\n<meta property=\"og:description\" content=\"S\u00e9curit\u00e9 au nom \u00e9vocateur. Notre signe distinctif depuis 1950. Depuis de nombreuses d\u00e9cennies, les clients du monde entier associent la marque\" \/>\n<meta property=\"og:url\" content=\"https:\/\/test.burgwaechterservice.de\/fr\/entreprise\/marque\/\" \/>\n<meta property=\"og:site_name\" content=\"Burg-W\u00e4chter France\" \/>\n<meta property=\"article:modified_time\" content=\"2016-09-08T18:43:26+00:00\" \/>\n<meta property=\"og:image\" content=\"https:\/\/test.burgwaechterservice.de\/fr\/wp-content\/uploads\/sites\/4\/2016\/05\/Siegel-94x300.jpg\" \/>\n<meta name=\"twitter:card\" content=\"summary_large_image\" \/>\n<meta name=\"twitter:label1\" content=\"Dur\u00e9e de lecture estim\u00e9e\" \/>\n\t<meta name=\"twitter:data1\" content=\"1 minute\" \/>\n<!-- \/ Yoast SEO Premium plugin. -->","yoast_head_json":{"title":"Marque - BURG-W\u00c4CHTER","description":"S\u00e9curit\u00e9 au nom \u00e9vocateur. Notre signe distinctif depuis 1950. Depuis de nombreuses d\u00e9cennies, les clients du monde entier associent la marque","robots":{"index":"index","follow":"follow","max-snippet":"max-snippet:-1","max-image-preview":"max-image-preview:large","max-video-preview":"max-video-preview:-1"},"canonical":"https:\/\/test.burgwaechterservice.de\/fr\/entreprise\/marque\/","og_locale":"fr_FR","og_type":"article","og_title":"Marque","og_description":"S\u00e9curit\u00e9 au nom \u00e9vocateur. Notre signe distinctif depuis 1950. Depuis de nombreuses d\u00e9cennies, les clients du monde entier associent la marque","og_url":"https:\/\/test.burgwaechterservice.de\/fr\/entreprise\/marque\/","og_site_name":"Burg-W\u00e4chter France","article_modified_time":"2016-09-08T18:43:26+00:00","og_image":[{"url":"https:\/\/test.burgwaechterservice.de\/fr\/wp-content\/uploads\/sites\/4\/2016\/05\/Siegel-94x300.jpg"}],"twitter_card":"summary_large_image","twitter_misc":{"Dur\u00e9e de lecture estim\u00e9e":"1 minute"},"schema":{"@context":"https:\/\/schema.org","@graph":[{"@type":"WebPage","@id":"https:\/\/test.burgwaechterservice.de\/fr\/entreprise\/marque\/","url":"https:\/\/test.burgwaechterservice.de\/fr\/entreprise\/marque\/","name":"Marque - BURG-W\u00c4CHTER","isPartOf":{"@id":"https:\/\/test.burgwaechterservice.de\/fr\/#website"},"datePublished":"2016-05-06T07:15:50+00:00","dateModified":"2016-09-08T18:43:26+00:00","description":"S\u00e9curit\u00e9 au nom \u00e9vocateur. Notre signe distinctif depuis 1950. Depuis de nombreuses d\u00e9cennies, les clients du monde entier associent la marque","breadcrumb":{"@id":"https:\/\/test.burgwaechterservice.de\/fr\/entreprise\/marque\/#breadcrumb"},"inLanguage":"fr-FR","potentialAction":[{"@type":"ReadAction","target":["https:\/\/test.burgwaechterservice.de\/fr\/entreprise\/marque\/"]}]},{"@type":"BreadcrumbList","@id":"https:\/\/test.burgwaechterservice.de\/fr\/entreprise\/marque\/#breadcrumb","itemListElement":[{"@type":"ListItem","position":1,"name":"Accueil","item":"https:\/\/test.burgwaechterservice.de\/fr\/"},{"@type":"ListItem","position":2,"name":"Entreprise","item":"https:\/\/test.burgwaechterservice.de\/fr\/entreprise\/"},{"@type":"ListItem","position":3,"name":"Marque"}]},{"@type":"WebSite","@id":"https:\/\/test.burgwaechterservice.de\/fr\/#website","url":"https:\/\/test.burgwaechterservice.de\/fr\/","name":"Burg-W\u00e4chter France","description":"Le choix le plus s\u00fbr!","potentialAction":[{"@type":"SearchAction","target":{"@type":"EntryPoint","urlTemplate":"https:\/\/test.burgwaechterservice.de\/fr\/?s={search_term_string}"},"query-input":"required name=search_term_string"}],"inLanguage":"fr-FR"}]}},"_links":{"self":[{"href":"https:\/\/test.burgwaechterservice.de\/fr\/wp-json\/wp\/v2\/pages\/66"}],"collection":[{"href":"https:\/\/test.burgwaechterservice.de\/fr\/wp-json\/wp\/v2\/pages"}],"about":[{"href":"https:\/\/test.burgwaechterservice.de\/fr\/wp-json\/wp\/v2\/types\/page"}],"author":[{"embeddable":true,"href":"https:\/\/test.burgwaechterservice.de\/fr\/wp-json\/wp\/v2\/users\/1"}],"replies":[{"embeddable":true,"href":"https:\/\/test.burgwaechterservice.de\/fr\/wp-json\/wp\/v2\/comments?post=66"}],"version-history":[{"count":3,"href":"https:\/\/test.burgwaechterservice.de\/fr\/wp-json\/wp\/v2\/pages\/66\/revisions"}],"predecessor-version":[{"id":36394,"href":"https:\/\/test.burgwaechterservice.de\/fr\/wp-json\/wp\/v2\/pages\/66\/revisions\/36394"}],"up":[{"embeddable":true,"href":"https:\/\/test.burgwaechterservice.de\/fr\/wp-json\/wp\/v2\/pages\/2"}],"wp:attachment":[{"href":"https:\/\/test.burgwaechterservice.de\/fr\/wp-json\/wp\/v2\/media?parent=66"}],"curies":[{"name":"wp","href":"https:\/\/api.w.org\/{rel}","templated":true}]}}