{"id":56,"date":"2016-05-06T09:08:50","date_gmt":"2016-05-06T07:08:50","guid":{"rendered":"https:\/\/www.burg.biz\/?page_id=56"},"modified":"2021-08-12T09:06:42","modified_gmt":"2021-08-12T07:06:42","slug":"philosophie","status":"publish","type":"page","link":"https:\/\/test.burgwaechterservice.de\/fr\/entreprise\/philosophie\/","title":{"rendered":"Philosophie"},"content":{"rendered":"<h3>La soci\u00e9t\u00e9 qui est attach\u00e9e \u00e0 des valeurs, peut cr\u00e9er des valeurs.<\/h3>\n<p>BURG W\u00c4CHTER est une entreprise familiale, riche de 100 ans de tradition. L\u2019exp\u00e9rience et le savoir-faire sont transmis de g\u00e9n\u00e9ration en g\u00e9n\u00e9ration. Nous devons notre succ\u00e8s \u00e0 une philosophie d&#8217;entreprise qui ne se concentre pas uniquement sur les produits. Une des raisons principales est notre orientation constante aux valeurs chr\u00e9tiennes qui caract\u00e9risent l\u2019ensemble de nos activit\u00e9s. Ces valeurs nous guident dans nos d\u00e9cisions et rencontres avec les personnes dans notre activit\u00e9 entrepreneuriale. Ainsi, la source de notre succ\u00e8s est la confiance que portent les clients et employ\u00e9s du monde entier \u00e0 notre soci\u00e9t\u00e9.<\/p>\n<h3>La base d\u2019un succ\u00e8s durable.<\/h3>\n<p>Le succ\u00e8s de BURG-W\u00c4CHTER est bas\u00e9 sur l&#8217;excellente qualit\u00e9 de nos produits. Cette qualit\u00e9 est bas\u00e9e sur une fondation solide &#8211; nos normes \u00e9thiques \u00e9lev\u00e9es qui suscitent aussi une responsabilit\u00e9 particuli\u00e8re de la part de nos employ\u00e9s. Ils sont fiers du r\u00e9sultat de leur travail et savent qu&#8217;ils rendent non seulement des millions de clients dans le monde heureux, mais aussi qu\u2019ils assurent l&#8217;avenir de leur entreprise.<\/p>\n<p>Nous assumons aussi une responsabilit\u00e9 pour l&#8217;environnement. En tant qu\u2019entreprise chr\u00e9tienne, nous prenons la d\u00e9fense de la cr\u00e9ation tr\u00e8s au s\u00e9rieux. Nous tentons toujours d\u2019assurer la meilleure protection possible des ressources et des m\u00e9thodes de production respectueuses de l&#8217;environnement.<\/p>\n<h3>La cl\u00e9 du futur.<\/h3>\n<p>Le d\u00e9veloppement constant est la cl\u00e9 pour fa\u00e7onner l&#8217;avenir. Nous explorons donc toujours de nouvelles technologies pour d\u00e9velopper des produits qui r\u00e9pondent toujours plus \u00e0 leur objectif. Les clients aussi ont des attentes de plus en plus exigeantes. Un exemple de ceci repr\u00e9sente la technologie \u00e9lectronique et num\u00e9rique. BURG-W\u00c4CHTER est un pionnier dans le d\u00e9veloppement de serrures \u00e9lectroniques pour les coffres-forts. Nous avons acquis dans ce domaine un tel niveau d&#8217;expertise et d&#8217;exp\u00e9rience que nous l\u2019utilisons \u00e9galement pour des solutions innovantes en mati\u00e8re de serrures et de syst\u00e8mes d&#8217;acc\u00e8s.\u00a0 Nous sommes ainsi en mesure d&#8217;offrir aux consommateurs des produits qui r\u00e9pondent aux plus hautes exigences de s\u00e9curit\u00e9 et qui fournissent \u00e9galement un niveau de confort qui s&#8217;\u00e9tend bien au-del\u00e0 du syst\u00e8me de serrure classique. Et \u00e0 des prix accessibles \u00e0 tout le monde.<\/p>\n","protected":false},"excerpt":{"rendered":"<p>La soci\u00e9t\u00e9 qui est attach\u00e9e \u00e0 des valeurs, peut cr\u00e9er des valeurs. BURG W\u00c4CHTER est une entreprise familiale, riche de 100 ans de tradition. L\u2019exp\u00e9rience et le savoir-faire sont transmis de g\u00e9n\u00e9ration en g\u00e9n\u00e9ration. Nous devons notre succ\u00e8s \u00e0 une &hellip; <a class=\"kt-excerpt-readmore\" href=\"https:\/\/test.burgwaechterservice.de\/fr\/entreprise\/philosophie\/\" aria-label=\"Philosophie\">Lire la suite<\/a><\/p>\n","protected":false},"author":1,"featured_media":0,"parent":2,"menu_order":20,"comment_status":"closed","ping_status":"closed","template":"","meta":[],"yoast_head":"<!-- This site is optimized with the Yoast SEO Premium plugin v18.4 (Yoast SEO v19.13) - https:\/\/yoast.com\/wordpress\/plugins\/seo\/ -->\n<title>Philosophie - BURG-W\u00c4CHTER<\/title>\n<meta name=\"description\" content=\"La soci\u00e9t\u00e9 qui est attach\u00e9e \u00e0 des valeurs, peut cr\u00e9er des valeurs. BURG W\u00c4CHTER est une entreprise familiale, riche de 100 ans de tradition. L\u2019exp\u00e9rience\" \/>\n<meta name=\"robots\" content=\"index, follow, max-snippet:-1, max-image-preview:large, max-video-preview:-1\" \/>\n<link rel=\"canonical\" href=\"https:\/\/test.burgwaechterservice.de\/fr\/entreprise\/philosophie\/\" \/>\n<meta property=\"og:locale\" content=\"fr_FR\" \/>\n<meta property=\"og:type\" content=\"article\" \/>\n<meta property=\"og:title\" content=\"Philosophie\" \/>\n<meta property=\"og:description\" content=\"La soci\u00e9t\u00e9 qui est attach\u00e9e \u00e0 des valeurs, peut cr\u00e9er des valeurs. BURG W\u00c4CHTER est une entreprise familiale, riche de 100 ans de tradition. L\u2019exp\u00e9rience\" \/>\n<meta property=\"og:url\" content=\"https:\/\/test.burgwaechterservice.de\/fr\/entreprise\/philosophie\/\" \/>\n<meta property=\"og:site_name\" content=\"Burg-W\u00e4chter France\" \/>\n<meta property=\"article:modified_time\" content=\"2021-08-12T07:06:42+00:00\" \/>\n<meta name=\"twitter:card\" content=\"summary_large_image\" \/>\n<meta name=\"twitter:label1\" content=\"Dur\u00e9e de lecture estim\u00e9e\" \/>\n\t<meta name=\"twitter:data1\" content=\"2 minutes\" \/>\n<!-- \/ Yoast SEO Premium plugin. -->","yoast_head_json":{"title":"Philosophie - BURG-W\u00c4CHTER","description":"La soci\u00e9t\u00e9 qui est attach\u00e9e \u00e0 des valeurs, peut cr\u00e9er des valeurs. BURG W\u00c4CHTER est une entreprise familiale, riche de 100 ans de tradition. L\u2019exp\u00e9rience","robots":{"index":"index","follow":"follow","max-snippet":"max-snippet:-1","max-image-preview":"max-image-preview:large","max-video-preview":"max-video-preview:-1"},"canonical":"https:\/\/test.burgwaechterservice.de\/fr\/entreprise\/philosophie\/","og_locale":"fr_FR","og_type":"article","og_title":"Philosophie","og_description":"La soci\u00e9t\u00e9 qui est attach\u00e9e \u00e0 des valeurs, peut cr\u00e9er des valeurs. BURG W\u00c4CHTER est une entreprise familiale, riche de 100 ans de tradition. L\u2019exp\u00e9rience","og_url":"https:\/\/test.burgwaechterservice.de\/fr\/entreprise\/philosophie\/","og_site_name":"Burg-W\u00e4chter France","article_modified_time":"2021-08-12T07:06:42+00:00","twitter_card":"summary_large_image","twitter_misc":{"Dur\u00e9e de lecture estim\u00e9e":"2 minutes"},"schema":{"@context":"https:\/\/schema.org","@graph":[{"@type":"WebPage","@id":"https:\/\/test.burgwaechterservice.de\/fr\/entreprise\/philosophie\/","url":"https:\/\/test.burgwaechterservice.de\/fr\/entreprise\/philosophie\/","name":"Philosophie - BURG-W\u00c4CHTER","isPartOf":{"@id":"https:\/\/test.burgwaechterservice.de\/fr\/#website"},"datePublished":"2016-05-06T07:08:50+00:00","dateModified":"2021-08-12T07:06:42+00:00","description":"La soci\u00e9t\u00e9 qui est attach\u00e9e \u00e0 des valeurs, peut cr\u00e9er des valeurs. BURG W\u00c4CHTER est une entreprise familiale, riche de 100 ans de tradition. L\u2019exp\u00e9rience","breadcrumb":{"@id":"https:\/\/test.burgwaechterservice.de\/fr\/entreprise\/philosophie\/#breadcrumb"},"inLanguage":"fr-FR","potentialAction":[{"@type":"ReadAction","target":["https:\/\/test.burgwaechterservice.de\/fr\/entreprise\/philosophie\/"]}]},{"@type":"BreadcrumbList","@id":"https:\/\/test.burgwaechterservice.de\/fr\/entreprise\/philosophie\/#breadcrumb","itemListElement":[{"@type":"ListItem","position":1,"name":"Accueil","item":"https:\/\/test.burgwaechterservice.de\/fr\/"},{"@type":"ListItem","position":2,"name":"Entreprise","item":"https:\/\/test.burgwaechterservice.de\/fr\/entreprise\/"},{"@type":"ListItem","position":3,"name":"Philosophie"}]},{"@type":"WebSite","@id":"https:\/\/test.burgwaechterservice.de\/fr\/#website","url":"https:\/\/test.burgwaechterservice.de\/fr\/","name":"Burg-W\u00e4chter France","description":"Le choix le plus s\u00fbr!","potentialAction":[{"@type":"SearchAction","target":{"@type":"EntryPoint","urlTemplate":"https:\/\/test.burgwaechterservice.de\/fr\/?s={search_term_string}"},"query-input":"required name=search_term_string"}],"inLanguage":"fr-FR"}]}},"_links":{"self":[{"href":"https:\/\/test.burgwaechterservice.de\/fr\/wp-json\/wp\/v2\/pages\/56"}],"collection":[{"href":"https:\/\/test.burgwaechterservice.de\/fr\/wp-json\/wp\/v2\/pages"}],"about":[{"href":"https:\/\/test.burgwaechterservice.de\/fr\/wp-json\/wp\/v2\/types\/page"}],"author":[{"embeddable":true,"href":"https:\/\/test.burgwaechterservice.de\/fr\/wp-json\/wp\/v2\/users\/1"}],"replies":[{"embeddable":true,"href":"https:\/\/test.burgwaechterservice.de\/fr\/wp-json\/wp\/v2\/comments?post=56"}],"version-history":[{"count":2,"href":"https:\/\/test.burgwaechterservice.de\/fr\/wp-json\/wp\/v2\/pages\/56\/revisions"}],"predecessor-version":[{"id":540869,"href":"https:\/\/test.burgwaechterservice.de\/fr\/wp-json\/wp\/v2\/pages\/56\/revisions\/540869"}],"up":[{"embeddable":true,"href":"https:\/\/test.burgwaechterservice.de\/fr\/wp-json\/wp\/v2\/pages\/2"}],"wp:attachment":[{"href":"https:\/\/test.burgwaechterservice.de\/fr\/wp-json\/wp\/v2\/media?parent=56"}],"curies":[{"name":"wp","href":"https:\/\/api.w.org\/{rel}","templated":true}]}}