{"id":54,"date":"2016-05-06T09:08:06","date_gmt":"2016-05-06T07:08:06","guid":{"rendered":"https:\/\/www.burg.biz\/?page_id=54"},"modified":"2016-09-08T20:43:06","modified_gmt":"2016-09-08T18:43:06","slug":"histoire","status":"publish","type":"page","link":"https:\/\/test.burgwaechterservice.de\/fr\/entreprise\/histoire\/","title":{"rendered":"Histoire"},"content":{"rendered":"<p><img fetchpriority=\"high\" decoding=\"async\" class=\"size-medium wp-image-570 alignright\" src=\"https:\/\/test.burgwaechterservice.de\/fr\/wp-content\/uploads\/sites\/4\/2016\/05\/BURGSchloss-Schmied-232x300.jpg\" alt=\"BURGSchloss-Schmied\" width=\"232\" height=\"300\" srcset=\"https:\/\/test.burgwaechterservice.de\/fr\/wp-content\/uploads\/sites\/4\/2016\/05\/BURGSchloss-Schmied-232x300.jpg 232w, https:\/\/test.burgwaechterservice.de\/fr\/wp-content\/uploads\/sites\/4\/2016\/05\/BURGSchloss-Schmied-768x992.jpg 768w, https:\/\/test.burgwaechterservice.de\/fr\/wp-content\/uploads\/sites\/4\/2016\/05\/BURGSchloss-Schmied-793x1024.jpg 793w, https:\/\/test.burgwaechterservice.de\/fr\/wp-content\/uploads\/sites\/4\/2016\/05\/BURGSchloss-Schmied.jpg 2381w\" sizes=\"(max-width: 232px) 100vw, 232px\" \/><\/p>\n<h2>De l\u2019artisanat local jusqu\u2019\u00e0 la fabrication industrielle moderne.<\/h2>\n<p>L&#8217;histoire de la fabrication de cadenas dans le quartier de Wetter-Volmarstein en Westphalie remonte \u00e0 l&#8217;ann\u00e9e 1750. La \u00ab confection de serrures \u00bb \u00e9tait un artisanat traditionnel et habituel dans de nombreuses familles. M\u00eame encore \u00e0 la fin du 20\u00e8me si\u00e8cle il y avait \u00e0 Volmarstein d\u2019innombrables petites entreprises familiales fabricant des serrures. Avec le d\u00e9but de l&#8217;industrialisation, de grandes usines \u00e9taient fond\u00e9es qui d\u00e9ployaient la distribution de leurs produits sur les march\u00e9s internationaux. C\u2019est ainsi que la r\u00e9putation de Wetter-Volmarstein en tant que \u00ab Ville des serrures \u00bb s\u2019est \u00e9tablie dans le monde entier.<\/p>\n<p>En 1920, Alfred L\u00fcling a fond\u00e9 une soci\u00e9t\u00e9 de n\u00e9goce qui effectuait en premier lieu la distribution exclusive en Allemagne du premier fabricant de serrures de l\u2019\u00e9poque, BURG. La soci\u00e9t\u00e9 s\u2019est \u00e9tablie plus tard aussi \u00e0 l&#8217;\u00e9tranger, mais a d\u00fb par moment suspendre la distribution pendant la Seconde Guerre mondiale. Apr\u00e8s la guerre, L\u00fcling a repris la distribution de serrures. En 1950, ses trois fils ont int\u00e9gr\u00e9 l&#8217;entreprise. Dans le m\u00eame temps, elle a \u00e9t\u00e9 renomm\u00e9e et porte aujourd\u2019hui le nom BURG-W\u00c4CHTER. Aujourd&#8217;hui, la soci\u00e9t\u00e9 est dirig\u00e9e par la troisi\u00e8me g\u00e9n\u00e9ration, la quatri\u00e8me g\u00e9n\u00e9ration est en apprentissage pour l&#8217;avenir.<\/p>\n<p>L\u2019\u00e9tablissement d&#8217;un site de production propre \u00e0 Wetter-Volmarstein a form\u00e9 la base pour la croissance future. Un autre site de production a \u00e9t\u00e9 mis en service en 1964 \u00e0 Meinerzhagen-Valbert. Leurs capacit\u00e9s ont \u00e9t\u00e9 d\u00e9velopp\u00e9es \u00e0 plusieurs reprises. Aujourd&#8217;hui BURG-W\u00c4CHTER utilise des m\u00e9thodes sophistiqu\u00e9es de production industrielle, tout en pr\u00e9servant la tradition artisanale. C&#8217;est le secret de la grande qualit\u00e9 de ses produits.<\/p>\n","protected":false},"excerpt":{"rendered":"<p>De l\u2019artisanat local jusqu\u2019\u00e0 la fabrication industrielle moderne. L&#8217;histoire de la fabrication de cadenas dans le quartier de Wetter-Volmarstein en Westphalie remonte \u00e0 l&#8217;ann\u00e9e 1750. La \u00ab confection de serrures \u00bb \u00e9tait un artisanat traditionnel et habituel dans de nombreuses &hellip; <a class=\"kt-excerpt-readmore\" href=\"https:\/\/test.burgwaechterservice.de\/fr\/entreprise\/histoire\/\" aria-label=\"Histoire\">Lire la suite<\/a><\/p>\n","protected":false},"author":1,"featured_media":0,"parent":2,"menu_order":10,"comment_status":"closed","ping_status":"closed","template":"","meta":[],"yoast_head":"<!-- This site is optimized with the Yoast SEO Premium plugin v18.4 (Yoast SEO v19.13) - https:\/\/yoast.com\/wordpress\/plugins\/seo\/ -->\n<title>Histoire - BURG-W\u00c4CHTER<\/title>\n<meta name=\"description\" content=\"De l\u2019artisanat local jusqu\u2019\u00e0 la fabrication industrielle moderne. L&#039;histoire de la fabrication de cadenas dans le quartier de Wetter-Volmarstein en\" \/>\n<meta name=\"robots\" content=\"index, follow, max-snippet:-1, max-image-preview:large, max-video-preview:-1\" \/>\n<link rel=\"canonical\" href=\"https:\/\/test.burgwaechterservice.de\/fr\/entreprise\/histoire\/\" \/>\n<meta property=\"og:locale\" content=\"fr_FR\" \/>\n<meta property=\"og:type\" content=\"article\" \/>\n<meta property=\"og:title\" content=\"Histoire\" \/>\n<meta property=\"og:description\" content=\"De l\u2019artisanat local jusqu\u2019\u00e0 la fabrication industrielle moderne. L&#039;histoire de la fabrication de cadenas dans le quartier de Wetter-Volmarstein en\" \/>\n<meta property=\"og:url\" content=\"https:\/\/test.burgwaechterservice.de\/fr\/entreprise\/histoire\/\" \/>\n<meta property=\"og:site_name\" content=\"Burg-W\u00e4chter France\" \/>\n<meta property=\"article:modified_time\" content=\"2016-09-08T18:43:06+00:00\" \/>\n<meta property=\"og:image\" content=\"https:\/\/test.burgwaechterservice.de\/fr\/wp-content\/uploads\/sites\/4\/2016\/05\/BURGSchloss-Schmied-232x300.jpg\" \/>\n<meta name=\"twitter:card\" content=\"summary_large_image\" \/>\n<meta name=\"twitter:label1\" content=\"Dur\u00e9e de lecture estim\u00e9e\" \/>\n\t<meta name=\"twitter:data1\" content=\"1 minute\" \/>\n<!-- \/ Yoast SEO Premium plugin. -->","yoast_head_json":{"title":"Histoire - BURG-W\u00c4CHTER","description":"De l\u2019artisanat local jusqu\u2019\u00e0 la fabrication industrielle moderne. L'histoire de la fabrication de cadenas dans le quartier de Wetter-Volmarstein en","robots":{"index":"index","follow":"follow","max-snippet":"max-snippet:-1","max-image-preview":"max-image-preview:large","max-video-preview":"max-video-preview:-1"},"canonical":"https:\/\/test.burgwaechterservice.de\/fr\/entreprise\/histoire\/","og_locale":"fr_FR","og_type":"article","og_title":"Histoire","og_description":"De l\u2019artisanat local jusqu\u2019\u00e0 la fabrication industrielle moderne. L'histoire de la fabrication de cadenas dans le quartier de Wetter-Volmarstein en","og_url":"https:\/\/test.burgwaechterservice.de\/fr\/entreprise\/histoire\/","og_site_name":"Burg-W\u00e4chter France","article_modified_time":"2016-09-08T18:43:06+00:00","og_image":[{"url":"https:\/\/test.burgwaechterservice.de\/fr\/wp-content\/uploads\/sites\/4\/2016\/05\/BURGSchloss-Schmied-232x300.jpg"}],"twitter_card":"summary_large_image","twitter_misc":{"Dur\u00e9e de lecture estim\u00e9e":"1 minute"},"schema":{"@context":"https:\/\/schema.org","@graph":[{"@type":"WebPage","@id":"https:\/\/test.burgwaechterservice.de\/fr\/entreprise\/histoire\/","url":"https:\/\/test.burgwaechterservice.de\/fr\/entreprise\/histoire\/","name":"Histoire - BURG-W\u00c4CHTER","isPartOf":{"@id":"https:\/\/test.burgwaechterservice.de\/fr\/#website"},"datePublished":"2016-05-06T07:08:06+00:00","dateModified":"2016-09-08T18:43:06+00:00","description":"De l\u2019artisanat local jusqu\u2019\u00e0 la fabrication industrielle moderne. L'histoire de la fabrication de cadenas dans le quartier de Wetter-Volmarstein en","breadcrumb":{"@id":"https:\/\/test.burgwaechterservice.de\/fr\/entreprise\/histoire\/#breadcrumb"},"inLanguage":"fr-FR","potentialAction":[{"@type":"ReadAction","target":["https:\/\/test.burgwaechterservice.de\/fr\/entreprise\/histoire\/"]}]},{"@type":"BreadcrumbList","@id":"https:\/\/test.burgwaechterservice.de\/fr\/entreprise\/histoire\/#breadcrumb","itemListElement":[{"@type":"ListItem","position":1,"name":"Accueil","item":"https:\/\/test.burgwaechterservice.de\/fr\/"},{"@type":"ListItem","position":2,"name":"Entreprise","item":"https:\/\/test.burgwaechterservice.de\/fr\/entreprise\/"},{"@type":"ListItem","position":3,"name":"Histoire"}]},{"@type":"WebSite","@id":"https:\/\/test.burgwaechterservice.de\/fr\/#website","url":"https:\/\/test.burgwaechterservice.de\/fr\/","name":"Burg-W\u00e4chter France","description":"Le choix le plus s\u00fbr!","potentialAction":[{"@type":"SearchAction","target":{"@type":"EntryPoint","urlTemplate":"https:\/\/test.burgwaechterservice.de\/fr\/?s={search_term_string}"},"query-input":"required name=search_term_string"}],"inLanguage":"fr-FR"}]}},"_links":{"self":[{"href":"https:\/\/test.burgwaechterservice.de\/fr\/wp-json\/wp\/v2\/pages\/54"}],"collection":[{"href":"https:\/\/test.burgwaechterservice.de\/fr\/wp-json\/wp\/v2\/pages"}],"about":[{"href":"https:\/\/test.burgwaechterservice.de\/fr\/wp-json\/wp\/v2\/types\/page"}],"author":[{"embeddable":true,"href":"https:\/\/test.burgwaechterservice.de\/fr\/wp-json\/wp\/v2\/users\/1"}],"replies":[{"embeddable":true,"href":"https:\/\/test.burgwaechterservice.de\/fr\/wp-json\/wp\/v2\/comments?post=54"}],"version-history":[{"count":3,"href":"https:\/\/test.burgwaechterservice.de\/fr\/wp-json\/wp\/v2\/pages\/54\/revisions"}],"predecessor-version":[{"id":36328,"href":"https:\/\/test.burgwaechterservice.de\/fr\/wp-json\/wp\/v2\/pages\/54\/revisions\/36328"}],"up":[{"embeddable":true,"href":"https:\/\/test.burgwaechterservice.de\/fr\/wp-json\/wp\/v2\/pages\/2"}],"wp:attachment":[{"href":"https:\/\/test.burgwaechterservice.de\/fr\/wp-json\/wp\/v2\/media?parent=54"}],"curies":[{"name":"wp","href":"https:\/\/api.w.org\/{rel}","templated":true}]}}