{"id":465,"date":"2016-05-12T11:06:08","date_gmt":"2016-05-12T09:06:08","guid":{"rendered":"https:\/\/www.burg.biz\/?page_id=465"},"modified":"2016-09-17T12:06:21","modified_gmt":"2016-09-17T10:06:21","slug":"recherche","status":"publish","type":"page","link":"https:\/\/test.burgwaechterservice.de\/fr\/recherche\/","title":{"rendered":"Recherche"},"content":{"rendered":"<div id=\"pl-465\"  class=\"panel-layout\" ><div id=\"pg-465-0\"  class=\"panel-grid panel-no-style\" ><div id=\"pgc-465-0-0\"  class=\"panel-grid-cell\" ><div id=\"panel-465-0-0-0\" class=\"so-panel widget widget_sow-editor panel-first-child panel-last-child\" data-index=\"0\" ><div\n\t\t\t\n\t\t\tclass=\"so-widget-sow-editor so-widget-sow-editor-base\"\n\t\t\t\n\t\t>\n<div class=\"siteorigin-widget-tinymce textwidget\">\n\t<p>Lors de la foule de contenu sur notre page web il est parfois difficile de trouver ce qu'on cherche. C'est pourquoi nous vous offrons deux fonctions de recherche. La recherche de produits vous aide \u00e0 trouver tous les informations concernant nos produits comme des descriptions g\u00e9n\u00e9raux du fonctionnement, des instructions de montage, des vid\u00e9os et des fiches techniques du produit. La recherche g\u00e9n\u00e9rale vous permet de trouver d'autre contenu comme des communiqu\u00e9s de presse et des informations g\u00e9n\u00e9rales au sujet de l'entreprise.<\/p>\n<\/div>\n<\/div><\/div><\/div><\/div><div id=\"pg-465-1\"  class=\"panel-grid panel-no-style\" ><div id=\"pgc-465-1-0\"  class=\"panel-grid-cell\" ><div id=\"panel-465-1-0-0\" class=\"so-panel widget widget_search panel-first-child panel-last-child\" data-index=\"1\" ><h3 class=\"widget-title\">Recherche g\u00e9n\u00e9rale<\/h3><form role=\"search\" method=\"get\" class=\"form-search\" action=\"https:\/\/test.burgwaechterservice.de\/fr\/\">\n\t<label>\n\t\t<span class=\"screen-reader-text\">Rechercher&nbsp;:<\/span>\n\t\t<input type=\"text\" value=\"\" name=\"s\" class=\"search-query\" placeholder=\"Recherche\">\n\t<\/label>\n\t<button type=\"submit\" class=\"search-icon\" aria-label=\"Submit Search\"><i class=\"icon-search\"><\/i><\/button>\n<\/form>\n<\/div><\/div><div id=\"pgc-465-1-1\"  class=\"panel-grid-cell\" ><div id=\"panel-465-1-1-0\" class=\"so-panel widget widget_woocommerce_product_search woocommerce widget_product_search panel-first-child panel-last-child\" data-index=\"2\" ><h3 class=\"widget-title\">Recherche de produits<\/h3>\n\n<form role=\"search\" method=\"get\" class=\"form-search product-search-form\" action=\"https:\/\/test.burgwaechterservice.de\/fr\/\">\n\t<label class=\"screen-reader-text\" for=\"woocommerce-product-search-field-0\">Rechercher&nbsp;:<\/label>\n\t<input type=\"text\" value=\"\" id=\"woocommerce-product-search-field-0\" name=\"s\" class=\"search-query search-field\" placeholder=\"Rechercher des produits\" \/>\n\t<button type=\"submit\" class=\"search-icon\" aria-label=\"Submit Search\"><i class=\"icon-search\"><\/i><\/button>\n\t<input type=\"hidden\" name=\"post_type\" value=\"product\" \/>\n<\/form><\/div><\/div><\/div><\/div>","protected":false},"excerpt":{"rendered":"<p>Lors de la foule de contenu sur notre page web il est parfois difficile de trouver ce qu&#8217;on cherche. C&#8217;est pourquoi nous vous offrons deux fonctions de recherche. La recherche de produits vous aide \u00e0 trouver tous les informations concernant &hellip; <a class=\"kt-excerpt-readmore\" href=\"https:\/\/test.burgwaechterservice.de\/fr\/recherche\/\" aria-label=\"Recherche\">Lire la suite<\/a><\/p>\n","protected":false},"author":1,"featured_media":0,"parent":0,"menu_order":0,"comment_status":"closed","ping_status":"closed","template":"page-fullwidth.php","meta":[],"yoast_head":"<!-- This site is optimized with the Yoast SEO Premium plugin v18.4 (Yoast SEO v19.13) - https:\/\/yoast.com\/wordpress\/plugins\/seo\/ -->\n<title>Recherche - BURG-W\u00c4CHTER<\/title>\n<meta name=\"description\" content=\"Lors de la foule de contenu sur notre page web il est parfois difficile de trouver ce qu&#039;on cherche. C&#039;est pourquoi nous vous offrons deux fonctions de\" \/>\n<meta name=\"robots\" content=\"index, follow, max-snippet:-1, max-image-preview:large, max-video-preview:-1\" \/>\n<link rel=\"canonical\" href=\"https:\/\/test.burgwaechterservice.de\/fr\/recherche\/\" \/>\n<meta property=\"og:locale\" content=\"fr_FR\" \/>\n<meta property=\"og:type\" content=\"article\" \/>\n<meta property=\"og:title\" content=\"Recherche\" \/>\n<meta property=\"og:description\" content=\"Lors de la foule de contenu sur notre page web il est parfois difficile de trouver ce qu&#039;on cherche. C&#039;est pourquoi nous vous offrons deux fonctions de\" \/>\n<meta property=\"og:url\" content=\"https:\/\/test.burgwaechterservice.de\/fr\/recherche\/\" \/>\n<meta property=\"og:site_name\" content=\"Burg-W\u00e4chter France\" \/>\n<meta property=\"article:modified_time\" content=\"2016-09-17T10:06:21+00:00\" \/>\n<meta name=\"twitter:card\" content=\"summary_large_image\" \/>\n<!-- \/ Yoast SEO Premium plugin. -->","yoast_head_json":{"title":"Recherche - BURG-W\u00c4CHTER","description":"Lors de la foule de contenu sur notre page web il est parfois difficile de trouver ce qu'on cherche. C'est pourquoi nous vous offrons deux fonctions de","robots":{"index":"index","follow":"follow","max-snippet":"max-snippet:-1","max-image-preview":"max-image-preview:large","max-video-preview":"max-video-preview:-1"},"canonical":"https:\/\/test.burgwaechterservice.de\/fr\/recherche\/","og_locale":"fr_FR","og_type":"article","og_title":"Recherche","og_description":"Lors de la foule de contenu sur notre page web il est parfois difficile de trouver ce qu'on cherche. C'est pourquoi nous vous offrons deux fonctions de","og_url":"https:\/\/test.burgwaechterservice.de\/fr\/recherche\/","og_site_name":"Burg-W\u00e4chter France","article_modified_time":"2016-09-17T10:06:21+00:00","twitter_card":"summary_large_image","schema":{"@context":"https:\/\/schema.org","@graph":[{"@type":"WebPage","@id":"https:\/\/test.burgwaechterservice.de\/fr\/recherche\/","url":"https:\/\/test.burgwaechterservice.de\/fr\/recherche\/","name":"Recherche - BURG-W\u00c4CHTER","isPartOf":{"@id":"https:\/\/test.burgwaechterservice.de\/fr\/#website"},"datePublished":"2016-05-12T09:06:08+00:00","dateModified":"2016-09-17T10:06:21+00:00","description":"Lors de la foule de contenu sur notre page web il est parfois difficile de trouver ce qu'on cherche. C'est pourquoi nous vous offrons deux fonctions de","breadcrumb":{"@id":"https:\/\/test.burgwaechterservice.de\/fr\/recherche\/#breadcrumb"},"inLanguage":"fr-FR","potentialAction":[{"@type":"ReadAction","target":["https:\/\/test.burgwaechterservice.de\/fr\/recherche\/"]}]},{"@type":"BreadcrumbList","@id":"https:\/\/test.burgwaechterservice.de\/fr\/recherche\/#breadcrumb","itemListElement":[{"@type":"ListItem","position":1,"name":"Accueil","item":"https:\/\/test.burgwaechterservice.de\/fr\/"},{"@type":"ListItem","position":2,"name":"Recherche"}]},{"@type":"WebSite","@id":"https:\/\/test.burgwaechterservice.de\/fr\/#website","url":"https:\/\/test.burgwaechterservice.de\/fr\/","name":"Burg-W\u00e4chter France","description":"Le choix le plus s\u00fbr!","potentialAction":[{"@type":"SearchAction","target":{"@type":"EntryPoint","urlTemplate":"https:\/\/test.burgwaechterservice.de\/fr\/?s={search_term_string}"},"query-input":"required name=search_term_string"}],"inLanguage":"fr-FR"}]}},"_links":{"self":[{"href":"https:\/\/test.burgwaechterservice.de\/fr\/wp-json\/wp\/v2\/pages\/465"}],"collection":[{"href":"https:\/\/test.burgwaechterservice.de\/fr\/wp-json\/wp\/v2\/pages"}],"about":[{"href":"https:\/\/test.burgwaechterservice.de\/fr\/wp-json\/wp\/v2\/types\/page"}],"author":[{"embeddable":true,"href":"https:\/\/test.burgwaechterservice.de\/fr\/wp-json\/wp\/v2\/users\/1"}],"replies":[{"embeddable":true,"href":"https:\/\/test.burgwaechterservice.de\/fr\/wp-json\/wp\/v2\/comments?post=465"}],"version-history":[{"count":4,"href":"https:\/\/test.burgwaechterservice.de\/fr\/wp-json\/wp\/v2\/pages\/465\/revisions"}],"predecessor-version":[{"id":36780,"href":"https:\/\/test.burgwaechterservice.de\/fr\/wp-json\/wp\/v2\/pages\/465\/revisions\/36780"}],"wp:attachment":[{"href":"https:\/\/test.burgwaechterservice.de\/fr\/wp-json\/wp\/v2\/media?parent=465"}],"curies":[{"name":"wp","href":"https:\/\/api.w.org\/{rel}","templated":true}]}}