{"id":404,"date":"2016-05-10T13:05:04","date_gmt":"2016-05-10T11:05:04","guid":{"rendered":"https:\/\/www.burg.biz\/?page_id=404"},"modified":"2021-10-03T14:22:29","modified_gmt":"2021-10-03T12:22:29","slug":"impression","status":"publish","type":"page","link":"https:\/\/test.burgwaechterservice.de\/fr\/impression\/","title":{"rendered":"Impression"},"content":{"rendered":"<div class=\"row\"> <div class=\"col-md-6  \">\n<p><strong>BURG WACHTER FRANCE SASu<\/strong><\/p>\n<p>Route de Pantegnies<br \/>\nAncien Site EDF<br \/>\n59138 Pont Sur Sambre<br \/>\nFrance<br \/>\nTel: +33 3 88 59 18 43<br \/>\nFax: +33 3 88 59 18 45<\/p>\n<p>E-Mail: <a href=\"mailto:france@burg.biz\">france@burg.biz<\/a><\/p>\n<\/div><div class=\"col-md-6  \">\n<p><strong>BURG-W\u00c4CHTER KG<\/strong><\/p>\n<p>Altenhofer Weg 15<br \/>\nD-58300 Wetter<br \/>\nT\u00e9l.: +49 2335 965 30<br \/>\nFax: +49 2335 965 390<br \/>\nE-Mail: <a href=\"mailto:info@burg.biz\">info@burg.biz<\/a><\/p>\n<\/div><\/div>\n<p>&nbsp;<\/p>\n<p><strong>Registre du commerce:<\/strong> Le tribunal cantonal Hagen, No. HR A 3901<br \/>\n<strong>No. intracommunautaire:<\/strong> DE126881184<br \/>\n<strong>WEEE-Reg.-No:<\/strong> DE19767115<br \/>\n<strong>La direction:<\/strong> Dietmar L\u00fcling, Harald L\u00fcling, Reinhard L\u00fcling<\/p>\n<p><strong>R\u00e8glement de litige de consommateurs<\/strong><\/p>\n<p>La soci\u00e9t\u00e9 en commandite Burg-W\u00e4chter KG n\u2019est pas soumise \u00e0 participation \u00e0 des proc\u00e9dures de r\u00e8glement de litige devant un bureau de conciliation de consommateurs. Une participation volontaire est exclue.<\/p>\n<p><strong>EXCLUSION DE GARANTIE<\/strong><br \/>\nLes informations diffus\u00e9es sur nos pages Web ont \u00e9t\u00e9 minutieusement contr\u00f4l\u00e9es et sont r\u00e9guli\u00e8rement actualis\u00e9es.\u2028 Cependant, nous ne pouvons pas garantir que toutes les donn\u00e9es sont r\u00e9centes, compl\u00e8tes, et correctes. \u2028Ceci est surtout valable pour les sites Internet qui ne sont pas h\u00e9berg\u00e9s par notre serveur.<\/p>\n<p>Burg-W\u00e4chter KG d\u00e9cline toutes responsabilit\u00e9s quant au contenu des pages concern\u00e9es sur ces sites.\u2028 N\u00e9anmoins, nous faisons r\u00e9guli\u00e8rement des tests de v\u00e9rification des pages Web concern\u00e9es.\u2028 Tous les renseignements peuvent \u00eatre modif\u00e9s, supprim\u00e9s ou compl\u00e9t\u00e9s \u00e0 tout moment.<\/p>\n","protected":false},"excerpt":{"rendered":"<p>&nbsp; Registre du commerce: Le tribunal cantonal Hagen, No. HR A 3901 No. intracommunautaire: DE126881184 WEEE-Reg.-No: DE19767115 La direction: Dietmar L\u00fcling, Harald L\u00fcling, Reinhard L\u00fcling R\u00e8glement de litige de consommateurs La soci\u00e9t\u00e9 en commandite Burg-W\u00e4chter KG n\u2019est pas soumise \u00e0 &hellip; <a class=\"kt-excerpt-readmore\" href=\"https:\/\/test.burgwaechterservice.de\/fr\/impression\/\" aria-label=\"Impression\">Lire la suite<\/a><\/p>\n","protected":false},"author":1,"featured_media":0,"parent":0,"menu_order":40,"comment_status":"closed","ping_status":"closed","template":"","meta":[],"yoast_head":"<!-- This site is optimized with the Yoast SEO Premium plugin v18.4 (Yoast SEO v19.13) - https:\/\/yoast.com\/wordpress\/plugins\/seo\/ -->\n<title>Impression - BURG-W\u00c4CHTER<\/title>\n<meta name=\"description\" content=\"&nbsp; Registre du commerce: Le tribunal cantonal Hagen, No. HR A 3901 No. intracommunautaire: DE126881184 WEEE-Reg.-No: DE19767115 La direction: Dietmar\" \/>\n<meta name=\"robots\" content=\"index, follow, max-snippet:-1, max-image-preview:large, max-video-preview:-1\" \/>\n<link rel=\"canonical\" href=\"https:\/\/test.burgwaechterservice.de\/fr\/impression\/\" \/>\n<meta property=\"og:locale\" content=\"fr_FR\" \/>\n<meta property=\"og:type\" content=\"article\" \/>\n<meta property=\"og:title\" content=\"Impression\" \/>\n<meta property=\"og:description\" content=\"&nbsp; Registre du commerce: Le tribunal cantonal Hagen, No. HR A 3901 No. intracommunautaire: DE126881184 WEEE-Reg.-No: DE19767115 La direction: Dietmar\" \/>\n<meta property=\"og:url\" content=\"https:\/\/test.burgwaechterservice.de\/fr\/impression\/\" \/>\n<meta property=\"og:site_name\" content=\"Burg-W\u00e4chter France\" \/>\n<meta property=\"article:modified_time\" content=\"2021-10-03T12:22:29+00:00\" \/>\n<meta name=\"twitter:card\" content=\"summary_large_image\" \/>\n<meta name=\"twitter:label1\" content=\"Dur\u00e9e de lecture estim\u00e9e\" \/>\n\t<meta name=\"twitter:data1\" content=\"1 minute\" \/>\n<!-- \/ Yoast SEO Premium plugin. -->","yoast_head_json":{"title":"Impression - BURG-W\u00c4CHTER","description":"&nbsp; Registre du commerce: Le tribunal cantonal Hagen, No. HR A 3901 No. intracommunautaire: DE126881184 WEEE-Reg.-No: DE19767115 La direction: Dietmar","robots":{"index":"index","follow":"follow","max-snippet":"max-snippet:-1","max-image-preview":"max-image-preview:large","max-video-preview":"max-video-preview:-1"},"canonical":"https:\/\/test.burgwaechterservice.de\/fr\/impression\/","og_locale":"fr_FR","og_type":"article","og_title":"Impression","og_description":"&nbsp; Registre du commerce: Le tribunal cantonal Hagen, No. HR A 3901 No. intracommunautaire: DE126881184 WEEE-Reg.-No: DE19767115 La direction: Dietmar","og_url":"https:\/\/test.burgwaechterservice.de\/fr\/impression\/","og_site_name":"Burg-W\u00e4chter France","article_modified_time":"2021-10-03T12:22:29+00:00","twitter_card":"summary_large_image","twitter_misc":{"Dur\u00e9e de lecture estim\u00e9e":"1 minute"},"schema":{"@context":"https:\/\/schema.org","@graph":[{"@type":"WebPage","@id":"https:\/\/test.burgwaechterservice.de\/fr\/impression\/","url":"https:\/\/test.burgwaechterservice.de\/fr\/impression\/","name":"Impression - BURG-W\u00c4CHTER","isPartOf":{"@id":"https:\/\/test.burgwaechterservice.de\/fr\/#website"},"datePublished":"2016-05-10T11:05:04+00:00","dateModified":"2021-10-03T12:22:29+00:00","description":"&nbsp; Registre du commerce: Le tribunal cantonal Hagen, No. HR A 3901 No. intracommunautaire: DE126881184 WEEE-Reg.-No: DE19767115 La direction: Dietmar","breadcrumb":{"@id":"https:\/\/test.burgwaechterservice.de\/fr\/impression\/#breadcrumb"},"inLanguage":"fr-FR","potentialAction":[{"@type":"ReadAction","target":["https:\/\/test.burgwaechterservice.de\/fr\/impression\/"]}]},{"@type":"BreadcrumbList","@id":"https:\/\/test.burgwaechterservice.de\/fr\/impression\/#breadcrumb","itemListElement":[{"@type":"ListItem","position":1,"name":"Accueil","item":"https:\/\/test.burgwaechterservice.de\/fr\/"},{"@type":"ListItem","position":2,"name":"Impression"}]},{"@type":"WebSite","@id":"https:\/\/test.burgwaechterservice.de\/fr\/#website","url":"https:\/\/test.burgwaechterservice.de\/fr\/","name":"Burg-W\u00e4chter France","description":"Le choix le plus s\u00fbr!","potentialAction":[{"@type":"SearchAction","target":{"@type":"EntryPoint","urlTemplate":"https:\/\/test.burgwaechterservice.de\/fr\/?s={search_term_string}"},"query-input":"required name=search_term_string"}],"inLanguage":"fr-FR"}]}},"_links":{"self":[{"href":"https:\/\/test.burgwaechterservice.de\/fr\/wp-json\/wp\/v2\/pages\/404"}],"collection":[{"href":"https:\/\/test.burgwaechterservice.de\/fr\/wp-json\/wp\/v2\/pages"}],"about":[{"href":"https:\/\/test.burgwaechterservice.de\/fr\/wp-json\/wp\/v2\/types\/page"}],"author":[{"embeddable":true,"href":"https:\/\/test.burgwaechterservice.de\/fr\/wp-json\/wp\/v2\/users\/1"}],"replies":[{"embeddable":true,"href":"https:\/\/test.burgwaechterservice.de\/fr\/wp-json\/wp\/v2\/comments?post=404"}],"version-history":[{"count":6,"href":"https:\/\/test.burgwaechterservice.de\/fr\/wp-json\/wp\/v2\/pages\/404\/revisions"}],"predecessor-version":[{"id":553784,"href":"https:\/\/test.burgwaechterservice.de\/fr\/wp-json\/wp\/v2\/pages\/404\/revisions\/553784"}],"wp:attachment":[{"href":"https:\/\/test.burgwaechterservice.de\/fr\/wp-json\/wp\/v2\/media?parent=404"}],"curies":[{"name":"wp","href":"https:\/\/api.w.org\/{rel}","templated":true}]}}