{"id":36693,"date":"2016-09-09T14:12:54","date_gmt":"2016-09-09T12:12:54","guid":{"rendered":"https:\/\/www.burg.biz\/fr\/?page_id=36693"},"modified":"2021-08-17T08:11:26","modified_gmt":"2021-08-17T06:11:26","slug":"videosurveillance","status":"publish","type":"page","link":"https:\/\/test.burgwaechterservice.de\/fr\/videosurveillance\/","title":{"rendered":"Vid\u00e9osurveillance"},"content":{"rendered":"<p align=\"justify\"><a href=\"https:\/\/test.burgwaechterservice.de\/fr\/wp-content\/uploads\/sites\/4\/2021\/08\/Logo_BURG-Guard.png\"><img decoding=\"async\" class=\"wp-image-540883  alignright\" src=\"https:\/\/test.burgwaechterservice.de\/fr\/wp-content\/uploads\/sites\/4\/2021\/08\/Logo_BURG-Guard-300x129.png\" alt=\"\" width=\"277\" height=\"119\" srcset=\"https:\/\/test.burgwaechterservice.de\/fr\/wp-content\/uploads\/sites\/4\/2021\/08\/Logo_BURG-Guard-300x129.png 300w, https:\/\/test.burgwaechterservice.de\/fr\/wp-content\/uploads\/sites\/4\/2021\/08\/Logo_BURG-Guard-768x331.png 768w, https:\/\/test.burgwaechterservice.de\/fr\/wp-content\/uploads\/sites\/4\/2021\/08\/Logo_BURG-Guard.png 921w\" sizes=\"(max-width: 277px) 100vw, 277px\" \/><\/a>La soci\u00e9t\u00e9 SANTEC BW AG (S.A.) est une entreprise du groupe BURG-W\u00c4CHTER. La soci\u00e9t\u00e9 SANTEC distribue des produits professionnels en mati\u00e8re de vid\u00e9osurveillance. Les produits SANTEC sont disponibles exclusivement chez les partenaires de SANTEC BW AG (S.A.).<\/p>\n<p align=\"justify\"><a href=\"http:\/\/www.santec-video.com\/\" target=\"_blank\" rel=\"noopener\">SANTEC produits professionnels pour la vid\u00e9osurveillance<\/a><\/p>\n","protected":false},"excerpt":{"rendered":"<p>La soci\u00e9t\u00e9 SANTEC BW AG (S.A.) est une entreprise du groupe BURG-W\u00c4CHTER. La soci\u00e9t\u00e9 SANTEC distribue des produits professionnels en mati\u00e8re de vid\u00e9osurveillance. Les produits SANTEC sont disponibles exclusivement chez les partenaires de SANTEC BW AG (S.A.). SANTEC produits professionnels &hellip; <a class=\"kt-excerpt-readmore\" href=\"https:\/\/test.burgwaechterservice.de\/fr\/videosurveillance\/\" aria-label=\"Vid\u00e9osurveillance\">Lire la suite<\/a><\/p>\n","protected":false},"author":1,"featured_media":0,"parent":0,"menu_order":0,"comment_status":"closed","ping_status":"closed","template":"","meta":[],"yoast_head":"<!-- This site is optimized with the Yoast SEO Premium plugin v18.4 (Yoast SEO v19.13) - https:\/\/yoast.com\/wordpress\/plugins\/seo\/ -->\n<title>Vid\u00e9osurveillance - BURG-W\u00c4CHTER<\/title>\n<meta name=\"description\" content=\"La soci\u00e9t\u00e9 SANTEC BW AG (S.A.) est une entreprise du groupe BURG-W\u00c4CHTER. La soci\u00e9t\u00e9 SANTEC distribue des produits professionnels en mati\u00e8re de\" \/>\n<meta name=\"robots\" content=\"index, follow, max-snippet:-1, max-image-preview:large, max-video-preview:-1\" \/>\n<link rel=\"canonical\" href=\"https:\/\/test.burgwaechterservice.de\/fr\/videosurveillance\/\" \/>\n<meta property=\"og:locale\" content=\"fr_FR\" \/>\n<meta property=\"og:type\" content=\"article\" \/>\n<meta property=\"og:title\" content=\"Vid\u00e9osurveillance\" \/>\n<meta property=\"og:description\" content=\"La soci\u00e9t\u00e9 SANTEC BW AG (S.A.) est une entreprise du groupe BURG-W\u00c4CHTER. La soci\u00e9t\u00e9 SANTEC distribue des produits professionnels en mati\u00e8re de\" \/>\n<meta property=\"og:url\" content=\"https:\/\/test.burgwaechterservice.de\/fr\/videosurveillance\/\" \/>\n<meta property=\"og:site_name\" content=\"Burg-W\u00e4chter France\" \/>\n<meta property=\"article:modified_time\" content=\"2021-08-17T06:11:26+00:00\" \/>\n<meta property=\"og:image\" content=\"https:\/\/test.burgwaechterservice.de\/fr\/wp-content\/uploads\/sites\/4\/2021\/08\/Logo_BURG-Guard-300x129.png\" \/>\n<meta name=\"twitter:card\" content=\"summary_large_image\" \/>\n<meta name=\"twitter:label1\" content=\"Dur\u00e9e de lecture estim\u00e9e\" \/>\n\t<meta name=\"twitter:data1\" content=\"1 minute\" \/>\n<!-- \/ Yoast SEO Premium plugin. -->","yoast_head_json":{"title":"Vid\u00e9osurveillance - BURG-W\u00c4CHTER","description":"La soci\u00e9t\u00e9 SANTEC BW AG (S.A.) est une entreprise du groupe BURG-W\u00c4CHTER. La soci\u00e9t\u00e9 SANTEC distribue des produits professionnels en mati\u00e8re de","robots":{"index":"index","follow":"follow","max-snippet":"max-snippet:-1","max-image-preview":"max-image-preview:large","max-video-preview":"max-video-preview:-1"},"canonical":"https:\/\/test.burgwaechterservice.de\/fr\/videosurveillance\/","og_locale":"fr_FR","og_type":"article","og_title":"Vid\u00e9osurveillance","og_description":"La soci\u00e9t\u00e9 SANTEC BW AG (S.A.) est une entreprise du groupe BURG-W\u00c4CHTER. La soci\u00e9t\u00e9 SANTEC distribue des produits professionnels en mati\u00e8re de","og_url":"https:\/\/test.burgwaechterservice.de\/fr\/videosurveillance\/","og_site_name":"Burg-W\u00e4chter France","article_modified_time":"2021-08-17T06:11:26+00:00","og_image":[{"url":"https:\/\/test.burgwaechterservice.de\/fr\/wp-content\/uploads\/sites\/4\/2021\/08\/Logo_BURG-Guard-300x129.png"}],"twitter_card":"summary_large_image","twitter_misc":{"Dur\u00e9e de lecture estim\u00e9e":"1 minute"},"schema":{"@context":"https:\/\/schema.org","@graph":[{"@type":"WebPage","@id":"https:\/\/test.burgwaechterservice.de\/fr\/videosurveillance\/","url":"https:\/\/test.burgwaechterservice.de\/fr\/videosurveillance\/","name":"Vid\u00e9osurveillance - BURG-W\u00c4CHTER","isPartOf":{"@id":"https:\/\/test.burgwaechterservice.de\/fr\/#website"},"datePublished":"2016-09-09T12:12:54+00:00","dateModified":"2021-08-17T06:11:26+00:00","description":"La soci\u00e9t\u00e9 SANTEC BW AG (S.A.) est une entreprise du groupe BURG-W\u00c4CHTER. La soci\u00e9t\u00e9 SANTEC distribue des produits professionnels en mati\u00e8re de","breadcrumb":{"@id":"https:\/\/test.burgwaechterservice.de\/fr\/videosurveillance\/#breadcrumb"},"inLanguage":"fr-FR","potentialAction":[{"@type":"ReadAction","target":["https:\/\/test.burgwaechterservice.de\/fr\/videosurveillance\/"]}]},{"@type":"BreadcrumbList","@id":"https:\/\/test.burgwaechterservice.de\/fr\/videosurveillance\/#breadcrumb","itemListElement":[{"@type":"ListItem","position":1,"name":"Accueil","item":"https:\/\/test.burgwaechterservice.de\/fr\/"},{"@type":"ListItem","position":2,"name":"Vid\u00e9osurveillance"}]},{"@type":"WebSite","@id":"https:\/\/test.burgwaechterservice.de\/fr\/#website","url":"https:\/\/test.burgwaechterservice.de\/fr\/","name":"Burg-W\u00e4chter France","description":"Le choix le plus s\u00fbr!","potentialAction":[{"@type":"SearchAction","target":{"@type":"EntryPoint","urlTemplate":"https:\/\/test.burgwaechterservice.de\/fr\/?s={search_term_string}"},"query-input":"required name=search_term_string"}],"inLanguage":"fr-FR"}]}},"_links":{"self":[{"href":"https:\/\/test.burgwaechterservice.de\/fr\/wp-json\/wp\/v2\/pages\/36693"}],"collection":[{"href":"https:\/\/test.burgwaechterservice.de\/fr\/wp-json\/wp\/v2\/pages"}],"about":[{"href":"https:\/\/test.burgwaechterservice.de\/fr\/wp-json\/wp\/v2\/types\/page"}],"author":[{"embeddable":true,"href":"https:\/\/test.burgwaechterservice.de\/fr\/wp-json\/wp\/v2\/users\/1"}],"replies":[{"embeddable":true,"href":"https:\/\/test.burgwaechterservice.de\/fr\/wp-json\/wp\/v2\/comments?post=36693"}],"version-history":[{"count":3,"href":"https:\/\/test.burgwaechterservice.de\/fr\/wp-json\/wp\/v2\/pages\/36693\/revisions"}],"predecessor-version":[{"id":540884,"href":"https:\/\/test.burgwaechterservice.de\/fr\/wp-json\/wp\/v2\/pages\/36693\/revisions\/540884"}],"wp:attachment":[{"href":"https:\/\/test.burgwaechterservice.de\/fr\/wp-json\/wp\/v2\/media?parent=36693"}],"curies":[{"name":"wp","href":"https:\/\/api.w.org\/{rel}","templated":true}]}}