{"id":33215,"date":"2016-08-01T07:55:01","date_gmt":"2016-08-01T05:55:01","guid":{"rendered":"https:\/\/www.burg.biz\/?page_id=33215"},"modified":"2016-09-09T11:55:14","modified_gmt":"2016-09-09T09:55:14","slug":"faq-2","status":"publish","type":"page","link":"https:\/\/test.burgwaechterservice.de\/fr\/service-telechargements\/faq-2\/","title":{"rendered":"FAQ"},"content":{"rendered":"<h3>Coffres-forts<\/h3>\n<p><a href=\"https:\/\/test.burgwaechterservice.de\/fr\/wp-content\/uploads\/sites\/4\/2016\/08\/1faq_coffres-forts_g\u00e9n\u00e9ral_2_1114.pdf\" target=\"_blank\">G\u00e9n\u00e9ral<\/a><\/p>\n<p><a href=\"https:\/\/test.burgwaechterservice.de\/fr\/wp-content\/uploads\/sites\/4\/2016\/08\/2faq_coffres-forts_pointsafe_1014.pdf\" target=\"_blank\">Questions concernant le Point Safe<\/a><\/p>\n<p><a href=\"https:\/\/test.burgwaechterservice.de\/fr\/wp-content\/uploads\/sites\/4\/2016\/08\/3faq_coffres-forts_homesafe_cityline_0115.pdf\">Questions concernant les coffres-forts HomeSafe, Cityline<\/a><\/p>\n<p><a href=\"https:\/\/test.burgwaechterservice.de\/fr\/wp-content\/uploads\/sites\/4\/2016\/08\/4faq_coffres-forts_combiline_1014.pdf\" target=\"_blank\">Questions concernant les coffres-forts CombiLine<\/a><\/p>\n<p><a href=\"https:\/\/test.burgwaechterservice.de\/fr\/wp-content\/uploads\/sites\/4\/2016\/08\/5faq_coffres-forts_karat_1014.pdf\" target=\"_blank\">Questions concernant les coffres-forts Karat<\/a><\/p>\n<p><a href=\"https:\/\/test.burgwaechterservice.de\/fr\/wp-content\/uploads\/sites\/4\/2016\/08\/6faq_coffres-forts_fp4e_1014.pdf\">Questions concernant le coffre-fort ignifuge FP 4 E (\u00e9galement mod\u00e8l sp\u00e9cial OF 1000)<\/a><\/p>\n<p><a href=\"https:\/\/test.burgwaechterservice.de\/fr\/wp-content\/uploads\/sites\/4\/2016\/08\/7faq_coffres-forts_ranger_1014.pdf\" target=\"_blank\">Questions concernant le Ranger<\/a><\/p>\n<p><a href=\"https:\/\/test.burgwaechterservice.de\/fr\/wp-content\/uploads\/sites\/4\/2016\/08\/8faq_coffres-forts_basic-safe_1014.pdf\" target=\"_blank\">Questions concernant Basic-Safe \/ Smart Safe \/ Uni-Safe<\/a><\/p>\n<p>&nbsp;<\/p>\n<hr \/>\n<h3>TSE Cylindres \u00e9lectroniques pour portes<\/h3>\n<p><a href=\"https:\/\/test.burgwaechterservice.de\/fr\/wp-content\/uploads\/sites\/4\/2016\/08\/1faq_tse_cylindre_fr_0915.pdf\" target=\"_blank\">Cylindre<\/a><\/p>\n<p><a href=\"https:\/\/test.burgwaechterservice.de\/fr\/wp-content\/uploads\/sites\/4\/2016\/08\/2faq_tse_serrure_de_secours_fr_0915.pdf\" target=\"_blank\">Serrure de secours<\/a><\/p>\n<p><a href=\"https:\/\/test.burgwaechterservice.de\/fr\/wp-content\/uploads\/sites\/4\/2016\/08\/3faq_tse_clavier_fr_0915.pdf\" target=\"_blank\">Clavier<\/a><\/p>\n<p><a href=\"https:\/\/test.burgwaechterservice.de\/fr\/wp-content\/uploads\/sites\/4\/2016\/08\/4faq_tse_e-key_fr_0915.pdf\" target=\"_blank\">E-Key<\/a><\/p>\n<p><a href=\"https:\/\/test.burgwaechterservice.de\/fr\/wp-content\/uploads\/sites\/4\/2016\/08\/5faq_tse_piles_fr_0915.pdf\" target=\"_blank\">Piles<\/a><\/p>\n<p><a href=\"https:\/\/test.burgwaechterservice.de\/fr\/wp-content\/uploads\/sites\/4\/2016\/08\/6faq_tse_r\u00e9p\u00e9ter_fr_0915.pdf\" target=\"_blank\">R\u00e9p\u00e9ter la proc\u00e9dure s.v.p.<\/a><\/p>\n<p><a href=\"https:\/\/test.burgwaechterservice.de\/fr\/wp-content\/uploads\/sites\/4\/2016\/08\/7faq_tse_logiciel_fr_0915.pdf\" target=\"_blank\">Logiciel<\/a><\/p>\n","protected":false},"excerpt":{"rendered":"<p>Coffres-forts G\u00e9n\u00e9ral Questions concernant le Point Safe Questions concernant les coffres-forts HomeSafe, Cityline Questions concernant les coffres-forts CombiLine Questions concernant les coffres-forts Karat Questions concernant le coffre-fort ignifuge FP 4 E (\u00e9galement mod\u00e8l sp\u00e9cial OF 1000) Questions concernant le Ranger &hellip; <a class=\"kt-excerpt-readmore\" href=\"https:\/\/test.burgwaechterservice.de\/fr\/service-telechargements\/faq-2\/\" aria-label=\"FAQ\">Lire la suite<\/a><\/p>\n","protected":false},"author":1,"featured_media":0,"parent":33160,"menu_order":30,"comment_status":"closed","ping_status":"closed","template":"","meta":[],"yoast_head":"<!-- This site is optimized with the Yoast SEO Premium plugin v18.4 (Yoast SEO v19.13) - https:\/\/yoast.com\/wordpress\/plugins\/seo\/ -->\n<title>FAQ - BURG-W\u00c4CHTER<\/title>\n<meta name=\"description\" content=\"Coffres-forts G\u00e9n\u00e9ral Questions concernant le Point Safe Questions concernant les coffres-forts HomeSafe, Cityline Questions concernant les coffres-forts\" \/>\n<meta name=\"robots\" content=\"index, follow, max-snippet:-1, max-image-preview:large, max-video-preview:-1\" \/>\n<link rel=\"canonical\" href=\"https:\/\/test.burgwaechterservice.de\/fr\/service-telechargements\/faq-2\/\" \/>\n<meta property=\"og:locale\" content=\"fr_FR\" \/>\n<meta property=\"og:type\" content=\"article\" \/>\n<meta property=\"og:title\" content=\"FAQ\" \/>\n<meta property=\"og:description\" content=\"Coffres-forts G\u00e9n\u00e9ral Questions concernant le Point Safe Questions concernant les coffres-forts HomeSafe, Cityline Questions concernant les coffres-forts\" \/>\n<meta property=\"og:url\" content=\"https:\/\/test.burgwaechterservice.de\/fr\/service-telechargements\/faq-2\/\" \/>\n<meta property=\"og:site_name\" content=\"Burg-W\u00e4chter France\" \/>\n<meta property=\"article:modified_time\" content=\"2016-09-09T09:55:14+00:00\" \/>\n<meta name=\"twitter:card\" content=\"summary_large_image\" \/>\n<!-- \/ Yoast SEO Premium plugin. -->","yoast_head_json":{"title":"FAQ - BURG-W\u00c4CHTER","description":"Coffres-forts G\u00e9n\u00e9ral Questions concernant le Point Safe Questions concernant les coffres-forts HomeSafe, Cityline Questions concernant les coffres-forts","robots":{"index":"index","follow":"follow","max-snippet":"max-snippet:-1","max-image-preview":"max-image-preview:large","max-video-preview":"max-video-preview:-1"},"canonical":"https:\/\/test.burgwaechterservice.de\/fr\/service-telechargements\/faq-2\/","og_locale":"fr_FR","og_type":"article","og_title":"FAQ","og_description":"Coffres-forts G\u00e9n\u00e9ral Questions concernant le Point Safe Questions concernant les coffres-forts HomeSafe, Cityline Questions concernant les coffres-forts","og_url":"https:\/\/test.burgwaechterservice.de\/fr\/service-telechargements\/faq-2\/","og_site_name":"Burg-W\u00e4chter France","article_modified_time":"2016-09-09T09:55:14+00:00","twitter_card":"summary_large_image","schema":{"@context":"https:\/\/schema.org","@graph":[{"@type":"WebPage","@id":"https:\/\/test.burgwaechterservice.de\/fr\/service-telechargements\/faq-2\/","url":"https:\/\/test.burgwaechterservice.de\/fr\/service-telechargements\/faq-2\/","name":"FAQ - BURG-W\u00c4CHTER","isPartOf":{"@id":"https:\/\/test.burgwaechterservice.de\/fr\/#website"},"datePublished":"2016-08-01T05:55:01+00:00","dateModified":"2016-09-09T09:55:14+00:00","description":"Coffres-forts G\u00e9n\u00e9ral Questions concernant le Point Safe Questions concernant les coffres-forts HomeSafe, Cityline Questions concernant les coffres-forts","breadcrumb":{"@id":"https:\/\/test.burgwaechterservice.de\/fr\/service-telechargements\/faq-2\/#breadcrumb"},"inLanguage":"fr-FR","potentialAction":[{"@type":"ReadAction","target":["https:\/\/test.burgwaechterservice.de\/fr\/service-telechargements\/faq-2\/"]}]},{"@type":"BreadcrumbList","@id":"https:\/\/test.burgwaechterservice.de\/fr\/service-telechargements\/faq-2\/#breadcrumb","itemListElement":[{"@type":"ListItem","position":1,"name":"Accueil","item":"https:\/\/test.burgwaechterservice.de\/fr\/"},{"@type":"ListItem","position":2,"name":"Service &#038; T\u00e9l\u00e9chargements","item":"https:\/\/test.burgwaechterservice.de\/fr\/service-telechargements\/"},{"@type":"ListItem","position":3,"name":"FAQ"}]},{"@type":"WebSite","@id":"https:\/\/test.burgwaechterservice.de\/fr\/#website","url":"https:\/\/test.burgwaechterservice.de\/fr\/","name":"Burg-W\u00e4chter France","description":"Le choix le plus s\u00fbr!","potentialAction":[{"@type":"SearchAction","target":{"@type":"EntryPoint","urlTemplate":"https:\/\/test.burgwaechterservice.de\/fr\/?s={search_term_string}"},"query-input":"required name=search_term_string"}],"inLanguage":"fr-FR"}]}},"_links":{"self":[{"href":"https:\/\/test.burgwaechterservice.de\/fr\/wp-json\/wp\/v2\/pages\/33215"}],"collection":[{"href":"https:\/\/test.burgwaechterservice.de\/fr\/wp-json\/wp\/v2\/pages"}],"about":[{"href":"https:\/\/test.burgwaechterservice.de\/fr\/wp-json\/wp\/v2\/types\/page"}],"author":[{"embeddable":true,"href":"https:\/\/test.burgwaechterservice.de\/fr\/wp-json\/wp\/v2\/users\/1"}],"replies":[{"embeddable":true,"href":"https:\/\/test.burgwaechterservice.de\/fr\/wp-json\/wp\/v2\/comments?post=33215"}],"version-history":[{"count":5,"href":"https:\/\/test.burgwaechterservice.de\/fr\/wp-json\/wp\/v2\/pages\/33215\/revisions"}],"predecessor-version":[{"id":36685,"href":"https:\/\/test.burgwaechterservice.de\/fr\/wp-json\/wp\/v2\/pages\/33215\/revisions\/36685"}],"up":[{"embeddable":true,"href":"https:\/\/test.burgwaechterservice.de\/fr\/wp-json\/wp\/v2\/pages\/33160"}],"wp:attachment":[{"href":"https:\/\/test.burgwaechterservice.de\/fr\/wp-json\/wp\/v2\/media?parent=33215"}],"curies":[{"name":"wp","href":"https:\/\/api.w.org\/{rel}","templated":true}]}}