{"id":33213,"date":"2016-08-01T07:53:09","date_gmt":"2016-08-01T05:53:09","guid":{"rendered":"https:\/\/www.burg.biz\/?page_id=33213"},"modified":"2019-08-28T11:49:21","modified_gmt":"2019-08-28T09:49:21","slug":"software","status":"publish","type":"page","link":"https:\/\/test.burgwaechterservice.de\/fr\/service-telechargements\/software\/","title":{"rendered":"Software"},"content":{"rendered":"<h3>S\u00e9rie secuENTRY<\/h3>\r\n<p><a href=\"https:\/\/test.burgwaechterservice.de\/international\/wp-content\/uploads\/sites\/7\/2016\/08\/downloadwizard_0715.zip\" target=\"_blank\" rel=\"noopener noreferrer\">T<span id=\"result_box\" class=\"short_text\" lang=\"fr\"><span class=\"\">\u00e9l\u00e9charger<\/span><\/span>\u00a0Wizard secuENTRY (2,7 MB)<\/a><\/p>\r\n<h4>T<span id=\"result_box\" class=\"short_text\" lang=\"fr\"><span class=\"\">\u00e9l\u00e9charger<\/span><\/span> secuENTRY software:<\/h4>\r\n<p>Version 1.5,\u00a0<span id=\"result_box\" class=\"short_text\" lang=\"fr\"><span class=\"\">compatible<\/span><\/span> avec Windows 10-Pro 16.07<\/p>\r\n<p><a href=\"https:\/\/test.burgwaechterservice.de\/wp-content\/uploads\/2019\/06\/secuENTRY_Light_V2.1.3_WindowsSoftware.zip\" target=\"_blank\" rel=\"noopener noreferrer\">secuENTRY 5750 Light V2.1.3 (30 MB)<\/a><\/p>\r\n<!-- \/wp:paragraph -->\r\n\r\n<!-- wp:paragraph -->\r\n<p><a href=\"https:\/\/test.burgwaechterservice.de\/wp-content\/uploads\/2017\/12\/secuENTRY_Windows_Software-2.zip\" target=\"_blank\" rel=\"noopener noreferrer\">secuENTRY 7081 System (20 MB)<\/a><\/p>\r\n<!-- \/wp:paragraph -->\r\n\r\n<!-- wp:paragraph -->\r\n<p><a href=\"https:\/\/test.burgwaechterservice.de\/wp-content\/uploads\/2017\/12\/secuENTRY_Windows_Software-2.zip\" target=\"_blank\" rel=\"noopener noreferrer\">secuENTRY 7082 System + (20 MB) <\/a><\/p>\r\n<p><a href=\"https:\/\/test.burgwaechterservice.de\/wp-content\/uploads\/2019\/08\/secuENTRY_PRO_V2.1.4_WindowsSoftware.zip\">secuENTRY 7083 PRO V2.1.4 (30 MB)<\/a><\/p>\r\n<p><a href=\"https:\/\/test.burgwaechterservice.de\/wp-content\/uploads\/2019\/06\/secuENTRY_AbFeWo_2.0.1_WindowsSoftware.zip\" target=\"_blank\" rel=\"noopener noreferrer\">secuENTRY 7094 AbFeWo V2.0.1 (52 MB)<\/a><\/p>\r\n<!-- \/wp:paragraph -->\r\n\r\n<!-- wp:paragraph -->\r\n<p><a href=\"https:\/\/test.burgwaechterservice.de\/wp-content\/uploads\/2019\/02\/WindowsSoftware_secuENTRY_Setup.zip\">secuENTRY Setup Software<\/a><\/p>\r\n<hr \/>\r\n<h3>S\u00e9rie TSE<\/h3>\r\n<p><a href=\"https:\/\/test.burgwaechterservice.de\/fr\/wp-content\/uploads\/sites\/4\/2016\/08\/tse_downloadwizard.zip\" target=\"_blank\" rel=\"noopener noreferrer\">T\u00e9l\u00e9chargement Wizard TSE (5,0 MB) &#8211; recommand\u00e9 <\/a><\/p>\r\n<p><a href=\"https:\/\/test.burgwaechterservice.de\/fr\/wp-content\/uploads\/sites\/4\/2016\/08\/usb-treiber_windows_7.zip\" target=\"_blank\" rel=\"noopener noreferrer\">Pilote du TSE (2,3 MB)<\/a> T\u00e9l\u00e9chargement manuel &#8211; non recommand\u00e9<\/p>\r\n<p><a href=\"#tse5500\">TSE 5500 Light<\/a> | <a href=\"#tse-6501\">TSE 6501 System &amp; 6502 System+<\/a> | <a href=\"#demo\">Demo-Version<\/a><\/p>\r\n<hr \/>\r\n<p>Les anciennes versions:<\/p>\r\n<ul>\r\n<li><a href=\"#tse-6401\">TSE 6401 SYSTEM<\/a><\/li>\r\n<li><a href=\"#tse5400\">TSE 5400 Light<\/a><\/li>\r\n<li><a href=\"#businessplus\">TSE Wireless BUSINESS+<\/a><\/li>\r\n<li><a href=\"#tsehomeplus\">TSE Wireless HOME +<\/a><\/li>\r\n<li><a href=\"#business\">TSE 3004 BUSINESS<\/a><\/li>\r\n<li><a href=\"#tsehome\">TSE 3004 HOME<\/a><\/li>\r\n<li><a href=\"#demo\">DEMO versions<\/a><\/li>\r\n<\/ul>\r\n<h3 id=\"tse-6501\">TSE 6501 SYSTEM &amp; 6502 SYSTEM+<\/h3>\r\n<p>Version 5.2<\/p>\r\n<p><a href=\"https:\/\/test.burgwaechterservice.de\/fr\/wp-content\/uploads\/sites\/4\/2016\/08\/tse_update_5.2.zip\" target=\"_blank\" rel=\"noopener noreferrer\">Software-T\u00e9l\u00e9chargement (ca. 11 MB) <\/a><\/p>\r\n<p><a href=\"https:\/\/test.burgwaechterservice.de\/wp-content\/uploads\/2017\/12\/TSE6000_Setup.zip\" target=\"_blank\" rel=\"noopener noreferrer\">Hotel Setup (12 MB) <\/a><\/p>\r\n<p><a href=\"https:\/\/test.burgwaechterservice.de\/fr\/wp-content\/uploads\/sites\/4\/2016\/08\/kurzanleitung_update_5-1.pdf\" target=\"_blank\" rel=\"noopener noreferrer\">Kurzanleitung Updateinstallation\/Short Instructions Update <\/a><\/p>\r\n<p><a href=\"https:\/\/test.burgwaechterservice.de\/fr\/wp-content\/uploads\/sites\/4\/2016\/08\/tse_software_kurzanleitung_072013.pdf\" target=\"_blank\" rel=\"noopener noreferrer\">Kurzinstallationsanleitung, TSE Verwaltungssoftware Installation<\/a><\/p>\r\n<p><a href=\"https:\/\/test.burgwaechterservice.de\/fr\/wp-content\/uploads\/sites\/4\/2016\/08\/tse_software_kurzanleitung_072013.pdf\" target=\"_blank\" rel=\"noopener noreferrer\">Short Instructions Installation, TSE Administration Software<\/a><\/p>\r\n<p><a href=\"https:\/\/test.burgwaechterservice.de\/fr\/wp-content\/uploads\/sites\/4\/2016\/08\/tse_software_kurzanleitung_072013.pdf\" target=\"_blank\" rel=\"noopener noreferrer\">Instructions d\u2018installation, Progiciel de gestion TSE Installation<\/a><\/p>\r\n<p><a href=\"https:\/\/test.burgwaechterservice.de\/fr\/wp-content\/uploads\/sites\/4\/2016\/08\/tse_software_kurzanleitung_072013.pdf\" target=\"_blank\" rel=\"noopener noreferrer\">Korte gebruiksaanwijzing voor installeren, TSE Beheerssoftware Installeren<\/a><\/p>\r\n<h3 id=\"tse5500\">TSE 5500 Light<\/h3>\r\n<p>Version 5.2<\/p>\r\n<p><a href=\"https:\/\/test.burgwaechterservice.de\/fr\/wp-content\/uploads\/sites\/4\/2016\/08\/tse_update_5.2.zip\" target=\"_blank\" rel=\"noopener noreferrer\">Software-T\u00e9l\u00e9chargement (ca. 11 MB)<\/a><\/p>\r\n<p><a href=\"https:\/\/test.burgwaechterservice.de\/fr\/wp-content\/uploads\/sites\/4\/2016\/08\/kurzanleitung_update_5-1.pdf\" target=\"_blank\" rel=\"noopener noreferrer\">Kurzanleitung Updateinstallation\/Short Instructions Update <\/a><\/p>\r\n<p><a href=\"https:\/\/test.burgwaechterservice.de\/fr\/wp-content\/uploads\/sites\/4\/2016\/08\/tse_software_kurzanleitung_072013.pdf\" target=\"_blank\" rel=\"noopener noreferrer\">Kurzinstallationsanleitung, TSE Verwaltungssoftware Installation<\/a><\/p>\r\n<p><a href=\"https:\/\/test.burgwaechterservice.de\/fr\/wp-content\/uploads\/sites\/4\/2016\/08\/tse_software_kurzanleitung_072013.pdf\" target=\"_blank\" rel=\"noopener noreferrer\">Short Instructions Installation, TSE Administration Software<\/a><\/p>\r\n<p><a href=\"https:\/\/test.burgwaechterservice.de\/fr\/wp-content\/uploads\/sites\/4\/2016\/08\/tse_software_kurzanleitung_072013.pdf\" target=\"_blank\" rel=\"noopener noreferrer\">Instructions d\u2018installation, Progiciel de gestion TSE Installation<\/a><\/p>\r\n<p><a href=\"https:\/\/test.burgwaechterservice.de\/fr\/wp-content\/uploads\/sites\/4\/2016\/08\/tse_software_kurzanleitung_072013.pdf\" target=\"_blank\" rel=\"noopener noreferrer\">Korte gebruiksaanwijzing voor installeren, TSE Beheerssoftware Installeren<\/a><\/p>\r\n<h3 id=\"tse-6401\">TSE 6401 SYSTEM<\/h3>\r\n<p>Version 4.2<\/p>\r\n<p><a href=\"https:\/\/test.burgwaechterservice.de\/fr\/wp-content\/uploads\/sites\/4\/2016\/08\/tse_system_update.zip\" target=\"_blank\" rel=\"noopener noreferrer\">Software-T\u00e9l\u00e9chargement (ca. 13 MB)<\/a><\/p>\r\n<p><a href=\"https:\/\/test.burgwaechterservice.de\/fr\/wp-content\/uploads\/sites\/4\/2016\/08\/tse_system_de.pdf\" target=\"_blank\" rel=\"noopener noreferrer\">Bedienungsanleitung TSE 6401 Software SYSTEM<\/a><\/p>\r\n<p><a href=\"https:\/\/test.burgwaechterservice.de\/fr\/wp-content\/uploads\/sites\/4\/2016\/08\/tse_system_en.pdf\" target=\"_blank\" rel=\"noopener noreferrer\">User Manual TSE 6401 Software SYSTEM<\/a><\/p>\r\n<p><a href=\"https:\/\/test.burgwaechterservice.de\/fr\/wp-content\/uploads\/sites\/4\/2016\/08\/tse_system_fr.pdf\" target=\"_blank\" rel=\"noopener noreferrer\">Manuel d\u2019utilisationTSE 6401 Software SYSTEM<\/a><\/p>\r\n<p><a href=\"https:\/\/test.burgwaechterservice.de\/fr\/wp-content\/uploads\/sites\/4\/2016\/08\/tse_system_nl.pdf\" target=\"_blank\" rel=\"noopener noreferrer\">Gebruiksaanwijzing TSE 6401 Software SYSTEM<\/a><\/p>\r\n<h3 id=\"tse5400\">TSE 5400 Light<\/h3>\r\n<p>Version 4.1<\/p>\r\n<p><a href=\"https:\/\/test.burgwaechterservice.de\/fr\/wp-content\/uploads\/sites\/4\/2016\/08\/tse-light.zip\" target=\"_blank\" rel=\"noopener noreferrer\">Software T\u00e9l\u00e9chargement (ca. 11,7 MB)<\/a><\/p>\r\n<p><a href=\"https:\/\/test.burgwaechterservice.de\/fr\/wp-content\/uploads\/sites\/4\/2016\/08\/tse_light_de.pdf\" target=\"_blank\" rel=\"noopener noreferrer\">Bedienungsanleitung Software TSE 5400 LIGHT<\/a><\/p>\r\n<p><a href=\"https:\/\/test.burgwaechterservice.de\/fr\/wp-content\/uploads\/sites\/4\/2016\/08\/tse_light_en.pdf\" target=\"_blank\" rel=\"noopener noreferrer\">Operating instructions Software TSE 5400 LIGHT<\/a><\/p>\r\n<p><a href=\"https:\/\/test.burgwaechterservice.de\/fr\/wp-content\/uploads\/sites\/4\/2016\/08\/tse_light_fr.pdf\" target=\"_blank\" rel=\"noopener noreferrer\">Instructions d&#8217;emploi Software TSE 5400 LIGHT<\/a><\/p>\r\n<p><a href=\"https:\/\/test.burgwaechterservice.de\/fr\/wp-content\/uploads\/sites\/4\/2016\/08\/tse_light_nl.pdf\" target=\"_blank\" rel=\"noopener noreferrer\">Gebruiksaanwijzing Software TSE 5400 LIGHT<\/a><\/p>\r\n<h3 id=\"businessplus\">TSE Wireless BUSINESS+<\/h3>\r\n<p>Version 3.2<\/p>\r\n<p><a href=\"https:\/\/test.burgwaechterservice.de\/fr\/wp-content\/uploads\/sites\/4\/2016\/08\/tse-business-update.zip\" target=\"_blank\" rel=\"noopener noreferrer\">Software-T\u00e9l\u00e9chargement (ca. 4 MB)<\/a><\/p>\r\n<p><a href=\"https:\/\/test.burgwaechterservice.de\/fr\/wp-content\/uploads\/sites\/4\/2016\/08\/tse_3004_business_de.pdf\" target=\"_blank\" rel=\"noopener noreferrer\">Bedienungsanleitung TSE Wireless Software BUSINESS+<\/a><\/p>\r\n<p><a href=\"https:\/\/test.burgwaechterservice.de\/fr\/wp-content\/uploads\/sites\/4\/2016\/08\/tse_3004_business_en.pdf\" target=\"_blank\" rel=\"noopener noreferrer\">Operating instructions TSE Wireless Software BUSINESS+<\/a><\/p>\r\n<p><a href=\"https:\/\/test.burgwaechterservice.de\/fr\/wp-content\/uploads\/sites\/4\/2016\/08\/tse_3004_business_fr.pdf\" target=\"_blank\" rel=\"noopener noreferrer\">Instructions d&#8217;emploi TSE Wireless Software BUSINESS+<\/a><\/p>\r\n<p><a href=\"https:\/\/test.burgwaechterservice.de\/fr\/wp-content\/uploads\/sites\/4\/2016\/08\/tse_3004_business_nl.pdf\" target=\"_blank\" rel=\"noopener noreferrer\">Gebruiksaanwijzing TSE Wireless Software BUSINESS+<\/a><\/p>\r\n<h3 id=\"tsehomeplus\">TSE Wireless HOME +<\/h3>\r\n<p>Version 3.2<\/p>\r\n<p><a href=\"https:\/\/test.burgwaechterservice.de\/fr\/wp-content\/uploads\/sites\/4\/2016\/08\/tse-home-update.zip\" target=\"_blank\" rel=\"noopener noreferrer\">Software-T\u00e9l\u00e9chargement (ca. 4,0 MB)<\/a><\/p>\r\n<p><a href=\"https:\/\/test.burgwaechterservice.de\/fr\/wp-content\/uploads\/sites\/4\/2016\/08\/tse_3004_home_de.pdf\" target=\"_blank\" rel=\"noopener noreferrer\">Bedienungsanleitung TSE Wireless Software HOME<\/a><\/p>\r\n<p><a href=\"https:\/\/test.burgwaechterservice.de\/fr\/wp-content\/uploads\/sites\/4\/2016\/08\/tse_3004_home_en.pdf\" target=\"_blank\" rel=\"noopener noreferrer\">Operating instructions TSE Wireless Software HOME<\/a><\/p>\r\n<p><a href=\"https:\/\/test.burgwaechterservice.de\/fr\/wp-content\/uploads\/sites\/4\/2016\/08\/tse_3004_home_fr.pdf\" target=\"_blank\" rel=\"noopener noreferrer\">Instructions d&#8217;emploi TSE Wireless Software HOME<\/a><\/p>\r\n<p><a href=\"https:\/\/test.burgwaechterservice.de\/fr\/wp-content\/uploads\/sites\/4\/2016\/08\/tse_3004_home_nl.pdf\" target=\"_blank\" rel=\"noopener noreferrer\">Gebruiksaanwijzing TSE Wireless Software HOME<\/a><\/p>\r\n<h3 id=\"business\">TSE 3004 BUSINESS<\/h3>\r\n<p>Version 2.5d<\/p>\r\n<p><a href=\"https:\/\/test.burgwaechterservice.de\/fr\/wp-content\/uploads\/sites\/4\/2016\/08\/tse-business-update-1.zip\" target=\"_blank\" rel=\"noopener noreferrer\">Software-T\u00e9l\u00e9chargement (ca. 8 MB)<\/a><\/p>\r\n<p><a href=\"https:\/\/test.burgwaechterservice.de\/fr\/wp-content\/uploads\/sites\/4\/2016\/08\/ba_tse_software_de.pdf\" target=\"_blank\" rel=\"noopener noreferrer\">Bedienungsanleitung Verwaltungssoftware TSE<\/a><\/p>\r\n<p><a href=\"https:\/\/test.burgwaechterservice.de\/fr\/wp-content\/uploads\/sites\/4\/2016\/08\/ba_tse_software_en.pdf\" target=\"_blank\" rel=\"noopener noreferrer\">Operating instructions TSE Administration Software<\/a><\/p>\r\n<p><a href=\"https:\/\/test.burgwaechterservice.de\/fr\/wp-content\/uploads\/sites\/4\/2016\/08\/ba_tse_software_fr.pdf\" target=\"_blank\" rel=\"noopener noreferrer\">Instructions d&#8217;emploi Progiciel de gestion TSE<\/a><\/p>\r\n<p><a href=\"https:\/\/test.burgwaechterservice.de\/fr\/wp-content\/uploads\/sites\/4\/2016\/08\/ba_tse_software_nl.pdf\" target=\"_blank\" rel=\"noopener noreferrer\">Gebruiksaanwijzing Beheerssoftware TSE<\/a><\/p>\r\n<h3 id=\"tsehome\">TSE 3004 HOME<\/h3>\r\n<p>Version 2.5d<\/p>\r\n<p><a href=\"https:\/\/test.burgwaechterservice.de\/fr\/wp-content\/uploads\/sites\/4\/2016\/08\/tse-home-update-1.zip\" target=\"_blank\" rel=\"noopener noreferrer\">Software-T\u00e9l\u00e9chargement (ca. 7 MB)<\/a><\/p>\r\n<p><a href=\"https:\/\/test.burgwaechterservice.de\/fr\/wp-content\/uploads\/sites\/4\/2016\/08\/tse_3004_home_de1.pdf\" target=\"_blank\" rel=\"noopener noreferrer\">Bedienungsanleitung Verwaltungssoftware TSE HOME<\/a><\/p>\r\n<p><a href=\"https:\/\/test.burgwaechterservice.de\/fr\/wp-content\/uploads\/sites\/4\/2016\/08\/tse_3004_home_en1.pdf\" target=\"_blank\" rel=\"noopener noreferrer\">Operating instructions administration software TSE 3004 HOME<\/a><\/p>\r\n<p><a href=\"https:\/\/test.burgwaechterservice.de\/fr\/wp-content\/uploads\/sites\/4\/2016\/08\/tse_3004_home_fr1.pdf\" target=\"_blank\" rel=\"noopener noreferrer\">Instructions d&#8217;emploi Logiciel d&#8217;administration TSE 3004 Software HOME<\/a><\/p>\r\n<p><a href=\"https:\/\/test.burgwaechterservice.de\/fr\/wp-content\/uploads\/sites\/4\/2016\/08\/tse_3004_home_nl1.pdf\" target=\"_blank\" rel=\"noopener noreferrer\">Gebruiksaanwijzing Besturingssoftware TSE 3004 Software HOME<\/a><\/p>\r\n<h3 id=\"demo\">DEMO versions<\/h3>\r\n<p><a href=\"https:\/\/test.burgwaechterservice.de\/fr\/wp-content\/uploads\/sites\/4\/2016\/08\/tse-light-demo.zip\">TSE 5400 Light-Software Demo-Version 4.0<\/a><\/p>\r\n<p><a href=\"https:\/\/test.burgwaechterservice.de\/fr\/wp-content\/uploads\/sites\/4\/2016\/08\/demo_tse_install.zip\" target=\"_blank\" rel=\"noopener noreferrer\">TSE 6501 SYSTEM Software Demo-Version 5.0<\/a><\/p>\r\n<p><a href=\"https:\/\/test.burgwaechterservice.de\/fr\/wp-content\/uploads\/sites\/4\/2016\/08\/tse_system_demo.zip\" target=\"_blank\" rel=\"noopener noreferrer\">TSE 6401 SYSTEM Software Demo-Version 4.0<\/a><\/p>\r\n<p><a href=\"https:\/\/test.burgwaechterservice.de\/fr\/wp-content\/uploads\/sites\/4\/2016\/08\/htse_demo_2.2.0.zip\" target=\"_blank\" rel=\"noopener noreferrer\">TSE HOTEL Software Demo-Version 2.2.0<\/a><\/p>","protected":false},"excerpt":{"rendered":"<p>S\u00e9rie secuENTRY T\u00e9l\u00e9charger\u00a0Wizard secuENTRY (2,7 MB) T\u00e9l\u00e9charger secuENTRY software: Version 1.5,\u00a0compatible avec Windows 10-Pro 16.07 secuENTRY 5750 Light V2.1.3 (30 MB) secuENTRY 7081 System (20 MB) secuENTRY 7082 System + (20 MB) secuENTRY 7083 PRO V2.1.4 (30 MB) secuENTRY 7094 &hellip; <a class=\"kt-excerpt-readmore\" href=\"https:\/\/test.burgwaechterservice.de\/fr\/service-telechargements\/software\/\" aria-label=\"Software\">Lire la suite<\/a><\/p>\n","protected":false},"author":1,"featured_media":0,"parent":33160,"menu_order":20,"comment_status":"closed","ping_status":"closed","template":"","meta":[],"yoast_head":"<!-- This site is optimized with the Yoast SEO Premium plugin v18.4 (Yoast SEO v19.13) - https:\/\/yoast.com\/wordpress\/plugins\/seo\/ -->\n<title>Software - BURG-W\u00c4CHTER<\/title>\n<meta name=\"description\" content=\"S\u00e9rie secuENTRY T\u00e9l\u00e9charger\u00a0Wizard secuENTRY (2,7 MB) T\u00e9l\u00e9charger secuENTRY software: Version 1.5,\u00a0compatible avec Windows 10-Pro 16.07 secuENTRY 5750\" \/>\n<meta name=\"robots\" content=\"index, follow, max-snippet:-1, max-image-preview:large, max-video-preview:-1\" \/>\n<link rel=\"canonical\" href=\"https:\/\/test.burgwaechterservice.de\/fr\/service-telechargements\/software\/\" \/>\n<meta property=\"og:locale\" content=\"fr_FR\" \/>\n<meta property=\"og:type\" content=\"article\" \/>\n<meta property=\"og:title\" content=\"Software\" \/>\n<meta property=\"og:description\" content=\"S\u00e9rie secuENTRY T\u00e9l\u00e9charger\u00a0Wizard secuENTRY (2,7 MB) T\u00e9l\u00e9charger secuENTRY software: Version 1.5,\u00a0compatible avec Windows 10-Pro 16.07 secuENTRY 5750\" \/>\n<meta property=\"og:url\" content=\"https:\/\/test.burgwaechterservice.de\/fr\/service-telechargements\/software\/\" \/>\n<meta property=\"og:site_name\" content=\"Burg-W\u00e4chter France\" \/>\n<meta property=\"article:modified_time\" content=\"2019-08-28T09:49:21+00:00\" \/>\n<meta name=\"twitter:card\" content=\"summary_large_image\" \/>\n<meta name=\"twitter:label1\" content=\"Dur\u00e9e de lecture estim\u00e9e\" \/>\n\t<meta name=\"twitter:data1\" content=\"2 minutes\" \/>\n<!-- \/ Yoast SEO Premium plugin. -->","yoast_head_json":{"title":"Software - BURG-W\u00c4CHTER","description":"S\u00e9rie secuENTRY T\u00e9l\u00e9charger\u00a0Wizard secuENTRY (2,7 MB) T\u00e9l\u00e9charger secuENTRY software: Version 1.5,\u00a0compatible avec Windows 10-Pro 16.07 secuENTRY 5750","robots":{"index":"index","follow":"follow","max-snippet":"max-snippet:-1","max-image-preview":"max-image-preview:large","max-video-preview":"max-video-preview:-1"},"canonical":"https:\/\/test.burgwaechterservice.de\/fr\/service-telechargements\/software\/","og_locale":"fr_FR","og_type":"article","og_title":"Software","og_description":"S\u00e9rie secuENTRY T\u00e9l\u00e9charger\u00a0Wizard secuENTRY (2,7 MB) T\u00e9l\u00e9charger secuENTRY software: Version 1.5,\u00a0compatible avec Windows 10-Pro 16.07 secuENTRY 5750","og_url":"https:\/\/test.burgwaechterservice.de\/fr\/service-telechargements\/software\/","og_site_name":"Burg-W\u00e4chter France","article_modified_time":"2019-08-28T09:49:21+00:00","twitter_card":"summary_large_image","twitter_misc":{"Dur\u00e9e de lecture estim\u00e9e":"2 minutes"},"schema":{"@context":"https:\/\/schema.org","@graph":[{"@type":"WebPage","@id":"https:\/\/test.burgwaechterservice.de\/fr\/service-telechargements\/software\/","url":"https:\/\/test.burgwaechterservice.de\/fr\/service-telechargements\/software\/","name":"Software - BURG-W\u00c4CHTER","isPartOf":{"@id":"https:\/\/test.burgwaechterservice.de\/fr\/#website"},"datePublished":"2016-08-01T05:53:09+00:00","dateModified":"2019-08-28T09:49:21+00:00","description":"S\u00e9rie secuENTRY T\u00e9l\u00e9charger\u00a0Wizard secuENTRY (2,7 MB) T\u00e9l\u00e9charger secuENTRY software: Version 1.5,\u00a0compatible avec Windows 10-Pro 16.07 secuENTRY 5750","breadcrumb":{"@id":"https:\/\/test.burgwaechterservice.de\/fr\/service-telechargements\/software\/#breadcrumb"},"inLanguage":"fr-FR","potentialAction":[{"@type":"ReadAction","target":["https:\/\/test.burgwaechterservice.de\/fr\/service-telechargements\/software\/"]}]},{"@type":"BreadcrumbList","@id":"https:\/\/test.burgwaechterservice.de\/fr\/service-telechargements\/software\/#breadcrumb","itemListElement":[{"@type":"ListItem","position":1,"name":"Accueil","item":"https:\/\/test.burgwaechterservice.de\/fr\/"},{"@type":"ListItem","position":2,"name":"Service &#038; T\u00e9l\u00e9chargements","item":"https:\/\/test.burgwaechterservice.de\/fr\/service-telechargements\/"},{"@type":"ListItem","position":3,"name":"Software"}]},{"@type":"WebSite","@id":"https:\/\/test.burgwaechterservice.de\/fr\/#website","url":"https:\/\/test.burgwaechterservice.de\/fr\/","name":"Burg-W\u00e4chter France","description":"Le choix le plus s\u00fbr!","potentialAction":[{"@type":"SearchAction","target":{"@type":"EntryPoint","urlTemplate":"https:\/\/test.burgwaechterservice.de\/fr\/?s={search_term_string}"},"query-input":"required name=search_term_string"}],"inLanguage":"fr-FR"}]}},"_links":{"self":[{"href":"https:\/\/test.burgwaechterservice.de\/fr\/wp-json\/wp\/v2\/pages\/33213"}],"collection":[{"href":"https:\/\/test.burgwaechterservice.de\/fr\/wp-json\/wp\/v2\/pages"}],"about":[{"href":"https:\/\/test.burgwaechterservice.de\/fr\/wp-json\/wp\/v2\/types\/page"}],"author":[{"embeddable":true,"href":"https:\/\/test.burgwaechterservice.de\/fr\/wp-json\/wp\/v2\/users\/1"}],"replies":[{"embeddable":true,"href":"https:\/\/test.burgwaechterservice.de\/fr\/wp-json\/wp\/v2\/comments?post=33213"}],"version-history":[{"count":23,"href":"https:\/\/test.burgwaechterservice.de\/fr\/wp-json\/wp\/v2\/pages\/33213\/revisions"}],"predecessor-version":[{"id":290549,"href":"https:\/\/test.burgwaechterservice.de\/fr\/wp-json\/wp\/v2\/pages\/33213\/revisions\/290549"}],"up":[{"embeddable":true,"href":"https:\/\/test.burgwaechterservice.de\/fr\/wp-json\/wp\/v2\/pages\/33160"}],"wp:attachment":[{"href":"https:\/\/test.burgwaechterservice.de\/fr\/wp-json\/wp\/v2\/media?parent=33213"}],"curies":[{"name":"wp","href":"https:\/\/api.w.org\/{rel}","templated":true}]}}