{"id":33160,"date":"2016-07-29T10:56:02","date_gmt":"2016-07-29T08:56:02","guid":{"rendered":"https:\/\/www.burg.biz\/?page_id=33160"},"modified":"2021-07-13T20:12:28","modified_gmt":"2021-07-13T18:12:28","slug":"service-telechargements","status":"publish","type":"page","link":"https:\/\/test.burgwaechterservice.de\/fr\/service-telechargements\/","title":{"rendered":"Service &#038; T\u00e9l\u00e9chargements"},"content":{"rendered":"<h3>Le meilleur service c\u2019est quand on n\u2019en a pas besoin<\/h3>\n<p>Pas de probl\u00e8mes superflus. C\u2018est pourquoi tous les produits BURG-W\u00c4CHTER ont \u00e9t\u00e9 construits et produits pour r\u00e9pondre parfaitement aux besoins, c\u2019est \u00e0 dire d\u2019une longue dur\u00e9e de vie et de parfaite fonction. La plupart du temps la mise en service s\u2019effectue sans explications suppl\u00e9mentaires. Cela est \u00e9galement le cas dans les produits techniques les plus d\u00e9licats, par exemple aux serrures \u00e9lectroniques pour portes. La mise en service est quasiment intuitive.<\/p>\n<p>Si vous avez quand m\u00eame besoin de support vous pourriez toujours contacter un de nos <a href=\"https:\/\/test.burgwaechterservice.de\/fr\/recherche-de-distributeurs\/\">marchands sp\u00e9cialis\u00e9s<\/a> sur place. Il fait parti d\u2019un r\u00e9seau d\u2019entrainement et il est sp\u00e9cialiste de tous les produits BURG-W\u00c4CHTER. Dans les cas plus difficiles tous nos experts seront toujours \u00e0 votre enti\u00e8re disposition.<\/p>\n<p>&nbsp;<\/p>\n<p><strong><img decoding=\"async\" class=\"size-full wp-image-177036 alignleft\" src=\"https:\/\/test.burgwaechterservice.de\/fr\/wp-content\/uploads\/sites\/4\/2018\/08\/Grafik_Bedienungsanleitung_.jpg\" alt=\"\" width=\"131\" height=\"131\" srcset=\"https:\/\/test.burgwaechterservice.de\/fr\/wp-content\/uploads\/sites\/4\/2018\/08\/Grafik_Bedienungsanleitung_.jpg 131w, https:\/\/test.burgwaechterservice.de\/fr\/wp-content\/uploads\/sites\/4\/2018\/08\/Grafik_Bedienungsanleitung_-100x100.jpg 100w\" sizes=\"(max-width: 131px) 100vw, 131px\" \/><a href=\"https:\/\/test.burgwaechterservice.de\/fr\/service-telechargements\/manuals\/\">Modes d\u2018emploi\/Instructions de montage<\/a><\/strong><br \/>\nDans les emballages de nos produits vous trouverez des modes d\u2019emploi et des descriptions d\u2019assemblage bien compr\u00e9hensibles. Si vous en avez perdu, vous pourriez les t\u00e9l\u00e9charger ici.<\/p>\n<p>&nbsp;<\/p>\n<p>&nbsp;<\/p>\n<hr \/>\n<p><strong><a href=\"https:\/\/test.burgwaechterservice.de\/fr\/service-telechargements\/software\/\"><img decoding=\"async\" class=\"alignleft wp-image-154322 size-full\" src=\"https:\/\/test.burgwaechterservice.de\/fr\/wp-content\/uploads\/sites\/4\/2018\/05\/Grafik_Software_.jpg\" alt=\"\" width=\"131\" height=\"131\" srcset=\"https:\/\/test.burgwaechterservice.de\/fr\/wp-content\/uploads\/sites\/4\/2018\/05\/Grafik_Software_.jpg 131w, https:\/\/test.burgwaechterservice.de\/fr\/wp-content\/uploads\/sites\/4\/2018\/05\/Grafik_Software_-100x100.jpg 100w\" sizes=\"(max-width: 131px) 100vw, 131px\" \/><\/a><a href=\"https:\/\/test.burgwaechterservice.de\/fr\/service-telechargements\/software\/\">Software \/ Logiciel <\/a><br \/>\n<\/strong>Dans ce domaine vous trouverez des logiciels et des mises \u00e0 jour pour actualisati\u00f3n. En plus, nous vous pr\u00e9sentons des versions DEMO pour tester et pour des raisons d\u2019entrainement et de formation continue.<\/p>\n<p>&nbsp;<\/p>\n<p>&nbsp;<\/p>\n<hr \/>\n<p><strong><a href=\"https:\/\/test.burgwaechterservice.de\/service-downloads\/katalog-download\/\"><img decoding=\"async\" class=\"alignleft wp-image-216910 size-full\" src=\"https:\/\/test.burgwaechterservice.de\/wp-content\/uploads\/2018\/05\/Grafik_Katalog_download_.jpg\" alt=\"\" width=\"131\" height=\"131\" \/><\/a><\/strong><br \/>\n<strong><a href=\"https:\/\/test.burgwaechterservice.de\/service-downloads\/katalog-download\/\">T\u00e9l\u00e9charger le catalogue<\/a><\/strong><\/p>\n<p>Compacts, informatifs, clairement organis\u00e9s : les sept gammes de produits de BURG-W\u00c4CHTER. La compilation pratique du catalogue vous donne un aper\u00e7u rapide et cibl\u00e9 de notre gamme diversifi\u00e9e. En outre, vous trouverez une documentation d\u00e9taill\u00e9e sur les diff\u00e9rentes gammes de produits.<\/p>\n<p>&nbsp;<\/p>\n<p>&nbsp;<\/p>\n<p>&nbsp;<\/p>\n<hr \/>\n<p><strong><a href=\"https:\/\/test.burgwaechterservice.de\/fr\/service-telechargements\/faq-2\/\"><img loading=\"lazy\" decoding=\"async\" class=\"alignleft wp-image-154323 size-full\" src=\"https:\/\/test.burgwaechterservice.de\/fr\/wp-content\/uploads\/sites\/4\/2018\/05\/Grafik_FAQ_.jpg\" alt=\"\" width=\"131\" height=\"131\" srcset=\"https:\/\/test.burgwaechterservice.de\/fr\/wp-content\/uploads\/sites\/4\/2018\/05\/Grafik_FAQ_.jpg 131w, https:\/\/test.burgwaechterservice.de\/fr\/wp-content\/uploads\/sites\/4\/2018\/05\/Grafik_FAQ_-100x100.jpg 100w\" sizes=\"(max-width: 131px) 100vw, 131px\" \/><\/a><a href=\"https:\/\/test.burgwaechterservice.de\/fr\/service-telechargements\/faq-2\/\">FAQ<\/a><\/strong><br \/>\nLa majorit\u00e9 des produits de BURG-W\u00c4CHTER ne n\u00e9cessitent pas d&#8217;explications et n&#8217;ont pas besoin de services ou soins particuliers. Vous trouverez ici une liste des questions que se posent de temps \u00e0 autre les clients.<\/p>\n<p>&nbsp;<\/p>\n","protected":false},"excerpt":{"rendered":"<p>Le meilleur service c\u2019est quand on n\u2019en a pas besoin Pas de probl\u00e8mes superflus. C\u2018est pourquoi tous les produits BURG-W\u00c4CHTER ont \u00e9t\u00e9 construits et produits pour r\u00e9pondre parfaitement aux besoins, c\u2019est \u00e0 dire d\u2019une longue dur\u00e9e de vie et de &hellip; <a class=\"kt-excerpt-readmore\" href=\"https:\/\/test.burgwaechterservice.de\/fr\/service-telechargements\/\" aria-label=\"Service &#038; T\u00e9l\u00e9chargements\">Lire la suite<\/a><\/p>\n","protected":false},"author":1,"featured_media":0,"parent":0,"menu_order":50,"comment_status":"closed","ping_status":"closed","template":"","meta":[],"yoast_head":"<!-- This site is optimized with the Yoast SEO Premium plugin v18.4 (Yoast SEO v19.13) - https:\/\/yoast.com\/wordpress\/plugins\/seo\/ -->\n<title>Service &amp; T\u00e9l\u00e9chargements - BURG-W\u00c4CHTER<\/title>\n<meta name=\"description\" content=\"Le meilleur service c\u2019est quand on n\u2019en a pas besoin Pas de probl\u00e8mes superflus. C\u2018est pourquoi tous les produits BURG-W\u00c4CHTER ont \u00e9t\u00e9 construits et\" \/>\n<meta name=\"robots\" content=\"index, follow, max-snippet:-1, max-image-preview:large, max-video-preview:-1\" \/>\n<link rel=\"canonical\" href=\"https:\/\/test.burgwaechterservice.de\/fr\/service-telechargements\/\" \/>\n<meta property=\"og:locale\" content=\"fr_FR\" \/>\n<meta property=\"og:type\" content=\"article\" \/>\n<meta property=\"og:title\" content=\"Service &amp; T\u00e9l\u00e9chargements\" \/>\n<meta property=\"og:description\" content=\"Le meilleur service c\u2019est quand on n\u2019en a pas besoin Pas de probl\u00e8mes superflus. C\u2018est pourquoi tous les produits BURG-W\u00c4CHTER ont \u00e9t\u00e9 construits et\" \/>\n<meta property=\"og:url\" content=\"https:\/\/test.burgwaechterservice.de\/fr\/service-telechargements\/\" \/>\n<meta property=\"og:site_name\" content=\"Burg-W\u00e4chter France\" \/>\n<meta property=\"article:modified_time\" content=\"2021-07-13T18:12:28+00:00\" \/>\n<meta property=\"og:image\" content=\"https:\/\/test.burgwaechterservice.de\/fr\/wp-content\/uploads\/sites\/4\/2018\/08\/Grafik_Bedienungsanleitung_.jpg\" \/>\n<meta name=\"twitter:card\" content=\"summary_large_image\" \/>\n<meta name=\"twitter:label1\" content=\"Dur\u00e9e de lecture estim\u00e9e\" \/>\n\t<meta name=\"twitter:data1\" content=\"3 minutes\" \/>\n<!-- \/ Yoast SEO Premium plugin. -->","yoast_head_json":{"title":"Service & T\u00e9l\u00e9chargements - BURG-W\u00c4CHTER","description":"Le meilleur service c\u2019est quand on n\u2019en a pas besoin Pas de probl\u00e8mes superflus. C\u2018est pourquoi tous les produits BURG-W\u00c4CHTER ont \u00e9t\u00e9 construits et","robots":{"index":"index","follow":"follow","max-snippet":"max-snippet:-1","max-image-preview":"max-image-preview:large","max-video-preview":"max-video-preview:-1"},"canonical":"https:\/\/test.burgwaechterservice.de\/fr\/service-telechargements\/","og_locale":"fr_FR","og_type":"article","og_title":"Service & T\u00e9l\u00e9chargements","og_description":"Le meilleur service c\u2019est quand on n\u2019en a pas besoin Pas de probl\u00e8mes superflus. C\u2018est pourquoi tous les produits BURG-W\u00c4CHTER ont \u00e9t\u00e9 construits et","og_url":"https:\/\/test.burgwaechterservice.de\/fr\/service-telechargements\/","og_site_name":"Burg-W\u00e4chter France","article_modified_time":"2021-07-13T18:12:28+00:00","og_image":[{"url":"https:\/\/test.burgwaechterservice.de\/fr\/wp-content\/uploads\/sites\/4\/2018\/08\/Grafik_Bedienungsanleitung_.jpg"}],"twitter_card":"summary_large_image","twitter_misc":{"Dur\u00e9e de lecture estim\u00e9e":"3 minutes"},"schema":{"@context":"https:\/\/schema.org","@graph":[{"@type":"WebPage","@id":"https:\/\/test.burgwaechterservice.de\/fr\/service-telechargements\/","url":"https:\/\/test.burgwaechterservice.de\/fr\/service-telechargements\/","name":"Service & T\u00e9l\u00e9chargements - BURG-W\u00c4CHTER","isPartOf":{"@id":"https:\/\/test.burgwaechterservice.de\/fr\/#website"},"datePublished":"2016-07-29T08:56:02+00:00","dateModified":"2021-07-13T18:12:28+00:00","description":"Le meilleur service c\u2019est quand on n\u2019en a pas besoin Pas de probl\u00e8mes superflus. C\u2018est pourquoi tous les produits BURG-W\u00c4CHTER ont \u00e9t\u00e9 construits et","breadcrumb":{"@id":"https:\/\/test.burgwaechterservice.de\/fr\/service-telechargements\/#breadcrumb"},"inLanguage":"fr-FR","potentialAction":[{"@type":"ReadAction","target":["https:\/\/test.burgwaechterservice.de\/fr\/service-telechargements\/"]}]},{"@type":"BreadcrumbList","@id":"https:\/\/test.burgwaechterservice.de\/fr\/service-telechargements\/#breadcrumb","itemListElement":[{"@type":"ListItem","position":1,"name":"Accueil","item":"https:\/\/test.burgwaechterservice.de\/fr\/"},{"@type":"ListItem","position":2,"name":"Service &#038; T\u00e9l\u00e9chargements"}]},{"@type":"WebSite","@id":"https:\/\/test.burgwaechterservice.de\/fr\/#website","url":"https:\/\/test.burgwaechterservice.de\/fr\/","name":"Burg-W\u00e4chter France","description":"Le choix le plus s\u00fbr!","potentialAction":[{"@type":"SearchAction","target":{"@type":"EntryPoint","urlTemplate":"https:\/\/test.burgwaechterservice.de\/fr\/?s={search_term_string}"},"query-input":"required name=search_term_string"}],"inLanguage":"fr-FR"}]}},"_links":{"self":[{"href":"https:\/\/test.burgwaechterservice.de\/fr\/wp-json\/wp\/v2\/pages\/33160"}],"collection":[{"href":"https:\/\/test.burgwaechterservice.de\/fr\/wp-json\/wp\/v2\/pages"}],"about":[{"href":"https:\/\/test.burgwaechterservice.de\/fr\/wp-json\/wp\/v2\/types\/page"}],"author":[{"embeddable":true,"href":"https:\/\/test.burgwaechterservice.de\/fr\/wp-json\/wp\/v2\/users\/1"}],"replies":[{"embeddable":true,"href":"https:\/\/test.burgwaechterservice.de\/fr\/wp-json\/wp\/v2\/comments?post=33160"}],"version-history":[{"count":14,"href":"https:\/\/test.burgwaechterservice.de\/fr\/wp-json\/wp\/v2\/pages\/33160\/revisions"}],"predecessor-version":[{"id":536264,"href":"https:\/\/test.burgwaechterservice.de\/fr\/wp-json\/wp\/v2\/pages\/33160\/revisions\/536264"}],"wp:attachment":[{"href":"https:\/\/test.burgwaechterservice.de\/fr\/wp-json\/wp\/v2\/media?parent=33160"}],"curies":[{"name":"wp","href":"https:\/\/api.w.org\/{rel}","templated":true}]}}