{"id":33157,"date":"2016-07-29T10:43:05","date_gmt":"2016-07-29T08:43:05","guid":{"rendered":"https:\/\/www.burg.biz\/?page_id=33157"},"modified":"2021-01-06T11:10:50","modified_gmt":"2021-01-06T10:10:50","slug":"nos-salons","status":"publish","type":"page","link":"https:\/\/test.burgwaechterservice.de\/fr\/entreprise\/nos-salons\/","title":{"rendered":"Nos salons"},"content":{"rendered":"<h3>Informations actuelles<\/h3>\n<p>Malheureusement, en raison de la situation actuelle de pand\u00e9mie, toutes les foires commerciales ont \u00e9t\u00e9 annul\u00e9es dans un avenir pr\u00e9visible. Nous aurions \u00e9t\u00e9 heureux de vous pr\u00e9senter en personne nos nouveaux produits et nos d\u00e9veloppements futurs. Malheureusement, ce n&#8217;est pas possible pour le moment. D\u00e8s que les participations actuelles de BURG-W\u00c4CHTER \u00e0 des salons seront fix\u00e9es, nous vous en informerons ici.<\/p>\n<p><strong>Bien entendu, nous restons \u00e0 votre disposition pour r\u00e9pondre \u00e0 toutes vos questions.<\/strong><\/p>\n","protected":false},"excerpt":{"rendered":"<p>Informations actuelles Malheureusement, en raison de la situation actuelle de pand\u00e9mie, toutes les foires commerciales ont \u00e9t\u00e9 annul\u00e9es dans un avenir pr\u00e9visible. Nous aurions \u00e9t\u00e9 heureux de vous pr\u00e9senter en personne nos nouveaux produits et nos d\u00e9veloppements futurs. Malheureusement, ce &hellip; <a class=\"kt-excerpt-readmore\" href=\"https:\/\/test.burgwaechterservice.de\/fr\/entreprise\/nos-salons\/\" aria-label=\"Nos salons\">Lire la suite<\/a><\/p>\n","protected":false},"author":1,"featured_media":0,"parent":2,"menu_order":45,"comment_status":"closed","ping_status":"closed","template":"page-sidebar.php","meta":[],"yoast_head":"<!-- This site is optimized with the Yoast SEO Premium plugin v18.4 (Yoast SEO v19.13) - https:\/\/yoast.com\/wordpress\/plugins\/seo\/ -->\n<title>Nos salons - BURG-W\u00c4CHTER<\/title>\n<meta name=\"description\" content=\"Informations actuelles Malheureusement, en raison de la situation actuelle de pand\u00e9mie, toutes les foires commerciales ont \u00e9t\u00e9 annul\u00e9es dans un avenir\" \/>\n<meta name=\"robots\" content=\"index, follow, max-snippet:-1, max-image-preview:large, max-video-preview:-1\" \/>\n<link rel=\"canonical\" href=\"https:\/\/test.burgwaechterservice.de\/fr\/entreprise\/nos-salons\/\" \/>\n<meta property=\"og:locale\" content=\"fr_FR\" \/>\n<meta property=\"og:type\" content=\"article\" \/>\n<meta property=\"og:title\" content=\"Nos salons\" \/>\n<meta property=\"og:description\" content=\"Informations actuelles Malheureusement, en raison de la situation actuelle de pand\u00e9mie, toutes les foires commerciales ont \u00e9t\u00e9 annul\u00e9es dans un avenir\" \/>\n<meta property=\"og:url\" content=\"https:\/\/test.burgwaechterservice.de\/fr\/entreprise\/nos-salons\/\" \/>\n<meta property=\"og:site_name\" content=\"Burg-W\u00e4chter France\" \/>\n<meta property=\"article:modified_time\" content=\"2021-01-06T10:10:50+00:00\" \/>\n<meta name=\"twitter:card\" content=\"summary_large_image\" \/>\n<!-- \/ Yoast SEO Premium plugin. -->","yoast_head_json":{"title":"Nos salons - BURG-W\u00c4CHTER","description":"Informations actuelles Malheureusement, en raison de la situation actuelle de pand\u00e9mie, toutes les foires commerciales ont \u00e9t\u00e9 annul\u00e9es dans un avenir","robots":{"index":"index","follow":"follow","max-snippet":"max-snippet:-1","max-image-preview":"max-image-preview:large","max-video-preview":"max-video-preview:-1"},"canonical":"https:\/\/test.burgwaechterservice.de\/fr\/entreprise\/nos-salons\/","og_locale":"fr_FR","og_type":"article","og_title":"Nos salons","og_description":"Informations actuelles Malheureusement, en raison de la situation actuelle de pand\u00e9mie, toutes les foires commerciales ont \u00e9t\u00e9 annul\u00e9es dans un avenir","og_url":"https:\/\/test.burgwaechterservice.de\/fr\/entreprise\/nos-salons\/","og_site_name":"Burg-W\u00e4chter France","article_modified_time":"2021-01-06T10:10:50+00:00","twitter_card":"summary_large_image","schema":{"@context":"https:\/\/schema.org","@graph":[{"@type":"WebPage","@id":"https:\/\/test.burgwaechterservice.de\/fr\/entreprise\/nos-salons\/","url":"https:\/\/test.burgwaechterservice.de\/fr\/entreprise\/nos-salons\/","name":"Nos salons - BURG-W\u00c4CHTER","isPartOf":{"@id":"https:\/\/test.burgwaechterservice.de\/fr\/#website"},"datePublished":"2016-07-29T08:43:05+00:00","dateModified":"2021-01-06T10:10:50+00:00","description":"Informations actuelles Malheureusement, en raison de la situation actuelle de pand\u00e9mie, toutes les foires commerciales ont \u00e9t\u00e9 annul\u00e9es dans un avenir","breadcrumb":{"@id":"https:\/\/test.burgwaechterservice.de\/fr\/entreprise\/nos-salons\/#breadcrumb"},"inLanguage":"fr-FR","potentialAction":[{"@type":"ReadAction","target":["https:\/\/test.burgwaechterservice.de\/fr\/entreprise\/nos-salons\/"]}]},{"@type":"BreadcrumbList","@id":"https:\/\/test.burgwaechterservice.de\/fr\/entreprise\/nos-salons\/#breadcrumb","itemListElement":[{"@type":"ListItem","position":1,"name":"Accueil","item":"https:\/\/test.burgwaechterservice.de\/fr\/"},{"@type":"ListItem","position":2,"name":"Entreprise","item":"https:\/\/test.burgwaechterservice.de\/fr\/entreprise\/"},{"@type":"ListItem","position":3,"name":"Nos salons"}]},{"@type":"WebSite","@id":"https:\/\/test.burgwaechterservice.de\/fr\/#website","url":"https:\/\/test.burgwaechterservice.de\/fr\/","name":"Burg-W\u00e4chter France","description":"Le choix le plus s\u00fbr!","potentialAction":[{"@type":"SearchAction","target":{"@type":"EntryPoint","urlTemplate":"https:\/\/test.burgwaechterservice.de\/fr\/?s={search_term_string}"},"query-input":"required name=search_term_string"}],"inLanguage":"fr-FR"}]}},"_links":{"self":[{"href":"https:\/\/test.burgwaechterservice.de\/fr\/wp-json\/wp\/v2\/pages\/33157"}],"collection":[{"href":"https:\/\/test.burgwaechterservice.de\/fr\/wp-json\/wp\/v2\/pages"}],"about":[{"href":"https:\/\/test.burgwaechterservice.de\/fr\/wp-json\/wp\/v2\/types\/page"}],"author":[{"embeddable":true,"href":"https:\/\/test.burgwaechterservice.de\/fr\/wp-json\/wp\/v2\/users\/1"}],"replies":[{"embeddable":true,"href":"https:\/\/test.burgwaechterservice.de\/fr\/wp-json\/wp\/v2\/comments?post=33157"}],"version-history":[{"count":8,"href":"https:\/\/test.burgwaechterservice.de\/fr\/wp-json\/wp\/v2\/pages\/33157\/revisions"}],"predecessor-version":[{"id":484464,"href":"https:\/\/test.burgwaechterservice.de\/fr\/wp-json\/wp\/v2\/pages\/33157\/revisions\/484464"}],"up":[{"embeddable":true,"href":"https:\/\/test.burgwaechterservice.de\/fr\/wp-json\/wp\/v2\/pages\/2"}],"wp:attachment":[{"href":"https:\/\/test.burgwaechterservice.de\/fr\/wp-json\/wp\/v2\/media?parent=33157"}],"curies":[{"name":"wp","href":"https:\/\/api.w.org\/{rel}","templated":true}]}}