{"id":22348,"date":"2016-06-20T10:57:31","date_gmt":"2016-06-20T08:57:31","guid":{"rendered":"https:\/\/www.burg.biz\/?page_id=22348"},"modified":"2022-05-30T10:37:24","modified_gmt":"2022-05-30T08:37:24","slug":"sites","status":"publish","type":"page","link":"https:\/\/test.burgwaechterservice.de\/fr\/entreprise\/sites\/","title":{"rendered":"Sites"},"content":{"rendered":"<h2>Nous garantissons des emplois en Allemagne.<\/h2>\n<p>\u00ab Made in Germany \u00bb est au c\u0153ur de notre philosophie produit. Par cons\u00e9quent, notre adh\u00e9sion \u00e0 l\u2019Allemagne a la plus grande importance. Elle repr\u00e9sente aussi l\u2019adh\u00e9sion \u00e0 l\u2019excellence des experts que l&#8217;entreprise emploie. Ils sont la garantie de la qualit\u00e9 des produits et de la satisfaction de la client\u00e8le. C&#8217;est pourquoi nous leur offrons les meilleures conditions de travail.<\/p>\n<p>La soci\u00e9t\u00e9-m\u00e8re de BURG-W\u00c4CHTER est situ\u00e9e \u00e0 Volmarstein sur la Ruhr. Le si\u00e8ge social y est implant\u00e9. Le plus grand site de production, conjointement avec le d\u00e9partement de recherche et de d\u00e9veloppement, le centre de formation et l&#8217;entrep\u00f4t central, est localis\u00e9 \u00e0 Meinerzhagen-Valbert aux fronti\u00e8res de la r\u00e9gion du Sauerland. D\u2019autres sites de production sont situ\u00e9s \u00e0 Wismar (Mecklembourg-Pom\u00e9ranie-Occidentale), en Roumanie et en Chine.<\/p>\n<h3>Notre maison-m\u00e8re \u00e0 Wetter-Volmarstein<\/h3>\n<p><img decoding=\"async\" class=\"size-full wp-image-30707 alignleft\" src=\"https:\/\/test.burgwaechterservice.de\/fr\/wp-content\/uploads\/sites\/4\/2016\/06\/wetter-verwaltung.jpg\" alt=\"wetter-verwaltung\" width=\"250\" height=\"163\" \/><\/p>\n<p><strong>\u00a0Administration \u00b7 Distribution<\/strong><\/p>\n<p>BURG-W\u00c4CHTER KG<br \/>\nAltenhofer Weg 15<br \/>\nD 58300 Wetter<\/p>\n<p>T\u00e9l.: +49 (0) 2335 965 30<br \/>\nFax: +49 (0) 2335 965 390<\/p>\n<p><a href=\"https:\/\/goo.gl\/maps\/GZQmgxcjfsk\" target=\"_blank\" rel=\"noopener noreferrer\">Acc\u00e8s<\/a><\/p>\n<h3>Notre site de Meinerzhagen<\/h3>\n<p><img decoding=\"async\" class=\"size-full wp-image-30708 alignleft\" src=\"https:\/\/test.burgwaechterservice.de\/fr\/wp-content\/uploads\/sites\/4\/2016\/06\/valbert.jpg\" alt=\"valbert\" width=\"250\" height=\"144\" \/><\/p>\n<p><strong>Production \u00b7 Recherche\/D\u00e9veloppement \u00b7 Achats \u00b7 Centre de formation<\/strong><\/p>\n<p>BURG-W\u00c4CHTER KG<br \/>\nWormgerm\u00fchle<br \/>\nD 58540 Meinerzhagen<\/p>\n<p>T\u00e9l.: +49 (0) 2358 905 0<br \/>\nFax: +49 (0) 2358 905 100<\/p>\n<p><a href=\"https:\/\/goo.gl\/maps\/PFwpYeNdU932\" target=\"_blank\" rel=\"noopener noreferrer\">Acc\u00e8s<\/a><\/p>\n<h3>Sites de distribution<\/h3>\n<p><strong><a href=\"https:\/\/test.burgwaechterservice.de\/fr\/wp-content\/uploads\/sites\/4\/2020\/08\/Pont-sur-Sambre-scaled.jpg\"><img decoding=\"async\" class=\" wp-image-444970 alignleft\" src=\"https:\/\/test.burgwaechterservice.de\/fr\/wp-content\/uploads\/sites\/4\/2020\/08\/Pont-sur-Sambre-300x169.jpg\" alt=\"\" width=\"249\" height=\"140\" srcset=\"https:\/\/test.burgwaechterservice.de\/fr\/wp-content\/uploads\/sites\/4\/2020\/08\/Pont-sur-Sambre-300x169.jpg 300w, https:\/\/test.burgwaechterservice.de\/fr\/wp-content\/uploads\/sites\/4\/2020\/08\/Pont-sur-Sambre-1024x576.jpg 1024w, https:\/\/test.burgwaechterservice.de\/fr\/wp-content\/uploads\/sites\/4\/2020\/08\/Pont-sur-Sambre-768x432.jpg 768w, https:\/\/test.burgwaechterservice.de\/fr\/wp-content\/uploads\/sites\/4\/2020\/08\/Pont-sur-Sambre-1536x864.jpg 1536w, https:\/\/test.burgwaechterservice.de\/fr\/wp-content\/uploads\/sites\/4\/2020\/08\/Pont-sur-Sambre-2048x1152.jpg 2048w\" sizes=\"(max-width: 249px) 100vw, 249px\" \/><\/a>Notre maison-m\u00e8re en FRANCE \u00e0 Pont-Sur-Sambre<\/strong><\/p>\n<p style=\"text-align: left;\">Administration \u2013 Production<br \/>\nBURG WACHTER FRANCE SASu<br \/>\nRoute de Pantegnies, Ancien Site EDF<br \/>\n59138 Pont Sur Sambre,\u00a0France<\/p>\n<p>&nbsp;<\/p>\n<p>&nbsp;<\/p>\n<p><u>Site de production \u2013 Division Bo\u00eetes aux lettres <\/u><\/p>\n<p>Tel : 0033 3 27 62 53 32<br \/>\nFax : 0033 3 27 62 53 33<\/p>\n<p>Email : <a href=\"mailto:service_client@burg.biz\">service_client@burg.biz<\/a><\/p>\n<p><u><br \/>\nDivision S\u00e9curit\u00e9 \/ Coffres-forts <\/u><\/p>\n<p>Tel : 0033 3 66 24 00 50<br \/>\nFax : 0033 3 66 24 00 51<\/p>\n<p>Email : <a href=\"mailto:France@burg.biz\">France@burg.biz<\/a><\/p>\n<p>Email service apr\u00e8s-vente\u00a0: <a href=\"mailto:SAV@burg.biz\">SAV@burg.biz<\/a><\/p>\n<p><a href=\"https:\/\/goo.gl\/maps\/g1qPvyPCfQu\" target=\"_blank\" rel=\"noopener noreferrer\">Anfahrt<\/a><\/p>\n<p><strong><img loading=\"lazy\" decoding=\"async\" class=\" wp-image-408508 alignleft\" src=\"https:\/\/test.burgwaechterservice.de\/wp-content\/uploads\/2019\/09\/BW-uk-300x200.jpg\" alt=\"\" width=\"251\" height=\"167\" \/>UK Office<\/strong><\/p>\n<p>BURG-W\u00c4CHTER UK LTD.<br \/>\nEurocam Technology Park<br \/>\nChase Way, Bradford, West Yorkshire<\/p>\n<p>England BD5 8 HW<\/p>\n<p>Tel.: +44 (0) 1274 395 333<br \/>\nFax: +44 (0) 1274 731 694<\/p>\n","protected":false},"excerpt":{"rendered":"<p>Nous garantissons des emplois en Allemagne. \u00ab Made in Germany \u00bb est au c\u0153ur de notre philosophie produit. Par cons\u00e9quent, notre adh\u00e9sion \u00e0 l\u2019Allemagne a la plus grande importance. Elle repr\u00e9sente aussi l\u2019adh\u00e9sion \u00e0 l\u2019excellence des experts que l&#8217;entreprise emploie. &hellip; <a class=\"kt-excerpt-readmore\" href=\"https:\/\/test.burgwaechterservice.de\/fr\/entreprise\/sites\/\" aria-label=\"Sites\">Lire la suite<\/a><\/p>\n","protected":false},"author":1,"featured_media":0,"parent":2,"menu_order":40,"comment_status":"closed","ping_status":"closed","template":"page-fullwidth.php","meta":[],"yoast_head":"<!-- This site is optimized with the Yoast SEO Premium plugin v18.4 (Yoast SEO v19.13) - https:\/\/yoast.com\/wordpress\/plugins\/seo\/ -->\n<title>Sites - BURG-W\u00c4CHTER<\/title>\n<meta name=\"description\" content=\"Nous garantissons des emplois en Allemagne. \u00ab Made in Germany \u00bb est au c\u0153ur de notre philosophie produit. Par cons\u00e9quent, notre adh\u00e9sion \u00e0 l\u2019Allemagne a\" \/>\n<meta name=\"robots\" content=\"index, follow, max-snippet:-1, max-image-preview:large, max-video-preview:-1\" \/>\n<link rel=\"canonical\" href=\"https:\/\/test.burgwaechterservice.de\/fr\/entreprise\/sites\/\" \/>\n<meta property=\"og:locale\" content=\"fr_FR\" \/>\n<meta property=\"og:type\" content=\"article\" \/>\n<meta property=\"og:title\" content=\"Sites\" \/>\n<meta property=\"og:description\" content=\"Nous garantissons des emplois en Allemagne. \u00ab Made in Germany \u00bb est au c\u0153ur de notre philosophie produit. Par cons\u00e9quent, notre adh\u00e9sion \u00e0 l\u2019Allemagne a\" \/>\n<meta property=\"og:url\" content=\"https:\/\/test.burgwaechterservice.de\/fr\/entreprise\/sites\/\" \/>\n<meta property=\"og:site_name\" content=\"Burg-W\u00e4chter France\" \/>\n<meta property=\"article:modified_time\" content=\"2022-05-30T08:37:24+00:00\" \/>\n<meta property=\"og:image\" content=\"https:\/\/test.burgwaechterservice.de\/fr\/wp-content\/uploads\/sites\/4\/2016\/06\/wetter-verwaltung.jpg\" \/>\n<meta name=\"twitter:card\" content=\"summary_large_image\" \/>\n<meta name=\"twitter:label1\" content=\"Dur\u00e9e de lecture estim\u00e9e\" \/>\n\t<meta name=\"twitter:data1\" content=\"3 minutes\" \/>\n<!-- \/ Yoast SEO Premium plugin. -->","yoast_head_json":{"title":"Sites - BURG-W\u00c4CHTER","description":"Nous garantissons des emplois en Allemagne. \u00ab Made in Germany \u00bb est au c\u0153ur de notre philosophie produit. Par cons\u00e9quent, notre adh\u00e9sion \u00e0 l\u2019Allemagne a","robots":{"index":"index","follow":"follow","max-snippet":"max-snippet:-1","max-image-preview":"max-image-preview:large","max-video-preview":"max-video-preview:-1"},"canonical":"https:\/\/test.burgwaechterservice.de\/fr\/entreprise\/sites\/","og_locale":"fr_FR","og_type":"article","og_title":"Sites","og_description":"Nous garantissons des emplois en Allemagne. \u00ab Made in Germany \u00bb est au c\u0153ur de notre philosophie produit. Par cons\u00e9quent, notre adh\u00e9sion \u00e0 l\u2019Allemagne a","og_url":"https:\/\/test.burgwaechterservice.de\/fr\/entreprise\/sites\/","og_site_name":"Burg-W\u00e4chter France","article_modified_time":"2022-05-30T08:37:24+00:00","og_image":[{"url":"https:\/\/test.burgwaechterservice.de\/fr\/wp-content\/uploads\/sites\/4\/2016\/06\/wetter-verwaltung.jpg"}],"twitter_card":"summary_large_image","twitter_misc":{"Dur\u00e9e de lecture estim\u00e9e":"3 minutes"},"schema":{"@context":"https:\/\/schema.org","@graph":[{"@type":"WebPage","@id":"https:\/\/test.burgwaechterservice.de\/fr\/entreprise\/sites\/","url":"https:\/\/test.burgwaechterservice.de\/fr\/entreprise\/sites\/","name":"Sites - BURG-W\u00c4CHTER","isPartOf":{"@id":"https:\/\/test.burgwaechterservice.de\/fr\/#website"},"datePublished":"2016-06-20T08:57:31+00:00","dateModified":"2022-05-30T08:37:24+00:00","description":"Nous garantissons des emplois en Allemagne. \u00ab Made in Germany \u00bb est au c\u0153ur de notre philosophie produit. Par cons\u00e9quent, notre adh\u00e9sion \u00e0 l\u2019Allemagne a","breadcrumb":{"@id":"https:\/\/test.burgwaechterservice.de\/fr\/entreprise\/sites\/#breadcrumb"},"inLanguage":"fr-FR","potentialAction":[{"@type":"ReadAction","target":["https:\/\/test.burgwaechterservice.de\/fr\/entreprise\/sites\/"]}]},{"@type":"BreadcrumbList","@id":"https:\/\/test.burgwaechterservice.de\/fr\/entreprise\/sites\/#breadcrumb","itemListElement":[{"@type":"ListItem","position":1,"name":"Accueil","item":"https:\/\/test.burgwaechterservice.de\/fr\/"},{"@type":"ListItem","position":2,"name":"Entreprise","item":"https:\/\/test.burgwaechterservice.de\/fr\/entreprise\/"},{"@type":"ListItem","position":3,"name":"Sites"}]},{"@type":"WebSite","@id":"https:\/\/test.burgwaechterservice.de\/fr\/#website","url":"https:\/\/test.burgwaechterservice.de\/fr\/","name":"Burg-W\u00e4chter France","description":"Le choix le plus s\u00fbr!","potentialAction":[{"@type":"SearchAction","target":{"@type":"EntryPoint","urlTemplate":"https:\/\/test.burgwaechterservice.de\/fr\/?s={search_term_string}"},"query-input":"required name=search_term_string"}],"inLanguage":"fr-FR"}]}},"_links":{"self":[{"href":"https:\/\/test.burgwaechterservice.de\/fr\/wp-json\/wp\/v2\/pages\/22348"}],"collection":[{"href":"https:\/\/test.burgwaechterservice.de\/fr\/wp-json\/wp\/v2\/pages"}],"about":[{"href":"https:\/\/test.burgwaechterservice.de\/fr\/wp-json\/wp\/v2\/types\/page"}],"author":[{"embeddable":true,"href":"https:\/\/test.burgwaechterservice.de\/fr\/wp-json\/wp\/v2\/users\/1"}],"replies":[{"embeddable":true,"href":"https:\/\/test.burgwaechterservice.de\/fr\/wp-json\/wp\/v2\/comments?post=22348"}],"version-history":[{"count":21,"href":"https:\/\/test.burgwaechterservice.de\/fr\/wp-json\/wp\/v2\/pages\/22348\/revisions"}],"predecessor-version":[{"id":640146,"href":"https:\/\/test.burgwaechterservice.de\/fr\/wp-json\/wp\/v2\/pages\/22348\/revisions\/640146"}],"up":[{"embeddable":true,"href":"https:\/\/test.burgwaechterservice.de\/fr\/wp-json\/wp\/v2\/pages\/2"}],"wp:attachment":[{"href":"https:\/\/test.burgwaechterservice.de\/fr\/wp-json\/wp\/v2\/media?parent=22348"}],"curies":[{"name":"wp","href":"https:\/\/api.w.org\/{rel}","templated":true}]}}