{"id":2,"date":"2016-04-06T15:24:40","date_gmt":"2016-04-06T13:24:40","guid":{"rendered":"https:\/\/www.burg.biz\/?page_id=2"},"modified":"2018-08-06T11:54:11","modified_gmt":"2018-08-06T09:54:11","slug":"entreprise","status":"publish","type":"page","link":"https:\/\/test.burgwaechterservice.de\/fr\/entreprise\/","title":{"rendered":"Entreprise"},"content":{"rendered":"<h2>Entreprise traditionnelle et pionni\u00e8re en un.<\/h2>\n<p>BURG-W\u00c4CHTER est un fabricant de renomm\u00e9e internationale de serrures \u00e9lectroniques et m\u00e9caniques, de contr\u00f4les d&#8217;acc\u00e8s, de fermetures de s\u00e9curit\u00e9 pour portes et fen\u00eatres, de coffres-forts, de caissettes et de bo\u00eetes aux lettres. Mais notre v\u00e9ritable \u00ab produit \u00bb est la s\u00e9curit\u00e9. Les gens font confiance \u00e0 nos produits, car ils peuvent \u00e0 tout moment compter sur eux. D\u00e9couvrez les coulisses.<\/p>\n<p>&nbsp;<\/p>\n<p><a href=\"https:\/\/test.burgwaechterservice.de\/fr\/entreprise\/histoire\/\"><img decoding=\"async\" class=\"alignleft wp-image-154312 size-full\" src=\"https:\/\/test.burgwaechterservice.de\/fr\/wp-content\/uploads\/sites\/4\/2018\/05\/Grafik_Geschichte.jpg\" alt=\"\" width=\"131\" height=\"131\" srcset=\"https:\/\/test.burgwaechterservice.de\/fr\/wp-content\/uploads\/sites\/4\/2018\/05\/Grafik_Geschichte.jpg 131w, https:\/\/test.burgwaechterservice.de\/fr\/wp-content\/uploads\/sites\/4\/2018\/05\/Grafik_Geschichte-100x100.jpg 100w\" sizes=\"(max-width: 131px) 100vw, 131px\" \/><\/a><strong><a href=\"https:\/\/test.burgwaechterservice.de\/fr\/entreprise\/histoire\/\">Histoire<\/a><\/strong><br \/>\nL&#8217;histoire de la fabrication de cadenas dans le quartier de Wetter-Volmarstein en Westphalie remonte \u00e0 l&#8217;ann\u00e9e 1750. La \u00ab confection de serrures \u00bb \u00e9tait un artisanat traditionnel&#8230; <a href=\"https:\/\/test.burgwaechterservice.de\/fr\/entreprise\/histoire\/\">plus<\/a><\/p>\n<p>&nbsp;<\/p>\n<p>&nbsp;<\/p>\n<p>&nbsp;<\/p>\n<p>&nbsp;<\/p>\n<p><a href=\"https:\/\/test.burgwaechterservice.de\/fr\/entreprise\/marque\/\"><img decoding=\"async\" class=\"alignleft wp-image-154313 size-full\" src=\"https:\/\/test.burgwaechterservice.de\/fr\/wp-content\/uploads\/sites\/4\/2018\/05\/Grafik_Marke.jpg\" alt=\"\" width=\"131\" height=\"131\" srcset=\"https:\/\/test.burgwaechterservice.de\/fr\/wp-content\/uploads\/sites\/4\/2018\/05\/Grafik_Marke.jpg 131w, https:\/\/test.burgwaechterservice.de\/fr\/wp-content\/uploads\/sites\/4\/2018\/05\/Grafik_Marke-100x100.jpg 100w\" sizes=\"(max-width: 131px) 100vw, 131px\" \/><\/a><a href=\"https:\/\/test.burgwaechterservice.de\/fr\/entreprise\/marque\/\"><strong>Marque <\/strong><\/a><br \/>\nDepuis de nombreuses d\u00e9cennies, les clients du monde entier associent la marque BURG-W\u00c4CHTER \u00e0 des produits de qualit\u00e9 \u00ab Made in Germany \u00bb. L\u2019\u00e9cusson au lettrage jaune qui se d\u00e9marque&#8230;<a href=\"https:\/\/test.burgwaechterservice.de\/fr\/entreprise\/marque\/\">plus<\/a><\/p>\n<p>&nbsp;<\/p>\n<p>&nbsp;<\/p>\n<p>&nbsp;<\/p>\n<p>&nbsp;<\/p>\n<p><a href=\"https:\/\/test.burgwaechterservice.de\/fr\/entreprise\/philosophie\/\"><img decoding=\"async\" class=\"alignleft wp-image-154315 size-full\" src=\"https:\/\/test.burgwaechterservice.de\/fr\/wp-content\/uploads\/sites\/4\/2018\/05\/Grafik_Philisophie_Ausrufezeichen_.jpg\" alt=\"\" width=\"131\" height=\"131\" srcset=\"https:\/\/test.burgwaechterservice.de\/fr\/wp-content\/uploads\/sites\/4\/2018\/05\/Grafik_Philisophie_Ausrufezeichen_.jpg 131w, https:\/\/test.burgwaechterservice.de\/fr\/wp-content\/uploads\/sites\/4\/2018\/05\/Grafik_Philisophie_Ausrufezeichen_-100x100.jpg 100w\" sizes=\"(max-width: 131px) 100vw, 131px\" \/><\/a><a href=\"https:\/\/test.burgwaechterservice.de\/fr\/entreprise\/philosophie\/\"><strong>Philosophie<\/strong><\/a><br \/>\nBURG W\u00c4CHTER est une entreprise familiale, riche de 90 ans de tradition. L\u2019exp\u00e9rience et le savoir-faire sont transmis de g\u00e9n\u00e9ration en g\u00e9n\u00e9ration. Nous devons notre r\u00e9ussite&#8230; <a href=\"https:\/\/test.burgwaechterservice.de\/fr\/entreprise\/philosophie\/\">plus<\/a><\/p>\n<p>&nbsp;<\/p>\n<p>&nbsp;<\/p>\n<p>&nbsp;<\/p>\n<p>&nbsp;<\/p>\n<p><a href=\"https:\/\/test.burgwaechterservice.de\/fr\/entreprise\/nos-salons\/\"><img loading=\"lazy\" decoding=\"async\" class=\"alignleft wp-image-154316 size-full\" src=\"https:\/\/test.burgwaechterservice.de\/fr\/wp-content\/uploads\/sites\/4\/2018\/05\/Grafik_Messen.jpg\" alt=\"\" width=\"131\" height=\"131\" srcset=\"https:\/\/test.burgwaechterservice.de\/fr\/wp-content\/uploads\/sites\/4\/2018\/05\/Grafik_Messen.jpg 131w, https:\/\/test.burgwaechterservice.de\/fr\/wp-content\/uploads\/sites\/4\/2018\/05\/Grafik_Messen-100x100.jpg 100w\" sizes=\"(max-width: 131px) 100vw, 131px\" \/><\/a><br \/>\n<strong><a href=\"https:\/\/test.burgwaechterservice.de\/fr\/entreprise\/nos-salons\/\">Nos salons<\/a><br \/>\n<\/strong>Foires commerciales constituent une excellente base pour la communication et l&#8217;information. En tant qu&#8217;exposant, nous utilisons le contact personnel entre le commerce et la production et entre les utilisateurs et les fabricants de pr\u00e9senter nos produits, d\u00e9veloppements et id\u00e9es courants&#8230; <a href=\"https:\/\/test.burgwaechterservice.de\/fr\/entreprise\/nos-salons\/\">plus<\/a><\/p>\n<p>&nbsp;<\/p>\n<p>&nbsp;<\/p>\n<p>&nbsp;<\/p>\n<p><a href=\"https:\/\/test.burgwaechterservice.de\/fr\/entreprise\/sites\/\"><img loading=\"lazy\" decoding=\"async\" class=\"alignleft wp-image-154317 size-full\" src=\"https:\/\/test.burgwaechterservice.de\/fr\/wp-content\/uploads\/sites\/4\/2018\/05\/Grafik_Standort.jpg\" alt=\"\" width=\"131\" height=\"131\" srcset=\"https:\/\/test.burgwaechterservice.de\/fr\/wp-content\/uploads\/sites\/4\/2018\/05\/Grafik_Standort.jpg 131w, https:\/\/test.burgwaechterservice.de\/fr\/wp-content\/uploads\/sites\/4\/2018\/05\/Grafik_Standort-100x100.jpg 100w\" sizes=\"(max-width: 131px) 100vw, 131px\" \/><\/a><strong><a href=\"https:\/\/test.burgwaechterservice.de\/fr\/entreprise\/sites\/\">Sites<\/a><br \/>\n<\/strong>\u00a0Le \u00ab Made in Germany \u00bb est au c\u0153ur de notre philosophie produit. Par cons\u00e9quent, notre adh\u00e9sion \u00e0 Allemagne a la plus grande importance. Elle repr\u00e9sente aussi l\u2018adh\u00e9sion&#8230; <a href=\"https:\/\/test.burgwaechterservice.de\/fr\/entreprise\/sites\/\">plus<\/a><\/p>\n<p>&nbsp;<\/p>\n<p>&nbsp;<\/p>\n<p>&nbsp;<\/p>\n","protected":false},"excerpt":{"rendered":"<p>Entreprise traditionnelle et pionni\u00e8re en un. BURG-W\u00c4CHTER est un fabricant de renomm\u00e9e internationale de serrures \u00e9lectroniques et m\u00e9caniques, de contr\u00f4les d&#8217;acc\u00e8s, de fermetures de s\u00e9curit\u00e9 pour portes et fen\u00eatres, de coffres-forts, de caissettes et de bo\u00eetes aux lettres. Mais notre &hellip; <a class=\"kt-excerpt-readmore\" href=\"https:\/\/test.burgwaechterservice.de\/fr\/entreprise\/\" aria-label=\"Entreprise\">Lire la suite<\/a><\/p>\n","protected":false},"author":1,"featured_media":0,"parent":0,"menu_order":30,"comment_status":"closed","ping_status":"open","template":"page-sidebar.php","meta":[],"yoast_head":"<!-- This site is optimized with the Yoast SEO Premium plugin v18.4 (Yoast SEO v19.13) - https:\/\/yoast.com\/wordpress\/plugins\/seo\/ -->\n<title>Entreprise - BURG-W\u00c4CHTER<\/title>\n<meta name=\"description\" content=\"Entreprise traditionnelle et pionni\u00e8re en un. BURG-W\u00c4CHTER est un fabricant de renomm\u00e9e internationale de serrures \u00e9lectroniques et m\u00e9caniques, de\" \/>\n<meta name=\"robots\" content=\"index, follow, max-snippet:-1, max-image-preview:large, max-video-preview:-1\" \/>\n<link rel=\"canonical\" href=\"https:\/\/test.burgwaechterservice.de\/fr\/entreprise\/\" \/>\n<meta property=\"og:locale\" content=\"fr_FR\" \/>\n<meta property=\"og:type\" content=\"article\" \/>\n<meta property=\"og:title\" content=\"Entreprise\" \/>\n<meta property=\"og:description\" content=\"Entreprise traditionnelle et pionni\u00e8re en un. BURG-W\u00c4CHTER est un fabricant de renomm\u00e9e internationale de serrures \u00e9lectroniques et m\u00e9caniques, de\" \/>\n<meta property=\"og:url\" content=\"https:\/\/test.burgwaechterservice.de\/fr\/entreprise\/\" \/>\n<meta property=\"og:site_name\" content=\"Burg-W\u00e4chter France\" \/>\n<meta property=\"article:modified_time\" content=\"2018-08-06T09:54:11+00:00\" \/>\n<meta property=\"og:image\" content=\"https:\/\/test.burgwaechterservice.de\/fr\/wp-content\/uploads\/sites\/4\/2018\/05\/Grafik_Geschichte.jpg\" \/>\n<meta name=\"twitter:card\" content=\"summary_large_image\" \/>\n<meta name=\"twitter:label1\" content=\"Dur\u00e9e de lecture estim\u00e9e\" \/>\n\t<meta name=\"twitter:data1\" content=\"1 minute\" \/>\n<!-- \/ Yoast SEO Premium plugin. -->","yoast_head_json":{"title":"Entreprise - BURG-W\u00c4CHTER","description":"Entreprise traditionnelle et pionni\u00e8re en un. BURG-W\u00c4CHTER est un fabricant de renomm\u00e9e internationale de serrures \u00e9lectroniques et m\u00e9caniques, de","robots":{"index":"index","follow":"follow","max-snippet":"max-snippet:-1","max-image-preview":"max-image-preview:large","max-video-preview":"max-video-preview:-1"},"canonical":"https:\/\/test.burgwaechterservice.de\/fr\/entreprise\/","og_locale":"fr_FR","og_type":"article","og_title":"Entreprise","og_description":"Entreprise traditionnelle et pionni\u00e8re en un. BURG-W\u00c4CHTER est un fabricant de renomm\u00e9e internationale de serrures \u00e9lectroniques et m\u00e9caniques, de","og_url":"https:\/\/test.burgwaechterservice.de\/fr\/entreprise\/","og_site_name":"Burg-W\u00e4chter France","article_modified_time":"2018-08-06T09:54:11+00:00","og_image":[{"url":"https:\/\/test.burgwaechterservice.de\/fr\/wp-content\/uploads\/sites\/4\/2018\/05\/Grafik_Geschichte.jpg"}],"twitter_card":"summary_large_image","twitter_misc":{"Dur\u00e9e de lecture estim\u00e9e":"1 minute"},"schema":{"@context":"https:\/\/schema.org","@graph":[{"@type":"WebPage","@id":"https:\/\/test.burgwaechterservice.de\/fr\/entreprise\/","url":"https:\/\/test.burgwaechterservice.de\/fr\/entreprise\/","name":"Entreprise - BURG-W\u00c4CHTER","isPartOf":{"@id":"https:\/\/test.burgwaechterservice.de\/fr\/#website"},"datePublished":"2016-04-06T13:24:40+00:00","dateModified":"2018-08-06T09:54:11+00:00","description":"Entreprise traditionnelle et pionni\u00e8re en un. BURG-W\u00c4CHTER est un fabricant de renomm\u00e9e internationale de serrures \u00e9lectroniques et m\u00e9caniques, de","breadcrumb":{"@id":"https:\/\/test.burgwaechterservice.de\/fr\/entreprise\/#breadcrumb"},"inLanguage":"fr-FR","potentialAction":[{"@type":"ReadAction","target":["https:\/\/test.burgwaechterservice.de\/fr\/entreprise\/"]}]},{"@type":"BreadcrumbList","@id":"https:\/\/test.burgwaechterservice.de\/fr\/entreprise\/#breadcrumb","itemListElement":[{"@type":"ListItem","position":1,"name":"Accueil","item":"https:\/\/test.burgwaechterservice.de\/fr\/"},{"@type":"ListItem","position":2,"name":"Entreprise"}]},{"@type":"WebSite","@id":"https:\/\/test.burgwaechterservice.de\/fr\/#website","url":"https:\/\/test.burgwaechterservice.de\/fr\/","name":"Burg-W\u00e4chter France","description":"Le choix le plus s\u00fbr!","potentialAction":[{"@type":"SearchAction","target":{"@type":"EntryPoint","urlTemplate":"https:\/\/test.burgwaechterservice.de\/fr\/?s={search_term_string}"},"query-input":"required name=search_term_string"}],"inLanguage":"fr-FR"}]}},"_links":{"self":[{"href":"https:\/\/test.burgwaechterservice.de\/fr\/wp-json\/wp\/v2\/pages\/2"}],"collection":[{"href":"https:\/\/test.burgwaechterservice.de\/fr\/wp-json\/wp\/v2\/pages"}],"about":[{"href":"https:\/\/test.burgwaechterservice.de\/fr\/wp-json\/wp\/v2\/types\/page"}],"author":[{"embeddable":true,"href":"https:\/\/test.burgwaechterservice.de\/fr\/wp-json\/wp\/v2\/users\/1"}],"replies":[{"embeddable":true,"href":"https:\/\/test.burgwaechterservice.de\/fr\/wp-json\/wp\/v2\/comments?post=2"}],"version-history":[{"count":21,"href":"https:\/\/test.burgwaechterservice.de\/fr\/wp-json\/wp\/v2\/pages\/2\/revisions"}],"predecessor-version":[{"id":177038,"href":"https:\/\/test.burgwaechterservice.de\/fr\/wp-json\/wp\/v2\/pages\/2\/revisions\/177038"}],"wp:attachment":[{"href":"https:\/\/test.burgwaechterservice.de\/fr\/wp-json\/wp\/v2\/media?parent=2"}],"curies":[{"name":"wp","href":"https:\/\/api.w.org\/{rel}","templated":true}]}}