{"id":177045,"date":"2018-08-07T12:22:48","date_gmt":"2018-08-07T10:22:48","guid":{"rendered":"https:\/\/www.burg.biz\/fr\/?page_id=177045"},"modified":"2021-11-03T14:21:55","modified_gmt":"2021-11-03T13:21:55","slug":"carriere","status":"publish","type":"page","link":"https:\/\/test.burgwaechterservice.de\/fr\/entreprise\/carriere\/","title":{"rendered":"Carri\u00e8re"},"content":{"rendered":"<p>Le choix le plus s\u00fbr \u2013 cela concerne \u00e9galement nos lieux de travail. Si vous trouvez un emploi chez nous, vous pouvez \u00eatre s\u00fbr que nous sommes int\u00e9ress\u00e9s par une coop\u00e9ration \u00e0 long terme. Nous sommes \u00e9galement s\u00fbrs que vous serez heureux de rester avec nous. Vous recevrez un salaire attractif, li\u00e9 \u00e0 la performance et vous trouverez un environnement de travail agr\u00e9able avec des coll\u00e8gues sympathiques.<\/p>\n<p>Ind\u00e9pendamment des offres d&#8217;emploi actuelles, nous attendons toujours avec impatience les candidatures spontan\u00e9es des employ\u00e9s qualifi\u00e9s des professions techniques et commerciales. \u00c9crivez-nous en pr\u00e9sentant vous-m\u00eame, vos comp\u00e9tences, vos intentions et pourquoi vous aimeriez travailler pour BURG-W\u00c4CHTER.<\/p>\n<p>Afin de pouvoir traiter efficacement votre candidature, veuillez envoyer votre candidature seulement par e-mail \u00e0 <a href=\"mailto:bewerbung@burg.biz\">bewerbung@burg.biz<\/a>.<\/p>\n<h3><img decoding=\"async\" class=\"size-full wp-image-22292 alignright\" src=\"https:\/\/test.burgwaechterservice.de\/wp-content\/uploads\/2016\/05\/stuhl.jpg\" alt=\"stuhl\" width=\"131\" height=\"131\" \/><\/h3>\n<p>&nbsp;<\/p>\n","protected":false},"excerpt":{"rendered":"<p>Le choix le plus s\u00fbr \u2013 cela concerne \u00e9galement nos lieux de travail. Si vous trouvez un emploi chez nous, vous pouvez \u00eatre s\u00fbr que nous sommes int\u00e9ress\u00e9s par une coop\u00e9ration \u00e0 long terme. Nous sommes \u00e9galement s\u00fbrs que vous &hellip; <a class=\"kt-excerpt-readmore\" href=\"https:\/\/test.burgwaechterservice.de\/fr\/entreprise\/carriere\/\" aria-label=\"Carri\u00e8re\">Lire la suite<\/a><\/p>\n","protected":false},"author":3,"featured_media":0,"parent":2,"menu_order":40,"comment_status":"closed","ping_status":"closed","template":"","meta":[],"yoast_head":"<!-- This site is optimized with the Yoast SEO Premium plugin v18.4 (Yoast SEO v19.13) - https:\/\/yoast.com\/wordpress\/plugins\/seo\/ -->\n<title>Carri\u00e8re - BURG-W\u00c4CHTER<\/title>\n<meta name=\"description\" content=\"Le choix le plus s\u00fbr \u2013 cela concerne \u00e9galement nos lieux de travail. Si vous trouvez un emploi chez nous, vous pouvez \u00eatre s\u00fbr que nous sommes int\u00e9ress\u00e9s\" \/>\n<meta name=\"robots\" content=\"index, follow, max-snippet:-1, max-image-preview:large, max-video-preview:-1\" \/>\n<link rel=\"canonical\" href=\"https:\/\/test.burgwaechterservice.de\/fr\/entreprise\/carriere\/\" \/>\n<meta property=\"og:locale\" content=\"fr_FR\" \/>\n<meta property=\"og:type\" content=\"article\" \/>\n<meta property=\"og:title\" content=\"Carri\u00e8re\" \/>\n<meta property=\"og:description\" content=\"Le choix le plus s\u00fbr \u2013 cela concerne \u00e9galement nos lieux de travail. Si vous trouvez un emploi chez nous, vous pouvez \u00eatre s\u00fbr que nous sommes int\u00e9ress\u00e9s\" \/>\n<meta property=\"og:url\" content=\"https:\/\/test.burgwaechterservice.de\/fr\/entreprise\/carriere\/\" \/>\n<meta property=\"og:site_name\" content=\"Burg-W\u00e4chter France\" \/>\n<meta property=\"article:modified_time\" content=\"2021-11-03T13:21:55+00:00\" \/>\n<meta property=\"og:image\" content=\"https:\/\/test.burgwaechterservice.de\/wp-content\/uploads\/2016\/05\/stuhl.jpg\" \/>\n<meta name=\"twitter:card\" content=\"summary_large_image\" \/>\n<meta name=\"twitter:label1\" content=\"Dur\u00e9e de lecture estim\u00e9e\" \/>\n\t<meta name=\"twitter:data1\" content=\"1 minute\" \/>\n<!-- \/ Yoast SEO Premium plugin. -->","yoast_head_json":{"title":"Carri\u00e8re - BURG-W\u00c4CHTER","description":"Le choix le plus s\u00fbr \u2013 cela concerne \u00e9galement nos lieux de travail. Si vous trouvez un emploi chez nous, vous pouvez \u00eatre s\u00fbr que nous sommes int\u00e9ress\u00e9s","robots":{"index":"index","follow":"follow","max-snippet":"max-snippet:-1","max-image-preview":"max-image-preview:large","max-video-preview":"max-video-preview:-1"},"canonical":"https:\/\/test.burgwaechterservice.de\/fr\/entreprise\/carriere\/","og_locale":"fr_FR","og_type":"article","og_title":"Carri\u00e8re","og_description":"Le choix le plus s\u00fbr \u2013 cela concerne \u00e9galement nos lieux de travail. Si vous trouvez un emploi chez nous, vous pouvez \u00eatre s\u00fbr que nous sommes int\u00e9ress\u00e9s","og_url":"https:\/\/test.burgwaechterservice.de\/fr\/entreprise\/carriere\/","og_site_name":"Burg-W\u00e4chter France","article_modified_time":"2021-11-03T13:21:55+00:00","og_image":[{"url":"https:\/\/test.burgwaechterservice.de\/wp-content\/uploads\/2016\/05\/stuhl.jpg"}],"twitter_card":"summary_large_image","twitter_misc":{"Dur\u00e9e de lecture estim\u00e9e":"1 minute"},"schema":{"@context":"https:\/\/schema.org","@graph":[{"@type":"WebPage","@id":"https:\/\/test.burgwaechterservice.de\/fr\/entreprise\/carriere\/","url":"https:\/\/test.burgwaechterservice.de\/fr\/entreprise\/carriere\/","name":"Carri\u00e8re - BURG-W\u00c4CHTER","isPartOf":{"@id":"https:\/\/test.burgwaechterservice.de\/fr\/#website"},"datePublished":"2018-08-07T10:22:48+00:00","dateModified":"2021-11-03T13:21:55+00:00","description":"Le choix le plus s\u00fbr \u2013 cela concerne \u00e9galement nos lieux de travail. Si vous trouvez un emploi chez nous, vous pouvez \u00eatre s\u00fbr que nous sommes int\u00e9ress\u00e9s","breadcrumb":{"@id":"https:\/\/test.burgwaechterservice.de\/fr\/entreprise\/carriere\/#breadcrumb"},"inLanguage":"fr-FR","potentialAction":[{"@type":"ReadAction","target":["https:\/\/test.burgwaechterservice.de\/fr\/entreprise\/carriere\/"]}]},{"@type":"BreadcrumbList","@id":"https:\/\/test.burgwaechterservice.de\/fr\/entreprise\/carriere\/#breadcrumb","itemListElement":[{"@type":"ListItem","position":1,"name":"Accueil","item":"https:\/\/test.burgwaechterservice.de\/fr\/"},{"@type":"ListItem","position":2,"name":"Entreprise","item":"https:\/\/test.burgwaechterservice.de\/fr\/entreprise\/"},{"@type":"ListItem","position":3,"name":"Carri\u00e8re"}]},{"@type":"WebSite","@id":"https:\/\/test.burgwaechterservice.de\/fr\/#website","url":"https:\/\/test.burgwaechterservice.de\/fr\/","name":"Burg-W\u00e4chter France","description":"Le choix le plus s\u00fbr!","potentialAction":[{"@type":"SearchAction","target":{"@type":"EntryPoint","urlTemplate":"https:\/\/test.burgwaechterservice.de\/fr\/?s={search_term_string}"},"query-input":"required name=search_term_string"}],"inLanguage":"fr-FR"}]}},"_links":{"self":[{"href":"https:\/\/test.burgwaechterservice.de\/fr\/wp-json\/wp\/v2\/pages\/177045"}],"collection":[{"href":"https:\/\/test.burgwaechterservice.de\/fr\/wp-json\/wp\/v2\/pages"}],"about":[{"href":"https:\/\/test.burgwaechterservice.de\/fr\/wp-json\/wp\/v2\/types\/page"}],"author":[{"embeddable":true,"href":"https:\/\/test.burgwaechterservice.de\/fr\/wp-json\/wp\/v2\/users\/3"}],"replies":[{"embeddable":true,"href":"https:\/\/test.burgwaechterservice.de\/fr\/wp-json\/wp\/v2\/comments?post=177045"}],"version-history":[{"count":12,"href":"https:\/\/test.burgwaechterservice.de\/fr\/wp-json\/wp\/v2\/pages\/177045\/revisions"}],"predecessor-version":[{"id":566639,"href":"https:\/\/test.burgwaechterservice.de\/fr\/wp-json\/wp\/v2\/pages\/177045\/revisions\/566639"}],"up":[{"embeddable":true,"href":"https:\/\/test.burgwaechterservice.de\/fr\/wp-json\/wp\/v2\/pages\/2"}],"wp:attachment":[{"href":"https:\/\/test.burgwaechterservice.de\/fr\/wp-json\/wp\/v2\/media?parent=177045"}],"curies":[{"name":"wp","href":"https:\/\/api.w.org\/{rel}","templated":true}]}}